{"id":208,"date":"2018-10-08T01:56:25","date_gmt":"2018-10-08T01:56:25","guid":{"rendered":"http:\/\/tintuc2.khowebseotop.vn\/?page_id=208"},"modified":"2018-10-08T02:20:41","modified_gmt":"2018-10-08T02:20:41","slug":"gioi-thieu","status":"publish","type":"page","link":"https:\/\/webmaibinh.com\/w\/tintuc22011\/gioi-thieu\/","title":{"rendered":"Gi\u1edbi thi\u1ec7u"},"content":{"rendered":"  <div id=\"page-header-494174199\" class=\"page-header-wrapper\">\n  <div class=\"page-title dark featured-title\">\n\n    \n    <div class=\"page-title-inner container align-center flex-row medium-flex-wrap\" >\n              <div class=\"title-wrapper flex-col text-left medium-text-center\">\n          <h1 class=\"entry-title mb-0\">\n            Gi\u1edbi thi\u1ec7u          <\/h1>\n        <\/div>\n                    <div class=\"title-content flex-col flex-right text-right medium-text-center\">\n        <div class=\"title-breadcrumbs pb-half pt-half\"><\/div>      <\/div>\n    <\/div>\n\n       <\/div>\n    <\/div>\n  \n\t<div id=\"gap-1477504281\" class=\"gap-element clearfix\" style=\"display:block; height:auto;\">\n\t\t\n<style>\n#gap-1477504281 {\n  padding-top: 30px;\n}\n<\/style>\n\t<\/div>\n\t\n<p><span style=\"color: #ff0000;\"><strong>H\u00ecnh th\u00e0nh v\u00e0 ph\u00e1t tri\u1ec3n<\/strong><\/span><br \/>Th\u1ef1c hi\u1ec7n Quy\u1ebft \u0111\u1ecbnh s\u1ed1 1224\/Q\u0110-BNV, ng\u00e0y 27\/10\/2010 V\/v cho ph\u00e9p th\u00e0nh l\u1eadp Hi\u1ec7p h\u1ed9i C\u00e1 ng\u1eeb Vi\u1ec7t Nam c\u1ee7a B\u1ed9 N\u1ed9i V\u1ee5, \u0110\u1ea1i h\u1ed9i Hi\u1ec7p h\u1ed9i C\u00e1 ng\u1eeb Vi\u1ec7t Nam nhi\u1ec7m k\u1ef3 I (2010 &#8211; 2015) \u0111\u01b0\u1ee3c t\u1ed5 ch\u1ee9c v\u00e0o ng\u00e0y 26 &#8211; 27\/11\/2010, t\u1ea1i th\u00e0nh ph\u1ed1 Nha Trang, Kh\u00e1nh H\u00f2a.<\/p>\n","protected":false},"excerpt":{"rendered":"<p>H\u00ecnh th\u00e0nh v\u00e0 ph\u00e1t tri\u1ec3nTh\u1ef1c hi\u1ec7n Quy\u1ebft \u0111\u1ecbnh s\u1ed1 1224\/Q\u0110-BNV, ng\u00e0y 27\/10\/2010 V\/v cho ph\u00e9p th\u00e0nh l\u1eadp Hi\u1ec7p h\u1ed9i C\u00e1 ng\u1eeb Vi\u1ec7t Nam c\u1ee7a B\u1ed9 N\u1ed9i V\u1ee5, \u0110\u1ea1i h\u1ed9i Hi\u1ec7p h\u1ed9i C\u00e1 ng\u1eeb Vi\u1ec7t Nam nhi\u1ec7m k\u1ef3 I (2010 &#8211; 2015) \u0111\u01b0\u1ee3c t\u1ed5 ch\u1ee9c v\u00e0o ng\u00e0y 26 &#8211; 27\/11\/2010, t\u1ea1i th\u00e0nh ph\u1ed1 Nha Trang, Kh\u00e1nh&#8230;<\/p>\n","protected":false},"author":1,"featured_media":0,"parent":0,"menu_order":0,"comment_status":"closed","ping_status":"closed","template":"page-right-sidebar.php","meta":[],"_links":{"self":[{"href":"https:\/\/webmaibinh.com\/w\/tintuc22011\/wp-json\/wp\/v2\/pages\/208"}],"collection":[{"href":"https:\/\/webmaibinh.com\/w\/tintuc22011\/wp-json\/wp\/v2\/pages"}],"about":[{"href":"https:\/\/webmaibinh.com\/w\/tintuc22011\/wp-json\/wp\/v2\/types\/page"}],"author":[{"embeddable":true,"href":"https:\/\/webmaibinh.com\/w\/tintuc22011\/wp-json\/wp\/v2\/users\/1"}],"replies":[{"embeddable":true,"href":"https:\/\/webmaibinh.com\/w\/tintuc22011\/wp-json\/wp\/v2\/comments?post=208"}],"version-history":[{"count":2,"href":"https:\/\/webmaibinh.com\/w\/tintuc22011\/wp-json\/wp\/v2\/pages\/208\/revisions"}],"predecessor-version":[{"id":232,"href":"https:\/\/webmaibinh.com\/w\/tintuc22011\/wp-json\/wp\/v2\/pages\/208\/revisions\/232"}],"wp:attachment":[{"href":"https:\/\/webmaibinh.com\/w\/tintuc22011\/wp-json\/wp\/v2\/media?parent=208"}],"curies":[{"name":"wp","href":"https:\/\/api.w.org\/{rel}","templated":true}]}}