{"id":35,"date":"2017-09-14T04:26:20","date_gmt":"2017-09-14T04:26:20","guid":{"rendered":"https:\/\/bizhostvn.com\/w\/tinhbotnghe\/?page_id=35"},"modified":"2019-03-26T00:45:48","modified_gmt":"2019-03-25T17:45:48","slug":"lien-he","status":"publish","type":"page","link":"https:\/\/webmaibinh.com\/w\/tinhbotnghe\/lien-he\/","title":{"rendered":"Li\u00ean h\u1ec7"},"content":{"rendered":"\n<div class=\"row\"  id=\"row-378158251\">\n\n\n\t<div id=\"col-89284734\" class=\"col medium-7 small-12 large-7\"  >\n\t\t<div class=\"col-inner\"  >\n\t\t\t\n\t\t\t\n\n\t<div class=\"img has-hover x md-x lg-x y md-y lg-y\" id=\"image_84442828\">\n\t\t\t\t\t\t\t\t<div class=\"img-inner dark\" >\n\t\t\t<img width=\"400\" height=\"313\" src=\"https:\/\/webmaibinh.com\/w\/tinhbotnghe\/wp-content\/uploads\/2019\/03\/com-nghe-huvahi.png\" class=\"attachment-original size-original\" alt=\"\" loading=\"lazy\" srcset=\"https:\/\/webmaibinh.com\/w\/tinhbotnghe\/wp-content\/uploads\/2019\/03\/com-nghe-huvahi.png 400w, https:\/\/webmaibinh.com\/w\/tinhbotnghe\/wp-content\/uploads\/2019\/03\/com-nghe-huvahi-300x235.png 300w\" sizes=\"(max-width: 400px) 100vw, 400px\" \/>\t\t\t\t\t\t\n\t\t\t\t\t<\/div>\n\t\t\t\t\t\t\t\t\n<style>\n#image_84442828 {\n  width: 100%;\n}\n<\/style>\n\t<\/div>\n\t\n\n<div class=\"container section-title-container\" ><h2 class=\"section-title section-title-center\"><b><\/b><span class=\"section-title-main\" style=\"font-size:110%;color:rgb(6, 168, 33);\">\u0110\u1eb7t mua ngay h\u00f4m nay<\/span><b><\/b><\/h2><\/div>\n\n<div class=\"row row-small\"  id=\"row-1547769995\">\n\n\n\t<div id=\"col-1071152202\" class=\"col medium-6 small-12 large-6\"  >\n\t\t<div class=\"col-inner\"  >\n\t\t\t\n\t\t\t\n\n<a class=\"button primary is-large lowercase expand\"  style=\"border-radius:99px;\">\n    <span>H\u0169 50g: 49.000\u0111<\/span>\n  <\/a>\n\n\n\n\t\t<\/div>\n\t\t\t<\/div>\n\n\t\n\n\t<div id=\"col-1960639900\" class=\"col medium-6 small-12 large-6\"  >\n\t\t<div class=\"col-inner\"  >\n\t\t\t\n\t\t\t\n\n<a class=\"button secondary is-larger lowercase expand\"  style=\"border-radius:99px;\">\n    <span>H\u0169 150g: 150.000\u0111<\/span>\n  <\/a>\n\n\n\n\t\t<\/div>\n\t\t\t<\/div>\n\n\t\n\n<\/div>\n\n\t\t<\/div>\n\t\t\t<\/div>\n\n\t\n\n\t<div id=\"col-2130319142\" class=\"col medium-5 small-12 large-5\"  >\n\t\t<div class=\"col-inner\"  >\n\t\t\t\n\t\t\t\n\n<div role=\"form\" class=\"wpcf7\" id=\"wpcf7-f933-o1\" lang=\"vi\" dir=\"ltr\">\n<div class=\"screen-reader-response\"><p role=\"status\" aria-live=\"polite\" aria-atomic=\"true\"><\/p> <ul><\/ul><\/div>\n<form action=\"\/w\/tinhbotnghe\/wp-json\/wp\/v2\/pages\/35#wpcf7-f933-o1\" method=\"post\" class=\"wpcf7-form init\" novalidate=\"novalidate\" data-status=\"init\">\n<div style=\"display: none;\">\n<input type=\"hidden\" name=\"_wpcf7\" value=\"933\" \/>\n<input type=\"hidden\" name=\"_wpcf7_version\" value=\"5.3\" \/>\n<input type=\"hidden\" name=\"_wpcf7_locale\" value=\"vi\" \/>\n<input type=\"hidden\" name=\"_wpcf7_unit_tag\" value=\"wpcf7-f933-o1\" \/>\n<input type=\"hidden\" name=\"_wpcf7_container_post\" value=\"0\" \/>\n<input type=\"hidden\" name=\"_wpcf7_posted_data_hash\" value=\"\" \/>\n<\/div>\n<div class=\"form-lien-he\">\n<h3>\u0110\u0103ng k\u00fd mua s\u1ea3n ph\u1ea9m<\/h3>\n<p><span class=\"wpcf7-form-control-wrap text-338\"><input type=\"text\" name=\"text-338\" value=\"\" size=\"40\" class=\"wpcf7-form-control wpcf7-text wpcf7-validates-as-required\" aria-required=\"true\" aria-invalid=\"false\" placeholder=\"H\u1ecd v\u00e0 t\u00ean...\" \/><\/span><br \/>\n<span class=\"wpcf7-form-control-wrap tel-66\"><input type=\"tel\" name=\"tel-66\" value=\"\" size=\"40\" class=\"wpcf7-form-control wpcf7-text wpcf7-tel wpcf7-validates-as-tel\" aria-invalid=\"false\" placeholder=\"S\u1ed1 \u0111i\u1ec7n tho\u1ea1i...\" \/><\/span><br \/>\n<span class=\"wpcf7-form-control-wrap text-3454\"><input type=\"text\" name=\"text-3454\" value=\"\" size=\"40\" class=\"wpcf7-form-control wpcf7-text\" aria-invalid=\"false\" placeholder=\"\u0110\u1ecba ch\u1ec9...\" \/><\/span><br \/>\n<span class=\"wpcf7-form-control-wrap textarea-96\"><textarea name=\"textarea-96\" cols=\"40\" rows=\"10\" class=\"wpcf7-form-control wpcf7-textarea\" aria-invalid=\"false\" placeholder=\"S\u1ea3n ph\u1ea9m c\u1ea7n mua...\"><\/textarea><\/span><br \/>\n<input type=\"submit\" value=\"G\u1eedi li\u00ean h\u1ec7\" class=\"wpcf7-form-control wpcf7-submit\" \/>\n<\/p><\/div>\n<div class=\"wpcf7-response-output\" aria-hidden=\"true\"><\/div><\/form><\/div>\n\n\n\t\t<\/div>\n\t\t\t<\/div>\n\n\t\n\n<\/div>\n<h2>C\u00f4ng ty TNHH HUVAHI<\/h2>\n<p><strong>&#8211; \u0110\u1ecba ch\u1ec9:<\/strong> 119A Tr\u1ea7n Qu\u00fd C\u00e1p &#8211; Tp Bu\u00f4n Ma Thu\u1ed9t &#8211; \u0110\u0103kL\u0103k<\/p>\n<p><strong>&#8211; \u0110i\u1ec7n tho\u1ea1i: <span style=\"color: #ff0000;\">0907.982.961 &#8211; 0847.102.295<\/span><\/strong><\/p>\n<p><strong>&#8211; Email:<\/strong> info.huvahi.com@gmail.com<\/p>\n<p><strong>&#8211; Website:<\/strong> www.huvahi.com<\/p>\n\n","protected":false},"excerpt":{"rendered":"<p>C\u00f4ng ty TNHH HUVAHI &#8211; \u0110\u1ecba ch\u1ec9: 119A Tr\u1ea7n Qu\u00fd C\u00e1p &#8211; Tp Bu\u00f4n Ma Thu\u1ed9t &#8211; \u0110\u0103kL\u0103k &#8211; \u0110i\u1ec7n tho\u1ea1i: 0907.982.961 &#8211; 0847.102.295 &#8211; Email: info.huvahi.com@gmail.com &#8211; Website: www.huvahi.com<\/p>\n","protected":false},"author":1,"featured_media":0,"parent":0,"menu_order":0,"comment_status":"closed","ping_status":"closed","template":"page-left-sidebar.php","meta":[],"_links":{"self":[{"href":"https:\/\/webmaibinh.com\/w\/tinhbotnghe\/wp-json\/wp\/v2\/pages\/35"}],"collection":[{"href":"https:\/\/webmaibinh.com\/w\/tinhbotnghe\/wp-json\/wp\/v2\/pages"}],"about":[{"href":"https:\/\/webmaibinh.com\/w\/tinhbotnghe\/wp-json\/wp\/v2\/types\/page"}],"author":[{"embeddable":true,"href":"https:\/\/webmaibinh.com\/w\/tinhbotnghe\/wp-json\/wp\/v2\/users\/1"}],"replies":[{"embeddable":true,"href":"https:\/\/webmaibinh.com\/w\/tinhbotnghe\/wp-json\/wp\/v2\/comments?post=35"}],"version-history":[{"count":0,"href":"https:\/\/webmaibinh.com\/w\/tinhbotnghe\/wp-json\/wp\/v2\/pages\/35\/revisions"}],"wp:attachment":[{"href":"https:\/\/webmaibinh.com\/w\/tinhbotnghe\/wp-json\/wp\/v2\/media?parent=35"}],"curies":[{"name":"wp","href":"https:\/\/api.w.org\/{rel}","templated":true}]}}