


{"id":375,"date":"2018-04-02T18:02:26","date_gmt":"2018-04-02T11:02:26","guid":{"rendered":"https:\/\/bizhostvn.com\/w\/tietkiemdien\/?post_type=product&#038;p=375"},"modified":"2018-04-02T23:10:12","modified_gmt":"2018-04-02T16:10:12","slug":"on-sait-depuis-longtemps-que-travailler-avec-du-texte-lisible-3","status":"publish","type":"product","link":"https:\/\/webmaibinh.com\/w\/tietkiemdien\/san-pham\/on-sait-depuis-longtemps-que-travailler-avec-du-texte-lisible-3\/","title":{"rendered":"On sait depuis longtemps que travailler avec du texte lisible 3"},"content":{"rendered":"<p>M\u00e1y ph\u00e1t \u0111i\u1ec7n n\u0103ng l\u01b0\u1ee3ng m\u1eb7t tr\u1eddi Combo 6S \u0111\u01b0\u1ee3c thi\u1ebft k\u1ebf, s\u1ea3n xu\u1ea5t ho\u00e0n to\u00e0n t\u1ea1i Vi\u1ec7t Nam b\u1edfi V\u0169 Phong.<\/p>\n<p>M\u00e1y ph\u00e1t \u0111i\u1ec7n \u0111i k\u00e8m \u0111\u00e8n LED si\u00eau s\u00e1ng v\u00e0 s\u1ea1c \u0111\u01b0\u1ee3c \u0111i\u1ec7n tho\u1ea1i, g\u1ecdn nh\u1eb9, ti\u1ec7n d\u1ee5ng, th\u00e2n thi\u1ec7n v\u1edbi m\u00f4i tr\u01b0\u1eddng.<\/p>\n<p>B\u1ed9 s\u1ea3n ph\u1ea9m th\u00edch h\u1ee3p s\u1eed d\u1ee5ng c\u1ea3 khi kh\u00f4ng c\u00f3 \u0111i\u1ec7n v\u00e0 d\u00f9ng h\u1eb1ng ng\u00e0y thay \u0111i\u1ec7n l\u01b0\u1edbi.<\/p>\n<p>S\u1ea3n ph\u1ea9m b\u1ea3o h\u00e0nh chu \u0111\u00e1o 1 n\u0103m cho m\u00e1y COMBO v\u00e0 10 n\u0103m cho t\u1ea5m thu n\u0103ng l\u01b0\u1ee3ng m\u1eb7t tr\u1eddi.<\/p>\n<p>T\u1ea5m pin m\u1eb7t tr\u1eddi s\u1ea3n xu\u1ea5t theo ti\u00eau chu\u1ea9n Ch\u00e2u \u00c2u, hi\u1ec7u su\u1ea5t v\u00e0 \u0111\u1ed9 b\u1ec1n cao B\u1ed9 \u0111i\u1ec1u khi\u1ec3n s\u1ea1c hi\u1ec7u su\u1ea5t cao, cho tu\u1ed5i th\u1ecd \u1eafc quy l\u00e2u d\u00e0i \u1eaec quy k\u00edn kh\u00ed chuy\u00ean d\u1ee5ng, kh\u00f4ng c\u1ea7n b\u1ea3o d\u01b0\u1ee1ng, b\u1ec1n b\u1ec9 v\u00e0 an to\u00e0n khi s\u1eed d\u1ee5ng T\u1ef1 ng\u1eaft khi \u1eafc quy c\u1ea1n, ch\u1ed1ng ki\u1ec7t b\u00ecnh C\u00f3 ch\u1ee9c n\u0103ng th\u00f4ng minh t\u1ef1 \u0111\u1ed9ng b\u1eadt \/ t\u1eaft \u0111\u00e8n khi tr\u1eddi t\u1ed1i \/<\/p>\n<p>s\u00e1ng K\u1ebft n\u1ed1i b\u1eb1ng jack 2.5mm v\u00e0 c\u1ed5ng USB v\u1edbi nhi\u1ec1u ki\u1ec3u \u0111\u1ea7u s\u1ea1c ti\u1ec7n l\u1ee3i C\u1ea5u t\u1ea1o v\u1ecf th\u00e9p ch\u1eafc ch\u1eafn ch\u1ed1ng va \u0111\u1eadp<\/p>\n","protected":false},"excerpt":{"rendered":"<p>M\u00e1y ph\u00e1t \u0111i\u1ec7n n\u0103ng l\u01b0\u1ee3ng m\u1eb7t tr\u1eddi Combo 6S \u0111\u01b0\u1ee3c thi\u1ebft k\u1ebf, s\u1ea3n xu\u1ea5t ho\u00e0n to\u00e0n t\u1ea1i Vi\u1ec7t Nam b\u1edfi V\u0169 Phong.\u00a0M\u00e1y ph\u00e1t \u0111i\u1ec7n \u0111i k\u00e8m \u0111\u00e8n LED si\u00eau s\u00e1ng v\u00e0 s\u1ea1c \u0111\u01b0\u1ee3c \u0111i\u1ec7n tho\u1ea1i, g\u1ecdn nh\u1eb9, ti\u1ec7n d\u1ee5ng, th\u00e2n thi\u1ec7n v\u1edbi m\u00f4i tr\u01b0\u1eddng B\u1ed9 s\u1ea3n ph\u1ea9m th\u00edch h\u1ee3p s\u1eed d\u1ee5ng c\u1ea3 khi kh\u00f4ng c\u00f3 \u0111i\u1ec7n v\u00e0 d\u00f9ng h\u1eb1ng ng\u00e0y thay \u0111i\u1ec7n l\u01b0\u1edbi. S\u1ea3n ph\u1ea9m b\u1ea3o h\u00e0nh chu \u0111\u00e1o 1 n\u0103m cho m\u00e1y COMBO v\u00e0 10 n\u0103m cho t\u1ea5m thu n\u0103ng l\u01b0\u1ee3ng m\u1eb7t tr\u1eddi.<\/p>\n","protected":false},"featured_media":368,"template":"","meta":[],"_links":{"self":[{"href":"https:\/\/webmaibinh.com\/w\/tietkiemdien\/wp-json\/wp\/v2\/product\/375"}],"collection":[{"href":"https:\/\/webmaibinh.com\/w\/tietkiemdien\/wp-json\/wp\/v2\/product"}],"about":[{"href":"https:\/\/webmaibinh.com\/w\/tietkiemdien\/wp-json\/wp\/v2\/types\/product"}],"wp:featuredmedia":[{"embeddable":true,"href":"https:\/\/webmaibinh.com\/w\/tietkiemdien\/wp-json\/wp\/v2\/media\/368"}],"wp:attachment":[{"href":"https:\/\/webmaibinh.com\/w\/tietkiemdien\/wp-json\/wp\/v2\/media?parent=375"}],"curies":[{"name":"wp","href":"https:\/\/api.w.org\/{rel}","templated":true}]}}