


{"id":509,"date":"2018-04-03T00:31:44","date_gmt":"2018-04-02T17:31:44","guid":{"rendered":"https:\/\/bizhostvn.com\/w\/tietkiemdien\/?page_id=509"},"modified":"2018-04-03T00:35:10","modified_gmt":"2018-04-02T17:35:10","slug":"lien-he","status":"publish","type":"page","link":"https:\/\/webmaibinh.com\/w\/tietkiemdien\/lien-he\/","title":{"rendered":"Li\u00ean h\u1ec7"},"content":{"rendered":"<p><iframe src=\"https:\/\/www.google.com\/maps\/embed?pb=!1m14!1m8!1m3!1d14900.931775031808!2d105.79967699999999!3d20.9832975!3m2!1i1024!2i768!4f13.1!3m3!1m2!1s0x0%3A0x4fc1c256d7cdb4d!2zR2l1c2VBcnQgLSBUaGnhur90IGvhur8gxJHhu5MgaOG7jWEgdsOgIHdlYnNpdGUgY2h1ecOqbiBuZ2hp4buHcA!5e0!3m2!1svi!2s!4v1522690335003\" width=\"100%\" height=\"250\" frameborder=\"0\" style=\"border:0\" allowfullscreen><\/iframe><\/p>\n<div class=\"row\"  id=\"row-1431132410\">\n\n\t<div id=\"col-1331253439\" class=\"col medium-6 small-12 large-6\"  >\n\t\t<div class=\"col-inner\"  >\n\t\t\t\n\t\t\t\n<h2>Li\u00ean h\u1ec7 v\u1edbi ch\u00fang t\u00f4i<\/h2>\n<p>WEBDESIGN Funiture cung c\u1ea5p c\u00e1c s\u1ea3n ph\u1ea9m n\u1ed9i th\u1ea5t phong ph\u00fa v\u00e0 c\u00e1c d\u1ecbch v\u1ee5 s\u1eeda ch\u1eefa, x\u00e2y d\u1ef1ng c\u00f4ng tr\u00ecnh b\u1ea3o \u0111\u1ea3m an to\u00e0n, \u0111\u00fang ti\u1ebfn \u0111\u1ed9 v\u00e0 k\u1ef9 thu\u1eadt y\u00eau c\u1ea7u.<\/p>\n<p>WEBDESIGN Funiture cung c\u1ea5p c\u00e1c s\u1ea3n ph\u1ea9m n\u1ed9i th\u1ea5t phong ph\u00fa v\u00e0 c\u00e1c d\u1ecbch v\u1ee5 s\u1eeda ch\u1eefa, x\u00e2y d\u1ef1ng c\u00f4ng tr\u00ecnh b\u1ea3o \u0111\u1ea3m an to\u00e0n, \u0111\u00fang ti\u1ebfn \u0111\u1ed9 v\u00e0 k\u1ef9 thu\u1eadt y\u00eau c\u1ea7u.<\/p>\n<h2>Th\u00f4ng tin li\u00ean h\u1ec7<\/h2>\n<p>Lorem ipsum dolor sit amet, consectetuer adipiscing elit, sed diam nonummy nibh euismod tincidunt ut laoreet dolore magna aliquam erat volutpat.<\/p>\n<p>\u2013<strong> \u0110\u1ecba ch\u1ec9:<\/strong> S\u1ed1 29 ng\u00f5 18 L\u01b0\u01a1ng Ng\u1ecdc Quy\u1ebfn, H\u00e0 \u0110\u00f4ng, H\u00e0 N\u1ed9i<br \/>\u2013 <strong>S\u0110T:<\/strong> 0909.009.009<br \/>\u2013 <strong>Email:<\/strong> webdesign@gmail.com<br \/>\u2013 <strong>Website:<\/strong> www.webdemo.com<\/p>\n\t\t<\/div>\n\t\t\t<\/div>\n\n\t\n\n\t<div id=\"col-1265798235\" class=\"col medium-6 small-12 large-6\"  >\n\t\t<div class=\"col-inner\"  >\n\t\t\t\n\t\t\t\n<h2>\u0110\u0103ng k\u00fd nh\u1eadn t\u01b0 v\u1ea5n mi\u1ec5n ph\u00ed<\/h2>\n<div role=\"form\" class=\"wpcf7\" id=\"wpcf7-f203-o1\" lang=\"vi\" dir=\"ltr\">\n<div class=\"screen-reader-response\"><p role=\"status\" aria-live=\"polite\" aria-atomic=\"true\"><\/p> <ul><\/ul><\/div>\n<form action=\"\/w\/tietkiemdien\/wp-json\/wp\/v2\/pages\/509#wpcf7-f203-o1\" method=\"post\" class=\"wpcf7-form init\" novalidate=\"novalidate\" data-status=\"init\">\n<div style=\"display: none;\">\n<input type=\"hidden\" name=\"_wpcf7\" value=\"203\" \/>\n<input type=\"hidden\" name=\"_wpcf7_version\" value=\"5.3\" \/>\n<input type=\"hidden\" name=\"_wpcf7_locale\" value=\"vi\" \/>\n<input type=\"hidden\" name=\"_wpcf7_unit_tag\" value=\"wpcf7-f203-o1\" \/>\n<input type=\"hidden\" name=\"_wpcf7_container_post\" value=\"0\" \/>\n<input type=\"hidden\" name=\"_wpcf7_posted_data_hash\" value=\"\" \/>\n<\/div>\n<p><span class=\"wpcf7-form-control-wrap text-349\"><input type=\"text\" name=\"text-349\" value=\"\" size=\"40\" class=\"wpcf7-form-control wpcf7-text wpcf7-validates-as-required\" aria-required=\"true\" aria-invalid=\"false\" placeholder=\"H\u1ecd t\u00ean c\u1ee7a b\u1ea1n...\" \/><\/span><br \/>\n<span class=\"wpcf7-form-control-wrap email-741\"><input type=\"email\" name=\"email-741\" value=\"\" size=\"40\" class=\"wpcf7-form-control wpcf7-text wpcf7-email wpcf7-validates-as-required wpcf7-validates-as-email\" aria-required=\"true\" aria-invalid=\"false\" placeholder=\"Email c\u1ee7a b\u1ea1n...\" \/><\/span><br \/>\n<span class=\"wpcf7-form-control-wrap tel-255\"><input type=\"tel\" name=\"tel-255\" value=\"\" size=\"40\" class=\"wpcf7-form-control wpcf7-text wpcf7-tel wpcf7-validates-as-required wpcf7-validates-as-tel\" aria-required=\"true\" aria-invalid=\"false\" placeholder=\"S\u1ed1 \u0111i\u1ec7n tho\u1ea1i...\" \/><\/span><br \/>\n<span class=\"wpcf7-form-control-wrap text-346\"><input type=\"text\" name=\"text-346\" value=\"\" size=\"40\" class=\"wpcf7-form-control wpcf7-text wpcf7-validates-as-required\" aria-required=\"true\" aria-invalid=\"false\" placeholder=\"D\u1ecbch v\u1ee5, s\u1ea3n ph\u1ea9m c\u1ea7n t\u01b0 v\u1ea5n...\" \/><\/span><br \/>\n<span class=\"wpcf7-form-control-wrap textarea-554\"><textarea name=\"textarea-554\" cols=\"40\" rows=\"10\" class=\"wpcf7-form-control wpcf7-textarea wpcf7-validates-as-required\" aria-required=\"true\" aria-invalid=\"false\" placeholder=\"Th\u00f4ng tin th\u00eam...\"><\/textarea><\/span><br \/>\n<input type=\"submit\" value=\"G\u1eedi li\u00ean h\u1ec7\" class=\"wpcf7-form-control wpcf7-submit\" \/><\/p>\n<div class=\"wpcf7-response-output\" aria-hidden=\"true\"><\/div><\/form><\/div>\n<div role=\"form\" class=\"wpcf7\" id=\"wpcf7-f204-o2\" lang=\"vi\" dir=\"ltr\">\n<div class=\"screen-reader-response\"><p role=\"status\" aria-live=\"polite\" aria-atomic=\"true\"><\/p> <ul><\/ul><\/div>\n<form action=\"\/w\/tietkiemdien\/wp-json\/wp\/v2\/pages\/509#wpcf7-f204-o2\" method=\"post\" class=\"wpcf7-form init\" novalidate=\"novalidate\" data-status=\"init\">\n<div style=\"display: none;\">\n<input type=\"hidden\" name=\"_wpcf7\" value=\"204\" \/>\n<input type=\"hidden\" name=\"_wpcf7_version\" value=\"5.3\" \/>\n<input type=\"hidden\" name=\"_wpcf7_locale\" value=\"vi\" \/>\n<input type=\"hidden\" name=\"_wpcf7_unit_tag\" value=\"wpcf7-f204-o2\" \/>\n<input type=\"hidden\" name=\"_wpcf7_container_post\" value=\"0\" \/>\n<input type=\"hidden\" name=\"_wpcf7_posted_data_hash\" value=\"\" \/>\n<\/div>\n<div class=\"flex-row form-flat medium-flex-wrap\">\n<div class=\"flex-col flex-grow\">\n    \t<span class=\"wpcf7-form-control-wrap your-email\"><input type=\"email\" name=\"your-email\" value=\"\" size=\"40\" class=\"wpcf7-form-control wpcf7-text wpcf7-email wpcf7-validates-as-required wpcf7-validates-as-email\" aria-required=\"true\" aria-invalid=\"false\" placeholder=\"Newsletter signup here\" \/><\/span>\n    <\/div>\n<div class=\"flex-col ml-half\">\n    \t<input type=\"submit\" value=\"Submit\" class=\"wpcf7-form-control wpcf7-submit button\" \/>\n    <\/div>\n<\/p><\/div>\n<div class=\"wpcf7-response-output\" aria-hidden=\"true\"><\/div><\/form><\/div>\n\t\t<\/div>\n\t\t\t<\/div>\n\n\t\n<\/div>\n","protected":false},"excerpt":{"rendered":"","protected":false},"author":1,"featured_media":0,"parent":0,"menu_order":0,"comment_status":"closed","ping_status":"closed","template":"","meta":[],"_links":{"self":[{"href":"https:\/\/webmaibinh.com\/w\/tietkiemdien\/wp-json\/wp\/v2\/pages\/509"}],"collection":[{"href":"https:\/\/webmaibinh.com\/w\/tietkiemdien\/wp-json\/wp\/v2\/pages"}],"about":[{"href":"https:\/\/webmaibinh.com\/w\/tietkiemdien\/wp-json\/wp\/v2\/types\/page"}],"author":[{"embeddable":true,"href":"https:\/\/webmaibinh.com\/w\/tietkiemdien\/wp-json\/wp\/v2\/users\/1"}],"replies":[{"embeddable":true,"href":"https:\/\/webmaibinh.com\/w\/tietkiemdien\/wp-json\/wp\/v2\/comments?post=509"}],"version-history":[{"count":0,"href":"https:\/\/webmaibinh.com\/w\/tietkiemdien\/wp-json\/wp\/v2\/pages\/509\/revisions"}],"wp:attachment":[{"href":"https:\/\/webmaibinh.com\/w\/tietkiemdien\/wp-json\/wp\/v2\/media?parent=509"}],"curies":[{"name":"wp","href":"https:\/\/api.w.org\/{rel}","templated":true}]}}