


{"id":324,"date":"2018-03-31T12:50:01","date_gmt":"2018-03-31T05:50:01","guid":{"rendered":"https:\/\/bizhostvn.com\/w\/tietkiemdien\/?page_id=324"},"modified":"2018-04-04T14:39:44","modified_gmt":"2018-04-04T07:39:44","slug":"du-an","status":"publish","type":"page","link":"https:\/\/webmaibinh.com\/w\/tietkiemdien\/du-an\/","title":{"rendered":"D\u1ef1 \u00e1n"},"content":{"rendered":"\t<div id=\"gap-1272408707\" class=\"gap-element clearfix\" style=\"display:block; height:auto;\">\n\t\t\n<style>\n#gap-1272408707 {\n  padding-top: 30px;\n}\n<\/style>\n\t<\/div>\n\t\n\t<section class=\"section du-an-noi-bat\" id=\"section_2096514133\">\n\t\t<div class=\"bg section-bg fill bg-fill  bg-loaded\" >\n\n\t\t\t\n\t\t\t\n\t\t\t\n\n\t\t<\/div>\n\n\t\t<div class=\"section-content relative\">\n\t\t\t\n<div class=\"row block-tieu-de\"  id=\"row-1223044691\">\n\n\t<div id=\"col-102152383\" class=\"col small-12 large-12\"  >\n\t\t<div class=\"col-inner\"  >\n\t\t\t\n\t\t\t\n<div class=\"title-block\">\n<h3>D\u1ef0 \u00c1N N\u1ed4I B\u1eacT<\/h3>\n<div class=\"line-block\"><\/div>\n<\/div>\n\t<div id=\"gap-398295095\" class=\"gap-element clearfix\" style=\"display:block; height:auto;\">\n\t\t\n<style>\n#gap-398295095 {\n  padding-top: 30px;\n}\n<\/style>\n\t<\/div>\n\t\n<div id=\"portfolio-1205095325\" class=\"portfolio-element-wrapper has-filtering\">  <div class=\"container mb-half\">\n  <ul class=\"nav nav-true nav-center nav-divided nav-uppercase filter-nav\">\n    <li class=\"active\"><a href=\"#\" data-filter=\"[data-id]\">All<\/a><\/li>\n    <li><a href=\"#\" data-filter=\"[data-id*='\u0110i\u1ec7n m\u1eb7t tr\u1eddi']\">\u0110i\u1ec7n m\u1eb7t tr\u1eddi<\/a><\/li><li><a href=\"#\" data-filter=\"[data-id*='N\u0103ng l\u01b0\u1ee3ng chung c\u01b0']\">N\u0103ng l\u01b0\u1ee3ng chung c\u01b0<\/a><\/li><li><a href=\"#\" data-filter=\"[data-id*='Pin n\u0103ng l\u01b0\u1ee3ng m\u1eb7t tr\u1eddi']\">Pin n\u0103ng l\u01b0\u1ee3ng m\u1eb7t tr\u1eddi<\/a><\/li>  <\/ul>\n  <\/div>\n  \n  \n    <div class=\"row row-isotope large-columns-3 medium-columns- small-columns-2 row-normal\">\n              <div class=\"col\" data-id=\"\u0110i\u1ec7n m\u1eb7t tr\u1eddi, N\u0103ng l\u01b0\u1ee3ng chung c\u01b0\" >\n          <div class=\"col-inner\" >\n          <a href=\"https:\/\/webmaibinh.com\/w\/tietkiemdien\/du-an\/dien-mat-troi,nang-luong-chung-cu\/du-an-cai-tao-tam-pin-nang-luong-mat-troi-cho-chung-cu-hoa-an\/\" class=\"plain \">\n          <div class=\"portfolio-box box has-hover box-normal\">\n            <div class=\"box-image\" >\n                <div class=\"image-overlay-add image-cover\" style=\"padding-top:65%;\">\n                <img width=\"1023\" height=\"410\" src=\"https:\/\/webmaibinh.com\/w\/tietkiemdien\/wp-content\/uploads\/2018\/04\/33.jpg\" class=\"attachment-original size-original\" alt=\"\" loading=\"lazy\" srcset=\"https:\/\/webmaibinh.com\/w\/tietkiemdien\/wp-content\/uploads\/2018\/04\/33.jpg 1023w, https:\/\/webmaibinh.com\/w\/tietkiemdien\/wp-content\/uploads\/2018\/04\/33-300x120.jpg 300w, https:\/\/webmaibinh.com\/w\/tietkiemdien\/wp-content\/uploads\/2018\/04\/33-768x308.jpg 768w, https:\/\/webmaibinh.com\/w\/tietkiemdien\/wp-content\/uploads\/2018\/04\/33-600x240.jpg 600w\" sizes=\"(max-width: 1023px) 100vw, 1023px\" \/>                <div class=\"overlay\" style=\"background-color:rgba(0, 133, 255, 0.58)\"><\/div>                                <\/div>\n            <\/div>\n            <div class=\"box-text text-left\" >\n                  <div class=\"box-text-inner\">\n                      <h6 class=\"uppercase portfolio-box-title\">D\u1ef1 \u00e1n c\u1ea3i t\u1ea1o t\u1ea5m pin n\u0103ng l\u01b0\u1ee3ng m\u1eb7t tr\u1eddi cho chung c\u01b0 H\u00f2a An<\/h6>\n                      <p class=\"uppercase portfolio-box-category is-xsmall op-6\">\n                        <span class=\"show-on-hover\">\n                         \u0110i\u1ec7n m\u1eb7t tr\u1eddi, N\u0103ng l\u01b0\u1ee3ng chung c\u01b0                        <\/span>\n                      <\/p>\n                  <\/div>\n            <\/div>\n           <\/div>\n           <\/a>\n           <\/div>\n           <\/div>\n                    <div class=\"col\" data-id=\"N\u0103ng l\u01b0\u1ee3ng chung c\u01b0, Pin n\u0103ng l\u01b0\u1ee3ng m\u1eb7t tr\u1eddi\" >\n          <div class=\"col-inner\" >\n          <a href=\"https:\/\/webmaibinh.com\/w\/tietkiemdien\/du-an\/nang-luong-chung-cu,pin-nang-luong-mat-troi\/nha-may-san-xuat-pin-nang-luong-mat-troi-tam-lon\/\" class=\"plain \">\n          <div class=\"portfolio-box box has-hover box-normal\">\n            <div class=\"box-image\" >\n                <div class=\"image-overlay-add image-cover\" style=\"padding-top:65%;\">\n                <img width=\"934\" height=\"426\" src=\"https:\/\/webmaibinh.com\/w\/tietkiemdien\/wp-content\/uploads\/2018\/04\/4.jpg\" class=\"attachment-original size-original\" alt=\"\" loading=\"lazy\" srcset=\"https:\/\/webmaibinh.com\/w\/tietkiemdien\/wp-content\/uploads\/2018\/04\/4.jpg 934w, https:\/\/webmaibinh.com\/w\/tietkiemdien\/wp-content\/uploads\/2018\/04\/4-300x137.jpg 300w, https:\/\/webmaibinh.com\/w\/tietkiemdien\/wp-content\/uploads\/2018\/04\/4-768x350.jpg 768w, https:\/\/webmaibinh.com\/w\/tietkiemdien\/wp-content\/uploads\/2018\/04\/4-600x274.jpg 600w\" sizes=\"(max-width: 934px) 100vw, 934px\" \/>                <div class=\"overlay\" style=\"background-color:rgba(0, 133, 255, 0.58)\"><\/div>                                <\/div>\n            <\/div>\n            <div class=\"box-text text-left\" >\n                  <div class=\"box-text-inner\">\n                      <h6 class=\"uppercase portfolio-box-title\">Nh\u00e0 m\u00e1y s\u1ea3n xu\u1ea5t pin n\u0103ng l\u01b0\u1ee3ng m\u1eb7t tr\u1eddi t\u1ea5m l\u1edbn<\/h6>\n                      <p class=\"uppercase portfolio-box-category is-xsmall op-6\">\n                        <span class=\"show-on-hover\">\n                         N\u0103ng l\u01b0\u1ee3ng chung c\u01b0, Pin n\u0103ng l\u01b0\u1ee3ng m\u1eb7t tr\u1eddi                        <\/span>\n                      <\/p>\n                  <\/div>\n            <\/div>\n           <\/div>\n           <\/a>\n           <\/div>\n           <\/div>\n                    <div class=\"col\" data-id=\"\u0110i\u1ec7n m\u1eb7t tr\u1eddi, Pin n\u0103ng l\u01b0\u1ee3ng m\u1eb7t tr\u1eddi\" >\n          <div class=\"col-inner\" >\n          <a href=\"https:\/\/webmaibinh.com\/w\/tietkiemdien\/du-an\/dien-mat-troi,pin-nang-luong-mat-troi\/tam-lop-pin-nang-luong-mat-troi-cho-nha-chung-cu-vinhome\/\" class=\"plain \">\n          <div class=\"portfolio-box box has-hover box-normal\">\n            <div class=\"box-image\" >\n                <div class=\"image-overlay-add image-cover\" style=\"padding-top:65%;\">\n                <img width=\"1023\" height=\"410\" src=\"https:\/\/webmaibinh.com\/w\/tietkiemdien\/wp-content\/uploads\/2018\/04\/33.jpg\" class=\"attachment-original size-original\" alt=\"\" loading=\"lazy\" srcset=\"https:\/\/webmaibinh.com\/w\/tietkiemdien\/wp-content\/uploads\/2018\/04\/33.jpg 1023w, https:\/\/webmaibinh.com\/w\/tietkiemdien\/wp-content\/uploads\/2018\/04\/33-300x120.jpg 300w, https:\/\/webmaibinh.com\/w\/tietkiemdien\/wp-content\/uploads\/2018\/04\/33-768x308.jpg 768w, https:\/\/webmaibinh.com\/w\/tietkiemdien\/wp-content\/uploads\/2018\/04\/33-600x240.jpg 600w\" sizes=\"(max-width: 1023px) 100vw, 1023px\" \/>                <div class=\"overlay\" style=\"background-color:rgba(0, 133, 255, 0.58)\"><\/div>                                <\/div>\n            <\/div>\n            <div class=\"box-text text-left\" >\n                  <div class=\"box-text-inner\">\n                      <h6 class=\"uppercase portfolio-box-title\">T\u1ea5m l\u1ee3p pin n\u0103ng l\u01b0\u1ee3ng m\u1eb7t tr\u1eddi cho nh\u00e0 chung c\u01b0 Vinhome<\/h6>\n                      <p class=\"uppercase portfolio-box-category is-xsmall op-6\">\n                        <span class=\"show-on-hover\">\n                         \u0110i\u1ec7n m\u1eb7t tr\u1eddi, Pin n\u0103ng l\u01b0\u1ee3ng m\u1eb7t tr\u1eddi                        <\/span>\n                      <\/p>\n                  <\/div>\n            <\/div>\n           <\/div>\n           <\/a>\n           <\/div>\n           <\/div>\n                    <div class=\"col\" data-id=\"\u0110i\u1ec7n m\u1eb7t tr\u1eddi, N\u0103ng l\u01b0\u1ee3ng chung c\u01b0\" >\n          <div class=\"col-inner\" >\n          <a href=\"https:\/\/webmaibinh.com\/w\/tietkiemdien\/du-an\/dien-mat-troi,nang-luong-chung-cu\/nha-may-dien-nang-luong-mat-troi-lang-van\/\" class=\"plain \">\n          <div class=\"portfolio-box box has-hover box-normal\">\n            <div class=\"box-image\" >\n                <div class=\"image-overlay-add image-cover\" style=\"padding-top:65%;\">\n                <img width=\"900\" height=\"316\" src=\"https:\/\/webmaibinh.com\/w\/tietkiemdien\/wp-content\/uploads\/2018\/04\/07ab02195b1fa17789d27d84c7765f06.jpg\" class=\"attachment-original size-original\" alt=\"\" loading=\"lazy\" srcset=\"https:\/\/webmaibinh.com\/w\/tietkiemdien\/wp-content\/uploads\/2018\/04\/07ab02195b1fa17789d27d84c7765f06.jpg 900w, https:\/\/webmaibinh.com\/w\/tietkiemdien\/wp-content\/uploads\/2018\/04\/07ab02195b1fa17789d27d84c7765f06-300x105.jpg 300w, https:\/\/webmaibinh.com\/w\/tietkiemdien\/wp-content\/uploads\/2018\/04\/07ab02195b1fa17789d27d84c7765f06-768x270.jpg 768w, https:\/\/webmaibinh.com\/w\/tietkiemdien\/wp-content\/uploads\/2018\/04\/07ab02195b1fa17789d27d84c7765f06-600x211.jpg 600w\" sizes=\"(max-width: 900px) 100vw, 900px\" \/>                <div class=\"overlay\" style=\"background-color:rgba(0, 133, 255, 0.58)\"><\/div>                                <\/div>\n            <\/div>\n            <div class=\"box-text text-left\" >\n                  <div class=\"box-text-inner\">\n                      <h6 class=\"uppercase portfolio-box-title\">Nh\u00e0 m\u00e1y \u0111i\u1ec7n n\u0103ng l\u01b0\u1ee3ng m\u1eb7t tr\u1eddi L\u00e3ng V\u00e2n<\/h6>\n                      <p class=\"uppercase portfolio-box-category is-xsmall op-6\">\n                        <span class=\"show-on-hover\">\n                         \u0110i\u1ec7n m\u1eb7t tr\u1eddi, N\u0103ng l\u01b0\u1ee3ng chung c\u01b0                        <\/span>\n                      <\/p>\n                  <\/div>\n            <\/div>\n           <\/div>\n           <\/a>\n           <\/div>\n           <\/div>\n                    <div class=\"col\" data-id=\"\u0110i\u1ec7n m\u1eb7t tr\u1eddi, N\u0103ng l\u01b0\u1ee3ng chung c\u01b0, Pin n\u0103ng l\u01b0\u1ee3ng m\u1eb7t tr\u1eddi\" >\n          <div class=\"col-inner\" >\n          <a href=\"https:\/\/webmaibinh.com\/w\/tietkiemdien\/du-an\/dien-mat-troi,nang-luong-chung-cu,pin-nang-luong-mat-troi\/du-an-lap-rap-tam-nang-luong-mat-troi-chung-cu-havico\/\" class=\"plain \">\n          <div class=\"portfolio-box box has-hover box-normal\">\n            <div class=\"box-image\" >\n                <div class=\"image-overlay-add image-cover\" style=\"padding-top:65%;\">\n                <img width=\"934\" height=\"426\" src=\"https:\/\/webmaibinh.com\/w\/tietkiemdien\/wp-content\/uploads\/2018\/04\/4.jpg\" class=\"attachment-original size-original\" alt=\"\" loading=\"lazy\" srcset=\"https:\/\/webmaibinh.com\/w\/tietkiemdien\/wp-content\/uploads\/2018\/04\/4.jpg 934w, https:\/\/webmaibinh.com\/w\/tietkiemdien\/wp-content\/uploads\/2018\/04\/4-300x137.jpg 300w, https:\/\/webmaibinh.com\/w\/tietkiemdien\/wp-content\/uploads\/2018\/04\/4-768x350.jpg 768w, https:\/\/webmaibinh.com\/w\/tietkiemdien\/wp-content\/uploads\/2018\/04\/4-600x274.jpg 600w\" sizes=\"(max-width: 934px) 100vw, 934px\" \/>                <div class=\"overlay\" style=\"background-color:rgba(0, 133, 255, 0.58)\"><\/div>                                <\/div>\n            <\/div>\n            <div class=\"box-text text-left\" >\n                  <div class=\"box-text-inner\">\n                      <h6 class=\"uppercase portfolio-box-title\">D\u1ef1 \u00e1n l\u1eafp r\u00e1p t\u1ea5m n\u0103ng l\u01b0\u1ee3ng m\u1eb7t tr\u1eddi chung c\u01b0 Havico<\/h6>\n                      <p class=\"uppercase portfolio-box-category is-xsmall op-6\">\n                        <span class=\"show-on-hover\">\n                         \u0110i\u1ec7n m\u1eb7t tr\u1eddi, N\u0103ng l\u01b0\u1ee3ng chung c\u01b0, Pin n\u0103ng l\u01b0\u1ee3ng m\u1eb7t tr\u1eddi                        <\/span>\n                      <\/p>\n                  <\/div>\n            <\/div>\n           <\/div>\n           <\/a>\n           <\/div>\n           <\/div>\n                    <div class=\"col\" data-id=\"Pin n\u0103ng l\u01b0\u1ee3ng m\u1eb7t tr\u1eddi\" >\n          <div class=\"col-inner\" >\n          <a href=\"https:\/\/webmaibinh.com\/w\/tietkiemdien\/du-an\/pin-nang-luong-mat-troi\/du-an-dien-nang-luong-mat-troi-tai-xa-sam-nua\/\" class=\"plain \">\n          <div class=\"portfolio-box box has-hover box-normal\">\n            <div class=\"box-image\" >\n                <div class=\"image-overlay-add image-cover\" style=\"padding-top:65%;\">\n                <img width=\"1023\" height=\"410\" src=\"https:\/\/webmaibinh.com\/w\/tietkiemdien\/wp-content\/uploads\/2018\/04\/33.jpg\" class=\"attachment-original size-original\" alt=\"\" loading=\"lazy\" srcset=\"https:\/\/webmaibinh.com\/w\/tietkiemdien\/wp-content\/uploads\/2018\/04\/33.jpg 1023w, https:\/\/webmaibinh.com\/w\/tietkiemdien\/wp-content\/uploads\/2018\/04\/33-300x120.jpg 300w, https:\/\/webmaibinh.com\/w\/tietkiemdien\/wp-content\/uploads\/2018\/04\/33-768x308.jpg 768w, https:\/\/webmaibinh.com\/w\/tietkiemdien\/wp-content\/uploads\/2018\/04\/33-600x240.jpg 600w\" sizes=\"(max-width: 1023px) 100vw, 1023px\" \/>                <div class=\"overlay\" style=\"background-color:rgba(0, 133, 255, 0.58)\"><\/div>                                <\/div>\n            <\/div>\n            <div class=\"box-text text-left\" >\n                  <div class=\"box-text-inner\">\n                      <h6 class=\"uppercase portfolio-box-title\">D\u1ef1 \u00e1n \u0111i\u1ec7n n\u0103ng l\u01b0\u1ee3ng m\u1eb7t tr\u1eddi t\u1ea1i x\u00e3 S\u1ea7m N\u01b0a<\/h6>\n                      <p class=\"uppercase portfolio-box-category is-xsmall op-6\">\n                        <span class=\"show-on-hover\">\n                         Pin n\u0103ng l\u01b0\u1ee3ng m\u1eb7t tr\u1eddi                        <\/span>\n                      <\/p>\n                  <\/div>\n            <\/div>\n           <\/div>\n           <\/a>\n           <\/div>\n           <\/div>\n                    <div class=\"col\" data-id=\"\u0110i\u1ec7n m\u1eb7t tr\u1eddi\" >\n          <div class=\"col-inner\" >\n          <a href=\"https:\/\/webmaibinh.com\/w\/tietkiemdien\/du-an\/dien-mat-troi\/dien-mat-troi-ho-gia-dinh-cong-suat-vua-va-nho\/\" class=\"plain \">\n          <div class=\"portfolio-box box has-hover box-normal\">\n            <div class=\"box-image\" >\n                <div class=\"image-overlay-add image-cover\" style=\"padding-top:65%;\">\n                <img width=\"900\" height=\"316\" src=\"https:\/\/webmaibinh.com\/w\/tietkiemdien\/wp-content\/uploads\/2018\/04\/07ab02195b1fa17789d27d84c7765f06.jpg\" class=\"attachment-original size-original\" alt=\"\" loading=\"lazy\" srcset=\"https:\/\/webmaibinh.com\/w\/tietkiemdien\/wp-content\/uploads\/2018\/04\/07ab02195b1fa17789d27d84c7765f06.jpg 900w, https:\/\/webmaibinh.com\/w\/tietkiemdien\/wp-content\/uploads\/2018\/04\/07ab02195b1fa17789d27d84c7765f06-300x105.jpg 300w, https:\/\/webmaibinh.com\/w\/tietkiemdien\/wp-content\/uploads\/2018\/04\/07ab02195b1fa17789d27d84c7765f06-768x270.jpg 768w, https:\/\/webmaibinh.com\/w\/tietkiemdien\/wp-content\/uploads\/2018\/04\/07ab02195b1fa17789d27d84c7765f06-600x211.jpg 600w\" sizes=\"(max-width: 900px) 100vw, 900px\" \/>                <div class=\"overlay\" style=\"background-color:rgba(0, 133, 255, 0.58)\"><\/div>                                <\/div>\n            <\/div>\n            <div class=\"box-text text-left\" >\n                  <div class=\"box-text-inner\">\n                      <h6 class=\"uppercase portfolio-box-title\">\u0110i\u1ec7n m\u1eb7t tr\u1eddi h\u1ed9 gia \u0111\u00ecnh c\u00f4ng su\u1ea5t v\u1eeba v\u00e0 nh\u1ecf<\/h6>\n                      <p class=\"uppercase portfolio-box-category is-xsmall op-6\">\n                        <span class=\"show-on-hover\">\n                         \u0110i\u1ec7n m\u1eb7t tr\u1eddi                        <\/span>\n                      <\/p>\n                  <\/div>\n            <\/div>\n           <\/div>\n           <\/a>\n           <\/div>\n           <\/div>\n                    <div class=\"col\" data-id=\"\u0110i\u1ec7n m\u1eb7t tr\u1eddi\" >\n          <div class=\"col-inner\" >\n          <a href=\"https:\/\/webmaibinh.com\/w\/tietkiemdien\/du-an\/dien-mat-troi\/dien-mat-troi-hoa-luoi-ket-hop-luu-tru\/\" class=\"plain \">\n          <div class=\"portfolio-box box has-hover box-normal\">\n            <div class=\"box-image\" >\n                <div class=\"image-overlay-add image-cover\" style=\"padding-top:65%;\">\n                <img width=\"1366\" height=\"631\" src=\"https:\/\/webmaibinh.com\/w\/tietkiemdien\/wp-content\/uploads\/2018\/03\/slider1-fcs.jpg\" class=\"attachment-original size-original\" alt=\"\" loading=\"lazy\" srcset=\"https:\/\/webmaibinh.com\/w\/tietkiemdien\/wp-content\/uploads\/2018\/03\/slider1-fcs.jpg 1366w, https:\/\/webmaibinh.com\/w\/tietkiemdien\/wp-content\/uploads\/2018\/03\/slider1-fcs-600x277.jpg 600w, https:\/\/webmaibinh.com\/w\/tietkiemdien\/wp-content\/uploads\/2018\/03\/slider1-fcs-300x139.jpg 300w, https:\/\/webmaibinh.com\/w\/tietkiemdien\/wp-content\/uploads\/2018\/03\/slider1-fcs-768x355.jpg 768w, https:\/\/webmaibinh.com\/w\/tietkiemdien\/wp-content\/uploads\/2018\/03\/slider1-fcs-1024x473.jpg 1024w\" sizes=\"(max-width: 1366px) 100vw, 1366px\" \/>                <div class=\"overlay\" style=\"background-color:rgba(0, 133, 255, 0.58)\"><\/div>                                <\/div>\n            <\/div>\n            <div class=\"box-text text-left\" >\n                  <div class=\"box-text-inner\">\n                      <h6 class=\"uppercase portfolio-box-title\">\u0110i\u1ec7n m\u1eb7t tr\u1eddi  h\u00f2a l\u01b0\u1edbi k\u1ebft h\u1ee3p  l\u01b0u tr\u1eef<\/h6>\n                      <p class=\"uppercase portfolio-box-category is-xsmall op-6\">\n                        <span class=\"show-on-hover\">\n                         \u0110i\u1ec7n m\u1eb7t tr\u1eddi                        <\/span>\n                      <\/p>\n                  <\/div>\n            <\/div>\n           <\/div>\n           <\/a>\n           <\/div>\n           <\/div>\n          <\/div><\/div>\n\t<div id=\"gap-1394103197\" class=\"gap-element clearfix\" style=\"display:block; height:auto;\">\n\t\t\n<style>\n#gap-1394103197 {\n  padding-top: 30px;\n}\n<\/style>\n\t<\/div>\n\t\n<div class=\"line2\"><\/div>\n<h4><span style=\"color: #0099ff; font-size: 100%;\">CHIA S\u1eba NHU C\u1ea6U C\u1ee6A B\u1ea0N<\/span><\/h4>\n<p>H\u00e3y li\u00ean h\u1ec7 v\u1edbi ch\u00fang t\u00f4i, m\u1ecdi mong mu\u1ed1n c\u1ee7a b\u1ea1n \u0111\u1ec1u \u0111\u01b0\u1ee3c l\u1eafng nghe.<\/p>\n<div class=\"row\"  id=\"row-1321935768\">\n\n\t<div id=\"col-1264400295\" class=\"col medium-2 small-12 large-2\"  >\n\t\t<div class=\"col-inner\"  >\n\t\t\t\n\t\t\t\n<a rel=\"noopener noreferrer\" href=\"tel::02437170593\" target=\"_blank\" class=\"button primary expand\"  style=\"border-radius:3px;\">\n    <span>02437170593<\/span>\n  <\/a>\n\n\t\t<\/div>\n\t\t\t<\/div>\n\n\t\n\n\t<div id=\"col-1493346152\" class=\"col medium-2 small-12 large-2\"  >\n\t\t<div class=\"col-inner\"  >\n\t\t\t\n\t\t\t\n<a rel=\"noopener noreferrer\" href=\"\/lien-he\/\" target=\"_blank\" class=\"button success lowercase expand\"  style=\"border-radius:3px;\">\n    <span>Li\u00ean h\u1ec7 t\u01b0 v\u1ea5n<\/span>\n  <\/a>\n\n\t\t<\/div>\n\t\t\t<\/div>\n\n\t\n<\/div>\n\t\t<\/div>\n\t\t\t<\/div>\n\n\t\n<\/div>\n\t\t<\/div>\n\n\t\t\n<style>\n#section_2096514133 {\n  padding-top: 0px;\n  padding-bottom: 0px;\n}\n<\/style>\n\t<\/section>\n\t\n","protected":false},"excerpt":{"rendered":"","protected":false},"author":1,"featured_media":0,"parent":0,"menu_order":0,"comment_status":"closed","ping_status":"closed","template":"page-blank.php","meta":[],"_links":{"self":[{"href":"https:\/\/webmaibinh.com\/w\/tietkiemdien\/wp-json\/wp\/v2\/pages\/324"}],"collection":[{"href":"https:\/\/webmaibinh.com\/w\/tietkiemdien\/wp-json\/wp\/v2\/pages"}],"about":[{"href":"https:\/\/webmaibinh.com\/w\/tietkiemdien\/wp-json\/wp\/v2\/types\/page"}],"author":[{"embeddable":true,"href":"https:\/\/webmaibinh.com\/w\/tietkiemdien\/wp-json\/wp\/v2\/users\/1"}],"replies":[{"embeddable":true,"href":"https:\/\/webmaibinh.com\/w\/tietkiemdien\/wp-json\/wp\/v2\/comments?post=324"}],"version-history":[{"count":0,"href":"https:\/\/webmaibinh.com\/w\/tietkiemdien\/wp-json\/wp\/v2\/pages\/324\/revisions"}],"wp:attachment":[{"href":"https:\/\/webmaibinh.com\/w\/tietkiemdien\/wp-json\/wp\/v2\/media?parent=324"}],"curies":[{"name":"wp","href":"https:\/\/api.w.org\/{rel}","templated":true}]}}