{"id":12,"date":"2019-09-05T09:12:35","date_gmt":"2019-09-05T02:12:35","guid":{"rendered":"http:\/\/shopvai.w2steam.com\/?page_id=12"},"modified":"2020-05-10T00:15:28","modified_gmt":"2020-05-09T17:15:28","slug":"lien-he","status":"publish","type":"page","link":"https:\/\/webmaibinh.com\/w\/thuexemay2011\/lien-he\/","title":{"rendered":"Li\u00ean h\u1ec7"},"content":{"rendered":"<div class=\"row\"  id=\"row-356783729\">\n\n\t<div class=\"col medium-6 small-12 large-6\"  >\n\t\t<div class=\"col-inner\"  >\n\t\t\t\n\t\t\t\n<div class=\"container section-title-container\" ><h3 class=\"section-title section-title-center\"><b><\/b><span class=\"section-title-main\" >CHO THU\u00ca XE M\u00c1Y BU\u00d4N MA THU\u1ed8T - \u0110\u1eaeK L\u1eaeK<\/span><b><\/b><\/h3><\/div>\n<ul>\n<li><span style=\"font-size: 100%; c\">C\u01a1 s\u1edf 1: 92 H\u1ed3 T\u00f9ng M\u1eadu, Tp. Bu\u00f4n Ma Thu\u1ed9t<br \/>\n<\/span><\/li>\n<li><span style=\"font-size: 100%;\"><span class=\"text\">C\u01a1 S\u1edf 2: 143 \u0110inh Ti\u00ean Ho\u00e0ng, Tp. Bu\u00f4n Ma Thu\u1ed9t ( C\u1ea1nh nh\u00e0 xe KumHoo )<\/span><\/span><\/li>\n<li><span style=\" font-size: 100%;\"><span class=\"text\"> C\u01a1 S\u1edf 3: Ng\u00f5 53 L\u00ea Du\u1ea9n, Tp. Bu\u00f4n Ma Thu\u1ed9t ( C\u1ea1nh nh\u00e0 xe Ph\u01b0\u01a1ng Trang )<\/span><\/span><\/li>\n<li><span style=\"font-size:100%; c\">\u0110i\u1ec7n tho\u1ea1i: 0999000000 &#8211; 0999000000<br \/>\n<\/span><\/li>\n<\/ul>\n\t\t<\/div>\n\t<\/div>\n\n\t\n\n\t<div class=\"col medium-6 small-12 large-6\"  >\n\t\t<div class=\"col-inner\"  >\n\t\t\t\n\t\t\t\n<div class=\"container section-title-container\" ><h3 class=\"section-title section-title-center\"><b><\/b><span class=\"section-title-main\" >G\u1eecI Y\u00caU C\u1ea6U \u0110\u1eb6T XE M\u00c1Y NGAY<\/span><b><\/b><\/h3><\/div>\n<div role=\"form\" class=\"wpcf7\" id=\"wpcf7-f256-o1\" lang=\"vi\" dir=\"ltr\">\n<div class=\"screen-reader-response\"><\/div>\n<form action=\"\/w\/thuexemay2011\/wp-json\/wp\/v2\/pages\/12#wpcf7-f256-o1\" method=\"post\" class=\"wpcf7-form\" novalidate=\"novalidate\">\n<div style=\"display: none;\">\n<input type=\"hidden\" name=\"_wpcf7\" value=\"256\" \/>\n<input type=\"hidden\" name=\"_wpcf7_version\" value=\"5.1.7\" \/>\n<input type=\"hidden\" name=\"_wpcf7_locale\" value=\"vi\" \/>\n<input type=\"hidden\" name=\"_wpcf7_unit_tag\" value=\"wpcf7-f256-o1\" \/>\n<input type=\"hidden\" name=\"_wpcf7_container_post\" value=\"0\" \/>\n<\/div>\n<p><span class=\"wpcf7-form-control-wrap text-401\"><input type=\"text\" name=\"text-401\" value=\"\" size=\"40\" class=\"wpcf7-form-control wpcf7-text wpcf7-validates-as-required\" aria-required=\"true\" aria-invalid=\"false\" placeholder=\"H\u1ecd v\u00e0 t\u00ean...\" \/><\/span><br \/>\n<span class=\"wpcf7-form-control-wrap tel-191\"><input type=\"tel\" name=\"tel-191\" value=\"\" size=\"40\" class=\"wpcf7-form-control wpcf7-text wpcf7-tel wpcf7-validates-as-required wpcf7-validates-as-tel\" aria-required=\"true\" aria-invalid=\"false\" placeholder=\"S\u1ed1 \u0111i\u1ec7n tho\u1ea1i...\" \/><\/span><br \/>\n<span class=\"wpcf7-form-control-wrap email-792\"><input type=\"email\" name=\"email-792\" value=\"\" size=\"40\" class=\"wpcf7-form-control wpcf7-text wpcf7-email wpcf7-validates-as-email\" aria-invalid=\"false\" placeholder=\"\u0110\u1ecba ch\u1ec9 email...\" \/><\/span><br \/>\n<span class=\"wpcf7-form-control-wrap textarea-138\"><textarea name=\"textarea-138\" cols=\"40\" rows=\"10\" class=\"wpcf7-form-control wpcf7-textarea\" aria-invalid=\"false\" placeholder=\"Xe b\u1ea1n mu\u1ed1n thu\u00ea...\"><\/textarea><\/span><br \/>\n<input type=\"submit\" value=\"G\u1eedi li\u00ean h\u1ec7\" class=\"wpcf7-form-control wpcf7-submit\" \/><\/p>\n<div class=\"wpcf7-response-output wpcf7-display-none\"><\/div><\/form><\/div>\n\t\t<\/div>\n\t<\/div>\n\n\t\n<\/div>\n","protected":false},"excerpt":{"rendered":"","protected":false},"author":1,"featured_media":0,"parent":0,"menu_order":0,"comment_status":"closed","ping_status":"closed","template":"","meta":[],"_links":{"self":[{"href":"https:\/\/webmaibinh.com\/w\/thuexemay2011\/wp-json\/wp\/v2\/pages\/12"}],"collection":[{"href":"https:\/\/webmaibinh.com\/w\/thuexemay2011\/wp-json\/wp\/v2\/pages"}],"about":[{"href":"https:\/\/webmaibinh.com\/w\/thuexemay2011\/wp-json\/wp\/v2\/types\/page"}],"author":[{"embeddable":true,"href":"https:\/\/webmaibinh.com\/w\/thuexemay2011\/wp-json\/wp\/v2\/users\/1"}],"replies":[{"embeddable":true,"href":"https:\/\/webmaibinh.com\/w\/thuexemay2011\/wp-json\/wp\/v2\/comments?post=12"}],"version-history":[{"count":13,"href":"https:\/\/webmaibinh.com\/w\/thuexemay2011\/wp-json\/wp\/v2\/pages\/12\/revisions"}],"predecessor-version":[{"id":481,"href":"https:\/\/webmaibinh.com\/w\/thuexemay2011\/wp-json\/wp\/v2\/pages\/12\/revisions\/481"}],"wp:attachment":[{"href":"https:\/\/webmaibinh.com\/w\/thuexemay2011\/wp-json\/wp\/v2\/media?parent=12"}],"curies":[{"name":"wp","href":"https:\/\/api.w.org\/{rel}","templated":true}]}}