{"id":10,"date":"2019-09-05T09:12:24","date_gmt":"2019-09-05T02:12:24","guid":{"rendered":"http:\/\/shopvai.w2steam.com\/?page_id=10"},"modified":"2020-02-29T16:35:22","modified_gmt":"2020-02-29T09:35:22","slug":"gioi-thieu","status":"publish","type":"page","link":"https:\/\/webmaibinh.com\/w\/thuexemay2011\/gioi-thieu\/","title":{"rendered":"Gi\u1edbi thi\u1ec7u"},"content":{"rendered":"<p>Nh\u1eadn th\u1ea5y ti\u1ec1m n\u0103ng ph\u00e1t tri\u1ec3n lo\u1ea1i h\u00ecnh du l\u1ecbch b\u1ee5i, ph\u01b0\u1ee3t t\u1ea1i mi\u1ec1n cao nguy\u00ean n\u00fai \u0111\u00e1 Bu\u00f4n M\u00ea Thu\u1ed9t &#8211; Daklak r\u1ea5t cao n\u00ean d\u1ecbch v\u1ee5 cho thu\u00ea xe du l\u1ecbch Bu\u00f4n M\u00ea Thu\u1ed9t &#8211;\u00a0 Daklak \u0111\u00e3 ch\u00ednh th\u1ee9c \u0111i v\u00e0o ho\u1ea1t \u0111\u1ed9ng \u0111\u1ec3 ph\u1ee5c v\u1ee5 du kh\u00e1ch.\u00a0<\/p>\n<p>V\u1edbi l\u1ee3i th\u1ebf c\u00f3 nhi\u1ec1u lo\u1ea1i xe m\u1edbi \u0111\u01b0\u1ee3c c\u1eadp nh\u1eadt \u0111a d\u1ea1ng v\u00e0 an to\u00e0n gi\u00fap cho kh\u00e1ch du l\u1ecbch c\u00f3 th\u1ec3 tho\u1ea3i m\u00e1i l\u1ef1a ch\u1ecdn. Ch\u00fang t\u00f4i t\u1ef1 tin l\u00e0 c\u01a1 s\u1edf cho thu\u00ea xe g\u1eafn m\u00e1y Bu\u00f4n Ma Thu\u1ed9t c\u00f3 gi\u00e1 t\u1ed1t h\u01a1n r\u1ea5t nhi\u1ec1u so v\u1edbi c\u00e1c c\u01a1 s\u1edf cho thu\u00ea xe du l\u1ecbch kh\u00e1c. S\u1edf h\u1eefu nh\u00e2n vi\u00ean c\u00f3 nhi\u1ec7t huy\u1ebft, c\u00f3 n\u0103ng l\u1ef1c v\u00e0 c\u00f3 kinh nghi\u1ec7m, ch\u00fang t\u00f4i s\u1ebd mang \u0111\u1ebfn cho b\u1ea1n nh\u1eefng l\u1eddi khuy\u00ean, t\u01b0 v\u1ea5n chu \u0111\u00e1o v\u00e0 t\u1eadn t\u00e2m nh\u1ea5t. Kh\u00f4ng nh\u1eefng th\u1ebf, \u0111\u1ed9i ng\u0169 nh\u00e2n vi\u00ean k\u1ef9 thu\u1eadt s\u1ebd th\u01b0\u1eddng xuy\u00ean h\u1ed7 tr\u1ee3, ki\u1ec3m tra ch\u1ea5t l\u01b0\u1ee3ng xe chu \u0111\u00e1o tr\u01b0\u1edbc khi cho kh\u00e1ch du l\u1ecbch thu\u00ea. V\u00ec v\u1eady, c\u00e1c b\u1ea1n c\u00f3 th\u1ec3 ho\u00e0n to\u00e0n y\u00ean t\u00e2m khi \u0111\u1eb7t ni\u1ec1m tin cho ch\u00fang t\u00f4i.<\/p>\n<p>Hi\u1ec7n nay, ch\u00fang t\u00f4i c\u00f3 \u0111\u1ee7 \u0111\u1ea7y c\u00e1c lo\u1ea1i xe cho c\u00e1c b\u1ea1n thu\u00ea t\u00f9y theo t\u00ednh ch\u1ea5t chuy\u1ebfn du l\u1ecbch nh\u01b0:<br \/><strong>Xe ga:<\/strong> C\u00e1c h\u00e3ng xe ga d\u00e1ng nh\u1ecf nh\u1eafn ph\u00f9 h\u1ee3p cho nh\u1eefng ai th\u00edch s\u1ef1 nh\u1eb9 nh\u00e0ng v\u00e0 t\u00ednh ch\u1ea5t chuy\u1ebfn du l\u1ecbch g\u1ea7n, loanh quanh th\u00e0nh ph\u1ed1<br \/><strong>Xe s\u1ed1:<\/strong> V\u1edbi nhi\u1ec1u lo\u1ea1i xe c\u00f3 c\u1ea5u h\u00ecnh m\u1ea1nh s\u1ebd l\u00e0 s\u1ef1 l\u1ef1a ch\u1ecdn ho\u00e0n h\u1ea3o cho b\u1ea1n khi chinh ph\u1ee5c nh\u1eefng cung \u0111\u01b0\u1eddng g\u1eadp gh\u1ec1nh cao nguy\u00ean<br \/><strong>Xe c\u00f4n tay:<\/strong> D\u00e1ng v\u1ebb th\u1ec3 thao v\u00e0 n\u0103ng \u0111\u1ed9ng s\u1ebd l\u00e0 x\u1ebf y\u00eau cho nh\u1eefng ch\u00e0ng trai c\u00f4 n\u00e0ng c\u00e1 t\u00ednh mu\u1ed1n ph\u01b0\u1ee3t b\u1ee5i \u1edf daklak<br \/>\u0110\u1ec3 bi\u1ebft th\u00eam th\u00f4ng tin v\u1ec1 \u0111\u1ecba ch\u1ec9 thu\u00ea xe g\u1eafn m\u00e1y Bu\u00f4n Ma Thu\u1ed9t &#8211; Daklak b\u1ea1n c\u00f3 th\u1ec3 li\u00ean h\u1ec7 qua \u0111\u1ecba ch\u1ec9<\/p>\n<ul>\n<li><strong>C\u01a1 s\u1edf 1<\/strong>: 92 H\u1ed3 T\u00f9ng M\u1eadu, Tp. Bu\u00f4n Ma Thu\u1ed9t<\/li>\n<li><span class=\"text\"><strong>C\u01a1 S\u1edf 2:<\/strong> 143 \u0110inh Ti\u00ean Ho\u00e0ng, Tp. Bu\u00f4n Ma Thu\u1ed9t ( C\u1ea1nh nh\u00e0 xe KumHoo )<\/span><\/li>\n<li><span class=\"text\"><strong>C\u01a1 S\u1edf 3:<\/strong> Ng\u00f5 53 L\u00ea Du\u1ea9n, Tp. Bu\u00f4n Ma Thu\u1ed9t ( C\u1ea1nh nh\u00e0 xe Ph\u01b0\u01a1ng Trang )<\/span><\/li>\n<li><strong>\u0110i\u1ec7n tho\u1ea1i:<\/strong> <span style=\"color: #ff0000;\"><strong>0915 106 235 &#8211; 0912 21 57 67<\/strong><\/span> (<strong>A. H\u01b0ng<\/strong>)<\/li>\n<\/ul>\n<p>C\u1ea3m \u01a1n v\u00e0 r\u1ea5t h\u00e2n h\u1ea1nh khi \u0111\u01b0\u1ee3c \u0111\u1ed3ng h\u00e0nh c\u00f9ng qu\u00fd kh\u00e1ch !!!!<\/p>\n","protected":false},"excerpt":{"rendered":"<p>Nh\u1eadn th\u1ea5y ti\u1ec1m n\u0103ng ph\u00e1t tri\u1ec3n lo\u1ea1i h\u00ecnh du l\u1ecbch b\u1ee5i, ph\u01b0\u1ee3t t\u1ea1i mi\u1ec1n cao nguy\u00ean n\u00fai \u0111\u00e1 Bu\u00f4n M\u00ea Thu\u1ed9t &#8211; Daklak r\u1ea5t cao n\u00ean d\u1ecbch v\u1ee5 cho thu\u00ea xe du l\u1ecbch Bu\u00f4n M\u00ea Thu\u1ed9t &#8211;\u00a0 Daklak \u0111\u00e3 ch\u00ednh th\u1ee9c \u0111i v\u00e0o ho\u1ea1t \u0111\u1ed9ng \u0111\u1ec3 ph\u1ee5c v\u1ee5 du kh\u00e1ch.\u00a0 V\u1edbi l\u1ee3i th\u1ebf c\u00f3 nhi\u1ec1u &#8230;<\/p>\n","protected":false},"author":1,"featured_media":0,"parent":0,"menu_order":0,"comment_status":"closed","ping_status":"closed","template":"page-right-sidebar.php","meta":[],"_links":{"self":[{"href":"https:\/\/webmaibinh.com\/w\/thuexemay2011\/wp-json\/wp\/v2\/pages\/10"}],"collection":[{"href":"https:\/\/webmaibinh.com\/w\/thuexemay2011\/wp-json\/wp\/v2\/pages"}],"about":[{"href":"https:\/\/webmaibinh.com\/w\/thuexemay2011\/wp-json\/wp\/v2\/types\/page"}],"author":[{"embeddable":true,"href":"https:\/\/webmaibinh.com\/w\/thuexemay2011\/wp-json\/wp\/v2\/users\/1"}],"replies":[{"embeddable":true,"href":"https:\/\/webmaibinh.com\/w\/thuexemay2011\/wp-json\/wp\/v2\/comments?post=10"}],"version-history":[{"count":3,"href":"https:\/\/webmaibinh.com\/w\/thuexemay2011\/wp-json\/wp\/v2\/pages\/10\/revisions"}],"predecessor-version":[{"id":464,"href":"https:\/\/webmaibinh.com\/w\/thuexemay2011\/wp-json\/wp\/v2\/pages\/10\/revisions\/464"}],"wp:attachment":[{"href":"https:\/\/webmaibinh.com\/w\/thuexemay2011\/wp-json\/wp\/v2\/media?parent=10"}],"curies":[{"name":"wp","href":"https:\/\/api.w.org\/{rel}","templated":true}]}}