{"id":103,"date":"2018-10-28T08:34:28","date_gmt":"2018-10-28T08:34:28","guid":{"rendered":"http:\/\/thuexe.khowebseotop.vn\/?post_type=product&#038;p=103"},"modified":"2018-10-28T08:35:02","modified_gmt":"2018-10-28T08:35:02","slug":"cho-thue-xe-di-san-bay-noi-bai-merc-sprin","status":"publish","type":"product","link":"https:\/\/webmaibinh.com\/w\/thuexe2011\/san-pham\/cho-thue-xe-di-san-bay-noi-bai-merc-sprin\/","title":{"rendered":"CHO THU\u00ca XE \u0110I S\u00c2N BAY N\u1ed8I B\u00c0I MERC SPRIN"},"content":{"rendered":"<h2 class=\"d100 divLine mgt20\">CHI TI\u1ebeT D\u1ecaCH V\u1ee4 THU\u00ca XE<\/h2>\n<div class=\"d100\">\n<p>L\u1ecbch tr\u00ecnh: H\u00e0 N\u1ed9i &#8211;\u00a0N\u1ed9i B\u00e0i\u00a0&#8211; H\u00e0 N\u1ed9i<\/p>\n<p>Th\u1eddi gian: &lt;3h<\/p>\n<p>Qu\u00e3ng \u0111\u01b0\u1eddng: 80km\/2 chi\u1ec1u<\/p>\n<p>\u0110i\u1ec3m \u0111\u00f3n: Theo y\u00eau c\u1ea7u<\/p>\n<p>Th\u1eddi gian \u0111\u00f3n: Theo y\u00eau c\u1ea7u<\/p>\n<p>\u0110\u01a1n gi\u00e1 Km v\u01b0\u1ee3t: 10.000 \u0111\/km<\/p>\n<p>\u0110\u01a1n gi\u00e1 v\u01b0\u1ee3t gi\u1edd: 60.000 \u0111\/h<\/p>\n<\/div>\n<h2 class=\"d100 divLine mgt20\">PH\u01af\u01a0NG TH\u1ee8C \u0110\u1eb6T XE<\/h2>\n<div class=\"d100\">\n<p>Qu\u00fd kh\u00e1ch c\u00f3 th\u1ec3\u00a0\u0111\u1eb7t thu\u00ea\u00a0xe\u00a0Tu\u1ea5n Ph\u01b0\u01a1ng\u00a0\u00a0theo c\u00e1c ph\u01b0\u01a1ng th\u1ee9c sau:<\/p>\n<p>1.T\u00ecm xe v\u00e0 thu\u00ea xe tr\u1ef1c tuy\u1ebfn\u00a0qua\u00a0website:\u00a0Xe Tuan Phuong\u00a0t\u1ea1i ph\u1ea7n<strong>\u00a0<\/strong>\u0110\u1eb7t Xe<\/p>\n<p>2.Chat tr\u1ef1c ti\u1ebfp v\u1edbi nh\u00e2n vi\u00ean h\u1ed7 tr\u1ee3 tr\u1ef1c tuy\u1ebfn c\u1ee7a Xe Tuan Phuong<\/p>\n<p>3.K\u00fd h\u1ee3p \u0111\u1ed3ng\u00a0<em>thu\u00ea xe tr\u1ef1c ti\u1ebfp<\/em>\u00a0t\u1ea1i tr\u1ee5 s\u1edf v\u0103n ph\u00f2ng\u00a0Xe Tuan Phuong.<\/p>\n<p>4.K\u00fd h\u1ee3p\u00a0\u0111\u1ed3ng thu\u00ea xe tr\u1ef1c ti\u1ebfp t\u1ea1i\u00a0\u0111\u1ecba ch\u1ec9\u00a0kh\u00e1ch h\u00e0ng<\/p>\n<p>5.K\u00fd h\u1ee3p \u0111\u1ed3ng\u00a0<em>thu\u00ea xe<\/em>\u00a0qua Email : congtyvantaidulichtuanphuong@gmail.com<\/p>\n<p>6.Li\u00ean h\u1ec7 \u0111\u1eb7t xe :\u00a00979.735.186 &#8211; 0369.88.11.88<\/p>\n<\/div>\n<h2 class=\"d100 divLine mgt20\">CH\u00cdNH S\u00c1CH \u0110\u1eb6T XE<\/h2>\n<div class=\"d100\">\n<p>D\u1ecbch v\u1ee5 thu\u00ea xe\u00a0Tu\u1ea5n Ph\u01b0\u01a1ng\u00a0xin tr\u00e2n tr\u1ecdng g\u1eedi t\u1edbi qu\u00fd kh\u00e1ch h\u00e0ng ch\u00ednh s\u00e1ch b\u1ed3i th\u01b0\u1eddng thi\u1ec7t h\u1ea1i ngo\u00e0i h\u1ee3p\u00a0\u0111\u1ed3ng, ph\u00e1t sinh, ho\u00e3n, hu\u1ef7 h\u1ee3p\u00a0\u0111\u1ed3ng \u00a0thu\u00ea xe du l\u1ecbch t\u1ea1i\u00a0xetuanphuong.vn<em>\u00a0<\/em>nh\u01b0 sau:<\/p>\n<p>1. Tr\u01b0\u1eddng h\u1ee3p qu\u00fd kh\u00e1ch ho\u00e3n tour, Tour c\u1ee7a qu\u00fd kh\u00e1ch s\u1ebd\u00a0\u0111\u01b0\u1ee3c ti\u1ebfp t\u1ee5c khi qu\u00fd kh\u00e1ch y\u00eau c\u1ea7u, Ph\u00ed ho\u00e0n hu\u1ef7 l\u00e0: 0VN\u0110<\/p>\n<p>2. Tr\u01b0\u1eddng h\u1ee3p qu\u00fd kh\u00e1ch hu\u1ef7 tour tr\u01b0\u1edbc\u00a03 ng\u00e0y tr\u01b0\u1edbc th\u1eddi\u00a0\u0111i\u1ec3m kh\u1edfi h\u00e0nh, qu\u00fd kh\u00e1ch s\u1ebd\u00a0\u0111\u01b0\u1ee3c ho\u00e0n ti\u1ec1n 50%.<\/p>\n<p>3. Tr\u01b0\u1eddng h\u1ee3p qu\u00fd kh\u00e1ch hu\u1ef7 tour trong v\u00f2ng 3 ng\u00e0y tr\u01b0\u1edbc th\u1eddi\u00a0\u0111i\u1ec3m kh\u1edfi h\u00e0nh,\u00a0Qu\u00fd kh\u00e1ch s\u1ebd kh\u00f4ng\u00a0\u0111\u01b0\u1ee3c ho\u00e0n ti\u1ec1n.<\/p>\n<\/div>\n","protected":false},"excerpt":{"rendered":"<p>CHI TI\u1ebeT D\u1ecaCH V\u1ee4 THU\u00ca XE L\u1ecbch tr\u00ecnh: H\u00e0 N\u1ed9i &#8211;\u00a0N\u1ed9i B\u00e0i\u00a0&#8211; H\u00e0 N\u1ed9i Th\u1eddi gian: &lt;3h Qu\u00e3ng \u0111\u01b0\u1eddng: 80km\/2 chi\u1ec1u \u0110i\u1ec3m \u0111\u00f3n: Theo y\u00eau c\u1ea7u Th\u1eddi gian \u0111\u00f3n: Theo y\u00eau c\u1ea7u \u0110\u01a1n gi\u00e1 Km v\u01b0\u1ee3t: 10.000 \u0111\/km \u0110\u01a1n gi\u00e1 v\u01b0\u1ee3t gi\u1edd: 60.000 \u0111\/h PH\u01af\u01a0NG TH\u1ee8C \u0110\u1eb6T XE Qu\u00fd kh\u00e1ch c\u00f3 th\u1ec3\u00a0\u0111\u1eb7t thu\u00ea\u00a0xe\u00a0Tu\u1ea5n Ph\u01b0\u01a1ng\u00a0\u00a0theo c\u00e1c [&#8230;]\n","protected":false},"featured_media":104,"comment_status":"open","ping_status":"closed","template":"","meta":[],"_links":{"self":[{"href":"https:\/\/webmaibinh.com\/w\/thuexe2011\/wp-json\/wp\/v2\/product\/103"}],"collection":[{"href":"https:\/\/webmaibinh.com\/w\/thuexe2011\/wp-json\/wp\/v2\/product"}],"about":[{"href":"https:\/\/webmaibinh.com\/w\/thuexe2011\/wp-json\/wp\/v2\/types\/product"}],"replies":[{"embeddable":true,"href":"https:\/\/webmaibinh.com\/w\/thuexe2011\/wp-json\/wp\/v2\/comments?post=103"}],"wp:featuredmedia":[{"embeddable":true,"href":"https:\/\/webmaibinh.com\/w\/thuexe2011\/wp-json\/wp\/v2\/media\/104"}],"wp:attachment":[{"href":"https:\/\/webmaibinh.com\/w\/thuexe2011\/wp-json\/wp\/v2\/media?parent=103"}],"curies":[{"name":"wp","href":"https:\/\/api.w.org\/{rel}","templated":true}]}}