{"id":26,"date":"2018-04-22T09:09:43","date_gmt":"2018-04-22T02:09:43","guid":{"rendered":"https:\/\/bizhostvn.com\/w\/thucphamchucnang2\/?page_id=26"},"modified":"2018-04-22T19:00:17","modified_gmt":"2018-04-22T12:00:17","slug":"lien-he","status":"publish","type":"page","link":"https:\/\/webmaibinh.com\/w\/thucphamchucnang2\/lien-he\/","title":{"rendered":"Li\u00ean h\u1ec7"},"content":{"rendered":"<div class=\"row\"  id=\"row-1313288612\">\n\n\t<div id=\"col-1443693431\" class=\"col medium-6 small-12 large-6\"  >\n\t\t<div class=\"col-inner\"  >\n\t\t\t\n\t\t\t\n<h4>Th\u00f4ng tin li\u00ean h\u1ec7:<\/h4>\n<p><strong>Ph\u00e2n ph\u1ed1i \u0111\u1ed9c quy\u1ec1n:<\/strong>\u00a0C\u00f4ng Ty CP Phoenik-Pharma Vietnam<br \/>\nS\u1ed1 8\/47\/43 L\u00e2m Du, B\u1ed3 \u0110\u1ec1, Long Bi\u00ean, H\u00e0 N\u1ed9i<\/p>\n<p><strong>V\u0103n ph\u00f2ng \u0111\u1ea1i di\u1ec7n:<\/strong>\u00a0S\u1ed1 25, Ng\u00f5 131 Th\u00e1i H\u00e0, \u0110\u1ed1ng \u0110a, H\u00e0 N\u1ed9i<\/p>\n<p><strong>Hotline<\/strong>: 0936144133<\/p>\n\t\t<\/div>\n\t\t\t<\/div>\n\n\t\n\n\t<div id=\"col-460627398\" class=\"col medium-6 small-12 large-6\"  >\n\t\t<div class=\"col-inner\"  >\n\t\t\t\n\t\t\t\n<h4 style=\"text-align: left;\">Li\u00ean h\u1ec7 mua h\u00e0ng<\/h4>\n<div role=\"form\" class=\"wpcf7\" id=\"wpcf7-f419-o1\" lang=\"vi\" dir=\"ltr\">\n<div class=\"screen-reader-response\"><p role=\"status\" aria-live=\"polite\" aria-atomic=\"true\"><\/p> <ul><\/ul><\/div>\n<form action=\"\/w\/thucphamchucnang2\/wp-json\/wp\/v2\/pages\/26#wpcf7-f419-o1\" method=\"post\" class=\"wpcf7-form init\" novalidate=\"novalidate\" data-status=\"init\">\n<div style=\"display: none;\">\n<input type=\"hidden\" name=\"_wpcf7\" value=\"419\" \/>\n<input type=\"hidden\" name=\"_wpcf7_version\" value=\"5.3\" \/>\n<input type=\"hidden\" name=\"_wpcf7_locale\" value=\"vi\" \/>\n<input type=\"hidden\" name=\"_wpcf7_unit_tag\" value=\"wpcf7-f419-o1\" \/>\n<input type=\"hidden\" name=\"_wpcf7_container_post\" value=\"0\" \/>\n<input type=\"hidden\" name=\"_wpcf7_posted_data_hash\" value=\"\" \/>\n<\/div>\n<div class=\"form-tu-van\"><span class=\"wpcf7-form-control-wrap text-502\"><input type=\"text\" name=\"text-502\" value=\"\" size=\"40\" class=\"wpcf7-form-control wpcf7-text wpcf7-validates-as-required\" aria-required=\"true\" aria-invalid=\"false\" placeholder=\"T\u00ean c\u1ee7a b\u1ea1n...\" \/><\/span><br \/>\n<span class=\"wpcf7-form-control-wrap tel-60\"><input type=\"tel\" name=\"tel-60\" value=\"\" size=\"40\" class=\"wpcf7-form-control wpcf7-text wpcf7-tel wpcf7-validates-as-required wpcf7-validates-as-tel\" aria-required=\"true\" aria-invalid=\"false\" placeholder=\"S\u1ed1 \u0111i\u1ec7n tho\u1ea1i...\" \/><\/span><br \/>\n<span class=\"wpcf7-form-control-wrap text-503\"><input type=\"text\" name=\"text-503\" value=\"\" size=\"40\" class=\"wpcf7-form-control wpcf7-text\" aria-invalid=\"false\" placeholder=\"\u0110\u1ecba ch\u1ec9 c\u1ee7a b\u1ea1n...\" \/><\/span><br \/>\n<span class=\"wpcf7-form-control-wrap menu-910\"><select name=\"menu-910\" class=\"wpcf7-form-control wpcf7-select wpcf7-validates-as-required\" aria-required=\"true\" aria-invalid=\"false\"><option value=\"S\u1ed1 h\u1ed9p c\u1ea7n mua\">S\u1ed1 h\u1ed9p c\u1ea7n mua<\/option><option value=\"1 h\u1ed9p gi\u00e1 360.000\u0111 + 30.000\u0111 ph\u00ed ship.\">1 h\u1ed9p gi\u00e1 360.000\u0111 + 30.000\u0111 ph\u00ed ship.<\/option><option value=\"2 h\u1ed9p gi\u00e1 700.000\u0111 + Freeship.\">2 h\u1ed9p gi\u00e1 700.000\u0111 + Freeship.<\/option><option value=\"3 h\u1ed9p gi\u00e1 990.000\u0111 + Freeship + T\u1eb7ng l\u1ecd Vitamin t\u1ed5ng h\u1ee3p nh\u1eadp kh\u1ea9u \u0110\u1ee9c.\">3 h\u1ed9p gi\u00e1 990.000\u0111 + Freeship + T\u1eb7ng l\u1ecd Vitamin t\u1ed5ng h\u1ee3p nh\u1eadp kh\u1ea9u \u0110\u1ee9c.<\/option><\/select><\/span><\/p>\n<p><input type=\"submit\" value=\"G\u1eedi y\u00eau c\u1ea7u\" class=\"wpcf7-form-control wpcf7-submit\" \/><\/p><\/div>\n<div class=\"wpcf7-response-output\" aria-hidden=\"true\"><\/div><\/form><\/div>\n\t\t<\/div>\n\t\t\t<\/div>\n\n\t\n<\/div>\n","protected":false},"excerpt":{"rendered":"","protected":false},"author":1,"featured_media":0,"parent":0,"menu_order":0,"comment_status":"closed","ping_status":"closed","template":"page-right-sidebar.php","meta":[],"_links":{"self":[{"href":"https:\/\/webmaibinh.com\/w\/thucphamchucnang2\/wp-json\/wp\/v2\/pages\/26"}],"collection":[{"href":"https:\/\/webmaibinh.com\/w\/thucphamchucnang2\/wp-json\/wp\/v2\/pages"}],"about":[{"href":"https:\/\/webmaibinh.com\/w\/thucphamchucnang2\/wp-json\/wp\/v2\/types\/page"}],"author":[{"embeddable":true,"href":"https:\/\/webmaibinh.com\/w\/thucphamchucnang2\/wp-json\/wp\/v2\/users\/1"}],"replies":[{"embeddable":true,"href":"https:\/\/webmaibinh.com\/w\/thucphamchucnang2\/wp-json\/wp\/v2\/comments?post=26"}],"version-history":[{"count":0,"href":"https:\/\/webmaibinh.com\/w\/thucphamchucnang2\/wp-json\/wp\/v2\/pages\/26\/revisions"}],"wp:attachment":[{"href":"https:\/\/webmaibinh.com\/w\/thucphamchucnang2\/wp-json\/wp\/v2\/media?parent=26"}],"curies":[{"name":"wp","href":"https:\/\/api.w.org\/{rel}","templated":true}]}}