{"id":24,"date":"2018-04-22T09:09:33","date_gmt":"2018-04-22T02:09:33","guid":{"rendered":"https:\/\/bizhostvn.com\/w\/thucphamchucnang\/?page_id=24"},"modified":"2018-04-22T18:58:41","modified_gmt":"2018-04-22T11:58:41","slug":"dai-ly","status":"publish","type":"page","link":"https:\/\/webmaibinh.com\/w\/thucphamchucnang\/dai-ly\/","title":{"rendered":"\u0110\u1ea1i l\u00fd"},"content":{"rendered":"<p><strong>V\u00ec m\u1ed9t Vi\u1ec7t Nam kh\u00f4ng thu\u1ed1c kh\u00e1ng sinh<\/strong><\/p>\n<p>D\u00e2n gian c\u00f3 c\u00e2u: B\u1ec7nh t\u1eeb mi\u1ec7ng m\u00e0 v\u00e0o, ho\u1ea1 t\u1eeb mi\u1ec7ng m\u00e0 ra\u2026\u0111i\u1ec1u \u0111\u00f3 ch\u1eb3ng sai ch\u00fat n\u00e0o. M\u1ed9t nghi\u00ean c\u1ee9u khoa h\u1ecdc t\u1ea1i Oxford ch\u1ec9 ra r\u1eb1ng 90% nh\u1eefng b\u1ec7nh th\u01b0\u1eddng g\u1eb7p \u0111\u1ec1u xu\u1ea5t ph\u00e1t t\u1eeb vi\u1ec7c \u0103n u\u1ed1ng c\u1ee7a con ng\u01b0\u1eddi.<\/p>\n<p>Tr\u1ebb em c\u0169ng v\u1eady, khi sinh ra, h\u1ec7 ti\u00eau ho\u00e1 c\u1ee7a tr\u1ebb v\u00f4 c\u00f9ng y\u1ebfu b\u1edfi kh\u00f4ng c\u00f3 l\u1ee3i khu\u1ea9n \u1edf ru\u1ed9t. L\u1ee3i khu\u1ea9n n\u00e0y \u0111\u01b0\u1ee3c sinh ra trong qu\u00e1 tr\u00ecnh l\u1edbn l\u00ean c\u1ee7a b\u00e9. \u0110\u1ed3ng th\u1eddi n\u00f3 c\u0169ng t\u1ef1 ch\u1ebft \u0111i trong qu\u00e1 tr\u00ecnh \u0103n u\u1ed1ng h\u00e0ng ng\u00e0y, hay do c\u00e1c lo\u1ea1i kh\u00e1ng sinh u\u1ed1ng v\u00e0o c\u01a1 th\u1ec3. V\u00ec th\u1ebf, tr\u1ebb r\u1ea5t d\u1ec5 g\u1eb7p c\u00e1c b\u1ec7nh v\u1ec1 ti\u00eau ho\u00e1, \u0111\u1ec3 l\u00e2u ng\u00e0y s\u1ee9c \u0111\u1ec1 kh\u00e1ng c\u1ee7a b\u00e9 gi\u1ea3m d\u1ea7n, r\u1ea5t d\u1ec5 nhi\u1ec3m khu\u1ea9n, c\u01a1 th\u1ec3 h\u1ea5p thu dinh d\u01b0\u1ee1ng k\u00e9m, bi\u1ebfng \u0103n, suy dinh d\u01b0\u1ee1ng, xa h\u01a1n l\u00e0 g\u1eb7p b\u1ec7nh v\u1ec1 \u0111\u1ea1i tr\u00e0ng, tr\u0129 t\u1eeb \u0111\u1ed9 tu\u1ed5i r\u1ea5t nh\u1ecf\u2026<\/p>\n<p><strong>V\u1edbi s\u1ee9 m\u1ec7nh V\u00ec M\u1ed9t Vi\u1ec7t Nam Kh\u00f4ng Thu\u1ed1c Kh\u00e1ng Sinh<\/strong><\/p>\n<p>Preg-Mom mong mu\u1ed1n h\u1ee3p t\u00e1c, m\u1edf r\u1ed9ng k\u00eanh ph\u00e2n ph\u1ed1i \u0111\u1ec3 lan to\u1ea3 s\u1ea3n ph\u1ea9m tuy\u1ec7t v\u1eddi n\u00e0y \u0111\u1ebfn h\u00e0ng tri\u1ec7u ph\u1ee5 n\u1eef Vi\u1ec7t Nam, \u0111\u1ec3 con ch\u00e1u ch\u00fang ta c\u00f3 m\u1ed9t s\u1ee9c \u0111\u1ec1 kh\u00e1ng m\u1ea1nh m\u1ebd, \u0111\u1ee7 ch\u1ed1ng ch\u1ecdi l\u1ea1i m\u00f4i tr\u01b0\u1eddng s\u1ed1ng (th\u1ee9c \u0103n, kh\u00f4ng kh\u00ed \u00f4 nhi\u1ec5m nh\u01b0 hi\u1ec7n nay).<\/p>\n<p><strong>T\u00e1c d\u1ee5ng tuy\u1ec7t v\u1eddi c\u1ee7a Preg-Mom \u0111\u00e3 \u0111\u01b0\u1ee3c h\u00e0ng ng\u00e0n b\u00e0 m\u1eb9 tin d\u00f9ng:<\/strong><\/p>\n<p>\u2013 H\u1ed7 tr\u1ee3 \u0111i\u1ec1u tr\u1ecb t\u00e1o b\u00f3n, ti\u00eau ch\u1ea3y, ph\u00e2n s\u1ed1ng tuy\u1ec7t v\u1eddi (\u1ed5n \u0111\u1ecbnh h\u1ec7 ti\u00eau ho\u00e1) ch\u1ec9 trong 2-3 ng\u00e0y!<br \/>\n\u2013 Gi\u00fap b\u00e9 \u0103n ngon, ch\u00f3ng l\u1edbn, l\u00ean c\u00e2n nhanh<br \/>\n\u2013 T\u0103ng s\u1ee9c \u0111\u1ec1 kh\u00e1ng m\u1ea1nh m\u1ebd, gi\u00fap b\u00e9 kh\u00f4ng b\u1ecb \u1ed1m v\u1eb7t<\/p>\n<p><strong>V\u00ec sao Preg-Mom l\u1ea1i c\u00f3 t\u00e1c d\u1ee5ng tuy\u1ec7t v\u1eddi nh\u01b0 v\u1eady:<\/strong><\/p>\n<p>\u2013 PregMom l\u00e0 Men vi sinh th\u1ebf h\u1ec7 th\u1ee9 2, \u0111\u01b0\u1ee3c b\u00e0o ch\u1ebf b\u1eb1ng c\u00f4ng ngh\u1ec7 sinh h\u1ecdc 4.0 (T\u00e1c gi\u1ea3 l\u00e0 Ti\u1ebfn S\u1ef9 Nguy\u1ec5n Ho\u00e0 Anh 15 n\u0103m nghi\u00ean c\u1ee9u t\u1ea1i Nh\u1eadt)<br \/>\n\u2013 \u0110\u00e2y l\u00e0 s\u1ea3n ph\u1ea9m duy nh\u1ea5t tr\u00ean th\u1ebf gi\u1edbi c\u00f3 ch\u1ee9a 3 t\u1ef7 l\u1ee3i khu\u1ea9n s\u1ed1ng\/ \u1ed1ng 5ml (v\u1edbi 3 ch\u1ee7ng lo\u1ea1i l\u1ee3i khu\u1ea9n m\u1ea1nh nh\u1ea5t gi\u00fap \u0111\u1ea9y l\u00f9i c\u00e1c h\u1ea1i khu\u1ea9n trong \u0111\u01b0\u1eddng ru\u1ed9t)<br \/>\n\u2013 C\u00f4ng ngh\u1ec7 b\u00e0o ch\u1ebf gi\u00fap l\u1ee3i khu\u1ea9n s\u1ed1ng 100% v\u00e0o \u0111\u1ebfn \u0111\u01b0\u1eddng ru\u1ed9t<br \/>\n\u2013 C\u1ef1c k\u1ef3 tinh khi\u1ebft, tr\u1ebb s\u01a1 sinh 1 th\u00e1ng tu\u1ed5i, \u0111\u1ebfn c\u1ee5 gi\u00e0 100 tu\u1ed5i c\u0169ng c\u00f3 th\u1ec3 d\u00f9ng \u0111\u01b0\u1ee3c.<\/p>\n<p>Sau m\u1ed9t th\u1eddi gian th\u1eed nghi\u1ec7m l\u00e2m s\u00e0ng v\u00e0 \u0111\u01b0a ra th\u1ecb tr\u01b0\u1eddng ch\u00fang t\u00f4i c\u00f3 th\u1ec3 kh\u1eb3ng \u0111\u1ecbnh: \u0110\u00e2y l\u00e0 m\u1ed9t s\u1ea3n ph\u1ea9m ch\u1ea5t l\u01b0\u1ee3ng th\u1ef1c s\u1ef1 t\u1ed1t. T\u1ec9 l\u1ec7 kh\u00e1ch h\u00e0ng quay l\u1ea1i mua h\u00e0ng cao. Preg-Mom mang l\u1ea1i l\u1ee3i \u00edch cao, c\u1ea3 v\u1ec1 m\u1eb7t s\u1ee9c kho\u1ebb v\u00e0 kinh t\u1ebf. Do \u0111\u00f3, ch\u00fang t\u00f4i mong mu\u1ed1n h\u1ee3p t\u00e1c v\u1edbi nh\u1eefng c\u00e1 nh\u00e2n, \u0111\u01a1n v\u1ecb ph\u00e2n ph\u1ed1i \u0111\u1ec3 s\u1ea3n ph\u1ea9m c\u00f3 th\u1ec3 \u0111\u1ebfn v\u1edbi nhi\u1ec1u ng\u01b0\u1eddi ti\u00eau d\u00f9ng h\u01a1n.<\/p>\n<p>N\u1ebfu qu\u00fd v\u1ecb mu\u1ed1n c\u00f9ng ch\u00fang t\u00f4i th\u1ef1c hi\u1ec7n s\u1ee9 m\u1ec7nh V\u00ec M\u1ed9t Vi\u1ec7t Nam Kh\u00f4ng Thu\u1ed1c Kh\u00e1ng Sinh th\u00ec \u0111\u1eebng ng\u1ea1i ng\u1ea7n \u0111\u1eb7t l\u1ea1i email \u0111\u1ec3 nh\u1eadn \u0111\u01b0\u1ee3c b\u1ea3ng chi\u1ebft kh\u1ea5u \u0111\u1ea1i l\u00fd. Ch\u00ednh s\u00e1ch chi\u1ebft kh\u1ea5u linh ho\u1ea1t, h\u1ea5p d\u1eabn.<\/p>\n","protected":false},"excerpt":{"rendered":"<p>V\u00ec m\u1ed9t Vi\u1ec7t Nam kh\u00f4ng thu\u1ed1c kh\u00e1ng sinh D\u00e2n gian c\u00f3 c\u00e2u: B\u1ec7nh t\u1eeb mi\u1ec7ng m\u00e0 v\u00e0o, ho\u1ea1 t\u1eeb mi\u1ec7ng m\u00e0 ra\u2026\u0111i\u1ec1u \u0111\u00f3 ch\u1eb3ng sai ch\u00fat n\u00e0o. M\u1ed9t nghi\u00ean c\u1ee9u khoa h\u1ecdc t\u1ea1i Oxford ch\u1ec9 ra r\u1eb1ng 90% nh\u1eefng b\u1ec7nh th\u01b0\u1eddng g\u1eb7p \u0111\u1ec1u xu\u1ea5t ph\u00e1t t\u1eeb vi\u1ec7c \u0103n u\u1ed1ng c\u1ee7a con ng\u01b0\u1eddi. Tr\u1ebb em c\u0169ng [&#8230;]\n","protected":false},"author":1,"featured_media":0,"parent":0,"menu_order":0,"comment_status":"closed","ping_status":"closed","template":"page-right-sidebar.php","meta":[],"_links":{"self":[{"href":"https:\/\/webmaibinh.com\/w\/thucphamchucnang\/wp-json\/wp\/v2\/pages\/24"}],"collection":[{"href":"https:\/\/webmaibinh.com\/w\/thucphamchucnang\/wp-json\/wp\/v2\/pages"}],"about":[{"href":"https:\/\/webmaibinh.com\/w\/thucphamchucnang\/wp-json\/wp\/v2\/types\/page"}],"author":[{"embeddable":true,"href":"https:\/\/webmaibinh.com\/w\/thucphamchucnang\/wp-json\/wp\/v2\/users\/1"}],"replies":[{"embeddable":true,"href":"https:\/\/webmaibinh.com\/w\/thucphamchucnang\/wp-json\/wp\/v2\/comments?post=24"}],"version-history":[{"count":2,"href":"https:\/\/webmaibinh.com\/w\/thucphamchucnang\/wp-json\/wp\/v2\/pages\/24\/revisions"}],"predecessor-version":[{"id":591,"href":"https:\/\/webmaibinh.com\/w\/thucphamchucnang\/wp-json\/wp\/v2\/pages\/24\/revisions\/591"}],"wp:attachment":[{"href":"https:\/\/webmaibinh.com\/w\/thucphamchucnang\/wp-json\/wp\/v2\/media?parent=24"}],"curies":[{"name":"wp","href":"https:\/\/api.w.org\/{rel}","templated":true}]}}