{"id":22,"date":"2018-04-22T09:09:19","date_gmt":"2018-04-22T02:09:19","guid":{"rendered":"https:\/\/bizhostvn.com\/w\/thucphamchucnang\/?page_id=22"},"modified":"2018-04-22T18:58:09","modified_gmt":"2018-04-22T11:58:09","slug":"khach-hang-chia-se","status":"publish","type":"page","link":"https:\/\/webmaibinh.com\/w\/thucphamchucnang\/khach-hang-chia-se\/","title":{"rendered":"Kh\u00e1ch h\u00e0ng chia s\u1ebb"},"content":{"rendered":"<div class=\"row\"  id=\"row-1151306199\">\n\n\t<div id=\"col-924545604\" class=\"col medium-6 small-12 large-6\"  >\n\t\t<div class=\"col-inner\"  >\n\t\t\t\n\t\t\t\n<div class=\"video video-fit mb\" style=\"padding-top:50%;\"><p><iframe width=\"1020\" height=\"574\" src=\"https:\/\/www.youtube.com\/embed\/DbxP8LysO2Q?feature=oembed\" frameborder=\"0\" allow=\"autoplay; encrypted-media\" allowfullscreen><\/iframe><\/p>\n<\/div>\n<div id=\"HEADLINE152\" class=\"widget-element widget-snap\">\n<p class=\"widget-content\"><strong><span style=\"font-size: 120%;\">Ch\u1ecb H\u1eb1ng, Hai B\u00e0 Tr\u01b0ng, H\u00e0 N\u1ed9i<\/span><\/strong><\/p>\n<\/div>\n<div id=\"PARAGRAPH153\" class=\"widget-element widget-snap\">\n<p class=\"widget-content\">Ch\u1ecb H\u1eb1ng c\u00f3 con trai 5 tu\u1ed5i, b\u00e9 b\u1ecb t\u00e1o b\u00f3n t\u1eeb b\u00e9. Ch\u1ecb \u0111\u00e3 cho b\u00e9 u\u1ed1ng thu\u1ed1c, kh\u00e1m \u1edf nhi\u1ec1u b\u1ec7nh vi\u1ec7n l\u1edbn t\u1ea1i H\u00e0 N\u1ed9i nh\u01b0ng kh\u00f4ng kh\u1ecfi. T\u1eeb khi bi\u1ebft \u0111\u1ebfn v\u00e0 s\u1eed d\u1ee5ng Pregmom, ch\u1ec9 sau 2 h\u1ed9p m\u00e0 b\u00e9 \u0111\u00e3 kh\u00f4ng c\u00f2n t\u00e1o b\u00f3n, ngo\u00e0i ra \u0103n ngon mi\u1ec7ng v\u00e0 t\u0103ng c\u00e2n. Ch\u1ecb H\u1eb1ng r\u1ea5t vui v\u00e0 s\u1ebd ti\u1ebfp t\u1ee5c s\u1eed d\u1ee5ng s\u1ea3n ph\u1ea9m<\/p>\n<\/div>\n\t\t<\/div>\n\t\t\t<\/div>\n\n\t\n\n\t<div id=\"col-1109644142\" class=\"col medium-6 small-12 large-6\"  >\n\t\t<div class=\"col-inner\"  >\n\t\t\t\n\t\t\t\n<div class=\"video video-fit mb\" style=\"padding-top:50%;\"><p><iframe width=\"1020\" height=\"765\" src=\"https:\/\/www.youtube.com\/embed\/059SaZDnmdU?feature=oembed\" frameborder=\"0\" allow=\"autoplay; encrypted-media\" allowfullscreen><\/iframe><\/p>\n<\/div>\n<div id=\"HEADLINE152\" class=\"widget-element widget-snap\">\n<div id=\"HEADLINE152\" class=\"widget-element widget-snap\">\n<p class=\"widget-content\"><strong><span style=\"font-size: 120%;\">Ch\u1ecb Th\u00fay \u2013 \u0110\u00f4ng Anh, H\u00e0 N\u1ed9i<\/span><\/strong><\/p>\n<\/div>\n<div id=\"PARAGRAPH153\" class=\"widget-element widget-snap\">\n<p class=\"widget-content\">Ch\u1ecb Thu\u1ef7 c\u00f3 2 b\u00e9, th\u01b0\u1eddng xuy\u00ean b\u1ecb t\u00e1o b\u00f3n do s\u1eed d\u1ee5ng kh\u00e1ng sinh. Ch\u1ecb \u0111\u00e3 d\u00f9ng nhi\u1ec1u lo\u1ea1i men ti\u00eau ho\u00e1 c\u1ee7a Vi\u1ec7t Nam, n\u01b0\u1edbc ngo\u00e0i nh\u01b0ng hi\u1ec7u qu\u1ea3 kh\u00f4ng nh\u01b0 mong mu\u1ed1n. Ch\u1ecb \u0111\u01b0\u1ee3c b\u1ea1n b\u00e8 gi\u1edbi thi\u1ec7u Pregmom, ban \u0111\u1ea7u kh\u00f4ng tin, nh\u01b0ng sau khi th\u1eed 1 h\u1ed9p ch\u1ecb \u0111\u00e3 ho\u00e0n to\u00e0n b\u1ecb thuy\u1ebft ph\u1ee5c. B\u00e9 h\u1ebft t\u00e1o b\u00f3n, \u0103n ngon mi\u1ec7ng v\u00e0 ch\u1ee7 \u0111\u1ed9ng \u0103n u\u1ed1ng<\/p>\n<\/div>\n<\/div>\n\t\t<\/div>\n\t\t\t<\/div>\n\n\t\n<\/div>\n","protected":false},"excerpt":{"rendered":"","protected":false},"author":1,"featured_media":0,"parent":0,"menu_order":0,"comment_status":"closed","ping_status":"closed","template":"page-right-sidebar.php","meta":[],"_links":{"self":[{"href":"https:\/\/webmaibinh.com\/w\/thucphamchucnang\/wp-json\/wp\/v2\/pages\/22"}],"collection":[{"href":"https:\/\/webmaibinh.com\/w\/thucphamchucnang\/wp-json\/wp\/v2\/pages"}],"about":[{"href":"https:\/\/webmaibinh.com\/w\/thucphamchucnang\/wp-json\/wp\/v2\/types\/page"}],"author":[{"embeddable":true,"href":"https:\/\/webmaibinh.com\/w\/thucphamchucnang\/wp-json\/wp\/v2\/users\/1"}],"replies":[{"embeddable":true,"href":"https:\/\/webmaibinh.com\/w\/thucphamchucnang\/wp-json\/wp\/v2\/comments?post=22"}],"version-history":[{"count":7,"href":"https:\/\/webmaibinh.com\/w\/thucphamchucnang\/wp-json\/wp\/v2\/pages\/22\/revisions"}],"predecessor-version":[{"id":590,"href":"https:\/\/webmaibinh.com\/w\/thucphamchucnang\/wp-json\/wp\/v2\/pages\/22\/revisions\/590"}],"wp:attachment":[{"href":"https:\/\/webmaibinh.com\/w\/thucphamchucnang\/wp-json\/wp\/v2\/media?parent=22"}],"curies":[{"name":"wp","href":"https:\/\/api.w.org\/{rel}","templated":true}]}}