{"id":209,"date":"2019-06-30T23:37:41","date_gmt":"2019-06-30T16:37:41","guid":{"rendered":"https:\/\/thucphamchucnang2.khowebseotop.vn\/?post_type=product&#038;p=209"},"modified":"2019-07-01T03:43:30","modified_gmt":"2019-06-30T20:43:30","slug":"vien-uong-body-thon","status":"publish","type":"product","link":"https:\/\/webmaibinh.com\/w\/thucpham92011\/san-pham\/vien-uong-body-thon\/","title":{"rendered":"Vi\u00ean u\u1ed1ng BODY THON"},"content":{"rendered":"<p><strong>Tr\u00e0 gi\u1ea3m c\u00e2n C\u01b0\u1eddng Anh<\/strong>\u00a0\u2013 Kh\u1ecfe \u0111\u1eb9p gi\u1eef d\u00e1ng lu\u00f4n l\u00e0 v\u1ea5n \u0111\u1ec1 nh\u1ee9c nh\u1ed1i c\u1ee7a b\u1ea5t c\u1ee9 ai y\u00eau th\u00edch c\u00e1i \u0111\u1eb9p, mu\u1ed1n c\u00f3 cho m\u00ecnh m\u1ed9t c\u01a1 th\u1ec3 kh\u1ecfe m\u1ea1nh v\u1edbi \u201c<strong>v\u00f2ng eo 56<\/strong>\u201c. Tuy nhi\u00ean, th\u1eddi gian h\u1ecdc t\u1eadp, l\u00e0m vi\u1ec7c c\u0103ng th\u1eb3ng, c\u00f9ng v\u1edbi th\u00f3i quen \u0103n u\u1ed1ng kh\u00f4ng h\u1ee3p l\u00fd khi\u1ebfn b\u1ea1n\u00a0<strong>t\u0103ng c\u00e2n 1 c\u00e1ch kh\u00f4ng phanh<\/strong>.<\/p>\n<p>Ch\u00fang ta v\u1eabn hay nghe nh\u1eefng ng\u01b0\u1eddi b\u00e9o ph\u00ec v\u1eabn th\u01b0\u1eddng k\u00eau than r\u1eb1ng:\u201d<em><strong>D\u00f9 \u0111\u00e3 h\u1ea1n ch\u1ebf \u0103n u\u1ed1ng nh\u01b0ng kh\u00f4ng hi\u1ec3u sao c\u00e2n v\u1eabn t\u0103ng?<\/strong><\/em>\u201d hay \u201c<strong>Ch\u1ec9 h\u00edt kh\u00f4ng kh\u00ed th\u00f4i c\u0169ng \u0111\u1ee7 t\u0103ng c\u00e2n r\u1ed3i ????<\/strong>\u201c. Vi\u1ec7c s\u1eed d\u1ee5ng c\u00e1c bi\u1ec7n ph\u00e1p gi\u1ea3m c\u00e2n nh\u01b0 ki\u00eang \u0103n, t\u1eadp th\u1ec3 d\u1ee5c hay s\u1eed d\u1ee5ng c\u00e1c lo\u1ea1i thu\u1ed1c gi\u1ea3m c\u00e2n h\u1ea7u nh\u01b0\u00a0<strong><em>kh\u00f4ng th\u1ea5y hi\u1ec7u qu\u1ea3<\/em><\/strong>. Th\u1eadm ch\u00ed c\u00f2n g\u00e2y c\u00e1c t\u00e1c d\u1ee5ng ph\u1ee5 khi\u1ebfn nhi\u1ec1u ng\u01b0\u1eddi ch\u00e1n n\u1ea3n v\u1edbi vi\u1ec7c gi\u1ea3m c\u00e2n c\u1ee7a m\u00ecnh.<\/p>\n<p>Nh\u01b0ng v\u1edbi\u00a0<strong>Tr\u00e0 gi\u1ea3m c\u00e2n th\u1ea3o d\u01b0\u1ee3c C\u01b0\u1eddng Anh<\/strong>\u00a0th\u00ec b\u1ea1n c\u00f3 th\u1ec3 ho\u00e0n to\u00e0n y\u00ean t\u00e2m. Hi\u1ec7u qu\u1ea3 gi\u1ea3m c\u00e2n l\u00ean \u0111\u1ebfn t\u1eeb 2-4kg sau 1 li\u1ec7u tr\u00ecnh m\u00e0 kh\u00f4ng h\u1ec1 c\u00f3 t\u00e1c d\u1ee5ng ph\u1ee5 hay \u1ea3nh h\u01b0\u1edfng \u0111\u1ebfn sinh ho\u1ea1t h\u00e0ng ng\u00e0y. B\u1edfi, tr\u00e0 gi\u1ea3m c\u00e2n C\u01b0\u1eddng anh \u0111\u01b0\u1ee3c tri\u1ebft xu\u1ea5t 100% c\u00e1c th\u00e0nh ph\u1ea7n th\u1ea3o d\u01b0\u1ee3c t\u1eeb thi\u00ean nhi\u00ean.<\/p>\n<p>Mang t\u1edbi cho b\u1ea1n v\u00f3c d\u00e1ng ho\u00e0ng h\u1ea3o, nh\u01b0 \u00fd m\u00e0 kh\u00f4ng c\u1ea7n ph\u1ea3i \u0103n ki\u00eang kham kh\u1ed5. V\u1edbi ph\u01b0\u01a1ng ph\u00e1p s\u1eed d\u1ee5ng c\u00e1c th\u00e0nh ph\u1ea7n th\u1ea3o d\u01b0\u1ee3c t\u1ef1 nhi\u00ean, gi\u00fap b\u1ea1n h\u00ecnh th\u00e0nh th\u00f3i quen \u0103n u\u1ed1ng t\u1ed1t, t\u1eeb \u0111\u00f3 h\u1ea1n ch\u1ebf c\u00e2n n\u1eb7ng m\u1ed9t c\u00e1ch t\u1ef1 nhi\u00ean.<\/p>\n<h2><span id=\"TRA_GIAM_CAN_CUONG_ANH_VOI_100_THANH_PHAN_TU_NHIEN\"><strong>TR\u00c0 GI\u1ea2M C\u00c2N C\u01af\u1edcNG ANH V\u1edaI 100% TH\u00c0NH PH\u1ea6N T\u1ef0 NHI\u00caN<\/strong><\/span><\/h2>\n<p><strong>Tr\u00e0 gi\u1ea3m c\u00e2n th\u1ea3o m\u1ed9c C\u01b0\u1eddng Anh<\/strong>\u00a0\u0111\u01b0\u1ee3c tri\u1ebft xu\u1ea5t t\u1eeb h\u01a1n\u00a0<strong>20 lo\u1ea1i th\u1ea3o d\u01b0\u1ee3c qu\u00fd hi\u1ebfm<\/strong>\u00a0kh\u00e1c nhau. C\u00f3 th\u1ec3 v\u00ed d\u1ee5 m\u1ed9t s\u1ed1 th\u00e0nh ph\u1ea7n ch\u00ednh nh\u01b0: ch\u00e8 v\u1eb1ng, l\u00e1 sen, tinh ngh\u1ec7, tinh b\u01b0\u1edfi, ti\u1ec3u nh\u00e2n s\u00e2m, s\u01a1n tra,\u2026 Mang t\u1edbi cho b\u1ea1n m\u1ed9t s\u1ea3n ph\u1ea9m gi\u1ea3m c\u00e2n an to\u00e0n, hi\u1ec7u qu\u1ea3.<\/p>\n<p><strong>N\u1ea5m linh chi:<\/strong>\u00a0N\u1ea5m linh chi l\u00e0 th\u1ea7n d\u01b0\u1ee3c \u0111\u01b0\u1ee3c s\u1eed d\u1ee5ng trong nhi\u1ec1u lo\u1ea1i thu\u1ed1c. N\u1ea5m linh chi c\u00f3 t\u00e1c d\u1ee5ng k\u00edch th\u00edch ho\u1ea1t \u0111\u1ed9ng ti\u00eau h\u00f3a t\u1ed1t, t\u1eeb \u0111\u00f3 gi\u1ea3m l\u01b0\u1ee3ng ch\u1ea5t b\u00e9o v\u00e0 gi\u1ea3m m\u1ee1 th\u1eeba trong c\u1edf th\u1ec3. Ngo\u00e0i ra, s\u1eed d\u1ee5ng n\u1ea5m Linh chi th\u01b0\u1eddng xuy\u00ean c\u00f2n gi\u00fap h\u1ed7 tr\u1ee3 h\u1ec7 b\u00e0i ti\u1ebft l\u00e0m vi\u1ec7c, g\u1ea1t b\u1ecf c\u00e1c ch\u1ea5t b\u00e9o v\u00e0 \u0111\u1ed9c h\u1ea1i ra ngo\u00e0i, gi\u00fap b\u1ea1n m\u1ed9t c\u01a1 th\u1ec3 kh\u1ecfe m\u1ea1nh, c\u00e2n \u0111\u1ed1i.<\/p>\n<p><strong>Ch\u00e8 v\u1eb1ng:<\/strong>\u00a0N\u1ebfu b\u1ea1n \u0111\u00e3 t\u1eebng t\u00ecm hi\u1ec3u v\u1ec1 c\u00e1c lo\u1ea1i \u0111\u1ed3 u\u1ed1ng gi\u1ea3m c\u00e2n th\u00ec s\u1ebd kh\u00f4ng c\u00f2n xa l\u1ea1 g\u00ec v\u1edbi Ch\u00e8 v\u1eb1ng. Ch\u00e8 v\u1eb1ng c\u00f3 t\u00e1c d\u1ee5ng thanh nhi\u1ec7t, gi\u1ea3i \u0111\u1ed9c, lo\u1ea1i b\u1ecf \u0111\u1ed9c t\u1ed1 v\u00e0 m\u1ee1 th\u1eeba gi\u00fap gi\u1ea3m b\u00e9o hi\u1ec7u qu\u1ea3, l\u00e0m \u0111\u1eb9p da.<\/p>\n<p><strong>L\u00e1 sen:<\/strong>\u00a0Gi\u00fap ti\u00eau \u0111\u1ed9c, lo\u1ea1i b\u1ecf ch\u1ea5t \u0111\u1ed9c trong m\u00e1u, t\u1eeb \u0111\u00f3 ng\u0103n ch\u1eb7n b\u00e9o ph\u00ec v\u00e0 \u0111em l\u1ea1i l\u00e0n da s\u00e1ng \u0111\u1eb9p.<\/p>\n<p><strong>Tinh d\u1ea7u b\u01b0\u1edfi:<\/strong>\u00a0L\u00e0 th\u1ea7n d\u01b0\u1ee3c trong vi\u1ec7c gi\u00fap b\u1ea1n c\u00f3 \u201cv\u00f2ng eo 56\u201d. T\u00ecnh d\u1ea7u b\u01b0\u1edfi l\u00e0m gi\u1ea3m kh\u1ea3 n\u0103ng th\u00e8m \u0103n khi\u1ebfn b\u1ea1n kh\u00f4ng c\u00f2n c\u00f3 nh\u1eefng c\u01a1n \u0111\u00f3i li\u00ean h\u1ed3i, h\u1ea1n ch\u1ebf vi\u1ec7c \u0103n v\u1eb7t hay th\u00e8m \u0103n li\u00ean t\u1ee5c. Ngo\u00e0i ra t\u00ecnh d\u1ea7u b\u01b0\u1edfi c\u00f2n c\u00f3 t\u00e1c d\u1ee5ng t\u0103ng s\u1ef1 ph\u00e2n h\u1ee7y ch\u1ea5t b\u00e9o, gi\u1ea3m tr\u1eef n\u01b0\u1edbc, h\u1ed7 tr\u1ee3 trao \u0111\u1ed5i ch\u1ea5t. T\u1eeb \u0111\u00f3 gi\u00fap b\u1ea1n gi\u1ea3m m\u1ee1 \u1edf v\u00f9ng b\u1ee5ng ch\u1ec9 trong m\u1ed9t kho\u1ea3ng th\u1eddi gian ng\u1eafn.<\/p>\n<p><strong>Tinh ngh\u1ec7:<\/strong>\u00a0Tinh ngh\u1ec7 v\u1eeba c\u00f3 kh\u1ea3 n\u0103ng \u0111\u1ed1t ch\u00e1y l\u01b0\u1ee3ng m\u1ee1 th\u1eeba trong c\u01a1 th\u1ec3 v\u1eeba tr\u1ecb m\u1ee5n, tr\u1ecb n\u00e1m, gi\u00fap ch\u1ecb em ph\u1ee5 n\u1eef c\u00f3 v\u00f3c d\u00e1ng ho\u00e0n h\u1ea3o v\u00e0 l\u00e0n da tr\u1eafng s\u00e1ng m\u1ecbn m\u00e0ng. Ngh\u1ec7 c\u00f2n gi\u00fap c\u1ea3i thi\u1ec7n qu\u00e1 tr\u00ecnh trao \u0111\u1ed5i ch\u1ea5t th\u00f4ng kinh m\u1ea1ch, \u0111\u00e0o th\u1ea3i \u0111\u1ed9c t\u1ed1 nhanh ch\u00f3ng, t\u1eeb \u0111\u00f3 \u0111\u1ed1t ch\u00e1y m\u1ee1 th\u1eeba v\u00e0 \u0111em l\u1ea1i v\u00f3c d\u00e1ng thon g\u1ecdn.<\/p>\n<p><strong>Tr\u1ea7n b\u00ec:<\/strong>\u00a0\u0110i\u1ec1u tr\u1ecb s\u1ef1 \u0111\u1ea7y b\u1ee5ng, \u0103n kh\u00f4ng ti\u00eau, h\u1ed7 tr\u1ee3 ti\u00eau ho\u00e1, h\u1ea1n ch\u1ebf t\u00edch m\u1ee1, gi\u00fap c\u01a1 th\u1ec3 nh\u1eb9 nh\u00f5m, gi\u1ea3m k\u00edch th\u01b0\u1edbc v\u00f2ng b\u1ee5ng.<\/p>\n<h2><span id=\"HUONG_DAN_SU_DUNG_TRA_GIAM_CAN_CUONG_ANH\"><strong>H\u01af\u1edaNG D\u1eaaN S\u1eec D\u1ee4NG TR\u00c0 GI\u1ea2M C\u00c2N C\u01af\u1edcNG ANH<\/strong><\/span><\/h2>\n<p><strong>C\u00e1ch s\u1eed d\u1ee5ng Tr\u00e0 gi\u1ea3m c\u00e2n c\u01b0\u1eddng anh d\u1ea1ng tr\u00e0:<\/strong><br \/>\n\u2013 Pha 1 g\u00f3i tr\u00e0 v\u1edbi 200ml n\u01b0\u1edbc s\u00f4i, l\u1eafc nh\u1eb9 ch\u1edd tr\u00e0 tan \u0111\u1ec1u, r\u1ed3i u\u1ed1ng tr\u01b0\u1edbc b\u1eefa s\u00e1ng 30\u2032 \u2013 45\u2032.<\/p>\n<p><strong>C\u00e1ch s\u1eed d\u1ee5ng Tr\u00e0 gi\u1ea3m c\u00e2n c\u01b0\u1eddng anh d\u1ea1ng vi\u00ean:<\/strong><br \/>\n\u2013 2 ng\u00e0y \u0111\u1ea7u ti\u00ean \u0111\u1ec3 l\u00e0m quen v\u1edbi tr\u00e0: Qu\u00fd kh\u00e1ch u\u1ed1ng 1 vi\u00ean tr\u01b0\u1edbc b\u1eefa \u0103n s\u00e1ng 30 \u2013 40\u2032<\/p>\n<p>\u2013 Nh\u1eefng ng\u00e0y ti\u1ebfp theo: Qu\u00fd kh\u00e1ch s\u1eed d\u1ee5ng 2 vi\u00ean tr\u01b0\u1edbc b\u1eefa \u0103n s\u00e1ng<\/p>\n<p><em>(*)L\u01b0u \u00fd: Kh\u00e1ch h\u00e0ng n\u00ean ki\u00eang r\u01b0\u1ee3u, bia (Ch\u1ea5t k\u00edch th\u00edch) khi s\u1eed d\u1ee5ng s\u1ea3n ph\u1ea9m C\u01b0\u1eddng Anh \u0111\u1ec3 \u0111\u1ea1t hi\u1ec7u qu\u1ea3 t\u1ed1t nh\u1ea5t.<\/em><\/p>\n<h2><span id=\"KHACH_HANG_NOI_GI_VE_TRA_GIAM_CAN_CUONG_ANH\"><strong>KH\u00c1CH H\u00c0NG N\u00d3I G\u00cc V\u1ec0 TR\u00c0 GI\u1ea2M C\u00c2N C\u01af\u1edcNG ANH<\/strong><\/span><\/h2>\n<p>R\u1ea5t nhi\u1ec1u c\u00e1c anh ch\u1ecb em ngh\u1ec7 s\u1ef9, ca s\u1ef9, di\u1ec5n vi\u00ean, sau khi s\u1eed d\u1ee5ng\u00a0<strong>tr\u00e0 gi\u1ea3m c\u00e2n c\u01b0\u1eddng anh<\/strong>\u00a0\u0111\u1ec1u cho \u0111\u00e1nh gi\u00e1 r\u1ea5t t\u1ed1t. Th\u1eadm ch\u00ed, c\u00f3 kh\u00e1ch h\u00e0ng sau khi s\u1eed d\u1ee5ng s\u1ea3n ph\u1ea9m \u0111\u00e3 xin l\u00e0m nh\u00e0 ph\u00e2n ph\u1ed1i cho\u00a0<strong>C\u01b0\u1eddng Anh Authentic<\/strong>\u00a0lu\u00f4n. C\u01b0\u1eddng Anh r\u1ea5t vui m\u1eebng khi c\u00f3 th\u1ec3 gi\u00fap c\u00e1c b\u1ea1n l\u1ea5y l\u1ea1i v\u00f3c d\u00e1ng v\u00e0 t\u1ef1 tin h\u01a1n trong cu\u1ed9c s\u1ed1ng. H\u00e3y c\u00f9ng xem kh\u00e1ch h\u00e0ng n\u00f3i g\u00ec v\u1ec1 C\u01b0\u1eddng Anh nh\u00e9!<\/p>\n<p><strong>Ngh\u1ec7 s\u1ef9 V\u00e2n Dung:<\/strong>\u00a0<em>\u201cL\u1ecbch di\u1ec5n c\u1ee7a ch\u1ecb th\u01b0\u1eddng k\u00edn tu\u1ea7n, nh\u1eefng l\u00fac r\u1ea3nh ch\u1ecb c\u00f2n ph\u1ea3i d\u00e0nh th\u1eddi gian cho c\u00e1c con n\u00ean ch\u1ecb kh\u00f4ng c\u00f3 nhi\u1ec1u th\u1eddi gian ch\u0103m s\u00f3c cho c\u01a1 th\u1ec3. Bi\u1ebft Nh\u1eadt Anh( boss c\u1ee7a tr\u00e0 th\u1ea3o d\u01b0\u1ee3c C\u01b0\u1eddng Anh) \u0111\u00e3 gi\u1ea3m c\u00e2n th\u00e0nh c\u00f4ng ch\u1ecb c\u0169ng th\u1eed d\u00f9ng s\u1ea3n ph\u1ea9m c\u1ee7a Nh\u1eadt Anh. Ch\u1ecb \u0111\u00e3 gi\u1ea3m \u0111\u01b0\u1ee3c 3 c\u00e2n sau 1 th\u00e1ng u\u1ed1ng tr\u00e0 th\u1ea3o d\u01b0\u1ee3c C\u01b0\u1eddng Anh. Sau khi gi\u1ea3m c\u00e2n ch\u1ecb \u0111\u01b0\u1ee3c nhi\u1ec1u ng\u01b0\u1eddi khen qu\u00e1 tr\u1eddi lu\u00f4n\u201d<\/em><\/p>\n<p><strong>L\u00e3 Thanh Huy\u1ec1n:<\/strong>\u00a0<em>\u201cL\u00e0 m\u1ed9t ng\u01b0\u1eddi ph\u1ee5 n\u1eef c\u1ee7a gia \u0111\u00ecnh v\u00e0 vai tr\u00f2 di\u1ec5n vi\u00ean ngo\u00e0i x\u00e3 h\u1ed9i, Huy\u1ec1n kh\u00e1 b\u1eadn r\u1ed9n v\u1edbi c\u00f4ng vi\u1ec7c c\u1ee7a m\u00ecnh, l\u1ecbch di\u1ec5n d\u00e0y \u0111\u1eb7c. Tuy nhi\u00ean, Huy\u1ec1n c\u0169ng r\u1ea5t quan t\u00e2m gi\u1eef g\u00ecn h\u00ecnh \u1ea3nh v\u00e0 v\u00f3c d\u00e1ng. Khi l\u1edbn tu\u1ed5i, m\u1ee1 c\u0169ng d\u1ec5 t\u00edch t\u1ee5 h\u01a1n, m\u00ecnh \u01b0u ti\u00ean l\u1ef1a ch\u1ecdn Thu\u1ed1c gi\u1ea3m c\u00e2n C\u01b0\u1eddng Anh. \u0110\u00e2y l\u00e0 s\u1ea3n ph\u1ea9m \u0111\u00e3 gi\u00fap m\u00ecnh v\u01b0\u1ee3t qua giai \u0111o\u1ea1n kh\u1ee7ng ho\u1ea3ng v\u1ec1 c\u00e2n n\u1eb7ng. C\u1ea3m \u01a1n tr\u00e0 gi\u1ea3m c\u00e2n C\u01b0\u1eddng Anh r\u1ea5t nhi\u1ec1u\u201d<\/em><\/p>\n<p>C\u00f9ng nhi\u1ec1u ca s\u1ef9, di\u1ec5n vi\u00ean, ng\u01b0\u1eddi m\u1eabu \u0111\u00e3 s\u1eed d\u1ee5ng v\u00e0 tin d\u00f9ng\u00a0<strong>Tr\u00e0 gi\u1ea3m c\u00e2n C\u01b0\u1eddng Anh<\/strong>! H\u1ecd \u0111\u00e3 gi\u1ea3m c\u00e2n th\u00e0nh c\u00f4ng v\u1edbi C\u01b0\u1eddng Anh Authentic, c\u00f2n b\u1ea1n th\u00ec sao? \u0110\u1eb7t h\u00e0ng ngay h\u00f4m nay \u0111\u1ec3 \u0111\u01b0\u1ee3c th\u1ea5y c\u00e2n n\u1eb7ng c\u1ee7a b\u1ea1n gi\u1ea3m \u0111i m\u1ed7i ng\u00e0y!<\/p>\n","protected":false},"excerpt":{"rendered":"<p><strong>Tr\u00e0 gi\u1ea3m c\u00e2n C\u01b0\u1eddng Anh<\/strong>\u00a0gi\u00fap b\u1ea1n nhanh ch\u00f3ng l\u1ea5y l\u1ea1i v\u00f3c d\u00e1ng d\u00f9 b\u1ea1n t\u0103ng c\u00e2n sau sinh hay b\u00e9o ph\u00ec nhi\u1ec1u n\u0103m. S\u1ea3n ph\u1ea9m gi\u00fap gi\u1ea3m c\u00e2n nhanh ch\u00f3ng khi s\u1eed d\u1ee5ng t\u1edbi h\u01a1n 20 lo\u1ea1i th\u1ea3o d\u01b0\u1ee3c qu\u00fd hi\u1ebfm nh\u01b0: tinh d\u1ea7u b\u01b0\u1edfi, ch\u00e8 v\u1eb1ng, tr\u1ea7n b\u00ec, n\u1ea5m linh chi,\u2026. K\u00edch th\u00edch qu\u00e1 tr\u00ecnh \u0111\u00e0o th\u1ea3i \u0111\u1ed9c t\u1ed1, \u0111\u1ed1t ch\u00e1y m\u1ee1 th\u1eeba, ki\u1ebfm so\u00e1t c\u00e2n n\u1eb7ng.<\/p>\n<p>\u2013 Mi\u1ec5n ph\u00ed Ship (COD) to\u00e0n qu\u1ed1c<\/p>\n<p>\u2013 Khuy\u1ebfn m\u1ea1i gi\u1ea3m gi\u00e1 khi mua 3 s\u1ea3n ph\u1ea9m tr\u1edf l\u00ean<\/p>\n<p><em><strong>(*) C\u1ea3nh b\u00e1o:<\/strong>\u00a0Hi\u1ec7n nay c\u00f3 nhi\u1ec1u website b\u00e1n h\u00e0ng gi\u1ea3 h\u00e0ng nh\u00e1i v\u1edbi gi\u00e1 r\u1ebb! Kh\u00e1ch h\u00e0ng kh\u00f4ng n\u00ean mua h\u00e0ng t\u1ea1i nh\u1eefng website b\u00e1n th\u1ea5p h\u01a1n gi\u00e1 ni\u00eam y\u1ebft. Ch\u00fang t\u00f4i s\u1ebd kh\u00f4ng ch\u1ecbu tr\u00e1ch nhi\u1ec7m khi kh\u00e1ch h\u00e0ng mua nh\u1eefng s\u1ea3n ph\u1ea9m n\u00e0y!<\/em><\/p>\n","protected":false},"featured_media":207,"comment_status":"open","ping_status":"closed","template":"","meta":[],"_links":{"self":[{"href":"https:\/\/webmaibinh.com\/w\/thucpham92011\/wp-json\/wp\/v2\/product\/209"}],"collection":[{"href":"https:\/\/webmaibinh.com\/w\/thucpham92011\/wp-json\/wp\/v2\/product"}],"about":[{"href":"https:\/\/webmaibinh.com\/w\/thucpham92011\/wp-json\/wp\/v2\/types\/product"}],"replies":[{"embeddable":true,"href":"https:\/\/webmaibinh.com\/w\/thucpham92011\/wp-json\/wp\/v2\/comments?post=209"}],"wp:featuredmedia":[{"embeddable":true,"href":"https:\/\/webmaibinh.com\/w\/thucpham92011\/wp-json\/wp\/v2\/media\/207"}],"wp:attachment":[{"href":"https:\/\/webmaibinh.com\/w\/thucpham92011\/wp-json\/wp\/v2\/media?parent=209"}],"curies":[{"name":"wp","href":"https:\/\/api.w.org\/{rel}","templated":true}]}}