{"id":208,"date":"2019-06-30T23:37:29","date_gmt":"2019-06-30T16:37:29","guid":{"rendered":"https:\/\/thucphamchucnang2.khowebseotop.vn\/?post_type=product&#038;p=208"},"modified":"2019-07-01T03:44:22","modified_gmt":"2019-06-30T20:44:22","slug":"dai-dinh-hinh-thao-duoc-body-thon","status":"publish","type":"product","link":"https:\/\/webmaibinh.com\/w\/thucpham92011\/san-pham\/dai-dinh-hinh-thao-duoc-body-thon\/","title":{"rendered":"\u0110ai \u0111\u1ecbnh h\u00ecnh th\u1ea3o d\u01b0\u1ee3c BODY THON"},"content":{"rendered":"<p><strong>Tr\u00e0 th\u1ea3o d\u01b0\u1ee3c t\u0103ng c\u00e2n c\u01b0\u1eddng anh<\/strong>\u00a0l\u00e0 s\u1ea3n ph\u1ea9m c\u1ef1c k\u1ef3 HOT tr\u00ean th\u1ecb tr\u01b0\u1eddng tr\u00e0 th\u1ea3o d\u01b0\u1ee3c t\u0103ng c\u00e2n hi\u1ec7n nay. B\u00ean c\u1ea1nh nh\u1eefng b\u1ea1n lo l\u1eafng v\u1ec1 vi\u1ec7c th\u1eeba c\u00e2n, b\u00e9o ph\u00ec th\u00ec c\u0169ng c\u00f3 kh\u00f4ng \u00edt b\u1ea1n g\u1eb7p ph\u1ea3i v\u1ea5n \u0111\u1ec1 v\u1ec1 th\u00e2n h\u00ecnh g\u1ea7y g\u00f2, \u1ed1m y\u1ebfu, c\u01a1 \u0111\u1ecba kh\u00f3 h\u1ea5p th\u1ee5 ch\u1ea5t dinh d\u01b0\u1ee1ng, cho d\u00f9 \u0103n nhi\u1ec1u \u0111\u1ebfn m\u1ea5y nh\u1eefng c\u0169ng kh\u00f4ng hi\u1ec3u sao m\u00ecnh v\u1eabn g\u1ea7y.<\/p>\n<p>S\u1ea3n ph\u1ea9m\u00a0<strong>Tr\u00e0 t\u0103ng c\u00e2n C\u01b0\u1eddng Anh<\/strong>\u00a0mang t\u1edbi cho b\u1ea1n gi\u1ea3i ph\u00e1p ho\u00e0n h\u1ea3o khi t\u0103ng c\u00e2n b\u1eb1ng ph\u01b0\u01a1ng th\u1ee9c t\u1ef1 nhi\u00ean. T\u0103ng c\u00e2n C\u01b0\u1eddng Anh gi\u00fap b\u1ea1n t\u0103ng kh\u1ea3 n\u0103ng h\u1ea5p th\u1ee5 ch\u1ea5t dinh d\u01b0\u1ee1ng, \u0111\u00e0o th\u1ea3i \u0111\u1ed9c t\u1ed1 gi\u00fap c\u01a1 th\u1ec3 kh\u1ecfe m\u1ea1nh, k\u00edch th\u00edch s\u1ef1 th\u00e8m \u0103n v\u00e0 ng\u1ee7 ngon h\u01a1n nh\u1edd c\u00e1c th\u00e0nh ph\u1ea7n th\u1ea3o d\u01b0\u1ee3c 100% t\u1ef1 nhi\u00ean.<\/p>\n<h2><span id=\"NGUYEN_LIEU_SAN_XUAT_TRA_TANG_CAN_CUONG_ANH\"><strong>NGUY\u00caN LI\u1ec6U S\u1ea2N XU\u1ea4T TR\u00c0 T\u0102NG C\u00c2N C\u01af\u1edcNG ANH<\/strong><\/span><\/h2>\n<p>\u0110\u01b0\u1ee3c tri\u1ebft xu\u1ea5t v\u00e0 tinh ch\u1ebf t\u1eeb 100% c\u00e1c lo\u1ea1i th\u1ea3o d\u01b0\u1ee3c (thu\u1ed1c) qu\u00fd hi\u1ebfm.\u00a0<strong>Tr\u00e0 t\u0103ng c\u00e2n C\u01b0\u1eddng Anh Authentic<\/strong>\u00a0mang t\u1edbi cho b\u1ea1n gi\u1ea3i ph\u00e1p t\u0103ng c\u00e2n an to\u00e0n, v\u1edbi c\u00e1c\u00a0<strong>\u201cNguy\u00ean li\u1ec7u v\u00e0ng\u201d<\/strong>\u00a0nh\u01b0:<\/p>\n<p><img loading=\"lazy\" class=\"size-full wp-image-817 aligncenter lazyloaded lazy-load-active\" src=\"https:\/\/cuonganhauthentic.com\/wp-content\/uploads\/2016\/02\/Tra-tang-can-cuong-anh-1.jpg\" sizes=\"(max-width: 650px) 100vw, 650px\" srcset=\"https:\/\/cuonganhauthentic.com\/wp-content\/uploads\/2016\/02\/Tra-tang-can-cuong-anh-1.jpg 650w, https:\/\/cuonganhauthentic.com\/wp-content\/uploads\/2016\/02\/Tra-tang-can-cuong-anh-1-300x208.jpg 300w, https:\/\/cuonganhauthentic.com\/wp-content\/uploads\/2016\/02\/Tra-tang-can-cuong-anh-1-600x415.jpg 600w\" alt=\"tr\u00e0 t\u0103ng c\u00e2n c\u01b0\u1eddng anh authentic\" width=\"650\" height=\"450\" data-src=\"https:\/\/cuonganhauthentic.com\/wp-content\/uploads\/2016\/02\/Tra-tang-can-cuong-anh-1.jpg\" data-srcset=\"https:\/\/cuonganhauthentic.com\/wp-content\/uploads\/2016\/02\/Tra-tang-can-cuong-anh-1.jpg 650w, https:\/\/cuonganhauthentic.com\/wp-content\/uploads\/2016\/02\/Tra-tang-can-cuong-anh-1-300x208.jpg 300w, https:\/\/cuonganhauthentic.com\/wp-content\/uploads\/2016\/02\/Tra-tang-can-cuong-anh-1-600x415.jpg 600w\" data-lazy-src=\"https:\/\/cuonganhauthentic.com\/wp-content\/uploads\/2016\/02\/Tra-tang-can-cuong-anh-1.jpg\" data-lazy-srcset=\"https:\/\/cuonganhauthentic.com\/wp-content\/uploads\/2016\/02\/Tra-tang-can-cuong-anh-1.jpg 650w, https:\/\/cuonganhauthentic.com\/wp-content\/uploads\/2016\/02\/Tra-tang-can-cuong-anh-1-300x208.jpg 300w, https:\/\/cuonganhauthentic.com\/wp-content\/uploads\/2016\/02\/Tra-tang-can-cuong-anh-1-600x415.jpg 600w\" data-was-processed=\"true\" \/><\/p>\n<p><strong>\u2013 T\u1ea3o xo\u1eafn (5%):<\/strong>\u00a0c\u1ef1c k\u1ef3 d\u1ed3i d\u00e0o ch\u1ea5t x\u01a1 v\u00e0 axit amin, gi\u00fap k\u00edch th\u00edch h\u1ec7 ti\u00eau ho\u00e1 v\u00e0 l\u00e0m \u0111\u1eb9p da t\u1eeb s\u00e2u b\u00ean trong.<\/p>\n<p><strong>\u2013 Nh\u00e2n s\u00e2m (30%):<\/strong>\u00a0cho ngu\u1ed3n n\u0103ng l\u01b0\u1ee3ng tr\u00e0n \u0111\u1ea7y, ch\u1ed1ng l\u1ea1i m\u1ec7t m\u1ecfi, \u0111au nh\u1ee9c, t\u0103ng kh\u1ea3 n\u0103ng mi\u1ec5n d\u1ecbch v\u00e0 s\u1ee9c lao \u0111\u1ed9ng.<\/p>\n<p><strong>\u2013 \u0110\u1eb3ng s\u00e2m (20%):<\/strong>\u00a0\u0110\u1eb3ng s\u00e2m c\u00f3 t\u00e1c d\u1ee5ng b\u1ed5 t\u1ef3, ki\u1ec7n v\u1ecb, gi\u00fap ti\u00eau ho\u00e1 t\u1ed1t, t\u0103ng ti\u1ebft t\u00e2n d\u1ecbch. Th\u01b0\u1eddng d\u00f9ng ch\u1eefa c\u00e1c ch\u1ee9ng b\u1ec7nh t\u1ef3 v\u1ecb y\u1ebfu, ng\u01b0\u1eddi suy nh\u01b0\u1ee3c, bi\u1ebfng \u0103n, thi\u1ebfu m\u00e1u \u2026<\/p>\n<p><strong>\u2013 B\u1ea1ch tru\u1eadt (15%):<\/strong>\u00a0C\u00f3 t\u00e1c d\u1ee5ng k\u00edch th\u00edch ti\u00eau ho\u00e1, h\u1ea1n ch\u1ebf vi\u00eam d\u1ea1 d\u00e0y ru\u1ed9t.<\/p>\n<p><strong>\u2013 Ph\u1ee5c linh (20%):<\/strong>\u00a0Ph\u1ee5c linh c\u00f3 h\u00e0m ch\u1ee9a ch\u1ea5t albumin, ch\u1ea5t m\u1ee1, k\u00edch th\u00edch t\u1ed1, no\u00e3n l\u00e2n chi, nh\u00f3m acid amin, ch\u1ea5t ki\u1ec1m trong m\u1eadt, nhi\u1ec1u lo\u1ea1i \u0111\u01b0\u1eddng, hormon \u2026 C\u00f3 t\u00e1c d\u1ee5ng t\u1ea9m b\u1ed5, t\u0103ng c\u01b0\u1eddng ch\u1ee9c n\u0103ng mi\u1ec5n d\u1ecbch cho c\u01a1 th\u1ec3.<\/p>\n<p><strong>\u2013 H\u1ea1t sen (10%):<\/strong>\u00a0Trong th\u00e0nh ph\u00e2\u0300n c\u1ee7a h\u1ea1t sen c\u00f3 ch\u1ee9a nhi\u00ea\u0300u protein, carbohydrate, natri, kali, canxi, ph\u00f4\u0301t pho v\u00e0 calo\u2026 H\u1ea1t sen c\u00f3 t\u00e1c d\u1ee5ng b\u1ed5 d\u01b0\u1ee1ng an th\u1ea7n, gi\u00fap ch\u1eefa tr\u1ecb tri\u1ec7u ch\u1ee9ng m\u1ea5t ng\u1ee7, thi\u1ebfu m\u00e1u, k\u00e9m \u0103n, suy nh\u01b0\u1ee3c.<\/p>\n<h2><span id=\"CONG_DUNG_CUA_TRA_TANG_CAN_CUONG_ANH\"><strong>C\u00d4NG D\u1ee4NG C\u1ee6A TR\u00c0 T\u0102NG C\u00c2N C\u01af\u1edcNG ANH<\/strong><\/span><\/h2>\n<p><em>T\u1eeb ch\u00ednh nh\u1eefng nguy\u00ean li\u1ec7u qu\u00fd hi\u1ebfm k\u1ec3 tr\u00ean,\u00a0<strong>Tr\u00e0 t\u0103ng c\u00e2n C\u01b0\u1eddng Anh<\/strong>\u00a0gi\u00fap hi\u1ec7u qu\u1ea3 t\u0103ng c\u00e2n v\u01b0\u1ee3t tr\u1ed9i so v\u1edbi c\u00e1c s\u1ea3n ph\u1ea9m kh\u00e1c, c\u1ee5 th\u1ec3 l\u00e0:<\/em><\/p>\n<h3><span id=\"Kich_thich_vi_giac_tang_kha_nang_them_an_va_an_ngon_mieng_hon\">K\u00edch th\u00edch v\u1ecb gi\u00e1c, t\u0103ng kh\u1ea3 n\u0103ng th\u00e8m \u0103n v\u00e0 \u0103n ngon mi\u1ec7ng h\u01a1n:<\/span><\/h3>\n<p><strong>Ch\u1ebf \u0111\u1ed9 \u0103n quy\u1ebft \u0111\u1ecbnh 80%<\/strong>\u00a0\u0111\u1ebfn c\u00e2n n\u1eb7ng c\u1ee7a b\u1ea1n. Nguy\u00ean nh\u00e2n ch\u00ednh d\u1eabn t\u1edbi vi\u1ec7c c\u01a1 th\u1ec3 b\u1ea1n b\u1ecb g\u1ea7y g\u00f2, \u1ed1m y\u1ebfu. \u0110\u00f3 ch\u00ednh l\u00e0 ch\u1ebf \u0111\u1ed9 \u0103n ch\u01b0a \u0111\u1ee7\u00a0<strong>ch\u1ea5t dinh d\u01b0\u1ee1ng<\/strong>\u00a0v\u00e0\u00a0<strong>kh\u1ea3 n\u0103ng h\u1ea5p th\u1ee5 k\u00e9m<\/strong>\u00a0c\u1ee7a c\u01a1 th\u1ec3. Nhi\u1ec1u ng\u01b0\u1eddi g\u1ea7y \u1ed1m nh\u01b0ng l\u1ea1i l\u01b0\u1eddi \u0103n. \u0110\u1eb7c bi\u1ec7t l\u00e0 kh\u1ea9u ph\u1ea7n \u0103n ch\u01b0a \u0111\u1ee7 ch\u1ea5t dinh d\u01b0\u1ee1ng, d\u1eabn t\u1edbi vi\u1ec7c c\u01a1 th\u1ec3 thi\u1ebfu ch\u1ea5t v\u00e0 b\u1ecb suy nh\u01b0\u1ee3c. Do \u0111\u00f3, nh\u00e2n s\u00e2m v\u00e0 \u0111\u1eb3ng s\u00e2m trong\u00a0<strong>tr\u00e0 t\u0103ng c\u00e2n C\u01b0\u1eddng Anh<\/strong>gi\u00fap ng\u01b0\u1eddi s\u1eed d\u1ee5ng th\u00e8m \u0103n, \u0103n ngon mi\u1ec7ng, ng\u1ee7 ngon h\u01a1n.<\/p>\n<h3><span id=\"Thanh_loc_co_the_dao_thai_chat_doc\">Thanh l\u1ecdc c\u01a1 th\u1ec3, \u0111\u00e0o th\u1ea3i ch\u1ea5t \u0111\u1ed9c:<\/span><\/h3>\n<p>H\u00e0ng ng\u00e0y, b\u1ea1n \u0103n v\u00e0 u\u1ed1ng r\u1ea5t nhi\u1ec1u lo\u1ea1i th\u1ee9c \u0103n, n\u01b0\u1edbc u\u1ed1ng. L\u01b0\u1ee1ng \u0111\u1ed9c t\u1ed1 n\u00e0y, t\u00edch t\u1ee5 trong c\u1edf th\u1ec3 qua th\u1eddi gian, ch\u00fang l\u00e0m gi\u1ea3m kh\u1ea3 n\u0103ng h\u1ea5p th\u1ee5 c\u1ee7a c\u01a1 th\u1ec3. L\u1edbp l\u00f4ng mao \u1edf th\u00e0nh ru\u1ed9t l\u00e0 n\u01a1i ch\u1ecbu \u1ea3nh h\u01b0\u1edfng n\u1eb7ng nh\u1ea5t t\u1eeb c\u00e1c lo\u1ea1i ch\u1ea5t \u0111\u1ed9c n\u00e0y. Trong tu\u1ea7n \u0111\u1ea7u ti\u00ean s\u1eed d\u1ee5ng,\u00a0<strong>Tr\u00e0 th\u1ea3o d\u01b0\u1ee3c t\u0103ng c\u00e2n C\u01b0\u1eddng Anh<\/strong>\u00a0s\u1ebd gi\u00fap b\u1ea1n thanh l\u1ecdc c\u01a1 th\u1ec3, \u0111\u00e0o th\u1ea3i \u0111\u1ed9c t\u1ed1 m\u1ed9t c\u00e1ch nhanh ch\u00f3ng.<\/p>\n<p><img loading=\"lazy\" class=\"size-full wp-image-823 aligncenter lazyloaded lazy-load-active\" src=\"https:\/\/cuonganhauthentic.com\/wp-content\/uploads\/2016\/02\/Tra-tang-can-cuong-anh-7.jpg\" sizes=\"(max-width: 650px) 100vw, 650px\" srcset=\"https:\/\/cuonganhauthentic.com\/wp-content\/uploads\/2016\/02\/Tra-tang-can-cuong-anh-7.jpg 650w, https:\/\/cuonganhauthentic.com\/wp-content\/uploads\/2016\/02\/Tra-tang-can-cuong-anh-7-300x208.jpg 300w, https:\/\/cuonganhauthentic.com\/wp-content\/uploads\/2016\/02\/Tra-tang-can-cuong-anh-7-600x415.jpg 600w\" alt=\"tr\u00e0 t\u0103ng c\u00e2n c\u01b0\u1eddng anh authentic 100% th\u1ea3o m\u1ed9c\" width=\"650\" height=\"450\" data-src=\"https:\/\/cuonganhauthentic.com\/wp-content\/uploads\/2016\/02\/Tra-tang-can-cuong-anh-7.jpg\" data-srcset=\"https:\/\/cuonganhauthentic.com\/wp-content\/uploads\/2016\/02\/Tra-tang-can-cuong-anh-7.jpg 650w, https:\/\/cuonganhauthentic.com\/wp-content\/uploads\/2016\/02\/Tra-tang-can-cuong-anh-7-300x208.jpg 300w, https:\/\/cuonganhauthentic.com\/wp-content\/uploads\/2016\/02\/Tra-tang-can-cuong-anh-7-600x415.jpg 600w\" data-lazy-src=\"https:\/\/cuonganhauthentic.com\/wp-content\/uploads\/2016\/02\/Tra-tang-can-cuong-anh-7.jpg\" data-lazy-srcset=\"https:\/\/cuonganhauthentic.com\/wp-content\/uploads\/2016\/02\/Tra-tang-can-cuong-anh-7.jpg 650w, https:\/\/cuonganhauthentic.com\/wp-content\/uploads\/2016\/02\/Tra-tang-can-cuong-anh-7-300x208.jpg 300w, https:\/\/cuonganhauthentic.com\/wp-content\/uploads\/2016\/02\/Tra-tang-can-cuong-anh-7-600x415.jpg 600w\" data-was-processed=\"true\" \/><\/p>\n<h3><span id=\"Hap_thu_chat_dinh_duong_tu_thuc_an_tot\">H\u1ea5p th\u1ee5 ch\u1ea5t dinh d\u01b0\u1ee1ng t\u1eeb th\u1ee9c \u0103n t\u1ed1t:<\/span><\/h3>\n<p>Sau khi gi\u1ea3i quy\u1ebft c\u00e1c v\u1ea5n \u0111\u1ec1 c\u1ee7a c\u01a1 th\u1ec3 nh\u01b0 vi\u1ec7c \u0103n ng\u1ee7 k\u00e9m, kh\u1ea3 n\u0103ng h\u1ea5p th\u1ee5 k\u00e9m. T\u0103ng c\u00e2n C\u01b0\u1eddng Anh ti\u1ebfp t\u1ee5c\u00a0<strong>gi\u00fap b\u1ea1n h\u1ea5p th\u1ee5 th\u1ee9c \u0103n d\u1ec5 d\u00e0ng h\u01a1n<\/strong>. C\u1ea3m gi\u00e1c c\u1ee7a tu\u1ea7n th\u1ee9 2 l\u00e0 \u0103n ngon, ng\u1ee7 ngon, kh\u1ea3 n\u0103ng h\u1ea5p th\u1ee5 t\u1ef1 nhi\u00ean t\u1ed1t n\u00ean c\u00e2n n\u1eb7ng b\u1eaft \u0111\u1ea7u t\u0103ng \u0111\u1ec1u.<\/p>\n<h3><span id=\"Dam_bao_khong_sut_can_khi_ngung_su_dung\">\u0110\u1ea3m b\u1ea3o kh\u00f4ng s\u00fat c\u00e2n khi ng\u01b0ng s\u1eed d\u1ee5ng:<\/span><\/h3>\n<p>Tr\u00e0 t\u0103ng c\u00e2n C\u01b0\u1eddng Anh\u00a0<strong>kh\u00f4ng l\u00e0m cho c\u01a1 th\u1ec3 b\u1ea1n t\u00edch n\u01b0\u1edbc<\/strong>, c\u0169ng kh\u00f4ng h\u1ec1 cung c\u1ea5p ch\u1ea5t dinh d\u01b0\u1ee1ng cho c\u01a1 th\u1ec3. Ch\u1ee7 y\u1ebfu gi\u1ea3i quy\u1ebft v\u1ea5n \u0111\u1ec1 b\u00ean trong, gi\u00fap b\u1ea1n thay \u0111\u1ed5i th\u00f3i quen \u0103n u\u1ed1ng, gi\u00fap c\u01a1 th\u1ec3 h\u1ea5p th\u1ee5 t\u1ed1t h\u01a1n.<\/p>\n<p>\u0110\u00f3 c\u0169ng ch\u00ednh l\u00e0 ph\u01b0\u01a1ng ph\u00e1p t\u0103ng c\u00e2n an to\u00e0n, hi\u1ec7u qu\u1ea3 m\u00e0\u00a0<strong>kh\u00f4ng s\u1ee3 s\u1ee5t c\u00e2n khi ng\u01b0ng s\u1eed d\u1ee5ng<\/strong>. \u0110\u00e2y c\u0169ng l\u00e0 y\u1ebfu t\u1ed1 then ch\u1ed1t gi\u00fap\u00a0<strong>Tr\u00e0 th\u1ea3o m\u1ed9c C\u01b0\u1eddng Anh<\/strong>\u00a0th\u1ef1c s\u1ef1 kh\u00e1c bi\u1ec7t so v\u1edbi c\u00e1c lo\u1ea1i s\u1ea3n ph\u1ea9m t\u0103ng c\u00e2n kh\u00e1c tr\u00ean th\u1ecb tr\u01b0\u1eddng hi\u1ec7n nay.<\/p>\n<h2><span id=\"TANG_CAN_CUONG_ANH_PHU_HOP_VOI_MOI_DOI_TUONG\"><strong>T\u0102NG C\u00c2N C\u01af\u1edcNG ANH PH\u00d9 H\u1ee2P V\u1edaI M\u1eccI \u0110\u1ed0I T\u01af\u1ee2NG<\/strong><\/span><\/h2>\n<p>\u2013 M\u1ecdi kh\u00e1ch h\u00e0ng Nam\/N\u1eef t\u1eeb\u00a0<strong>tr\u00ean 5 tu\u1ed5i<\/strong>\u00a0\u0111\u1ec1u c\u00f3 th\u1ec3 s\u1eed d\u1ee5ng tr\u00e0 t\u0103ng c\u00e2n C\u01b0\u1eddng Anh. V\u00ec 100% th\u00e0nh ph\u1ea7n trong tr\u00e0 th\u1ea3o d\u01b0\u1ee3c t\u0103ng c\u00e2n C\u01b0\u1eddng Anh \u0111\u1ec1u l\u00e0 th\u1ea3o m\u1ed9c t\u1ef1 nhi\u00ean, r\u1ea5t d\u1ec5 h\u1ea5p th\u1ee5 v\u00e0 kh\u00f4ng c\u00f3 c\u00e1c t\u00e1c d\u1ee5ng ph\u1ee5.<\/p>\n<p>\u2013 Tr\u00e0 t\u0103ng c\u00e2n C\u01b0\u1eddng Anh kh\u00f4ng ch\u1ec9 gi\u00fap b\u1ea1n t\u0103ng c\u00e2n m\u00e0 c\u00f2n \u0111em l\u1ea1i l\u00e0n da h\u1ed3ng h\u00e0o, s\u00e1ng m\u1ecbn. Ngo\u00e0i ra, tr\u00e0 c\u00f2n k\u00edch th\u00edch c\u00e1c lo\u1ea1i hormone sinh d\u1ee5c, c\u1ea3i thi\u1ec7n v\u00e0 kh\u1eafc ph\u1ee5c c\u00e1c v\u1ea5n \u0111\u1ec1 sinh l\u00fd \u1edf c\u1ea3 nam l\u1eabn n\u1eef.<\/p>\n<p>\u2013 Ng\u01b0\u1eddi b\u1ecb g\u1ea7y \u1ed1m, thi\u1ebfu c\u00e2n, s\u00fat c\u00e2n, m\u1ea5t ng\u1ee7, h\u1ea5p th\u1ee5 k\u00e9m \u0111\u1ec1u n\u00ean s\u1eed d\u1ee5ng thu\u1ed1c h\u00e0ng ng\u00e0y. D\u00f9 g\u1ea7y do suy nh\u01b0\u1ee3c c\u01a1 th\u1ec3 hay g\u1ea7y c\u00f3 th\u00e2m ni\u00ean, th\u00ec \u0111\u1ebfu c\u00f3 \u0111\u01b0\u1ee3c v\u00f3c d\u00e1ng \u0111\u1ea7y \u0111\u1eb7n nh\u01b0 \u00fd.<\/p>\n<p>\u2013 Nam gi\u1edbi y\u1ebfu sinh l\u00fd c\u0169ng n\u00ean s\u1eed d\u1ee5ng t\u0103ng c\u00e2n c\u01b0\u1eddng anh \u0111\u1ec3 t\u0103ng c\u01b0\u1eddng s\u1ee9c \u0111\u1ec1 kh\u00e1ng, tinh th\u1ea7n s\u1ea3ng kho\u00e1i, k\u00e9o d\u00e0i th\u1eddi gian y\u00eau.<\/p>\n","protected":false},"excerpt":{"rendered":"<p>Aim\u00e9 Rose s\u1ebd gi\u00fap tr\u1ebb ho\u00e1 l\u00e0n da: l\u00e0m gi\u1ea3m s\u1ef1 h\u00ecnh th\u00e0nh c\u00e1c n\u1ebfp nh\u0103n, t\u01b0\u01a1i s\u00e1ng c\u00e1c v\u00f9ng da kh\u00f4 s\u1ea1m, c\u1ea3i thi\u1ec7n c\u1ea5u tr\u00fac m\u00f3ng tay v\u00e0 l\u00e0m t\u0103ng \u0111\u1ed9 d\u00e0y cho t\u00f3c. S\u1ea3n ph\u1ea9m \u0111\u01b0\u1ee3c l\u00e0m t\u1eeb 100% c\u00e1c th\u00e0nh ph\u1ea7n t\u1eeb thi\u00ean nhi\u00ean r\u1ea5t an to\u00e0n,\u00a0gi\u00fap ch\u1ecb em ch\u1ed1ng l\u1ea1i t\u00ecnh tr\u1ea1ng oxy h\u00f3a, h\u1ed7 tr\u1ee3 v\u00e0 h\u1ea1n ch\u1ebf qu\u00e1 tr\u00ecnh l\u00e3o h\u00f3a da, \u0111\u00e1nh bay n\u1ebfp nh\u0103n, da c\u0103ng b\u00f3ng m\u1ecbn m\u00e0ng.<\/p>\n<p>\u2013 Mi\u1ec5n ph\u00ed Ship (COD) to\u00e0n qu\u1ed1c<\/p>\n<p>\u2013 Khuy\u1ebfn m\u1ea1i gi\u1ea3m gi\u00e1 khi mua 2 s\u1ea3n ph\u1ea9m tr\u1edf l\u00ean<\/p>\n","protected":false},"featured_media":207,"comment_status":"open","ping_status":"closed","template":"","meta":[],"_links":{"self":[{"href":"https:\/\/webmaibinh.com\/w\/thucpham92011\/wp-json\/wp\/v2\/product\/208"}],"collection":[{"href":"https:\/\/webmaibinh.com\/w\/thucpham92011\/wp-json\/wp\/v2\/product"}],"about":[{"href":"https:\/\/webmaibinh.com\/w\/thucpham92011\/wp-json\/wp\/v2\/types\/product"}],"replies":[{"embeddable":true,"href":"https:\/\/webmaibinh.com\/w\/thucpham92011\/wp-json\/wp\/v2\/comments?post=208"}],"wp:featuredmedia":[{"embeddable":true,"href":"https:\/\/webmaibinh.com\/w\/thucpham92011\/wp-json\/wp\/v2\/media\/207"}],"wp:attachment":[{"href":"https:\/\/webmaibinh.com\/w\/thucpham92011\/wp-json\/wp\/v2\/media?parent=208"}],"curies":[{"name":"wp","href":"https:\/\/api.w.org\/{rel}","templated":true}]}}