{"id":43,"date":"2019-06-30T10:43:04","date_gmt":"2019-06-30T03:43:04","guid":{"rendered":"https:\/\/thucphamchucnang2.khowebseotop.vn\/?page_id=43"},"modified":"2019-07-01T04:24:42","modified_gmt":"2019-06-30T21:24:42","slug":"diem-ban","status":"publish","type":"page","link":"https:\/\/webmaibinh.com\/w\/thucpham92011\/lien-he\/diem-ban\/","title":{"rendered":"\u0110i\u1ec3m b\u00e1n"},"content":{"rendered":"<p>\u0110\u1ec3 \u0111\u1eb7t mua s\u1ea3n ph\u1ea9m SLady, xin Qu\u00fd kh\u00e1ch vui l\u00f2ng th\u1ef1c hi\u1ec7n theo m\u1ed9t trong c\u00e1c c\u00e1ch b\u00ean d\u01b0\u1edbi.<\/p>\n<h2>C\u00e1ch 1. \u0110\u1eb7t mua qua \u0111i\u1ec7n tho\u1ea1i<\/h2>\n<p>Qu\u00fd kh\u00e1ch c\u00f3 th\u1ec3 g\u1ecdi \u0111\u1ec3 \u0111\u1eb7t mua s\u1ea3n ph\u1ea9m tr\u1ef1c ti\u1ebfp qua s\u1ed1 \u0111i\u1ec7n tho\u1ea1i: <strong>0983.462.990 &#8211; 0943.262.990<\/strong><\/p>\n<h2>C\u00e1ch 2. \u0110\u1eb7t mua tr\u1ef1c tuy\u1ebfn<\/h2>\n<p>Qu\u00fd kh\u00e1ch vui l\u00f2ng \u0111i\u1ec1n th\u00f4ng tin v\u00e0o m\u1eabu b\u00ean d\u01b0\u1edbi v\u00e0 nh\u1ea5n n\u00fat \u201c\u0110\u1eb7t mua\u201d, ch\u00fang t\u00f4i s\u1ebd g\u1ecdi \u0111i\u1ec7n cho qu\u00fd kh\u00e1ch \u0111\u1ec3 x\u00e1c nh\u1eadn \u0111\u01a1n h\u00e0ng.<\/p>\n<p>Sau khi \u0111\u1eb7t h\u00e0ng th\u00e0nh c\u00f4ng, s\u1ea3n ph\u1ea9m s\u1ebd \u0111\u01b0\u1ee3c g\u1eedi t\u1edbi qu\u00fd kh\u00e1ch qua \u0111\u01b0\u1eddng chuy\u1ec3n ph\u00e1t nhanh (COD). Qu\u00fd kh\u00e1ch ch\u1ec9 ph\u1ea3i tr\u1ea3 ti\u1ec1n khi nh\u1eadn \u0111\u01b0\u1ee3c h\u00e0ng.<\/p>\n<div role=\"form\" class=\"wpcf7\" id=\"wpcf7-f611-o1\" lang=\"vi\" dir=\"ltr\">\n<div class=\"screen-reader-response\"><p role=\"status\" aria-live=\"polite\" aria-atomic=\"true\"><\/p> <ul><\/ul><\/div>\n<form action=\"\/w\/thucpham92011\/wp-json\/wp\/v2\/pages\/43#wpcf7-f611-o1\" method=\"post\" class=\"wpcf7-form init\" novalidate=\"novalidate\" data-status=\"init\">\n<div style=\"display: none;\">\n<input type=\"hidden\" name=\"_wpcf7\" value=\"611\" \/>\n<input type=\"hidden\" name=\"_wpcf7_version\" value=\"5.3\" \/>\n<input type=\"hidden\" name=\"_wpcf7_locale\" value=\"vi\" \/>\n<input type=\"hidden\" name=\"_wpcf7_unit_tag\" value=\"wpcf7-f611-o1\" \/>\n<input type=\"hidden\" name=\"_wpcf7_container_post\" value=\"0\" \/>\n<input type=\"hidden\" name=\"_wpcf7_posted_data_hash\" value=\"\" \/>\n<\/div>\n<div class=\"form-mua-hang-truc-tuyen\">\n<div class=\"left\">\n<h4>B\u01b0\u1edbc 1: \u0110i\u1ec1n th\u00f4ng tin kh\u00e1ch h\u00e0ng:<\/h4>\n<p class=\"des\">Xin qu\u00fd kh\u00e1ch vui l\u00f2ng \u0111i\u1ec1n \u0111\u1ea7y \u0111\u1ee7 nh\u1eefng th\u00f4ng tin sau \u0111\u00e2y:<\/p>\n<p><span class=\"wpcf7-form-control-wrap text-784\"><input type=\"text\" name=\"text-784\" value=\"\" size=\"40\" class=\"wpcf7-form-control wpcf7-text wpcf7-validates-as-required\" aria-required=\"true\" aria-invalid=\"false\" placeholder=\"H\u1ecd t\u00ean c\u1ee7a b\u1ea1n...\" \/><\/span><br \/>\n<span class=\"wpcf7-form-control-wrap tel-387\"><input type=\"tel\" name=\"tel-387\" value=\"\" size=\"40\" class=\"wpcf7-form-control wpcf7-text wpcf7-tel wpcf7-validates-as-required wpcf7-validates-as-tel\" aria-required=\"true\" aria-invalid=\"false\" placeholder=\"S\u1ed1 \u0111i\u1ec7n tho\u1ea1i...\" \/><\/span><br \/>\n<span class=\"wpcf7-form-control-wrap textarea-785\"><textarea name=\"textarea-785\" cols=\"40\" rows=\"10\" class=\"wpcf7-form-control wpcf7-textarea\" aria-invalid=\"false\" placeholder=\"\u0110\u1ecba ch\u1ec9 nh\u1eadn h\u00e0ng...\"><\/textarea><\/span><\/p>\n<p class=\"cam-ket\">\nCh\u00fang t\u00f4i cam k\u1ebft B\u1ea2O M\u1eacT m\u1ecdi th\u00f4ng tin c\u00e1 nh\u00e2n c\u1ee7a kh\u00e1ch h\u00e0ng gi\u1ed1ng nh\u01b0 b\u1ea3o v\u1ec7 t\u00e0i s\u1ea3n c\u1ee7a ch\u00ednh ch\u00fang t\u00f4i!\n<\/p>\n<\/div>\n<div class=\"right\">\n<h4>B\u01b0\u1edbc 2: L\u1ef1a ch\u1ecdn h\u00e0ng h\u00f3a:<\/h4>\n<p class=\"des\">Xin qu\u00fd kh\u00e1ch vui l\u00f2ng l\u1ef1a ch\u1ecdn s\u1ed1 l\u01b0\u1ee3ng.<\/p>\n<p><span class=\"wpcf7-form-control-wrap number-486\"><input type=\"number\" name=\"number-486\" value=\"\" class=\"wpcf7-form-control wpcf7-number wpcf7-validates-as-required wpcf7-validates-as-number\" min=\"1\" max=\"1000\" aria-required=\"true\" aria-invalid=\"false\" placeholder=\"S\u1ed1 l\u01b0\u1ee3ng\" \/><\/span><\/p>\n<p class=\"des\">H\u00ecnh th\u1ee9c thanh to\u00e1n:<\/p>\n<p><span class=\"wpcf7-form-control-wrap radio-956\"><span class=\"wpcf7-form-control wpcf7-radio\"><span class=\"wpcf7-list-item first\"><input type=\"radio\" name=\"radio-956\" value=\"COD (tr\u1ea3 ti\u1ec1n khi nh\u1eadn h\u00e0ng)\" checked=\"checked\" \/><span class=\"wpcf7-list-item-label\">COD (tr\u1ea3 ti\u1ec1n khi nh\u1eadn h\u00e0ng)<\/span><\/span><span class=\"wpcf7-list-item last\"><input type=\"radio\" name=\"radio-956\" value=\"Chuy\u1ec3n kho\u1ea3n ng\u00e2n h\u00e0ng\" \/><span class=\"wpcf7-list-item-label\">Chuy\u1ec3n kho\u1ea3n ng\u00e2n h\u00e0ng<\/span><\/span><\/span><\/span><br \/>\n<input type=\"submit\" value=\"\u0110\u1eb7t h\u00e0ng ngay\" class=\"wpcf7-form-control wpcf7-submit\" \/><\/p>\n<p class=\"luu-y\">L\u01b0u \u00fd:<\/p>\n<ul>\n<li>Qu\u00fd kh\u00e1ch nh\u1eadn h\u00e0ng m\u1edbi ph\u1ea3i thanh to\u00e1n.<\/li>\n<li>H\u00e0ng s\u1ebd \u0111\u01b0\u1ee3c giao trong v\u00f2ng 1 - 2 ng\u00e0y. Tuy nhi\u00ean kh\u00f3 tr\u00e1nh kh\u1ecfi m\u1ed9t s\u1ed1 t\u00ecnh hu\u1ed1ng ngo\u00e0i \u00fd mu\u1ed1n g\u00e2y ra ch\u1eadm tr\u1ec5, k\u00ednh mong qu\u00fd kh\u00e1ch th\u00f4ng c\u1ea3m. Tham kh\u1ea3o: Ch\u00ednh s\u00e1ch \u0111\u1ed5i tr\u1ea3<\/li>\n<li>M\u1ecdi ph\u1ea3n \u00e1nh xin vui l\u00f2ng g\u1ecdi \u0111\u1ebfn 0983.462.990<\/li>\n<\/ul>\n<\/div>\n<\/div>\n<div class=\"wpcf7-response-output\" aria-hidden=\"true\"><\/div><\/form><\/div>\n\t<div id=\"gap-862627885\" class=\"gap-element clearfix\" style=\"display:block; height:auto;\">\n\t\t\n<style>\n#gap-862627885 {\n  padding-top: 30px;\n}\n<\/style>\n\t<\/div>\n\t\n<h2>C\u00e1ch 3: Mua h\u00e0ng tr\u1ef1c ti\u1ebfp t\u1ea1i c\u00e1c \u0111i\u1ec3m b\u00e1n<\/h2>\n<div class=\"row row-small row-diem-ban\"  id=\"row-2045717726\">\n\n\t<div id=\"col-385388739\" class=\"col small-12 large-12\"  >\n\t\t<div class=\"col-inner\"  >\n\t\t\t\n\t\t\t\n<div class=\"container section-title-container\" ><h3 class=\"section-title section-title-normal\"><b><\/b><span class=\"section-title-main\" style=\"color:rgb(0, 0, 0);\">\u0110i\u1ec3m b\u00e1n t\u1ea1i H\u00e0 N\u1ed9i<\/span><b><\/b><\/h3><\/div>\n\t\t<\/div>\n\t\t\t<\/div>\n\n\t\n\n\t<div id=\"col-600103267\" class=\"col medium-4 small-12 large-4\"  >\n\t\t<div class=\"col-inner\"  >\n\t\t\t\n\t\t\t\n<ul>\n<li><a href=\"https:\/\/slady.com.vn\/diem-ban-slady-tai-ha-noi\/diem-ban-slady-tai-ba-dinh\/\">Ba \u0110\u00ecnh<\/a><\/li>\n<li><a href=\"https:\/\/slady.com.vn\/diem-ban-slady-tai-ha-noi\/diem-ban-slady-tai-bac-tu-liem\/\">B\u1eafc T\u1eeb Li\u00eam<\/a><\/li>\n<li><a href=\"https:\/\/slady.com.vn\/diem-ban-slady-tai-ha-noi\/diem-ban-slady-tai-cau-giay\/\">C\u1ea7u Gi\u1ea5y<\/a><\/li>\n<li><a href=\"https:\/\/slady.com.vn\/diem-ban-slady-tai-ha-noi\/diem-ban-slady-tai-dong-da\/\">\u0110\u1ed1ng \u0110a<\/a><\/li>\n<li><a href=\"https:\/\/slady.com.vn\/dat-mua-slady\/#\">\u0110\u00f4ng Anh<\/a><\/li>\n<li><a href=\"https:\/\/slady.com.vn\/diem-ban-slady-tai-ha-noi\/diem-ban-slady-tai-bat-trang\/\">Gia L\u00e2m<\/a><\/li>\n<li><a href=\"https:\/\/slady.com.vn\/dat-mua-slady\/#\">H\u00e0 \u0110\u00f4ng<\/a><\/li>\n<\/ul>\n\t\t<\/div>\n\t\t\t<\/div>\n\n\t\n\n\t<div id=\"col-1048746900\" class=\"col medium-4 small-12 large-4\"  >\n\t\t<div class=\"col-inner\"  >\n\t\t\t\n\t\t\t\n<ul>\n<li><a href=\"https:\/\/slady.com.vn\/diem-ban-slady-tai-ha-noi\/diem-ban-slady-tai-hai-ba-trung\/\">Hai B\u00e0 Tr\u01b0ng<\/a><\/li>\n<li><a href=\"https:\/\/slady.com.vn\/dat-mua-slady\/#\">Ho\u00e0n Ki\u1ebfm<\/a><\/li>\n<li><a href=\"https:\/\/slady.com.vn\/dat-mua-slady\/#\">Ho\u00e0ng Mai<\/a><\/li>\n<li><a href=\"https:\/\/slady.com.vn\/dat-mua-slady\/#\">Long Bi\u00ean<\/a><\/li>\n<li><a href=\"https:\/\/slady.com.vn\/dat-mua-slady\/#\">Nam T\u1eeb Li\u00eam<\/a><\/li>\n<li><a href=\"https:\/\/slady.com.vn\/diem-ban-slady-tai-ha-noi\/diem-ban-slady-tai-tay-ho\/\">T\u00e2y H\u1ed3<\/a><\/li>\n<\/ul>\n\t\t<\/div>\n\t\t\t<\/div>\n\n\t\n\n\t<div id=\"col-1717818051\" class=\"col medium-4 small-12 large-4\"  >\n\t\t<div class=\"col-inner\"  >\n\t\t\t\n\t\t\t\n<ul>\n<li><a href=\"https:\/\/slady.com.vn\/dat-mua-slady\/#\">S\u00f3c S\u01a1n<\/a><\/li>\n<li><a href=\"https:\/\/slady.com.vn\/dat-mua-slady\/#\">Thanh Tr\u00ec<\/a><\/li>\n<li><a href=\"https:\/\/slady.com.vn\/diem-ban-slady-tai-ha-noi\/diem-ban-slady-tai-thanh-xuan\/\">Thanh Xu\u00e2n<\/a><\/li>\n<li><a href=\"https:\/\/slady.com.vn\/diem-ban-slady-tai-ha-noi\/diem-ban-slady-tai-thuong-tin\/\">Th\u01b0\u1eddng T\u00edn<\/a><\/li>\n<li><a href=\"https:\/\/slady.com.vn\/dat-mua-slady\/#\">M\u00ea Linh<\/a><\/li>\n<li><a href=\"https:\/\/slady.com.vn\/dat-mua-slady\/#\">H\u00e0 T\u00e2y<\/a><\/li>\n<li><a href=\"https:\/\/slady.com.vn\/diem-ban-slady-tai-ha-noi\/diem-ban-slady-tai-hoai-duc\/\">Ho\u00e0i \u0110\u1ee9c<\/a><\/li>\n<\/ul>\n\t\t<\/div>\n\t\t\t<\/div>\n\n\t\n<\/div>\n<div class=\"row row-small row-diem-ban\"  id=\"row-736309208\">\n\n\t<div id=\"col-223276844\" class=\"col small-12 large-12\"  >\n\t\t<div class=\"col-inner\"  >\n\t\t\t\n\t\t\t\n<div class=\"container section-title-container\" ><h3 class=\"section-title section-title-normal\"><b><\/b><span class=\"section-title-main\" style=\"color:rgb(0, 0, 0);\">\u0110i\u1ec3m b\u00e1n t\u1ea1i Tp. H\u1ed3 Ch\u00ed Minh<\/span><b><\/b><\/h3><\/div>\n\t\t<\/div>\n\t\t\t<\/div>\n\n\t\n\n\t<div id=\"col-1384540293\" class=\"col medium-4 small-12 large-4\"  >\n\t\t<div class=\"col-inner\"  >\n\t\t\t\n\t\t\t\n<ul>\n<li><a href=\"https:\/\/slady.com.vn\/dat-mua-slady\/#\">B\u00ecnh Ch\u00e1nh<\/a><\/li>\n<li><a href=\"https:\/\/slady.com.vn\/dat-mua-slady\/#\">B\u00ecnh T\u00e2n<\/a><\/li>\n<li><a href=\"https:\/\/slady.com.vn\/dat-mua-slady\/#\">B\u00ecnh Th\u1ea1nh<\/a><\/li>\n<li><a href=\"https:\/\/slady.com.vn\/dat-mua-slady\/#\">C\u1ee7 Chi<\/a><\/li>\n<li><a href=\"https:\/\/slady.com.vn\/diem-ban-slady-tai-ho-chi-minh\/diem-ban-slady-tai-go-vap\/\">G\u00f2 V\u1ea5p<\/a><\/li>\n<li><a href=\"https:\/\/slady.com.vn\/dat-mua-slady\/#\">Hooc M\u00f4n<\/a><\/li>\n<li><a href=\"https:\/\/slady.com.vn\/dat-mua-slady\/#\">Nh\u00e0 B\u00e8<\/a><\/li>\n<li><a href=\"https:\/\/slady.com.vn\/diem-ban-slady-tai-phu-nhuan\/\">Ph\u00fa Nhu\u1eadn<\/a><\/li>\n<\/ul>\n\t\t<\/div>\n\t\t\t<\/div>\n\n\t\n\n\t<div id=\"col-1405786776\" class=\"col medium-4 small-12 large-4\"  >\n\t\t<div class=\"col-inner\"  >\n\t\t\t\n\t\t\t\n<ul>\n<li><a href=\"https:\/\/slady.com.vn\/dat-mua-slady\/#\">Qu\u1eadn 1<\/a><\/li>\n<li><a href=\"https:\/\/slady.com.vn\/dat-mua-slady\/#\">Qu\u1eadn 2<\/a><\/li>\n<li><a href=\"https:\/\/slady.com.vn\/diem-ban-slady-tai-ho-chi-minh\/diem-ban-slady-tai-quan-3\/\">Qu\u1eadn 3<\/a><\/li>\n<li><a href=\"https:\/\/slady.com.vn\/dat-mua-slady\/#\">Qu\u1eadn 4<\/a><\/li>\n<li><a href=\"https:\/\/slady.com.vn\/dat-mua-slady\/#\">Qu\u1eadn 5<\/a><\/li>\n<li><a href=\"https:\/\/slady.com.vn\/dat-mua-slady\/#\">Qu\u1eadn 6<\/a><\/li>\n<li><a href=\"https:\/\/slady.com.vn\/dat-mua-slady\/#\">Qu\u1eadn 7<\/a><\/li>\n<li><a href=\"https:\/\/slady.com.vn\/dat-mua-slady\/#\">Qu\u1eadn 8<\/a><\/li>\n<\/ul>\n\t\t<\/div>\n\t\t\t<\/div>\n\n\t\n\n\t<div id=\"col-1377349419\" class=\"col medium-4 small-12 large-4\"  >\n\t\t<div class=\"col-inner\"  >\n\t\t\t\n\t\t\t\n<ul>\n<li><a href=\"https:\/\/slady.com.vn\/dat-mua-slady\/#\">Qu\u1eadn 9<\/a><\/li>\n<li><a href=\"https:\/\/slady.com.vn\/diem-ban-slady-tai-ho-chi-minh\/diem-ban-slady-tai-quan-10\/\">Qu\u1eadn 10<\/a><\/li>\n<li><a href=\"https:\/\/slady.com.vn\/dat-mua-slady\/#\">Qu\u1eadn 11<\/a><\/li>\n<li><a href=\"https:\/\/slady.com.vn\/dat-mua-slady\/#\">Qu\u1eadn 12<\/a><\/li>\n<li><a href=\"https:\/\/slady.com.vn\/dat-mua-slady\/#\">T\u00e2n B\u00ecnh<\/a><\/li>\n<li><a href=\"https:\/\/slady.com.vn\/dat-mua-slady\/#\">T\u00e2n Ph\u00fa<\/a><\/li>\n<li><a href=\"https:\/\/slady.com.vn\/dat-mua-slady\/#\">Th\u1ee7 \u0110\u1ee9c<\/a><\/li>\n<\/ul>\n\t\t<\/div>\n\t\t\t<\/div>\n\n\t\n<\/div>\n<div class=\"row row-small row-diem-ban\"  id=\"row-1522366717\">\n\n\t<div id=\"col-498073425\" class=\"col small-12 large-12\"  >\n\t\t<div class=\"col-inner\"  >\n\t\t\t\n\t\t\t\n<div class=\"container section-title-container\" ><h3 class=\"section-title section-title-normal\"><b><\/b><span class=\"section-title-main\" style=\"color:rgb(0, 0, 0);\">\u0110i\u1ec3m b\u00e1n t\u1ea1i Mi\u1ec1n B\u1eafc<\/span><b><\/b><\/h3><\/div>\n\t\t<\/div>\n\t\t\t<\/div>\n\n\t\n\n\t<div id=\"col-843663137\" class=\"col medium-4 small-12 large-4\"  >\n\t\t<div class=\"col-inner\"  >\n\t\t\t\n\t\t\t\n<ul>\n<li><a href=\"https:\/\/slady.com.vn\/dat-mua-slady\/#\">B\u1eafc Giang<\/a><\/li>\n<li><a href=\"https:\/\/slady.com.vn\/dat-mua-slady\/#\">B\u1eafc Ninh<\/a><\/li>\n<li><a href=\"https:\/\/slady.com.vn\/dat-mua-slady\/#\">Cao B\u1eb1ng<\/a><\/li>\n<li><a href=\"https:\/\/slady.com.vn\/diem-ban-slady-tai-dien-bien\/\">\u0110i\u1ec7n Bi\u00ean<\/a><\/li>\n<li><a href=\"https:\/\/slady.com.vn\/dat-mua-slady\/#\">H\u00e0 Giang<\/a><\/li>\n<li><a href=\"https:\/\/slady.com.vn\/dat-mua-slady\/#\">H\u1ea3i D\u01b0\u01a1ng<\/a><\/li>\n<li><a href=\"https:\/\/slady.com.vn\/dat-mua-slady\/#\">H\u00f2a B\u00ecnh<\/a><\/li>\n<\/ul>\n\t\t<\/div>\n\t\t\t<\/div>\n\n\t\n\n\t<div id=\"col-268972344\" class=\"col medium-4 small-12 large-4\"  >\n\t\t<div class=\"col-inner\"  >\n\t\t\t\n\t\t\t\n<ul>\n<li><a href=\"https:\/\/slady.com.vn\/dat-mua-slady\/#\">H\u01b0ng Y\u00ean<\/a><\/li>\n<li><a href=\"https:\/\/slady.com.vn\/dat-mua-slady\/#\">H\u1ea3i Ph\u00f2ng<\/a><\/li>\n<li><a href=\"https:\/\/slady.com.vn\/diem-ban-slady-tai-lao-cai\/\">L\u00e0o Cai<\/a><\/li>\n<li><a href=\"https:\/\/slady.com.vn\/diem-ban-slady-tai-nam-dinh\/\">Nam \u0110\u1ecbnh<\/a><\/li>\n<li><a href=\"https:\/\/slady.com.vn\/dat-mua-slady\/#\">Ninh B\u00ecnh<\/a><\/li>\n<li><a href=\"https:\/\/slady.com.vn\/diem-ban-slady-tai-phu-tho\/\">Ph\u00fa Th\u1ecd<\/a><\/li>\n<\/ul>\n\t\t<\/div>\n\t\t\t<\/div>\n\n\t\n\n\t<div id=\"col-2110916865\" class=\"col medium-4 small-12 large-4\"  >\n\t\t<div class=\"col-inner\"  >\n\t\t\t\n\t\t\t\n<ul>\n<li><a href=\"https:\/\/slady.com.vn\/dat-mua-slady\/#\">Qu\u1ea3ng Ninh<\/a><\/li>\n<li><a href=\"https:\/\/slady.com.vn\/dat-mua-slady\/#\">S\u01a1n La<\/a><\/li>\n<li><a href=\"https:\/\/slady.com.vn\/dat-mua-slady\/#\">Th\u00e1i B\u00ecnh<\/a><\/li>\n<li><a href=\"https:\/\/slady.com.vn\/dat-mua-slady\/#\">Th\u00e1i Nguy\u00ean<\/a><\/li>\n<li><a href=\"https:\/\/slady.com.vn\/dat-mua-slady\/#\">Tuy\u00ean Quang<\/a><\/li>\n<li><a href=\"https:\/\/slady.com.vn\/diem-ban-slady-tai-vinh-phuc\/\">V\u0129nh Ph\u00fac<\/a><\/li>\n<li><a href=\"https:\/\/slady.com.vn\/dat-mua-slady\/#\">Y\u00ean B\u00e1i<\/a><\/li>\n<\/ul>\n\t\t<\/div>\n\t\t\t<\/div>\n\n\t\n<\/div>\n<div class=\"row row-small row-diem-ban\"  id=\"row-1883485537\">\n\n\t<div id=\"col-1706662857\" class=\"col small-12 large-12\"  >\n\t\t<div class=\"col-inner\"  >\n\t\t\t\n\t\t\t\n<div class=\"container section-title-container\" ><h3 class=\"section-title section-title-normal\"><b><\/b><span class=\"section-title-main\" style=\"color:rgb(0, 0, 0);\">\u0110i\u1ec3m b\u00e1n t\u1ea1i Mi\u1ec1n Trung<\/span><b><\/b><\/h3><\/div>\n\t\t<\/div>\n\t\t\t<\/div>\n\n\t\n\n\t<div id=\"col-501668639\" class=\"col medium-4 small-12 large-4\"  >\n\t\t<div class=\"col-inner\"  >\n\t\t\t\n\t\t\t\n<ul>\n<li><a href=\"https:\/\/slady.com.vn\/dat-mua-slady\/#\">B\u00ecnh \u0110\u1ecbnh<\/a><\/li>\n<li><a href=\"https:\/\/slady.com.vn\/dat-mua-slady\/#\">B\u00ecnh Thu\u1eadn<\/a><\/li>\n<li><a href=\"https:\/\/slady.com.vn\/dat-mua-slady\/#\">\u0110\u00e0 N\u1eb5ng<\/a><\/li>\n<li><a href=\"https:\/\/slady.com.vn\/dat-mua-slady\/#\">\u0110\u1eafk N\u00f4ng<\/a><\/li>\n<li><a href=\"https:\/\/slady.com.vn\/dat-mua-slady\/#\">\u0110\u1eafc L\u1eafc<\/a><\/li>\n<li><a href=\"https:\/\/slady.com.vn\/dat-mua-slady\/#\">Gia Lai<\/a><\/li>\n<li><a href=\"https:\/\/slady.com.vn\/dat-mua-slady\/#\">L\u00e2m \u0110\u1ed3ng<\/a><\/li>\n<\/ul>\n\t\t<\/div>\n\t\t\t<\/div>\n\n\t\n\n\t<div id=\"col-1670609663\" class=\"col medium-4 small-12 large-4\"  >\n\t\t<div class=\"col-inner\"  >\n\t\t\t\n\t\t\t\n<ul>\n<li><a href=\"https:\/\/slady.com.vn\/dat-mua-slady\/#\">H\u00e0 T\u0129nh<\/a><\/li>\n<li><a href=\"https:\/\/slady.com.vn\/dat-mua-slady\/#\">Kh\u00e1nh H\u00f2a<\/a><\/li>\n<li><a href=\"https:\/\/slady.com.vn\/dat-mua-slady\/#\">Kom Tum<\/a><\/li>\n<li><a href=\"https:\/\/slady.com.vn\/diem-ban-slady-tai-nghe\/\">Ngh\u1ec7 An<\/a><\/li>\n<li><a href=\"https:\/\/slady.com.vn\/dat-mua-slady\/#\">Ninh Thu\u1eadn<\/a><\/li>\n<li><a href=\"https:\/\/slady.com.vn\/dat-mua-slady\/#\">Ph\u00fa Y\u00ean<\/a><\/li>\n<\/ul>\n\t\t<\/div>\n\t\t\t<\/div>\n\n\t\n\n\t<div id=\"col-2091160300\" class=\"col medium-4 small-12 large-4\"  >\n\t\t<div class=\"col-inner\"  >\n\t\t\t\n\t\t\t\n<ul>\n<li><a href=\"https:\/\/slady.com.vn\/dat-mua-slady\/#\">Qu\u1ea3ng B\u00ecnh<\/a><\/li>\n<li><a href=\"https:\/\/slady.com.vn\/dat-mua-slady\/#\">Qu\u1ea3ng Nam<\/a><\/li>\n<li><a href=\"https:\/\/slady.com.vn\/dat-mua-slady\/#\">Qu\u1ea3ng Ng\u00e3i<\/a><\/li>\n<li><a href=\"https:\/\/slady.com.vn\/diem-ban-slady-tai-quang-tri\/\">Qu\u1ea3ng Tr\u1ecb<\/a><\/li>\n<li><a href=\"https:\/\/slady.com.vn\/dat-mua-slady\/#\">Thanh H\u00f3a<\/a><\/li>\n<li><a href=\"https:\/\/slady.com.vn\/dat-mua-slady\/#\">Th\u1eeba Thi\u00ean Hu\u1ebf<\/a><\/li>\n<\/ul>\n\t\t<\/div>\n\t\t\t<\/div>\n\n\t\n<\/div>\n<div class=\"row row-small row-diem-ban\"  id=\"row-1786792024\">\n\n\t<div id=\"col-1874619100\" class=\"col small-12 large-12\"  >\n\t\t<div class=\"col-inner\"  >\n\t\t\t\n\t\t\t\n<div class=\"container section-title-container\" ><h3 class=\"section-title section-title-normal\"><b><\/b><span class=\"section-title-main\" style=\"color:rgb(0, 0, 0);\">\u0110i\u1ec3m b\u00e1n t\u1ea1i Mi\u1ec1n Nam<\/span><b><\/b><\/h3><\/div>\n\t\t<\/div>\n\t\t\t<\/div>\n\n\t\n\n\t<div id=\"col-662596680\" class=\"col medium-4 small-12 large-4\"  >\n\t\t<div class=\"col-inner\"  >\n\t\t\t\n\t\t\t\n<ul>\n<li><a href=\"https:\/\/slady.com.vn\/dat-mua-slady\/#\">An Giang<\/a><\/li>\n<li><a href=\"https:\/\/slady.com.vn\/dat-mua-slady\/#\">B\u00e0 R\u1ecba \u2013 V\u0169ng T\u1ea7u<\/a><\/li>\n<li><a href=\"https:\/\/slady.com.vn\/diem-ban-slady-tai-binh-duong\/\">B\u00ecnh D\u01b0\u01a1ng<\/a><\/li>\n<li><a href=\"https:\/\/slady.com.vn\/dat-mua-slady\/#\">B\u00ecnh Ph\u01b0\u1edbc<\/a><\/li>\n<li><a href=\"https:\/\/slady.com.vn\/dat-mua-slady\/#\">B\u1ea1c Li\u00eau<\/a><\/li>\n<li><a href=\"https:\/\/slady.com.vn\/dat-mua-slady\/#\">B\u1ebfn Tre<\/a><\/li>\n<\/ul>\n\t\t<\/div>\n\t\t\t<\/div>\n\n\t\n\n\t<div id=\"col-2052445919\" class=\"col medium-4 small-12 large-4\"  >\n\t\t<div class=\"col-inner\"  >\n\t\t\t\n\t\t\t\n<ul>\n<li><a href=\"https:\/\/slady.com.vn\/dat-mua-slady\/#\">C\u00e0 Mau<\/a><\/li>\n<li><a href=\"https:\/\/slady.com.vn\/dat-mua-slady\/#\">C\u1ea7n Th\u01a1<\/a><\/li>\n<li><a href=\"https:\/\/slady.com.vn\/dat-mua-slady\/#\">\u0110\u1ed3ng Nai<\/a><\/li>\n<li><a href=\"https:\/\/slady.com.vn\/dat-mua-slady\/#\">\u0110\u1ed3ng Th\u00e1p<\/a><\/li>\n<li><a href=\"https:\/\/slady.com.vn\/dat-mua-slady\/#\">H\u1eadu Giang<\/a><\/li>\n<li><a href=\"https:\/\/slady.com.vn\/dat-mua-slady\/#\">Ki\u00ean Giang<\/a><\/li>\n<\/ul>\n\t\t<\/div>\n\t\t\t<\/div>\n\n\t\n\n\t<div id=\"col-1330344663\" class=\"col medium-4 small-12 large-4\"  >\n\t\t<div class=\"col-inner\"  >\n\t\t\t\n\t\t\t\n<ul>\n<li><a href=\"https:\/\/slady.com.vn\/dat-mua-slady\/#\">Long An<\/a><\/li>\n<li><a href=\"https:\/\/slady.com.vn\/dat-mua-slady\/#\">S\u00f3c Tr\u0103ng<\/a><\/li>\n<li><a href=\"https:\/\/slady.com.vn\/dat-mua-slady\/#\">Ti\u1ec1n Giang<\/a><\/li>\n<li><a href=\"https:\/\/slady.com.vn\/dat-mua-slady\/#\">T\u00e2y Ninh<\/a><\/li>\n<li><a href=\"https:\/\/slady.com.vn\/dat-mua-slady\/#\">V\u0129nh Long<\/a><\/li>\n<\/ul>\n\t\t<\/div>\n\t\t\t<\/div>\n\n\t\n<\/div>\n<p>Danh s\u00e1ch \u0111i\u1ec3m b\u00e1n s\u1ebd \u0111\u01b0\u1ee3c c\u1eadp nh\u1eadt \u0111\u1ea7y \u0111\u1ee7 s\u1edbm.<\/p>\n<div role=\"form\" class=\"wpcf7\" id=\"wpcf7-f612-o2\" lang=\"vi\" dir=\"ltr\">\n<div class=\"screen-reader-response\"><p role=\"status\" aria-live=\"polite\" aria-atomic=\"true\"><\/p> <ul><\/ul><\/div>\n<form action=\"\/w\/thucpham92011\/wp-json\/wp\/v2\/pages\/43#wpcf7-f612-o2\" method=\"post\" class=\"wpcf7-form init\" novalidate=\"novalidate\" data-status=\"init\">\n<div style=\"display: none;\">\n<input type=\"hidden\" name=\"_wpcf7\" value=\"612\" \/>\n<input type=\"hidden\" name=\"_wpcf7_version\" value=\"5.3\" \/>\n<input type=\"hidden\" name=\"_wpcf7_locale\" value=\"vi\" \/>\n<input type=\"hidden\" name=\"_wpcf7_unit_tag\" value=\"wpcf7-f612-o2\" \/>\n<input type=\"hidden\" name=\"_wpcf7_container_post\" value=\"0\" \/>\n<input type=\"hidden\" name=\"_wpcf7_posted_data_hash\" value=\"\" \/>\n<\/div>\n<div class=\"form-tim-diem-ban\">\n<p class=\"des\">\u0110\u1ec3 l\u1ea1i s\u1ed1 \u0111i\u1ec7n tho\u1ea1i v\u00e0 n\u01a1i b\u1ea1n s\u1ed1ng \u0111\u1ec3 \u0111\u01b0\u1ee3c ch\u1ec9 nh\u00e0 thu\u1ed1c g\u1ea7n nh\u1ea5t.<\/p>\n<p><span class=\"wpcf7-form-control-wrap text-624\"><input type=\"text\" name=\"text-624\" value=\"\" size=\"40\" class=\"wpcf7-form-control wpcf7-text wpcf7-validates-as-required\" aria-required=\"true\" aria-invalid=\"false\" placeholder=\"T\u00ean c\u1ee7a b\u1ea1n...\" \/><\/span><br \/>\n<span class=\"wpcf7-form-control-wrap tel-875\"><input type=\"tel\" name=\"tel-875\" value=\"\" size=\"40\" class=\"wpcf7-form-control wpcf7-text wpcf7-tel wpcf7-validates-as-required wpcf7-validates-as-tel\" aria-required=\"true\" aria-invalid=\"false\" placeholder=\"S\u1ed1 \u0111i\u1ec7n tho\u1ea1i...\" \/><\/span><br \/>\n<span class=\"wpcf7-form-control-wrap text-644\"><input type=\"text\" name=\"text-644\" value=\"\" size=\"40\" class=\"wpcf7-form-control wpcf7-text wpcf7-validates-as-required\" aria-required=\"true\" aria-invalid=\"false\" placeholder=\"\u0110\u1ecba ch\u1ec9 sinh s\u1ed1ng...\" \/><\/span><br \/>\n<input type=\"submit\" value=\"Gi\u00fap t\u00f4i t\u00ecm \u0111i\u1ec3m b\u00e1n\" class=\"wpcf7-form-control wpcf7-submit\" \/><\/p>\n<p class=\"ghi-chu\">Ch\u00fang t\u00f4i cam k\u1ebft gi\u1eef k\u00edn m\u1ecdi th\u00f4ng tin c\u1ee7a qu\u00fd kh\u00e1ch h\u00e0ng.<\/p>\n<\/div>\n<div class=\"wpcf7-response-output\" aria-hidden=\"true\"><\/div><\/form><\/div>\n","protected":false},"excerpt":{"rendered":"<p>\u0110\u1ec3 \u0111\u1eb7t mua s\u1ea3n ph\u1ea9m SLady, xin Qu\u00fd kh\u00e1ch vui l\u00f2ng th\u1ef1c hi\u1ec7n theo m\u1ed9t trong c\u00e1c c\u00e1ch b\u00ean d\u01b0\u1edbi. C\u00e1ch 1. \u0110\u1eb7t mua qua \u0111i\u1ec7n tho\u1ea1i Qu\u00fd kh\u00e1ch c\u00f3 th\u1ec3 g\u1ecdi \u0111\u1ec3 \u0111\u1eb7t mua s\u1ea3n ph\u1ea9m tr\u1ef1c ti\u1ebfp qua s\u1ed1 \u0111i\u1ec7n tho\u1ea1i: 0983.462.990 &#8211; 0943.262.990 C\u00e1ch 2. \u0110\u1eb7t mua tr\u1ef1c tuy\u1ebfn Qu\u00fd kh\u00e1ch vui&#8230;<\/p>\n","protected":false},"author":2,"featured_media":0,"parent":41,"menu_order":0,"comment_status":"closed","ping_status":"closed","template":"page-right-sidebar.php","meta":[],"_links":{"self":[{"href":"https:\/\/webmaibinh.com\/w\/thucpham92011\/wp-json\/wp\/v2\/pages\/43"}],"collection":[{"href":"https:\/\/webmaibinh.com\/w\/thucpham92011\/wp-json\/wp\/v2\/pages"}],"about":[{"href":"https:\/\/webmaibinh.com\/w\/thucpham92011\/wp-json\/wp\/v2\/types\/page"}],"author":[{"embeddable":true,"href":"https:\/\/webmaibinh.com\/w\/thucpham92011\/wp-json\/wp\/v2\/users\/2"}],"replies":[{"embeddable":true,"href":"https:\/\/webmaibinh.com\/w\/thucpham92011\/wp-json\/wp\/v2\/comments?post=43"}],"version-history":[{"count":0,"href":"https:\/\/webmaibinh.com\/w\/thucpham92011\/wp-json\/wp\/v2\/pages\/43\/revisions"}],"up":[{"embeddable":true,"href":"https:\/\/webmaibinh.com\/w\/thucpham92011\/wp-json\/wp\/v2\/pages\/41"}],"wp:attachment":[{"href":"https:\/\/webmaibinh.com\/w\/thucpham92011\/wp-json\/wp\/v2\/media?parent=43"}],"curies":[{"name":"wp","href":"https:\/\/api.w.org\/{rel}","templated":true}]}}