{"id":41,"date":"2019-06-30T10:42:55","date_gmt":"2019-06-30T03:42:55","guid":{"rendered":"https:\/\/thucphamchucnang2.khowebseotop.vn\/?page_id=41"},"modified":"2020-05-09T11:29:32","modified_gmt":"2020-05-09T04:29:32","slug":"lien-he","status":"publish","type":"page","link":"https:\/\/webmaibinh.com\/w\/thucpham92011\/lien-he\/","title":{"rendered":"Li\u00ean h\u1ec7"},"content":{"rendered":"\t<section class=\"section mua-hang\" id=\"section_1706059734\">\n\t\t<div class=\"bg section-bg fill bg-fill  \" >\n\n\t\t\t\n\t\t\t\n\t\t\t\n\n\t\t<\/div>\n\n\t\t<div class=\"section-content relative\">\n\t\t\t\n<div class=\"row row-large\"  id=\"row-1085555069\">\n\n\t<div id=\"col-133927083\" class=\"col medium-6 small-12 large-6\"  >\n\t\t<div class=\"col-inner\"  >\n\t\t\t\n\t\t\t\n<div class=\"container section-title-container\" ><h2 class=\"section-title section-title-center\"><b><\/b><span class=\"section-title-main\" style=\"color:rgb(232, 44, 44);\">V\u0103n h\u00f3a De'mama<\/span><b><\/b><\/h2><\/div>\n<p style=\"text-align: center;\"><span style=\"color: #ff6600; font-size: 120%;\"><em>&#8220;De&#8217;mama lu\u00f4n n\u1ed7 l\u1ef1c mang \u0111\u1ebfn cho kh\u00e1ch h\u00e0ng nh\u1eefng s\u1ea3n ph\u1ea9m ch\u1ea5t l\u01b0\u1ee3ng v\u00e0 d\u1ecbch v\u1ee5 ch\u0103m s\u00f3c kh\u00e1ch h\u00e0ng t\u1eadn t\u00e2m nh\u1ea5t!&#8221;<\/em><\/span><\/p>\n<ul>\n<li><span style=\"font-size: 95%;\"><strong>Tr\u1ee5 s\u1edf ch\u00ednh:<\/strong> Ph\u1ea1m V\u0103n B\u1ea1ch, P.15, Q.T\u00e2n B\u00ecnh, Tp. HCM <\/span><\/li>\n<li><strong>Hotline:<\/strong> 0999.999.999 &#8211; 0999.999.999<\/li>\n<li><strong> Email:<\/strong> email@gmail.com<\/li>\n<li><strong>Website:<\/strong><a class=\"waffle-rich-text-link\" href=\"#\">www.tenweb.vn<\/a><\/li>\n<\/ul>\n\t\t<\/div>\n\t\t\t<\/div>\n\n\t\n\n\t<div id=\"col-1071970327\" class=\"col medium-6 small-12 large-6\"  >\n\t\t<div class=\"col-inner\"  >\n\t\t\t\n\t\t\t\n<div class=\"container section-title-container\" ><h2 class=\"section-title section-title-center\"><b><\/b><span class=\"section-title-main\" style=\"color:rgb(226, 40, 40);\">Li\u00ean h\u1ec7 mua h\u00e0ng ngay h\u00f4m nay!<\/span><b><\/b><\/h2><\/div>\n<div role=\"form\" class=\"wpcf7\" id=\"wpcf7-f600-o1\" lang=\"vi\" dir=\"ltr\">\n<div class=\"screen-reader-response\"><p role=\"status\" aria-live=\"polite\" aria-atomic=\"true\"><\/p> <ul><\/ul><\/div>\n<form action=\"\/w\/thucpham92011\/wp-json\/wp\/v2\/pages\/41#wpcf7-f600-o1\" method=\"post\" class=\"wpcf7-form init\" novalidate=\"novalidate\" data-status=\"init\">\n<div style=\"display: none;\">\n<input type=\"hidden\" name=\"_wpcf7\" value=\"600\" \/>\n<input type=\"hidden\" name=\"_wpcf7_version\" value=\"5.3\" \/>\n<input type=\"hidden\" name=\"_wpcf7_locale\" value=\"vi\" \/>\n<input type=\"hidden\" name=\"_wpcf7_unit_tag\" value=\"wpcf7-f600-o1\" \/>\n<input type=\"hidden\" name=\"_wpcf7_container_post\" value=\"0\" \/>\n<input type=\"hidden\" name=\"_wpcf7_posted_data_hash\" value=\"\" \/>\n<\/div>\n<div class=\"form-lien-he\">\n<span class=\"wpcf7-form-control-wrap text-427\"><input type=\"text\" name=\"text-427\" value=\"\" size=\"40\" class=\"wpcf7-form-control wpcf7-text wpcf7-validates-as-required\" aria-required=\"true\" aria-invalid=\"false\" placeholder=\"H\u1ecd t\u00ean c\u1ee7a b\u1ea1n...\" \/><\/span><br \/>\n<span class=\"wpcf7-form-control-wrap tel-925\"><input type=\"tel\" name=\"tel-925\" value=\"\" size=\"40\" class=\"wpcf7-form-control wpcf7-text wpcf7-tel wpcf7-validates-as-required wpcf7-validates-as-tel\" aria-required=\"true\" aria-invalid=\"false\" placeholder=\"S\u1ed1 \u0111i\u1ec7n tho\u1ea1i c\u1ee7a b\u1ea1n...\" \/><\/span><br \/>\n<span class=\"wpcf7-form-control-wrap text-433\"><input type=\"text\" name=\"text-433\" value=\"\" size=\"40\" class=\"wpcf7-form-control wpcf7-text\" aria-invalid=\"false\" placeholder=\"\u0110\u1ecba ch\u1ec9 nh\u1eadn h\u00e0ng...\" \/><\/span><br \/>\n<span class=\"wpcf7-form-control-wrap menu-372\"><select name=\"menu-372\" class=\"wpcf7-form-control wpcf7-select wpcf7-validates-as-required\" aria-required=\"true\" aria-invalid=\"false\"><option value=\"S\u1ea3n ph\u1ea9m c\u1ea7n mua\">S\u1ea3n ph\u1ea9m c\u1ea7n mua<\/option><option value=\"Tr\u00e0 t\u0103ng c\u00e2n C\u01b0\u1eddng Anh\">Tr\u00e0 t\u0103ng c\u00e2n C\u01b0\u1eddng Anh<\/option><option value=\"Tr\u00e0 gi\u1ea3m c\u00e2n C\u01b0\u1eddng Anh\">Tr\u00e0 gi\u1ea3m c\u00e2n C\u01b0\u1eddng Anh<\/option><option value=\"Corine Eva\">Corine Eva<\/option><option value=\"Aim\u00e9 Rose\">Aim\u00e9 Rose<\/option><option value=\"Amstrong\">Amstrong<\/option><\/select><\/span><br \/>\n<label>S\u1ed1 l\u01b0\u1ee3ng<\/label><br \/>\n<span class=\"wpcf7-form-control-wrap number-629\"><input type=\"number\" name=\"number-629\" value=\"\" class=\"wpcf7-form-control wpcf7-number wpcf7-validates-as-required wpcf7-validates-as-number\" min=\"1\" max=\"1000\" aria-required=\"true\" aria-invalid=\"false\" placeholder=\"1\" \/><\/span><br \/>\n<input type=\"submit\" value=\"\u0110\u1eb7t mua ngay\" class=\"wpcf7-form-control wpcf7-submit\" \/>\n<\/div>\n<div class=\"wpcf7-response-output\" aria-hidden=\"true\"><\/div><\/form><\/div>\n\t\t<\/div>\n\t\t\t<\/div>\n\n\t\n<\/div>\n\t\t<\/div>\n\n\t\t\n<style>\n#section_1706059734 {\n  padding-top: 46px;\n  padding-bottom: 46px;\n}\n#section_1706059734 .section-bg.bg-loaded {\n  background-image: url(https:\/\/webmaibinh.com\/w\/thucpham92011\/wp-content\/uploads\/2019\/06\/bg.jpg);\n}\n<\/style>\n\t<\/section>\n\t\n","protected":false},"excerpt":{"rendered":"","protected":false},"author":2,"featured_media":0,"parent":0,"menu_order":0,"comment_status":"closed","ping_status":"closed","template":"page-blank.php","meta":[],"_links":{"self":[{"href":"https:\/\/webmaibinh.com\/w\/thucpham92011\/wp-json\/wp\/v2\/pages\/41"}],"collection":[{"href":"https:\/\/webmaibinh.com\/w\/thucpham92011\/wp-json\/wp\/v2\/pages"}],"about":[{"href":"https:\/\/webmaibinh.com\/w\/thucpham92011\/wp-json\/wp\/v2\/types\/page"}],"author":[{"embeddable":true,"href":"https:\/\/webmaibinh.com\/w\/thucpham92011\/wp-json\/wp\/v2\/users\/2"}],"replies":[{"embeddable":true,"href":"https:\/\/webmaibinh.com\/w\/thucpham92011\/wp-json\/wp\/v2\/comments?post=41"}],"version-history":[{"count":1,"href":"https:\/\/webmaibinh.com\/w\/thucpham92011\/wp-json\/wp\/v2\/pages\/41\/revisions"}],"predecessor-version":[{"id":786,"href":"https:\/\/webmaibinh.com\/w\/thucpham92011\/wp-json\/wp\/v2\/pages\/41\/revisions\/786"}],"wp:attachment":[{"href":"https:\/\/webmaibinh.com\/w\/thucpham92011\/wp-json\/wp\/v2\/media?parent=41"}],"curies":[{"name":"wp","href":"https:\/\/api.w.org\/{rel}","templated":true}]}}