{"id":37,"date":"2019-06-30T10:42:19","date_gmt":"2019-06-30T03:42:19","guid":{"rendered":"https:\/\/thucphamchucnang2.khowebseotop.vn\/?page_id=37"},"modified":"2019-07-01T03:17:08","modified_gmt":"2019-06-30T20:17:08","slug":"gioi-thieu","status":"publish","type":"page","link":"https:\/\/webmaibinh.com\/w\/thucpham92011\/gioi-thieu\/","title":{"rendered":"Gi\u1edbi thi\u1ec7u"},"content":{"rendered":"<h2>Ph\u1ea7n I : Gi\u1edbi thi\u1ec7u chung<\/h2>\n<p>V\u1edbi ch\u1ea5t l\u01b0\u1ee3ng s\u1ea3n ph\u1ea9m t\u1ed1t, d\u1ecbch v\u1ee5 ch\u0103m s\u00f3c kh\u00e1ch h\u00e0ng chu \u0111\u00e1o hi\u1ec7n t\u1ea1i\u00a0<strong>C\u01b0\u1eddng Anh Authentic<\/strong>\u00a0\u0111\u00e3 c\u00f3 h\u00e0ng tr\u0103m \u0111\u1ea1i l\u00fd tr\u00ean to\u00e0n qu\u1ed1c v\u00e0 h\u00e0ng ngh\u00ecn c\u00e1c chi nh\u00e1nh, kh\u00e1ch s\u1ec9, m\u1eb7c d\u00f9 v\u1eady v\u1edbi \u0111\u1ed9 hot c\u1ee7a s\u1ea3n ph\u1ea9m r\u1ea5t nhi\u1ec1u ng\u01b0\u1eddi Vi\u1ec7t \u0111ang v\u00e0 mu\u1ed1n s\u1eed d\u1ee5ng c\u00e1c s\u1ea3n ph\u1ea9m c\u1ee7a C\u01b0\u1eddng Anh. Ch\u00ednh v\u00ec \u0111i\u1ec1u n\u00e0y ch\u00fang t\u00f4i lu\u00f4n mong mu\u1ed1n t\u1ea1o \u0111i\u1ec1u ki\u1ec7n cho c\u00e1c kh\u00e1ch h\u00e0ng, c\u00e1c c\u00f4ng ty, c\u1eeda h\u00e0ng , hi\u1ec7u thu\u1ed1c\u2026 tham gia v\u00e0 h\u1ec7 th\u1ed1ng \u0111\u1ea1i l\u00fd c\u1ee7a C\u01b0\u1eddng Anh Authentic.<\/p>\n<p>\u0110\u1ebfn v\u1edbi\u00a0<strong>C\u01b0\u1eddng Anh Authentic<\/strong>\u00a0ngo\u00e0i vi\u1ec7c gi\u00fap c\u00e1c kh\u00e1ch h\u00e0ng c\u00f3 ngu\u00f4n thu nh\u1eadp \u1ed5n \u0111\u1ecbnh c\u00e1c kh\u00e1ch h\u00e0ng c\u00f2n \u0111\u01b0\u1ee3c tham gia v\u00e0o m\u00f4i tr\u01b0\u1eddng l\u00e0m vi\u1ec7c chuy\u00ean nghi\u1ec7p, \u0111\u01b0\u1ee3c h\u01b0\u1edfng c\u00e1c m\u1ee9c \u01b0u \u0111\u00e3i h\u1ea5p d\u1eabn, tham gia nhi\u1ec1u ch\u01b0\u01a1ng tr\u00ecnh giao l\u01b0u, g\u1eb7p m\u1eb7t chia s\u1ebb c\u00e1c kinh nghi\u1ec7m v\u00e0 c\u01a1 h\u1ed9i h\u1ee3p t\u00e1c trong kinh doanh \u2026<\/p>\n<h2>Ph\u1ea7n II: Quy\u1ec1n l\u1ee3i chung<\/h2>\n<p>\u2013 \u0110\u01b0\u1ee3c h\u01b0\u1edfng c\u00e1c m\u1ee9c\u00a0<strong>gi\u00e1 \u01b0u \u0111\u00e3i<\/strong>,\u00a0<strong>chi\u1ebft kh\u1ea5u h\u1ea5p d\u1eabn<\/strong>\u00a0t\u1eeb nh\u00e0 ph\u00e2n ph\u1ed1i\u00a0<em>(xem b\u1ea3ng gi\u00e1 b\u00ean d\u01b0\u1edbi)<\/em><\/p>\n<p>\u2013 \u0110\u01b0\u1ee3c h\u1ed7 tr\u1ee3\u00a0<strong>k\u0129 n\u0103ng b\u00e1n h\u00e0ng<\/strong>,\u00a0<strong>k\u0129 n\u0103ng giao ti\u1ebfp<\/strong>\u00a0trong kinh doanh s\u1ea3n ph\u1ea9m<\/p>\n<p>\u2013 \u0110\u01b0\u1ee3c h\u01b0\u1edfng\u00a0<strong>m\u1ee9c th\u01b0\u1edfng h\u1ea5p d\u1eabn<\/strong>\u00a0khi ho\u00e0n th\u00e0nh doanh s\u1ed1\u00a0<em>(xem b\u1ea3ng th\u01b0\u1edfng b\u00ean d\u01b0\u1edbi)<\/em><\/p>\n<p>\u2013 \u0110\u01b0\u1ee3c l\u00e0m trong m\u00f4i tr\u01b0\u1eddng l\u00e0m vi\u1ec7c\u00a0<strong>n\u0103ng \u0111\u1ed9ng &amp; chuy\u00ean nghi\u1ec7p<\/strong><\/p>\n<p>\u2013 \u0110\u01b0\u1ee3c tham gia v\u00e0o c\u00e1c ch\u01b0\u01a1ng tr\u00ecnh giao l\u01b0u \u0111\u1ecbnh k\u00ec v\u1edbi c\u00e1c \u0111\u1ed1i t\u00e1c v\u00e0 kh\u00e1ch h\u00e0ng kh\u00e1c<\/p>\n<p>\u2013 \u0110\u01b0\u1ee3c \u01b0u ti\u00ean l\u1ea5y h\u00e0ng, h\u1ed7 tr\u1ee3 vay v\u1ed1n t\u00f9y theo n\u0103ng l\u1ef1c<\/p>\n<p>\u2013 V\u00e0 nhi\u1ec1u \u01b0u \u0111\u00e3i kh\u00e1c \u2026<\/p>\n<h2>Ph\u1ea7n III: C\u00e1c kh\u00e1i ni\u1ec7m c\u01a1 b\u1ea3n<\/h2>\n<p><strong>(*) Kh\u00e1ch s\u1ec9:<\/strong>\u00a0D\u00e0nh cho c\u00e1c \u0111\u1ed1i t\u01b0\u1ee3ng l\u1ea7n \u0111\u1ea7u tham gia b\u00e1n h\u00e0ng.<\/p>\n<p><strong>(*) Chi nh\u00e1nh:\u00a0<\/strong>D\u00e0nh cho c\u00e1c \u0111\u1ed1i t\u01b0\u1ee3ng m\u1edbi ho\u1eb7c \u0111\u00e3 t\u1eebng l\u00e0m kh\u00e1ch s\u1ec9, \u0111\u01b0\u1ee3c h\u01b0\u1edfng m\u1ee9c gi\u00e1 \u01b0u \u0111\u00e3i t\u1ed1t t\u1eeb nh\u00e0 ph\u00e2n ph\u1ed1i.<\/p>\n<p><strong>(*) \u0110\u1ea1i l\u00fd:<\/strong>\u00a0D\u00e0nh cho c\u00e1c \u0111\u1ed1i t\u01b0\u1ee3ng m\u1edbi ho\u1eb7c \u0111\u00e3 t\u1eebng l\u00e0m Chi Nh\u00e1nh, \u0111\u01b0\u1ee3c h\u01b0\u1edfng m\u1ee9c gi\u00e1 \u01b0u \u0111\u00e3i t\u1ed1t t\u1eeb nh\u00e0 ph\u00e2n ph\u1ed1i.<\/p>\n<p><strong>(*) \u0110\u1ea1i l\u00fd c\u1ea5p cao:<\/strong>\u00a0L\u00e0 c\u00e1c \u0111\u1ea1i l\u00fd c\u00f3 doanh s\u1ed1 b\u00e1n h\u00e0ng l\u1edbn trong th\u00e1ng v\u00e0 \u0111\u1ea1t nhi\u1ec1u th\u00e0nh t\u00edch c\u0169ng nh\u01b0 y\u00eau c\u1ea7u c\u1ee7a nh\u00e0 ph\u00e2n ph\u1ed1i.<\/p>\n<h2>Ph\u1ea7n IV: B\u1ea3ng gi\u00e1 v\u00e0 chi\u1ebft kh\u1ea5u<\/h2>\n<p>C\u00e1c b\u1ea1n li\u00ean h\u1ec7\u00a0<strong>Hotline: 0986510123 \u2013 02466866393<\/strong>\u00a0\u0111\u1ec3 tham gia v\u00e0o h\u1ec7 th\u1ed1ng ph\u00e2n ph\u1ed1i c\u1ee7a C\u01b0\u1eddng Anh<\/p>\n<p><strong>B\u1ea2NG GI\u00c1 KH\u00c1CH S\u1ec8 \u2013 CHI NH\u00c1NH \u2013 T\u1ed4NG \u0110\u1ea0I L\u00dd \u2013 NH\u00c0 PH\u00c2N PH\u1ed0I TR\u00c0 GI\u1ea2M C\u00c2N C\u01af\u1edcNG ANH<\/strong><\/p>\n<table border=\"1\">\n<tbody>\n<tr>\n<td><strong>CH\u1ee8C DANH<\/strong><\/td>\n<td><strong>S\u1ed0 L\u01af\u1ee2NG<\/strong><\/td>\n<td><strong>T\u1ed4NG TH\u01af\u1edeNG<\/strong><\/td>\n<\/tr>\n<tr>\n<td rowspan=\"3\"><strong>Kh\u00e1ch s\u1ec9<\/strong><\/td>\n<td>5<\/td>\n<td><\/td>\n<\/tr>\n<tr>\n<td>10<\/td>\n<td><\/td>\n<\/tr>\n<tr>\n<td>20<\/td>\n<td><\/td>\n<\/tr>\n<tr>\n<td rowspan=\"2\"><strong>Chi nh\u00e1nh<\/strong><\/td>\n<td>50<\/td>\n<td>T\u1eb7ng 1 h\u1ed9p<\/td>\n<\/tr>\n<tr>\n<td>100<\/td>\n<td>T\u1eb7ng 2 h\u1ed9p<\/td>\n<\/tr>\n<tr>\n<td><strong>\u0110\u1ea1i l\u00fd<\/strong><\/td>\n<td>300<\/td>\n<td>L\u01b0\u01a1ng 375,000\u0111 + T\u1eb7ng 6 h\u1ed9p<\/td>\n<\/tr>\n<\/tbody>\n<\/table>\n<p>&nbsp;<\/p>\n<p><strong>B\u1ea2NG GI\u00c1 KH\u00c1CH S\u1ec8 \u2013 CHI NH\u00c1NH \u2013 T\u1ed4NG \u0110\u1ea0I L\u00dd \u2013 NH\u00c0 PH\u00c2N PH\u1ed0I TR\u00c0 T\u0102NG C\u00c2N C\u01af\u1edcNG ANH<\/strong><\/p>\n<table border=\"1\">\n<tbody>\n<tr>\n<td><strong>CH\u1ee8C DANH<\/strong><\/td>\n<td><strong>S\u1ed0 L\u01af\u1ee2NG<\/strong><\/td>\n<td><strong>T\u1ed4NG TH\u01af\u1edeNG<\/strong><\/td>\n<\/tr>\n<tr>\n<td rowspan=\"3\"><strong>Kh\u00e1ch s\u1ec9<\/strong><\/td>\n<td>5<\/td>\n<td><\/td>\n<\/tr>\n<tr>\n<td>10<\/td>\n<td><\/td>\n<\/tr>\n<tr>\n<td>20<\/td>\n<td><\/td>\n<\/tr>\n<tr>\n<td rowspan=\"2\"><strong>Chi nh\u00e1nh<\/strong><\/td>\n<td>50<\/td>\n<td>T\u1eb7ng 1 h\u1ed9p<\/td>\n<\/tr>\n<tr>\n<td>100<\/td>\n<td>T\u1eb7ng 2 h\u1ed9p<\/td>\n<\/tr>\n<tr>\n<td><strong>\u0110\u1ea1i l\u00fd<\/strong><\/td>\n<td>300<\/td>\n<td>L\u01b0\u01a1ng 375,000\u0111 + T\u1eb7ng 6 h\u1ed9p<\/td>\n<\/tr>\n<\/tbody>\n<\/table>\n<h2>Ph\u1ea7n V: C\u00e1ch th\u1ee9c tham gia<\/h2>\n<p><strong>A. C\u00e1c y\u00eau c\u1ea7u c\u01a1 b\u1ea3n<\/strong><\/p>\n<p>Cung c\u1ea5p \u0111\u1ea7y \u0111\u1ee7 th\u00f4ng tin: T\u00ean, \u0111\u1ecba ch\u1ec9, s\u0111t v\u00e0 1 \u1ea3nh \u0111\u1eb9p l\u00e0m Banner C\u00f4ng ty<\/p>\n<p><strong>B. C\u00e1c y\u00eau c\u1ea7u ri\u00eang<\/strong><\/p>\n<p><strong>1. \u0110\u0103ng k\u00fd l\u00e0m kh\u00e1ch s\u1ec9 :<\/strong>\u00a0\u0110\u01a1n h\u00e0ng \u0111\u1ea7u ti\u00ean c\u00f3 th\u1ec3 nh\u1eadp 5 t\u0103ng, 5 gi\u1ea3m t\u00ednh ri\u00eang theo b\u1ea3ng gi\u00e1 kh\u00f4ng g\u1ed9p v\u00e0o<\/p>\n<p><strong>2. \u0110\u0103ng k\u00fd l\u00e0m Chi nh\u00e1nh :<\/strong>\u00a0Kh\u00e1ch h\u00e0ng s\u1ebd \u0111\u01b0\u1ee3c l\u00e0m Chi Nh\u00e1nh n\u1ebfu th\u1ecfa m\u00e3n 1 trong 2 y\u00eau c\u1ea7u sau (ch\u00fa \u00fd ch\u1ec9 c\u1ea7n 1 trong 2 \u0111i\u1ec1u ki\u1ec7n)<\/p>\n<p>\u2013 \u0110\u01a1n h\u00e0ng \u0111\u1ea7u ti\u00ean nh\u1eadp t\u1ed1i thi\u1ec3u 50 h\u1ed9p.<\/p>\n<p>\u2013 \u0110\u00e3 l\u00e0 kh\u00e1ch s\u1ec9 c\u00f3 t\u1ed5ng s\u1ed1 \u0111\u01a1n h\u00e0ng trong v\u00f2ng 1 th\u00e1ng l\u00e0 50 h\u1ed9p.<\/p>\n<p><strong>3. \u0110\u0103ng k\u00fd l\u00e0m \u0111\u1ea1i l\u00fd :<\/strong>\u00a0Kh\u00e1ch h\u00e0ng s\u1ebd \u0111\u01b0\u1ee3c l\u00e0m \u0111\u1ea1i l\u00fd n\u1ebfu th\u1ecfa m\u00e3n 1 trong 2 y\u00eau c\u1ea7u sau (ch\u00fa \u00fd ch\u1ec9 c\u1ea7n 1 trong 2 \u0111i\u1ec1u ki\u1ec7n)<\/p>\n<p>\u2013 Cam k\u1ebft \u0111\u01a1n h\u00e0ng \u0111\u1ea7u ti\u00ean t\u1ed1i thi\u1ec3u 300 h\u1ed9p<\/p>\n<p>\u2013 \u0110\u00e3 l\u00e0 \u201cChi nh\u00e1nh\u201d v\u00e0 c\u00f3 t\u1ed5ng s\u1ed1 \u0111\u01a1n h\u00e0ng trong v\u00f2ng 1 th\u00e1ng \u0111\u1ea1t 300 h\u1ed9p ( t\u00ednh ri\u00eang T\u0103ng c\u00e2n v\u00e0 Gi\u1ea3m c\u00e2n)<\/p>\n<p><strong>4. \u0110\u0103ng k\u00fd l\u00e0m t\u1ed5ng \u0111\u1ea1i l\u00fd :\u00a0<\/strong>Li\u00ean h\u1ec7 hotline \u0111\u1ec3 bi\u1ebft th\u00eam chi ti\u1ebft<\/p>\n<p><strong>5. \u0110\u0103ng k\u00fd nh\u00e0 ph\u00e2n ph\u1ed1i :<\/strong>\u00a0Li\u00ean h\u1ec7 hotline \u0111\u1ec3 bi\u1ebft th\u00eam chi ti\u1ebft<\/p>\n<p>Ch\u00fang t\u00f4i xin ch\u00e2n th\u00e0nh c\u1ea3m \u01a1n s\u1ef1 \u1ee7ng h\u1ed9 c\u1ee7a qu\u00fd kh\u00e1ch h\u00e0ng! M\u1ecdi chi ti\u1ebft ho\u1eb7c y\u00eau c\u1ea7u gi\u1ea3i \u0111\u00e1p th\u1eafc m\u1eafc xin qu\u00fd kh\u00e1ch h\u00e0ng vui l\u00f2ng li\u00ean h\u1ec7 \u0111\u1ebfn\u00a0<strong>Hotline: 0986510123 \u2013 02466866393<\/strong><\/p>\n","protected":false},"excerpt":{"rendered":"<p>Ph\u1ea7n I : Gi\u1edbi thi\u1ec7u chung V\u1edbi ch\u1ea5t l\u01b0\u1ee3ng s\u1ea3n ph\u1ea9m t\u1ed1t, d\u1ecbch v\u1ee5 ch\u0103m s\u00f3c kh\u00e1ch h\u00e0ng chu \u0111\u00e1o hi\u1ec7n t\u1ea1i\u00a0C\u01b0\u1eddng Anh Authentic\u00a0\u0111\u00e3 c\u00f3 h\u00e0ng tr\u0103m \u0111\u1ea1i l\u00fd tr\u00ean to\u00e0n qu\u1ed1c v\u00e0 h\u00e0ng ngh\u00ecn c\u00e1c chi nh\u00e1nh, kh\u00e1ch s\u1ec9, m\u1eb7c d\u00f9 v\u1eady v\u1edbi \u0111\u1ed9 hot c\u1ee7a s\u1ea3n ph\u1ea9m r\u1ea5t nhi\u1ec1u ng\u01b0\u1eddi Vi\u1ec7t \u0111ang v\u00e0&#8230;<\/p>\n","protected":false},"author":2,"featured_media":0,"parent":0,"menu_order":0,"comment_status":"closed","ping_status":"closed","template":"page-right-sidebar.php","meta":[],"_links":{"self":[{"href":"https:\/\/webmaibinh.com\/w\/thucpham92011\/wp-json\/wp\/v2\/pages\/37"}],"collection":[{"href":"https:\/\/webmaibinh.com\/w\/thucpham92011\/wp-json\/wp\/v2\/pages"}],"about":[{"href":"https:\/\/webmaibinh.com\/w\/thucpham92011\/wp-json\/wp\/v2\/types\/page"}],"author":[{"embeddable":true,"href":"https:\/\/webmaibinh.com\/w\/thucpham92011\/wp-json\/wp\/v2\/users\/2"}],"replies":[{"embeddable":true,"href":"https:\/\/webmaibinh.com\/w\/thucpham92011\/wp-json\/wp\/v2\/comments?post=37"}],"version-history":[{"count":0,"href":"https:\/\/webmaibinh.com\/w\/thucpham92011\/wp-json\/wp\/v2\/pages\/37\/revisions"}],"wp:attachment":[{"href":"https:\/\/webmaibinh.com\/w\/thucpham92011\/wp-json\/wp\/v2\/media?parent=37"}],"curies":[{"name":"wp","href":"https:\/\/api.w.org\/{rel}","templated":true}]}}