{"id":202,"date":"2019-08-03T01:14:50","date_gmt":"2019-08-02T18:14:50","guid":{"rendered":"http:\/\/thucpham9.w2steam.com\/?post_type=product&#038;p=202"},"modified":"2019-08-03T04:03:19","modified_gmt":"2019-08-02T21:03:19","slug":"bahraman-saffron-lo-3-gram","status":"publish","type":"product","link":"https:\/\/webmaibinh.com\/w\/thucpham62011\/san-pham\/bahraman-saffron-lo-3-gram\/","title":{"rendered":"Bahraman Saffron l\u1ecd 3 gram"},"content":{"rendered":"<p><strong>1. Saffron h\u1ed7 tr\u1ee3 \u0111i\u1ec1u tr\u1ecb m\u1ea5t ng\u1ee7<\/strong><\/p>\n<p>Gi\u00fap b\u1ea1n c\u00f3 gi\u1ea5c ng\u1ee7 ngon v\u00e0 s\u00e2u gi\u1ea5c sau 2 &#8211; 3 ng\u00e0y s\u1eed d\u1ee5ng. Nh\u1ee5y hoa ngh\u1ec7 t\u00e2y c\u00f3 t\u00e1c d\u1ee5ng xoa d\u1ecbu th\u1ea7n kinh, mang \u0111\u1ebfn gi\u1ea5c ng\u1ee7 s\u00e2u cho nh\u1eefng ng\u01b0\u1eddi m\u1eafc b\u1ec7nh m\u1ea5t ng\u1ee7, kh\u00f3 ng\u1ee7. Trao tr\u1ea3 l\u1ea1i gi\u1ea5c ng\u1ee7 t\u1ef1 nhi\u00ean cho nh\u1eefng ng\u01b0\u1eddi kh\u00f3 ng\u1ee7, m\u1ea5t ng\u1ee7 kinh ni\u00ean.<\/p>\n<p><strong>2. \u0110i\u1ec1u h\u00f2a huy\u1ebft \u00e1p, tim m\u1ea1ch<\/strong><\/p>\n<p><strong>\u00a0Nh\u1ee5y hoa ngh\u1ec7 t\u00e2y<\/strong>\u00a0gi\u00fap gi\u1ea3m c\u0103ng th\u1eb3ng cho h\u1ec7 \u0111i\u1ec1u h\u00e0nh tim m\u1ea1ch, ng\u0103n ch\u1eb7n t\u00ecnh tr\u1ea1ng x\u01a1 v\u1eefa \u0111\u1ed9ng m\u1ea1ch, \u0111au tim v\u00e0 \u0111\u1ed9t qu\u1ef5.<\/p>\n<p><strong>3. B\u00ed quy\u1ebft l\u00e0m \u0111\u1eb9p t\u1ef1 nhi\u00ean<\/strong><\/p>\n<p>Gi\u00fap da tr\u1edf n\u00ean s\u00e1ng v\u00e0 s\u0103n ch\u1eafc h\u01a1n.\u00a0 H\u1ed7 tr\u1ee3 \u0111i\u1ec1u tr\u1ecb m\u1ee5n v\u00e0 s\u1eb9o th\u00e2m do m\u1ee5n. Gi\u1ea3m v\u1ebft n\u00e1, d\u01b0\u1ee1ng \u1ea9m t\u1ef1 nhi\u00ean. \u00a0Ng\u0103n ng\u1eeba l\u00e3o ho\u00e1 v\u1edbi c\u00e1c vitamin, ch\u1ea5t ch\u1ed1ng oxy ho\u00e1. \u0110\u00e2y l\u00e0 gi\u1ea3i ph\u00e1p l\u00e0m \u0111\u1eb9p \u0111\u01a1n gi\u1ea3n, ti\u1ec7n l\u1ee3i t\u1ea1i nh\u00e0.<\/p>\n<p><strong>4. C\u1ea3i thi\u1ec7n sinh l\u00fd t\u1ef1 nhi\u00ean<\/strong><\/p>\n<p>Ph\u1ee5c h\u1ed3i b\u1ea3n l\u0129nh ph\u00e1i m\u1ea1nh,gi\u00fap h\u1ed7 tr\u1ee3 c\u1ea3i thi\u1ec7n ch\u1ee9c n\u0103ng sinh l\u00fd nam v\u00e0 n\u1eef. \u0110\u1ed1i v\u1edbi n\u1eef gi\u1edbi, Saffron \u0111i\u1ec1u ch\u1ec9nh n\u1ed9i ti\u1ebft t\u1ed1 c\u01a1 th\u1ec3, \u0111i\u1ec1u h\u00f2a kinh nguy\u1ec7t \u0111\u00fang ng\u00e0y, gi\u1ea3m c\u00e1c tri\u1ec7u tr\u1ee9ng t\u1ee9c l\u01b0ng, \u0111au b\u1ee5ng do qu\u00e1 tr\u00ecnh h\u00e0nh kinh g\u00e2y n\u00ean.<\/p>\n<p><strong>5. Gi\u1ea3i ph\u00e1p ph\u00f2ng ng\u1eeba ung th\u01b0 t\u1eeb xa<\/strong><\/p>\n<p>Saffron ch\u1ee9a nhi\u1ec1u ch\u1ea5t c\u00f3 t\u00e1c d\u1ee5ng h\u1ed7 tr\u1ee3 ch\u1ed1ng ung th\u01b0 nh\u01b0 Crocin, Carotene, Picrococin, v\u00e0 Safranal<\/p>\n<p><strong>6. Gia v\u1ecb cao c\u1ea5p cho nh\u1eefng m\u00f3n \u0103n<\/strong><\/p>\n<p>Trong nhi\u1ec1u th\u1ebf k\u1ec9 qua, nh\u1ee5y hoa ngh\u1ec7 t\u00e2y l\u00e0 m\u1ed9t nguy\u00ean li\u1ec7u kh\u00f4ng th\u1ec3 thi\u1ebfu trong \u1ea9m th\u1ef1c c\u00e1c qu\u1ed1c gia Trung \u0110\u00f4ng<\/p>\n<p>Ngo\u00e0i ra Nh\u1ee5y hoa ngh\u1ec7 t\u00e2y gi\u00fap gi\u1ea3m cholesterol trong m\u00e1u, lo\u1ea1i b\u1ecf c\u00e1c m\u1ea3ng b\u00e1m \u0111\u1ed9ng m\u1ea1ch, gi\u00fap tim kh\u1ecfe m\u1ea1nh. Thanh l\u1ecdc, th\u1ea3i ch\u1ea5t \u0111\u1ed9c trong c\u01a1 th\u1ec3 m\u1ed9t c\u00e1ch t\u1ef1 nhi\u00ean.<\/p>\n<p><strong>Nh\u1ee5y hoa ngh\u1ec7 t\u00e2y Iran Bahraman Saffron<\/strong>\u00a0lo\u1ea1i Super negin, \u0111\u1eb7c h\u00e0ng ri\u00eang nh\u1eadp kh\u1ea9u nguy\u00ean h\u1ed9p t\u1eeb nh\u00e0 s\u1ea3n xu\u1ea5t.<strong>\u00a0C\u00f4ng ty TNHH WOA HEALTH\u00a0<\/strong>\u0111\u01b0\u1ee3c quy\u1ec1n ph\u00e2n ph\u1ed1i tr\u00ean to\u00e0n qu\u1ed1c.<\/p>\n<p><em><strong>Kh\u00e1ch h\u00e0ng \u0111\u01b0\u1ee3c t\u01b0 v\u1ea5n li\u1ec7u tr\u00ecnh s\u1eed d\u1ee5ng v\u00e0 c\u00f4ng d\u1ee5ng tr\u00ean t\u1eebng c\u01a1 \u0111\u1ecba theo \u0111\u1ed9 tu\u1ed5i, c\u00e2n n\u1eb7ng, gi\u1edbi t\u00ednh sau khi nh\u1eadn \u0111\u01b0\u1ee3c s\u1ea3n ph\u1ea9m.<\/strong><\/em><\/p>\n","protected":false},"excerpt":{"rendered":"<p><strong>Chi ti\u1ebft s\u1ea3n ph\u1ea9m<\/strong><br \/>\n\u2013 Xu\u1ea5t x\u1ee9: Iran<br \/>\n\u2013 Kh\u1ed1i l\u01b0\u1ee3ng t\u1ecbnh: 3Gr<br \/>\n\u2013 S\u1ea3n xu\u1ea5t: Bahraman Saffron Company<br \/>\n\u2013 Ph\u00e2n ph\u1ed1i: C\u00f4ng ty TNHH Woa Health<br \/>\n<strong>V\u1eadn chuy\u1ec3n:<\/strong><br \/>\n\u2013 To\u00e0n qu\u1ed1c<br \/>\n\u2013 Thanh to\u00e1n khi nh\u1eadn h\u00e0ng<\/p>\n","protected":false},"featured_media":210,"comment_status":"open","ping_status":"closed","template":"","meta":[],"_links":{"self":[{"href":"https:\/\/webmaibinh.com\/w\/thucpham62011\/wp-json\/wp\/v2\/product\/202"}],"collection":[{"href":"https:\/\/webmaibinh.com\/w\/thucpham62011\/wp-json\/wp\/v2\/product"}],"about":[{"href":"https:\/\/webmaibinh.com\/w\/thucpham62011\/wp-json\/wp\/v2\/types\/product"}],"replies":[{"embeddable":true,"href":"https:\/\/webmaibinh.com\/w\/thucpham62011\/wp-json\/wp\/v2\/comments?post=202"}],"wp:featuredmedia":[{"embeddable":true,"href":"https:\/\/webmaibinh.com\/w\/thucpham62011\/wp-json\/wp\/v2\/media\/210"}],"wp:attachment":[{"href":"https:\/\/webmaibinh.com\/w\/thucpham62011\/wp-json\/wp\/v2\/media?parent=202"}],"curies":[{"name":"wp","href":"https:\/\/api.w.org\/{rel}","templated":true}]}}