{"id":32,"date":"2019-08-02T22:54:36","date_gmt":"2019-08-02T15:54:36","guid":{"rendered":"http:\/\/thucpham9.w2steam.com\/?page_id=32"},"modified":"2020-05-09T23:11:59","modified_gmt":"2020-05-09T16:11:59","slug":"lien-he","status":"publish","type":"page","link":"https:\/\/webmaibinh.com\/w\/thucpham62011\/lien-he\/","title":{"rendered":"Li\u00ean h\u1ec7"},"content":{"rendered":"<div class=\"row\"  id=\"row-1767660868\">\n\n\t<div id=\"col-1962868858\" class=\"col medium-6 small-12 large-6\"  >\n\t\t<div class=\"col-inner\"  >\n\t\t\t\n\t\t\t\n<p><span style=\"color: #800000;\"><strong>C\u00d4NG TY TNHH\u00a0WOA HEALTH<\/strong><\/span><\/p>\n<ul>\n<li><strong><span style=\"color: #800000;\">Nh\u00e0 ph\u00e2n ph\u1ed1i Nh\u1ee5y hoa ngh\u1ec7 t\u00e2y Iran &#8211; Saffon ch\u00ednh h\u00e3ng<\/span><\/strong><\/li>\n<li><strong>Tr\u1ee5 s\u1edf:<\/strong> Ph\u1ea1m V\u0103n B\u1ea1ch, P. 15, Q. T\u00e2n B\u00ecnh, Tp. HCM<\/li>\n<li><span style=\"color: #000000;\"><strong>Hotline:<\/strong> 0999.999.999<\/span><\/li>\n<li><span style=\"color: #000000;\"><strong>Email:<\/strong> email@gmail.com<\/span><\/li>\n<\/ul>\n\t\t<\/div>\n\t\t\t<\/div>\n\n\t\n\n\t<div id=\"col-1748592604\" class=\"col medium-6 small-12 large-6\"  >\n\t\t<div class=\"col-inner\"  >\n\t\t\t\n\t\t\t\n<div role=\"form\" class=\"wpcf7\" id=\"wpcf7-f510-o1\" lang=\"vi\" dir=\"ltr\">\n<div class=\"screen-reader-response\"><p role=\"status\" aria-live=\"polite\" aria-atomic=\"true\"><\/p> <ul><\/ul><\/div>\n<form action=\"\/w\/thucpham62011\/wp-json\/wp\/v2\/pages\/32#wpcf7-f510-o1\" method=\"post\" class=\"wpcf7-form init\" novalidate=\"novalidate\" data-status=\"init\">\n<div style=\"display: none;\">\n<input type=\"hidden\" name=\"_wpcf7\" value=\"510\" \/>\n<input type=\"hidden\" name=\"_wpcf7_version\" value=\"5.3\" \/>\n<input type=\"hidden\" name=\"_wpcf7_locale\" value=\"vi\" \/>\n<input type=\"hidden\" name=\"_wpcf7_unit_tag\" value=\"wpcf7-f510-o1\" \/>\n<input type=\"hidden\" name=\"_wpcf7_container_post\" value=\"0\" \/>\n<input type=\"hidden\" name=\"_wpcf7_posted_data_hash\" value=\"\" \/>\n<\/div>\n<p><span class=\"wpcf7-form-control-wrap text-20\"><input type=\"text\" name=\"text-20\" value=\"\" size=\"40\" class=\"wpcf7-form-control wpcf7-text wpcf7-validates-as-required\" aria-required=\"true\" aria-invalid=\"false\" placeholder=\"T\u00ean c\u1ee7a b\u1ea1n...\" \/><\/span><br \/>\n<span class=\"wpcf7-form-control-wrap tel-368\"><input type=\"tel\" name=\"tel-368\" value=\"\" size=\"40\" class=\"wpcf7-form-control wpcf7-text wpcf7-tel wpcf7-validates-as-required wpcf7-validates-as-tel\" aria-required=\"true\" aria-invalid=\"false\" placeholder=\"S\u1ed1 \u0111i\u1ec7n tho\u1ea1i...\" \/><\/span><br \/>\n<span class=\"wpcf7-form-control-wrap textarea-22\"><textarea name=\"textarea-22\" cols=\"40\" rows=\"10\" class=\"wpcf7-form-control wpcf7-textarea\" aria-invalid=\"false\" placeholder=\"N\u1ed9i dung li\u00ean h\u1ec7\"><\/textarea><\/span><br \/>\n<input type=\"submit\" value=\"\u0110\u0103ng k\u00fd\" class=\"wpcf7-form-control wpcf7-submit\" \/><\/p>\n<div class=\"wpcf7-response-output\" aria-hidden=\"true\"><\/div><\/form><\/div>\n\t\t<\/div>\n\t\t\t<\/div>\n\n\t\n<\/div>\n<p><iframe style=\"border: 0;\" src=\"https:\/\/www.google.com\/maps\/embed?pb=!1m18!1m12!1m3!1d3918.8951647747363!2d106.63615131462117!3d10.819334261359117!2m3!1f0!2f0!3f0!3m2!1i1024!2i768!4f13.1!3m3!1m2!1s0x317529667c77fcdd%3A0x39f60dd29f004faf!2zMi84NSBQaOG6oW0gVsSDbiBC4bqhY2gsIFBoxrDhu51uZyAxNSwgVMOibiBCw6xuaCwgSOG7kyBDaMOtIE1pbmgsIFZp4buHdCBOYW0!5e0!3m2!1svi!2s!4v1568732176587!5m2!1svi!2s\" width=\"100%\" height=\"250\" frameborder=\"0\" allowfullscreen=\"allowfullscreen\"><span data-mce-type=\"bookmark\" style=\"display: inline-block; width: 0px; overflow: hidden; line-height: 0;\" class=\"mce_SELRES_start\">\ufeff<\/span><\/iframe><\/p>\n","protected":false},"excerpt":{"rendered":"<p>\ufeff<\/p>\n","protected":false},"author":1,"featured_media":0,"parent":0,"menu_order":0,"comment_status":"closed","ping_status":"closed","template":"page-right-sidebar.php","meta":[],"_links":{"self":[{"href":"https:\/\/webmaibinh.com\/w\/thucpham62011\/wp-json\/wp\/v2\/pages\/32"}],"collection":[{"href":"https:\/\/webmaibinh.com\/w\/thucpham62011\/wp-json\/wp\/v2\/pages"}],"about":[{"href":"https:\/\/webmaibinh.com\/w\/thucpham62011\/wp-json\/wp\/v2\/types\/page"}],"author":[{"embeddable":true,"href":"https:\/\/webmaibinh.com\/w\/thucpham62011\/wp-json\/wp\/v2\/users\/1"}],"replies":[{"embeddable":true,"href":"https:\/\/webmaibinh.com\/w\/thucpham62011\/wp-json\/wp\/v2\/comments?post=32"}],"version-history":[{"count":3,"href":"https:\/\/webmaibinh.com\/w\/thucpham62011\/wp-json\/wp\/v2\/pages\/32\/revisions"}],"predecessor-version":[{"id":632,"href":"https:\/\/webmaibinh.com\/w\/thucpham62011\/wp-json\/wp\/v2\/pages\/32\/revisions\/632"}],"wp:attachment":[{"href":"https:\/\/webmaibinh.com\/w\/thucpham62011\/wp-json\/wp\/v2\/media?parent=32"}],"curies":[{"name":"wp","href":"https:\/\/api.w.org\/{rel}","templated":true}]}}