{"id":383,"date":"2018-05-08T04:09:42","date_gmt":"2018-05-08T04:09:42","guid":{"rendered":"http:\/\/thucpham3.khowebseotop.vn\/?page_id=383"},"modified":"2018-05-08T04:09:42","modified_gmt":"2018-05-08T04:09:42","slug":"chinh-sach-doi-tra","status":"publish","type":"page","link":"https:\/\/webmaibinh.com\/w\/thucpham32011\/chinh-sach-doi-tra\/","title":{"rendered":"Ch\u00ednh s\u00e1ch \u0111\u1ed5i tr\u1ea3"},"content":{"rendered":"<p>Ch\u00ednh s\u00e1ch \u0111\u1ed5i tr\u1ea3<\/p>\n","protected":false},"excerpt":{"rendered":"<p>Ch\u00ednh s\u00e1ch \u0111\u1ed5i tr\u1ea3<\/p>\n","protected":false},"author":1,"featured_media":0,"parent":0,"menu_order":0,"comment_status":"closed","ping_status":"closed","template":"page-right-sidebar.php","meta":[],"_links":{"self":[{"href":"https:\/\/webmaibinh.com\/w\/thucpham32011\/wp-json\/wp\/v2\/pages\/383"}],"collection":[{"href":"https:\/\/webmaibinh.com\/w\/thucpham32011\/wp-json\/wp\/v2\/pages"}],"about":[{"href":"https:\/\/webmaibinh.com\/w\/thucpham32011\/wp-json\/wp\/v2\/types\/page"}],"author":[{"embeddable":true,"href":"https:\/\/webmaibinh.com\/w\/thucpham32011\/wp-json\/wp\/v2\/users\/1"}],"replies":[{"embeddable":true,"href":"https:\/\/webmaibinh.com\/w\/thucpham32011\/wp-json\/wp\/v2\/comments?post=383"}],"version-history":[{"count":1,"href":"https:\/\/webmaibinh.com\/w\/thucpham32011\/wp-json\/wp\/v2\/pages\/383\/revisions"}],"predecessor-version":[{"id":384,"href":"https:\/\/webmaibinh.com\/w\/thucpham32011\/wp-json\/wp\/v2\/pages\/383\/revisions\/384"}],"wp:attachment":[{"href":"https:\/\/webmaibinh.com\/w\/thucpham32011\/wp-json\/wp\/v2\/media?parent=383"}],"curies":[{"name":"wp","href":"https:\/\/api.w.org\/{rel}","templated":true}]}}