{"id":283,"date":"2018-03-09T16:01:03","date_gmt":"2018-03-09T16:01:03","guid":{"rendered":"http:\/\/thucpham2.khowebseotop.vn\/?post_type=product&#038;p=283"},"modified":"2018-03-09T16:03:47","modified_gmt":"2018-03-09T16:03:47","slug":"nhan-sam-tuoi-5-cu-ki","status":"publish","type":"product","link":"https:\/\/webmaibinh.com\/w\/thucpham22011\/san-pham\/nhan-sam-tuoi-5-cu-ki\/","title":{"rendered":"Nh\u00e2n s\u00e2m t\u01b0\u01a1i 5 c\u1ee7\/ k\u00ed"},"content":{"rendered":"<p><strong>Nh\u00e2n s\u00e2m H\u00e0n Qu\u1ed1c 6 n\u0103m<\/strong>\u00a0\u0111\u01b0\u1ee3c \u0111\u00f3ng trong h\u1ed9p g\u1ed3m 5 c\u1ee7 to, nhi\u1ec1u r\u1ec5, s\u00e2m \u0111\u1eb9p v\u00e0 \u0111\u1ee7 tu\u1ed5i, l\u00e0 v\u1ecb thu\u1ed1c b\u1ed5 c\u00f3 r\u1ea5t nhi\u1ec1u l\u1ee3i \u00edch cho con ng\u01b0\u1eddi \u0111\u1ec3 b\u1ed3i d\u01b0\u1ee1ng s\u1ee9c kh\u1ecfe, ph\u1ee5c h\u1ed3i nguy\u00ean kh\u00ed.<\/p>\n<p>Nh\u00e2n s\u00e2m h\u00e0n qu\u1ed1c t\u01b0\u01a1i 6 n\u0103m tu\u1ed5i 4 c\u1ee7\/kg (v\u00f9ng Geumsan) l\u00e0 th\u1ef1c ph\u1ea9m l\u00e0nh m\u1ea1nh n\u1ed5i ti\u1ebfng c\u1ee7a ng\u01b0\u1eddi H\u00e0n.<\/p>\n<p>Nh\u00e2n s\u00e2m H\u00e0n Qu\u1ed1c lo\u1ea1i 5 c\u1ee7 t\u1eebng \u0111\u01b0\u1ee3c b\u00ecnh ch\u1ecdn l\u00e0 s\u1ea3n ph\u1ea9m \u0111\u1ee9ng \u0111\u1ea7u trong TOP 10 s\u1ea3n ph\u1ea9m du l\u1ecdc b\u1edfi B\u1ed9 V\u0103n h\u00f3a, Th\u1ec3 thao v\u00e0 Du l\u1ecbch H\u00e0n Qu\u1ed1c. V\u00ec th\u1ebf, th\u1ecb ph\u1ea7n s\u00e2m t\u01b0\u01a1i chi\u1ebfm t\u1edbi 90% t\u1ed5ng s\u1ea3n l\u01b0\u1ee3ng s\u00e2m th\u1ebf gi\u1edbi. Nh\u1edd c\u00f3 \u0111\u01b0\u1ee3c th\u00e0nh ph\u1ea7n ho\u1ea1t ch\u1ea5t saponin cao g\u1ea5p 2 l\u1ea7n c\u00e1c s\u1ea3n ph\u1ea9m nh\u00e2n s\u00e2m \u0111\u1ebfn t\u1eeb c\u00e1c n\u01b0\u1edbc kh\u00e1c tr\u00ean th\u1ebf gi\u1edbi m\u00e0 hi\u1ec7n nay c\u00f3 t\u1edbi h\u00e0ng ch\u1ee5c ngh\u00ecn t\u1ea5n nh\u00e2n s\u00e2m t\u01b0\u01a1i H\u00e0n Qu\u1ed1c 6 n\u0103m tu\u1ed5i \u0111\u01b0\u1ee3c xu\u1ea5t kh\u1ea9u m\u1ed7i n\u0103m v\u00e0 hi\u1ec7n \u0111\u01b0\u1ee3c ph\u00e2n ph\u1ed1i t\u1ea1i kh\u00e1 nhi\u1ec1u qu\u1ed1c gia tr\u00ean th\u1ebf gi\u1edbi. T\u1ea1i Vi\u1ec7t Nam, ng\u01b0\u1eddi d\u00e2n kh\u00f4ng ch\u1ec9 mua nh\u00e2n s\u00e2m t\u01b0\u01a1i H\u00e0n Qu\u1ed1c v\u1ec1 \u0111\u1ec3 l\u00e0m th\u1ef1c ph\u1ea9m ch\u0103m s\u00f3c s\u1ee9c kh\u1ecfe m\u00e0 c\u00f2n d\u00f9ng \u0111\u1ec3 l\u00e0m qu\u00e0 bi\u1ebfu t\u1eb7ng \u00fd ngh\u0129a v\u00e0o m\u1ed7i d\u1ecbp l\u1ec5 T\u1ebft.<\/p>\n<p><b>B\u1ea3ng gi\u00e1 nh\u00e2n s\u00e2m t\u01b0\u01a1i t\u1ea1i H\u00e0 N\u1ed9i<\/b><\/p>\n<p>Tu\u1ed5i \u0111\u1eddi nh\u00e2n s\u00e2m t\u01b0\u01a1i kh\u00f4ng nh\u1eefng quy\u1ebft \u0111\u1ecbnh ch\u1ea5t l\u01b0\u1ee3ng m\u00e0 c\u00f2n quy\u1ebft \u0111\u1ecbnh gi\u00e1 b\u00e1n c\u1ee7a s\u00e2m t\u01b0\u01a1i. Th\u1ef1c t\u1ebf, c\u00f3 nhi\u1ec1u v\u00f9ng tr\u1ed3ng s\u00e2m t\u01b0\u01a1i kh\u00f4ng \u0111\u1ea1t y\u00eau c\u1ea7u b\u1edfi th\u1eddi ti\u1ebft, kh\u00ed h\u1eadu v\u00e0 \u00e1nh s\u00e1ng n\u00ean h\u1ea7u h\u1ebft c\u00e1c nh\u00e0 s\u1ea3n xu\u1ea5t s\u00e2m t\u01b0 nh\u00e2n th\u01b0\u1eddng thu ho\u1ea1ch s\u00e2m \u1edf \u0111\u1ed9 tu\u1ed5i t\u1eeb 3-4 n\u0103m tu\u1ed5i. Sau khi xu\u1ea5t kh\u1ea9u, do \u0111\u1ec3 l\u00e2u ng\u00e0y n\u00ean s\u00e2m th\u01b0\u1eddng d\u1ec5 g\u1eb7p ph\u1ea3i t\u00ecnh tr\u1ea1ng b\u1ecb th\u1ed1i r\u1eefa. V\u00ec th\u1ebf, khi mua kh\u00e1ch h\u00e0ng th\u01b0\u1eddng r\u1ea5t d\u1ec5 g\u1eb7p ph\u1ea3i t\u00ecnh tr\u1ea1ng n\u00e0y, gi\u00e1 b\u00e1n nh\u00e2n s\u00e2m t\u01b0\u01a1i c\u0169ng gi\u1ea3m do s\u00e2m g\u1ea7n h\u1ecfng.<\/p>\n<p>Vi\u1ec7c mua nh\u00e2n s\u00e2m t\u01b0\u01a1i t\u1ea1i H\u00e0 N\u1ed9i kh\u00f4ng c\u00f2n qu\u00e1 kh\u00f3 kh\u0103n \u0111\u1ed1i v\u1edbi ng\u01b0\u1eddi ti\u00eau d\u00f9ng khi m\u00e0 c\u00e1c \u0111\u1ea1i l\u00fd nh\u00e2n s\u00e2m t\u1ea1i H\u00e0 N\u1ed9i \u0111ang \u0111\u01b0\u1ee3c m\u1edf c\u1eeda h\u00e0ng lo\u1ea1t. \u1ede Vi\u1ec7t Nam, congtynhansam.org t\u1ef1 tin l\u00e0 m\u1ed9t trong nh\u1eefng \u0111\u1ecba ch\u1ec9, \u0111\u1ea1i l\u00fd nh\u00e2n s\u00e2m \u1edf H\u00e0 N\u1ed9i ch\u00ednh h\u00e3ng, ch\u1ec9 chuy\u00ean b\u00e1n nh\u00e2n s\u00e2m H\u00e0n Qu\u1ed1c t\u1ea1i v\u00f9ng Geamsan n\u00ean ch\u1ea5t l\u01b0\u1ee3ng c\u0169ng nh\u01b0 uy t\u00edn ho\u00e0n to\u00e0n \u0111\u1ea3m b\u1ea3o. Qu\u00fd kh\u00e1ch h\u00e0ng c\u00f3 nhu c\u1ea7u mua s\u00e2m t\u01b0\u01a1i H\u00e0n Qu\u1ed1c, ch\u1ec9 c\u1ea7n \u0111\u1eb7t h\u00e0ng tr\u01b0\u1edbc t\u1eeb 2-3 ng\u00e0y, congtynhansam.org s\u1ebd giao tr\u1ef1c ti\u1ebfp \u0111\u1ebfn nh\u00e0 cho qu\u00fd kh\u00e1ch trong th\u1eddi gian s\u1edbm nh\u1ea5t. D\u01b0\u1edbi \u0111\u00e2y l\u00e0 b\u1ea3ng gi\u00e1 nh\u00e2n s\u00e2m \u0111\u1ec3 qu\u00fd kh\u00e1ch tham kh\u1ea3o:<\/p>\n<p><a href=\"http:\/\/thucpham2.khowebseotop.vn\/wp-content\/uploads\/2018\/03\/nhan-sam-tuoi-5-cu-ki-283.jpg\"><img loading=\"lazy\" class=\"aligncenter size-full wp-image-18796\" title=\"Nh\u00e2n s\u00e2m t\u01b0\u01a1i lo\u1ea1i 5 c\u1ee7 \/kg NS003\" src=\"http:\/\/thucpham2.khowebseotop.vn\/wp-content\/uploads\/2018\/03\/nhan-sam-tuoi-5-cu-ki-283.jpg\" alt=\"bang gia sam tuoi noi bat Nh\u00e2n s\u00e2m t\u01b0\u01a1i lo\u1ea1i 5 c\u1ee7 \/kg NS003\" width=\"700\" height=\"1181\" \/><\/a><\/p>\n","protected":false},"excerpt":{"rendered":"<p>Nh\u00e2n s\u00e2m H\u00e0n Qu\u1ed1c 6 n\u0103m\u00a0\u0111\u01b0\u1ee3c \u0111\u00f3ng trong h\u1ed9p g\u1ed3m 5 c\u1ee7 to, nhi\u1ec1u r\u1ec5, s\u00e2m \u0111\u1eb9p v\u00e0 \u0111\u1ee7 tu\u1ed5i, l\u00e0 v\u1ecb thu\u1ed1c b\u1ed5 c\u00f3 r\u1ea5t nhi\u1ec1u l\u1ee3i \u00edch cho con ng\u01b0\u1eddi \u0111\u1ec3 b\u1ed3i d\u01b0\u1ee1ng s\u1ee9c kh\u1ecfe, ph\u1ee5c h\u1ed3i nguy\u00ean kh\u00ed. Nh\u00e2n s\u00e2m h\u00e0n qu\u1ed1c t\u01b0\u01a1i 6 n\u0103m tu\u1ed5i 4 c\u1ee7\/kg (v\u00f9ng Geumsan) l\u00e0 th\u1ef1c [&#8230;]\n","protected":false},"featured_media":284,"comment_status":"open","ping_status":"closed","template":"","meta":[],"_links":{"self":[{"href":"https:\/\/webmaibinh.com\/w\/thucpham22011\/wp-json\/wp\/v2\/product\/283"}],"collection":[{"href":"https:\/\/webmaibinh.com\/w\/thucpham22011\/wp-json\/wp\/v2\/product"}],"about":[{"href":"https:\/\/webmaibinh.com\/w\/thucpham22011\/wp-json\/wp\/v2\/types\/product"}],"replies":[{"embeddable":true,"href":"https:\/\/webmaibinh.com\/w\/thucpham22011\/wp-json\/wp\/v2\/comments?post=283"}],"wp:featuredmedia":[{"embeddable":true,"href":"https:\/\/webmaibinh.com\/w\/thucpham22011\/wp-json\/wp\/v2\/media\/284"}],"wp:attachment":[{"href":"https:\/\/webmaibinh.com\/w\/thucpham22011\/wp-json\/wp\/v2\/media?parent=283"}],"curies":[{"name":"wp","href":"https:\/\/api.w.org\/{rel}","templated":true}]}}