{"id":279,"date":"2018-03-09T15:54:08","date_gmt":"2018-03-09T15:54:08","guid":{"rendered":"http:\/\/thucpham2.khowebseotop.vn\/?post_type=product&#038;p=279"},"modified":"2018-03-09T16:03:54","modified_gmt":"2018-03-09T16:03:54","slug":"nam-lim-xanh-quang-nam","status":"publish","type":"product","link":"https:\/\/webmaibinh.com\/w\/thucpham22011\/san-pham\/nam-lim-xanh-quang-nam\/","title":{"rendered":"N\u1ea5m lim xanh Qu\u1ea3ng Nam"},"content":{"rendered":"<p>N\u1ea5m lim xanh\u00a0h\u1ed9p Qu\u00e0 Bi\u1ebfu T\u1ebft Cao C\u1ea5p 2018 \u0111\u01b0\u1ee3c coi l\u00e0 lo\u1ea1i n\u1ea5m qu\u00fd gi\u00e1 b\u1edfi h\u00e0m l\u01b0\u1ee3ng c\u00e1c th\u00e0nh ph\u1ea7n b\u00ean trong cao h\u01a1n nhi\u1ec1u l\u1ea7n so v\u1edbi n\u1ea5m linh chi xanh H\u00e0n Qu\u1ed1c, Trung Qu\u1ed1c hay Nh\u1eadt B\u1ea3n.<\/p>\n<p><strong>N\u1ea5m lim xanh m\u1ecdc \u1edf \u0111\u00e2u?<\/strong><\/p>\n<p>N\u1ea5m lim xanh Ti\u00ean Ph\u01b0\u1edbc Qu\u1ea3ng Nam v\u1eabn \u0111\u01b0\u1ee3c bi\u1ebft \u0111\u1ebfn nh\u01b0 n\u1ea5m linh chi xanh, l\u00e0 lo\u1ea1i n\u1ea5m m\u1ecdc d\u01b0\u1edbi g\u1ed1c c\u00e2y Lim xanh ( thu\u1ed9c h\u1ecd N\u1ea5m Lim) \u1edf c\u00e1c khu r\u1eebng nguy\u00ean sinh c\u1ee7a d\u00e3y Tr\u01b0\u1eddng S\u01a1n,T\u00e2y Nguy\u00ean v\u00e0 khu v\u1ef1c Nam L\u00e0o. \u0110\u01b0\u1ee3c Vi\u1ec7n D\u01b0\u1ee3c li\u1ec7u Vi\u1ec7t Nam c\u00f4ng b\u1ed1 v\u1edbi t\u00ean khoa h\u1ecdc l\u00e0 Ganoderma lucidum (Leyss. Ex Fr.) Karst c\u00f3 t\u00e1c d\u1ee5ng h\u1eefu hi\u1ec7u \u0111\u1ed1i v\u1edbi b\u1ec7nh ung th\u01b0, b\u1ec7nh gan v\u00e0 m\u1ed9t s\u1ed1 b\u1ec7nh l\u00fd kh\u00e1c<\/p>\n<p><strong>KHUY\u1ebeN C\u00c1O KHI D\u00d9NG N\u1ea4M LIM XANH \u0110\u1ec2 H\u1ed6 TR\u1ee2 PH\u00d2NG V\u00c0 \u0110I\u1ec0U TR\u1eca B\u1ec6NH<\/strong><\/p>\n<p>+ H\u1ea1n ch\u1ebf th\u1ef1c ph\u1ea9m ch\u1ebf bi\u1ebfn s\u1eb5n.<br \/>\n+ \u0102n nhi\u1ec1u rau c\u1ea3i<br \/>\n+ H\u1ea1n ch\u1ebf d\u00f9ng \u0111\u01b0\u1eddng c\u00e1t tr\u1eafng ( c\u00f3 th\u1ec3 thay th\u1ebf b\u1eb1ng m\u1eadt ong).<br \/>\n+ U\u1ed1ng nhi\u1ec1u n\u01b0\u1edbc s\u00f4i \u0111\u1ec3 ngu\u1ed9i \u0111\u1ec3 th\u1ea3i \u0111\u1ed9c.<br \/>\n+ Th\u1ef1c hi\u1ec7n l\u1ed1i s\u1ed1ng l\u00e0nh m\u1ea1nh.<br \/>\n+ C\u1ea7n mua n\u1ea5m lim xanh c\u1ea7n ch\u1ecdn \u0111\u1ecba ch\u1ec9 uy t\u00edn, c\u00f3 gi\u1ea5y ch\u1ee9ng nh\u1eadn r\u00f5 r\u00e0ng c\u1ee7a B\u1ed8 Y T\u1ebe.<br \/>\n+ Khi mua n\u1ea5m lim xanh l\u00e0m QU\u00c0 T\u1eb6NG, QU\u00c0 BI\u1ebeU n\u00ean t\u00ecm hi\u1ec3u v\u00e0 y\u00eau c\u1ea7u \u0111\u01b0\u1ee3c t\u01b0 v\u1ea5n v\u1ec1 h\u01b0\u1edbng d\u1eabn s\u1eed d\u1ee5ng c\u1ee7a ng\u01b0\u1eddi b\u00e1n h\u00e0ng \u0111\u1ec3 gi\u00fap ng\u01b0\u1eddi \u0111\u01b0\u1ee3c t\u1eb7ng c\u00f3 \u0111\u01b0\u1ee3c m\u00f3n qu\u00e0 \u00fd ngh\u0129a nh\u1ea5t.<\/p>\n<p><a href=\"http:\/\/thucpham2.khowebseotop.vn\/wp-content\/uploads\/2018\/03\/nam-lim-xanh-quang-nam-279.jpg\"><img loading=\"lazy\" class=\"aligncenter\" src=\"http:\/\/thucpham2.khowebseotop.vn\/wp-content\/uploads\/2018\/03\/nam-lim-xanh-quang-nam-279.jpg\" alt=\"N\u1ea5m lim xanh Qu\u1ea3ng Nam (H\u1ed9p qu\u00e0 bi\u1ebfu) L294 \" width=\"700\" height=\"700\" \/><\/a><\/p>\n<p><strong>N\u1ea5m lim xanh \u2013 Kh\u1eafc tinh c\u1ee7a ung th\u01b0<\/strong><\/p>\n<p>\u2013 C\u00f4ng d\u1ee5ng c\u1ee7a n\u1ea5m lim xanh t\u1ef1 nhi\u00ean \u0111\u00e3 \u0111\u01b0\u1ee3c Wikipedia ghi ch\u00e9p v\u00e0 c\u00f4ng nh\u1eadn: \u201c gi\u00fap ki\u1ec1m ch\u1ebf \u0111\u00e1ng k\u1ec3 s\u1ef1 ti\u1ebfn tri\u1ec3n c\u1ee7a b\u1ec7nh ung th\u01b0\u201d. Trong b\u00e1o c\u00e1o th\u1ef1c nghi\u1ec7m l\u00e2m s\u00e0ng c\u1ee7a b\u00e1c s\u0129 Kerry Martain ( T\u1ea1p ch\u00ed y t\u1ebf xu\u1ea5t b\u1ea3n t\u1ea1i M\u1ef9), khi b\u00e0 s\u1eed d\u1ee5ng n\u1ea5m lim xanh Ti\u00ean Ph\u01b0\u1edbc ( Qu\u1ea3ng Nam) theo ph\u00e1c \u0111\u1ed3 \u0111i\u1ec1u tr\u1ecb ung th\u01b0, b\u1ec7nh nh\u00e2n \u0111\u00e3 \u0111\u00e1p \u1ee9ng thu\u1ed1c t\u1ed1t v\u00e0 nh\u1eadn \u0111\u01b0\u1ee3c k\u1ebft qu\u1ea3 kh\u1ea3 quan.<\/p>\n<p>\u2013 Hi\u1ec7n nay, v\u1edbi s\u1ef1 \u0111\u1ea7u t\u01b0 nghi\u00eam t\u00fac c\u1ee7a B\u1ed9 Y t\u1ebf Vi\u1ec7t Nam v\u00e0 h\u00e0ng lo\u1ea1t b\u00e1o c\u00e1o ch\u1ee9ng th\u1ef1c \u0111\u00e3 ch\u1ee9ng minh n\u1ea5m lim xanh kh\u00f4ng ch\u1ec9 ng\u0103n s\u1ef1 h\u00ecnh th\u00e0nh v\u00e0 \u1ee9c ch\u1ebf c\u00e1c t\u1ebf b\u00e0o ung th\u01b0, m\u00e0 c\u00f2n hi\u1ec7u qu\u1ea3 v\u1edbi m\u1ed9t s\u1ed1 b\u1ec7nh m\u00e3n t\u00ednh kh\u00e1c nh\u01b0: vi\u00eam gan B, gan nhi\u1ec5m m\u1ee1, b\u1ec7nh gout\u2026<\/p>\n<p><strong>B\u1ea3o v\u1ec7 ng\u01b0\u1eddi b\u1ec7nh ung th\u01b0 khi mua n\u1ea5m lim xanh<\/strong><\/p>\n<p>N\u1ea5m lim xanh mang \u0111\u1ebfn hi\u1ec7u qu\u1ea3 t\u00edch c\u1ef1c \u0111\u1ed1i v\u1edbi b\u1ec7nh ung th\u01b0. Tuy nhi\u00ean, c\u1ea7n b\u1ed5 sung n\u1ea5m theo t\u1eebng giai \u0111o\u1ea1n \u0111i\u1ec1u tr\u1ecb c\u00f9ng m\u1ee9c th\u00edch \u1ee9ng c\u1ee7a c\u01a1 th\u1ec3. N\u1ebfu d\u00f9ng n\u1ea5m \u0111\u1ec3 b\u1ed3i b\u1ed5 v\u00e0 h\u1ed7 tr\u1ee3 ng\u0103n ng\u1eeba ung th\u01b0 th\u00ec c\u00f3 hi\u1ec7u qu\u1ea3 \u0111\u1eb7c bi\u1ec7t do c\u0103n b\u1ec7nh n\u00e0y c\u00f3 ngu\u1ed3n g\u1ed1c b\u1edfi s\u1ef1 t\u00edch l\u0169y \u0111\u1ed9c t\u1ed1 m\u00e0 ph\u00e1t sinh. N\u1ebfu d\u00f9ng n\u1ea5m khi b\u1ec7nh ung th\u01b0 \u0111\u00e3 di c\u0103n s\u1ebd gi\u00fap ph\u00e1t huy t\u1ed1i \u0111a vai tr\u00f2 mi\u1ec5n d\u1ecbch \u0111\u1ec3 gi\u00fap ng\u01b0\u1eddi b\u1ec7nh ch\u1ed1ng ch\u1ecdi v\u1edbi c\u00e1c ph\u01b0\u01a1ng ph\u00e1p \u0111i\u1ec1u tr\u1ecb.<\/p>\n<p><img loading=\"lazy\" class=\"aligncenter\" src=\"http:\/\/thucpham2.khowebseotop.vn\/wp-content\/uploads\/2018\/03\/nam-lim-xanh-quang-nam-279-1.jpg\" alt=\"N\u1ea5m lim xanh Qu\u1ea3ng Nam (H\u1ed9p qu\u00e0 bi\u1ebfu) L294 2\" width=\"700\" height=\"700\" \/><\/p>\n<p><strong>N\u1ea5m lim xanh Qu\u1ea3ng Nam c\u00f3 nh\u1eefng th\u00e0nh ph\u1ea7n n\u00e0o?<\/strong><\/p>\n<p>N\u1ea5m lim xanh Qu\u1ea3ng Nam c\u00f3 ch\u1ee9a th\u00e0nh ph\u1ea7n c\u1ea5u tr\u00fac \u0111\u1ed9c \u0111\u00e1o bao g\u1ed3m c\u00e1c nguy\u00ean t\u1ed1 kho\u00e1ng vi l\u01b0\u1ee3ng ( kho\u1ea3ng 119 ch\u1ea5t) v\u1edbi c\u00e1c kho\u00e1ng t\u1ed1 quan tr\u1ecdng nh\u01b0: Germaniumh\u1eefu c\u01a1, vanadium, cr\u00f4m\u2026polysaccharides v\u00e0 triterpenoids\u2026 C\u00f3 ch\u1ee9c n\u0103ng ch\u00ednh: gi\u1ea3i \u0111\u1ed9c, t\u0103ng kh\u1ea3 n\u0103ng mi\u1ec5n d\u1ecbch, c\u1ea3i thi\u1ec7n ch\u1ee9c n\u0103ng gan, huy\u1ebft \u00e1p, l\u00e0m gi\u1ea3m cholesterol, h\u1ed7 tr\u1ee3 ch\u1ed1ng ung th\u01b0. Trong \u0111\u00f3, v\u1edbi th\u00e0nh ph\u1ea7n selenium, n\u1ea5m lim xanh gi\u00fap c\u1ea3i thi\u1ec7n v\u00e0 h\u1ed7 tr\u1ee3 ph\u00f2ng ng\u1eeba \u0111\u00e1ng k\u1ec3 b\u1ec7nh ung th\u01b0 ru\u1ed9t, ung th\u01b0 ph\u1ed5i.<\/p>\n<p><strong>Nh\u1eefng ai n\u00ean s\u1eed d\u1ee5ng n\u1ea5m lim xanh?<\/strong><\/p>\n<p><strong>1. Nh\u00f3m \u0111\u1ed1i t\u01b0\u1ee3ng th\u1ee9 nh\u1ea5t: ung th\u01b0 ( ph\u1ed5i, gan, ru\u1ed9t,\u2026), ti\u1ec3u \u0111\u01b0\u1eddng, b\u1ec7nh gout, b\u1ec7nh y\u1ebfu sinh l\u00fd.<\/strong><\/p>\n<p>+ S\u1eed d\u1ee5ng n\u1ea5m lim xanh t\u1ef1 nhi\u00ean \u0111\u1ec3 h\u1ed7 tr\u1ee3 ch\u1eefa b\u1ec7nh v\u00e0 ph\u00f2ng tr\u00e1nh ung th\u01b0, vi\u00eam gan, x\u01a1 gan, b\u1ec7nh m\u00e1u nhi\u1ec5m m\u1ee1.<\/p>\n<p>+ H\u1ed7 tr\u1ee3 ch\u1eefa tr\u1ecb y\u1ebfu sinh l\u00fd, \u0111i\u1ec1u h\u00f2a huy\u1ebft \u00e1p, l\u00e0m gi\u1ea3m l\u01b0\u1ee3ng m\u1ee1 th\u1eeba, gi\u1ea3m c\u00e2n.<\/p>\n<p><strong>2. Nh\u00f3m \u0111\u1ed1i t\u01b0\u1ee3ng th\u1ee9 hai: nh\u00f3m c\u00f3 nguy c\u01a1 m\u1eafc c\u00e1c ch\u1ee9ng b\u1ec7nh c\u1ee7a nh\u00f3m th\u1ee9 nh\u1ea5t. C\u1ea7n ph\u1ea3i s\u1eed d\u1ee5ng n\u1ea5m lim xanh b\u1edfi:<\/strong><\/p>\n<p>+\u00a0\u00a0B\u1ec7nh t\u1eadt lu\u00f4n c\u00f3 m\u1ed9t qu\u00e1 tr\u00ecnh d\u00e0i \u1ee7 b\u1ec7nh v\u00e0 khi \u0111\u00e3 ph\u00e1t t\u00e1c th\u01b0\u1eddng r\u1ea5t kh\u00f3 \u0111\u1ec3 \u0111i\u1ec1u tr\u1ecb v\u00e0 kh\u1eafc ph\u1ee5c.<\/p>\n<p>+\u00a0\u00a0N\u1ea5m lim xanh ch\u1ee7 y\u1ebfu ho\u1ea1t \u0111\u1ed9ng theo c\u01a1 ch\u1ebf chung l\u00e0 k\u00edch th\u00edch h\u1ec7 mi\u1ec5n d\u1ecbch c\u00f3 th\u1ec3 s\u1ea3n sinh c\u00e1c kh\u00e1ng nguy\u00ean \u0111\u1ec3 gi\u00fap b\u1ea3o v\u1ec7 v\u00e0 tri\u1ec7t ti\u00eau c\u00e1c b\u1ec7nh l\u00fd c\u1ee7a c\u01a1 th\u1ec3 gi\u00fap h\u1ed7 tr\u1ee3 ph\u00f2ng ng\u1eeba b\u1ec7nh t\u1eadt.<\/p>\n<p><strong>3. Nh\u00f3m \u0111\u1ed1i t\u01b0\u1ee3ng th\u1ee9 ba (\u0111\u01b0\u1ee3c khuy\u1ebfn ngh\u1ecb khuy\u00ean d\u00f9ng): ng\u01b0\u1eddi gi\u00e0, b\u1ec7nh nh\u00e2n v\u1eeba tr\u1ea3i qua ph\u1eabu thu\u1eadt, ph\u1ee5 n\u1eef sau sinh. C\u1ea7n mua n\u1ea5m lim xanh \u0111\u1ec3 gi\u00fap:<\/strong><\/p>\n<p>+\u00a0\u00a0B\u1ed3i b\u1ed5 c\u01a1 th\u1ec3<\/p>\n<p>+\u00a0 C\u00f3 s\u1ee9c kh\u1ecfe b\u1ec1n b\u1ec9.<\/p>\n<p>+\u00a0 L\u00e0m gi\u1ea3m c\u00e1c bi\u1ebfn ch\u1ee9ng.<\/p>\n<p>==&gt; N\u1ea5m lim xanh l\u00e0 th\u1ea3o d\u01b0\u1ee3c thi\u00ean nhi\u00ean Vi\u1ec7t lu\u00f4n \u0111\u01b0\u1ee3c d\u00f9ng nh\u01b0 m\u00f3n qu\u00e0 trong d\u1ecbp ch\u00fac th\u1ecd, l\u1ec5 T\u1ebft, l\u00e0 s\u1ea3n ph\u1ea9m c\u00f3 \u00edch cho nh\u1eefng ng\u01b0\u1eddi cao tu\u1ed5i.<\/p>\n<p><strong>C\u00e1ch s\u1eed d\u1ee5ng n\u1ea5m lim xanh Qu\u1ea3ng Nam mang \u0111\u1ebfn hi\u1ec7u qu\u1ea3 cao<\/strong><\/p>\n<p><strong>1. C\u00e1ch n\u1ea5u n\u01b0\u1edbc n\u1ea5m lim xanh Qu\u1ea3ng Nam \u0111\u1ec3 u\u1ed1ng h\u00e0ng ng\u00e0y ( c\u00e1ch d\u00f9ng \u0111\u01a1n gi\u1ea3n v\u00e0 hi\u1ec7u qu\u1ea3 nh\u1ea5t):<\/strong><\/p>\n<p>+ Th\u00e1i nh\u1ecf tai n\u1ea5m.<br \/>\n+ H\u00e0m l\u01b0\u1ee3ng n\u1ea5m lim xanh: kho\u1ea3ng 20g-50g.<br \/>\n+ Cho n\u1ea5m lim xanh v\u00e0o 2 l\u00edt n\u01b0\u1edbc \u0111un s\u00f4i, \u0111\u1ec3 l\u1eeda nh\u1ecf kho\u1ea3ng 30p, c\u00f2n 1,5 l\u00edt.<br \/>\n+ \u0110\u1ec3 ngu\u1ed9i c\u00f3 th\u1ec3 s\u1eed d\u1ee5ng ngay.<br \/>\n+ B\u00e3 n\u1ea5m c\u00f3 th\u1ec3 n\u1ea5u th\u00eam 1 l\u1ea7n n\u1eefa nh\u01b0ng gi\u1ea3m l\u01b0\u1ee3ng n\u01b0\u1edbc ( kho\u1ea3ng 1 l\u00edt n\u01b0\u1edbc \u0111un s\u00f4i), n\u1ea5u cho \u0111\u1ebfn khi c\u00f2n kho\u1ea3ng 0,5 l\u00edt.<br \/>\n+ U\u1ed1ng li\u00ean t\u1ee5c h\u00e0ng ng\u00e0y.<\/p>\n<p><strong>2. H\u00e3m n\u01b0\u1edbc u\u1ed1ng<\/strong><\/p>\n<p>+ C\u00e1ch 1: Th\u00e1i l\u00e1t m\u1ecfng n\u1ea5m r\u1ed3i cho v\u00e0o ph\u00edch n\u01b0\u1edbc, \u0111\u1ec3 trong m\u1ed9t gi\u1edd, u\u1ed1ng d\u1ea7n h\u00e0ng ng\u00e0y.<br \/>\n+ C\u00e1ch 2: H\u00e3m tr\u00e0: Nghi\u1ec1n n\u1ea5m th\u00e0nh b\u1ed9t, b\u1ecdc v\u00e0o t\u00fai v\u1ea3i, cho v\u00e0o \u1ea5m kho\u1ea3ng 5 ph\u00fat v\u00e0 u\u1ed1ng h\u1ebft c\u1ea3 b\u00e3.<\/p>\n<p><strong>3. Ng\u00e2m r\u01b0\u1ee3u: d\u00f9ng cho nam gi\u1edbi th\u01b0\u1eddng xuy\u00ean u\u1ed1ng r\u01b0\u1ee3u<\/strong><\/p>\n<p>+ \u0110\u1ec3 nguy\u00ean chi\u1ebfc ho\u1eb7c th\u00e1i l\u00e1t m\u1ecfng.<br \/>\n+ Ng\u00e2m r\u01b0\u1ee3u 35-40 \u0111\u1ed9.<br \/>\n+ Th\u1eddi gian ng\u00e2m: kho\u1ea3ng 20 ng\u00e0y.<br \/>\n+ U\u1ed1ng 1-2 ch\u00e9n v\u00e0o bu\u1ed5i t\u1ed1i<\/p>\n<p><strong>L\u01b0u \u00fd:<\/strong>\u00a0th\u1eddi gian \u0111\u1ea7u m\u1edbi d\u00f9ng n\u00ean d\u00f9ng li\u1ec1u kho\u1ea3ng 10-30g\/ ng\u00e0y. D\u00f9ng t\u1eeb \u00edt \u0111\u1ebfn nhi\u1ec1u \u0111\u1ec3 c\u01a1 th\u1ec3 th\u00edch nghi d\u1ea7n r\u1ed3i m\u1edbi t\u0103ng l\u00ean theo li\u1ec1u l\u01b0\u1ee3ng quy \u0111\u1ecbnh.<\/p>\n<p><strong>N\u1ea5m lim xanh bao nhi\u00eau ti\u1ec1n 1kg?<\/strong><\/p>\n<p>R\u1ea5t nhi\u1ec1u ng\u01b0\u1eddi quan t\u00e2m \u0111\u1ed1i v\u1edbi c\u00e1c c\u00e2u h\u1ecfi: Gi\u00e1 n\u1ea5m lim xanh Qu\u1ea3ng Nam l\u00e0 bao nhi\u00eau? N\u1ea5m lim xanh gi\u00e1 bao nhi\u00eau? Gi\u00e1 c\u1ee7a 1kg n\u1ea5m lim xanh th\u00f4ng th\u01b0\u1eddng.<\/p>\n<p>S\u1ee9c h\u00fat c\u1ee7a n\u1ea5m lim xanh \u0111\u00e3 lan t\u1ecfa kh\u00f4ng ch\u1ec9 t\u1ea1i Vi\u1ec7t Nam, m\u1ed9t s\u1ed1 n\u01b0\u1edbc l\u00e1ng gi\u1ec1ng nh\u01b0 L\u00e0o, Trung Qu\u1ed1c, Nh\u1eadt B\u1ea3n c\u0169ng \u0111ang b\u1eaft thu mua lo\u1ea1i n\u1ea5m n\u00e0y. Ch\u00ednh b\u1edfi l\u1ee3i nhu\u1eadn v\u1ec1 gi\u00e1 tr\u1ecb m\u00e0 kh\u00f4ng \u00edt c\u01a1 s\u1edf \u0111\u00e3 s\u1eed d\u1ee5ng lo\u1ea1i n\u1ea5m t\u1ef1 tr\u1ed3ng v\u00e0 ng\u00e2m b\u1eb1ng h\u00f3a ch\u1ea5t \u0111\u1ec3 b\u00e1n cho ng\u01b0\u1eddi ti\u00eau d\u00f9ng. Khi s\u1eed d\u1ee5ng c\u00f3 nguy c\u01a1 B\u1eca NG\u1ed8 \u0110\u1ed8C v\u00e0 \u1ea3nh h\u01b0\u1edfng \u0111\u1ebfn s\u1ee9c kh\u1ecfe.<\/p>\n<p>V\u00ec th\u1ebf, khi c\u1ea7n mua n\u1ea5m lim xanh, ngo\u00e0i vi\u1ec7c t\u00ecm hi\u1ec3u nh\u1eefng c\u01a1 s\u1edf v\u00e0 \u0111\u1ecba ch\u1ec9 uy t\u00edn, kh\u00e1ch h\u00e0ng c\u0169ng c\u1ea7n quan t\u00e2m \u0111\u1ebfn gi\u00e1 c\u1ee7a n\u1ea5m lim xanh nh\u01b0 th\u1ebf n\u00e0o.<\/p>\n","protected":false},"excerpt":{"rendered":"<p>N\u1ea5m lim xanh\u00a0h\u1ed9p Qu\u00e0 Bi\u1ebfu T\u1ebft Cao C\u1ea5p 2018 \u0111\u01b0\u1ee3c coi l\u00e0 lo\u1ea1i n\u1ea5m qu\u00fd gi\u00e1 b\u1edfi h\u00e0m l\u01b0\u1ee3ng c\u00e1c th\u00e0nh ph\u1ea7n b\u00ean trong cao h\u01a1n nhi\u1ec1u l\u1ea7n so v\u1edbi n\u1ea5m linh chi xanh H\u00e0n Qu\u1ed1c, Trung Qu\u1ed1c hay Nh\u1eadt B\u1ea3n. N\u1ea5m lim xanh m\u1ecdc \u1edf \u0111\u00e2u? N\u1ea5m lim xanh Ti\u00ean Ph\u01b0\u1edbc Qu\u1ea3ng Nam v\u1eabn [&#8230;]\n","protected":false},"featured_media":280,"comment_status":"open","ping_status":"closed","template":"","meta":[],"_links":{"self":[{"href":"https:\/\/webmaibinh.com\/w\/thucpham22011\/wp-json\/wp\/v2\/product\/279"}],"collection":[{"href":"https:\/\/webmaibinh.com\/w\/thucpham22011\/wp-json\/wp\/v2\/product"}],"about":[{"href":"https:\/\/webmaibinh.com\/w\/thucpham22011\/wp-json\/wp\/v2\/types\/product"}],"replies":[{"embeddable":true,"href":"https:\/\/webmaibinh.com\/w\/thucpham22011\/wp-json\/wp\/v2\/comments?post=279"}],"wp:featuredmedia":[{"embeddable":true,"href":"https:\/\/webmaibinh.com\/w\/thucpham22011\/wp-json\/wp\/v2\/media\/280"}],"wp:attachment":[{"href":"https:\/\/webmaibinh.com\/w\/thucpham22011\/wp-json\/wp\/v2\/media?parent=279"}],"curies":[{"name":"wp","href":"https:\/\/api.w.org\/{rel}","templated":true}]}}