{"id":276,"date":"2018-03-09T15:52:11","date_gmt":"2018-03-09T15:52:11","guid":{"rendered":"http:\/\/thucpham2.khowebseotop.vn\/?post_type=product&#038;p=276"},"modified":"2018-03-09T16:04:03","modified_gmt":"2018-03-09T16:04:03","slug":"sam-ngoc-linh-8-10-nam-tuoi","status":"publish","type":"product","link":"https:\/\/webmaibinh.com\/w\/thucpham22011\/san-pham\/sam-ngoc-linh-8-10-nam-tuoi\/","title":{"rendered":"S\u00e2m Ng\u1ecdc Linh 8 -10 n\u0103m tu\u1ed5i"},"content":{"rendered":"<h2>S\u00e2m ng\u1ecdc linh tr\u1ed3ng 8 \u2013 10 n\u0103m tu\u1ed5i 50g\u00a02 \u2013 4 c\u1ee7<\/h2>\n<p>N\u1ebfu cao nguy\u00ean T\u00e2y T\u1ea1ng c\u00f3 \u201c th\u1ea7n d\u01b0\u1ee3c\u201d \u0111\u00f4ng tr\u00f9ng h\u1ea1 th\u1ea3o th\u00ec \u0111\u1ec9nh tr\u1eddi Ng\u1ecdc Linh c\u1ee7a Qu\u1ea3ng Nam c\u00f3 m\u1ed9t lo\u1ea1i c\u00e2y thu\u1ed1c v\u00f4 c\u00f9ng qu\u00fd hi\u1ebfm m\u00e0 ng\u01b0\u1eddi d\u00e2n t\u1ed9c thi\u1ec3u s\u1ed1 \u0111\u1ed3ng b\u00e0o X\u00ea \u0110\u0103ng g\u1ecdi n\u00f3 l\u00e0 c\u00e2y thu\u1ed1c d\u1ea5u ch\u1eefa b\u00e1ch b\u1ec7nh. \u0110\u00f3 l\u00e0\u00a0<strong>s\u00e2m n\u00fai Ng\u1ecdc Linh t\u1ef1 nhi\u00ean<\/strong>.<\/p>\n<p>Tham kh\u1ea3o th\u00eam s\u1ea3n ph\u1ea9m:\u00a0<strong>S\u00e2m Ng\u1ecdc Linh n\u00fai 45 n\u0103m tu\u1ed5i lo\u1ea1i 2 c\u1ee7\/l\u1ea1ng<\/strong><\/p>\n<p><a href=\"http:\/\/thucpham2.khowebseotop.vn\/wp-content\/uploads\/2018\/03\/sam-ngoc-linh-8-10-nam-tuoi-276.jpg\"><img class=\"aligncenter wp-image-21849\" src=\"http:\/\/thucpham2.khowebseotop.vn\/wp-content\/uploads\/2018\/03\/sam-ngoc-linh-8-10-nam-tuoi-276.jpg\" alt=\"1000x1000-hinh dau tien trong bai viet\" \/><\/a><\/p>\n<p>S\u00e2m Ng\u1ecdc Linh ph\u00e2n b\u1ed1 trong nh\u1eefng khu r\u1eebng nguy\u00ean sinh, v\u1edbi \u0111\u1ed9 cao h\u00e0ng ngh\u00ecn m\u00e9t, \u0111\u1ecba h\u00ecnh hi\u1ec3m tr\u1edf, n\u00fai non m\u00e0 ng\u01b0\u1eddi \u0111i r\u1eebng c\u00f3 khi ph\u1ea3i \u0111i d\u00f2ng h\u00e0ng th\u00e1ng tr\u1eddi, s\u1ed1ng chung v\u1edbi s\u1ed1t r\u00e9t, m\u00e3ng x\u00e0, r\u1eafn h\u1ed5 mang\u2026m\u1edbi c\u00f3 th\u1ec3 t\u00ecm th\u1ea5y. X\u01b0a kia, ng\u01b0\u1eddi \u0111\u1ed3ng b\u00e0o X\u00ea \u0110\u0103ng gi\u1ea5u cho ri\u00eang m\u00ecnh, m\u00e3i \u0111\u1ebfn n\u0103m 1973 m\u1ed9t \u0111o\u00e0n d\u01b0\u1ee3c li\u1ec7u c\u1ee7a Trung \u01b0\u01a1ng m\u1edbi ph\u00e1t hi\u1ec7n ra v\u1ecb tr\u00ed sinh s\u1ed1ng c\u1ee7a n\u00f3 sau nhi\u1ec1u n\u0103m r\u00f2ng t\u00ecm ki\u1ebfm. Ng\u00e0y nay, nhi\u1ec1u c\u00f4ng tr\u00ecnh khoa h\u1ecdc c\u0169ng ch\u1ee9ng minh<strong>\u00a0s\u00e2m Ng\u1ecdc Linh l\u00e0 lo\u1ea1i s\u00e2m t\u1ed1t nh\u1ea5t th\u1ebf gi\u1edbi<\/strong>, h\u00e0m l\u01b0\u1ee3ng saponin cao g\u1ea5p 3 \u2013 4 l\u1ea7n nh\u00e2n s\u00e2m Tri\u1ec1u Ti\u00ean. \u0110\u00e2y c\u0169ng l\u00e0 kh\u1eb3ng \u0111\u1ecbnh c\u1ee7a Ti\u1ebfn s\u0129 V\u01b0\u01a1ng Qu\u1ed1c V\u01b0\u1ee3ng \u2013 C\u1ee5c tr\u01b0\u1edfng C\u1ee5c qu\u1ea3n l\u00ed d\u01b0\u1ee3c Vi\u1ec7t Nam.<\/p>\n<p>Hi\u1ec7n nay, S\u00e2m Ng\u1ecdc Linh \u0111ang b\u1ecb s\u0103n l\u00f9ng r\u00e1o ri\u1ebft n\u00ean g\u1ea7n nh\u01b0 bi\u1ebfn m\u1ea5t trong t\u1ef1 nhi\u00ean. C\u00f3 ti\u1ec1n ch\u01b0a ch\u1eafc \u0111\u00e3 mua \u0111\u01b0\u1ee3c, v\u00ec v\u1eady, \u0111\u1ed3ng b\u00e0o d\u00e2n t\u1ed9c X\u00ea \u0110\u0103ng s\u1ed1ng t\u1ea1i v\u00f9ng n\u00fai cao Ng\u1ecdc Linh \u0111\u00e3 khoanh v\u00f9ng, quy ho\u1ea1ch nh\u00e2n gi\u1ed1ng s\u00e2m Ng\u1ecdc Linh trong t\u1ef1 nhi\u00ean. M\u1eb7c d\u00f9 \u0111\u01b0\u1ee3c g\u1ecdi l\u00e0\u00a0<strong>s\u00e2m Ng\u1ecdc Linh tr\u1ed3ng<\/strong>\u00a0nh\u01b0ng ho\u00e0n to\u00e0n kh\u00f4ng c\u00f3 s\u1ef1 can thi\u1ec7p v\u1ec1 ph\u00e2n b\u00f3n, thu\u1ed1c men m\u00e0 s\u00e2m ho\u00e0n to\u00e0n \u0111\u01b0\u1ee3c sinh tr\u01b0\u1edfng trong r\u1eebng nguy\u00ean sinh, kh\u00e1c \u1edf ch\u1ed7 \u0111\u01b0\u1ee3c con ng\u01b0\u1eddi b\u1ea3o v\u1ec7, ph\u00e1t b\u1ee5i r\u1eadm tr\u1ed3ng th\u00eam s\u00e2m m\u00e0 th\u00f4i. V\u00ec v\u1eady,\u00a0<strong>s\u00e2m Ng\u1ecdc Linh n\u00fai<\/strong>\u00a0c\u0169ng r\u1ea5t \u0111\u01b0\u1ee3c \u01b0a chu\u1ed9ng, c\u00f3 gi\u00e1 tr\u1ecb kh\u00f4ng k\u00e9m s\u00e2m t\u1ef1 nhi\u00ean.<br \/>\nB\u00ean c\u1ea1nh ph\u00e2n ph\u1ed1i s\u00e2m Ng\u1ecdc Linh t\u1ef1 nhi\u00ean th\u00ec On Plaza c\u0169ng \u0111ang l\u00e0 m\u1ed9t trong s\u1ed1 \u00edt \u0111\u1ecba ch\u1ec9 ph\u00e2n ph\u1ed1i<strong>\u00a0s\u00e2m Ng\u1ecdc Linh<\/strong>\u00a0tr\u1ed3ng tr\u00ean n\u00fai \u0111\u01b0\u1ee3c khai th\u00e1c tr\u1ef1c ti\u1ebfp t\u1eeb Qu\u1ea3ng Nam v\u00e0 Kontum \u2013cam k\u1ebft \u0111\u1ea3m b\u1ea3o ch\u1ea5t l\u01b0\u1ee3ng t\u1ed1t nh\u1ea5t hi\u1ec7n nay<\/p>\n","protected":false},"excerpt":{"rendered":"<p>S\u00e2m ng\u1ecdc linh tr\u1ed3ng 8 \u2013 10 n\u0103m tu\u1ed5i 50g\u00a02 \u2013 4 c\u1ee7 N\u1ebfu cao nguy\u00ean T\u00e2y T\u1ea1ng c\u00f3 \u201c th\u1ea7n d\u01b0\u1ee3c\u201d \u0111\u00f4ng tr\u00f9ng h\u1ea1 th\u1ea3o th\u00ec \u0111\u1ec9nh tr\u1eddi Ng\u1ecdc Linh c\u1ee7a Qu\u1ea3ng Nam c\u00f3 m\u1ed9t lo\u1ea1i c\u00e2y thu\u1ed1c v\u00f4 c\u00f9ng qu\u00fd hi\u1ebfm m\u00e0 ng\u01b0\u1eddi d\u00e2n t\u1ed9c thi\u1ec3u s\u1ed1 \u0111\u1ed3ng b\u00e0o X\u00ea \u0110\u0103ng g\u1ecdi n\u00f3 [&#8230;]\n","protected":false},"featured_media":277,"comment_status":"open","ping_status":"closed","template":"","meta":[],"_links":{"self":[{"href":"https:\/\/webmaibinh.com\/w\/thucpham22011\/wp-json\/wp\/v2\/product\/276"}],"collection":[{"href":"https:\/\/webmaibinh.com\/w\/thucpham22011\/wp-json\/wp\/v2\/product"}],"about":[{"href":"https:\/\/webmaibinh.com\/w\/thucpham22011\/wp-json\/wp\/v2\/types\/product"}],"replies":[{"embeddable":true,"href":"https:\/\/webmaibinh.com\/w\/thucpham22011\/wp-json\/wp\/v2\/comments?post=276"}],"wp:featuredmedia":[{"embeddable":true,"href":"https:\/\/webmaibinh.com\/w\/thucpham22011\/wp-json\/wp\/v2\/media\/277"}],"wp:attachment":[{"href":"https:\/\/webmaibinh.com\/w\/thucpham22011\/wp-json\/wp\/v2\/media?parent=276"}],"curies":[{"name":"wp","href":"https:\/\/api.w.org\/{rel}","templated":true}]}}