{"id":133,"date":"2018-01-17T02:02:51","date_gmt":"2018-01-17T02:02:51","guid":{"rendered":"http:\/\/thucpham2.khowebseotop.vn\/?page_id=133"},"modified":"2018-03-10T04:47:42","modified_gmt":"2018-03-10T04:47:42","slug":"gioi-thieu","status":"publish","type":"page","link":"https:\/\/webmaibinh.com\/w\/thucpham22011\/gioi-thieu\/","title":{"rendered":"Gi\u1edbi thi\u1ec7u"},"content":{"rendered":"<p>\u201c<strong>\u0110\u1ec3 c\u00f3 m\u1ed9t s\u1ee9c kh\u1ecfe\u00a0 b\u1ec1n v\u1eefng ch\u00fang ta h\u00e3y tin t\u01b0\u1edfng\u00a0 v\u00e0 l\u1ef1a ch\u1ecdn \u00a0nh\u1eefng b\u00e0i thu\u1ed1c qu\u00fd \u00a0t\u1eeb\u00a0 th\u1ea3o d\u01b0\u1ee3c\u201d\u00a0<\/strong><\/p>\n<p>C\u00f3 m\u1ed9t gi\u1ea5c m\u01a1 ng\u00e0n \u0111\u1eddi c\u1ee7a lo\u00e0i ng\u01b0\u1eddi, c\u00f3 m\u1ed9t kh\u00e1t v\u1ecdng l\u1edbn h\u01a1n r\u1ea5t nhi\u1ec1u kh\u00e1t v\u1ecdng, m\u1ed9t ph\u01b0\u01a1ng thu\u1ed1c \u201cTr\u01b0\u1eddng sinh b\u1ea5t l\u00e3o\u201d\u00a0 b\u1ea5y l\u00e2u lo\u00e0i ng\u01b0\u1eddi h\u1eb1ng mong \u01b0\u1edbc. T\u1eeb th\u1eddi xa x\u01b0a, con ng\u01b0\u1eddi \u0111\u00e3 c\u1ea5t c\u00f4ng t\u00ecm ki\u1ebfm v\u00e0 nghi\u00ean c\u1ee9u \u0111\u1ec3 t\u00ecm ra \u0111\u01b0\u1ee3c v\u1ecb thu\u1ed1c nh\u01b0 th\u1ebf. \u00a0Ng\u00e0y nay, c\u00f9ng v\u1edbi s\u1ef1 ph\u00e1t tri\u1ec3n c\u1ee7a x\u00e3 h\u1ed9i k\u00e9o theo c\u00e1c c\u0103n b\u1ec7nh nan y, l\u00e0m \u0111au \u0111\u1ea7u c\u00e1c nh\u00e0 khoa h\u1ecdc. \u0110\u1ec3 gi\u1ea3i quy\u1ebft nh\u1eefng v\u1ea5n \u0111\u1ec1 c\u1ea5p b\u00e1ch v\u1ec1 s\u1ee9c kh\u1ecfe \u00a0con ng\u01b0\u1eddi \u0111\u00e3 t\u00ecm \u0111\u1ebfn nh\u1eefng b\u00e0i thu\u1ed1c t\u00e2y y ch\u1eefa nhanh, k\u1ecbp th\u1eddi, nh\u01b0ng \u00edt ai nh\u00ecn r\u00f5 \u0111\u01b0\u1ee3c t\u00e1c h\u1ea1i c\u1ee7a n\u00f3 v\u1ec1 sau n\u00e0y.\u00a0Ch\u00fang ta d\u1ec5 d\u00e0ng tin v\u00e0o nh\u1eefng t\u00e1c d\u1ee5ng d\u1ec5 th\u1ea5y tr\u01b0\u1edbc m\u1eaft m\u00e0 kh\u00f4ng nh\u1eadn ra nh\u1eefng t\u00e1c h\u1ea1i m\u00e0 thu\u1ed1c t\u00e2y mang l\u1ea1i l\u00e2u d\u00e0i v\u1ec1 sau<em>.<\/em>\u00a0S\u1ef1\u00a0ch\u1ecdn l\u1ef1a c\u1ee7a ch\u00fang ta lu\u00f4n nghi\u00eang v\u1ec1\u00a0c\u00e1i \u0111\u01b0\u1ee3c m\u1ec7nh danh l\u00e0 hi\u1ec7n \u0111\u1ea1i cho s\u1ef1\u00a0ti\u1ec7n l\u1ee3i c\u1ee7a cu\u1ed9c s\u1ed1ng b\u1ecf\u00a0qua s\u1ef1\u00a0ch\u1ecdn l\u1ef1a b\u1ec1n v\u1eefng.<\/p>\n<p>Thu\u1ed1c T\u00e2y Y ng\u00e0y nay chi\u1ebfm l\u0129nh th\u1ecb tr\u01b0\u1eddng kh\u1eafp m\u1ecdi mi\u1ec1n tr\u00ean th\u1ebf gi\u1edbi, \u0111i s\u00e2u v\u00e0o c\u1ea3 v\u00f9ng qu\u00ea h\u1ebbo l\u00e1nh<em>,<\/em>\u00a0\u0111\u1ec3 r\u1ed3i con ng\u01b0\u1eddi ta d\u1ea7n qu\u00ean \u0111i c\u1ea3 m\u1ed9t v\u01b0\u1eddn thu\u1ed1c qu\u00fd gi\u00e1 \u1edf xung quanh \u00a0m\u00e0 thi\u00ean nhi\u00ean k\u1ef3 di\u1ec7u \u0111\u00e3 trao t\u1eb7ng. N\u1ebfu ch\u00fang ta tinh \u00fd m\u1ed9t ch\u00fat th\u00ec m\u1ed9t lo\u1ea1i c\u1ecf d\u1ea1i hay m\u1ed9t c\u00e2y c\u1ee7 trong v\u01b0\u1eddn, \u0111\u00f4i khi l\u1ea1i c\u00f3 nh\u1eefng t\u00e1c d\u1ee5ng th\u1ea7n k\u1ef3 cho cu\u1ed9c s\u1ed1ng m\u00e0 ta kh\u00f4ng ng\u1edd t\u1edbi. Nh\u1eefng\u00a0 c\u00e2y, c\u1ee7 \u0111\u00f3 \u0111\u00e3 \u0111\u01b0\u1ee3c ch\u1ebf bi\u1ebfn th\u00e0nh nh\u1eefng &#8220;Th\u1ea7n d\u01b0\u1ee3c&#8221; \u0111\u1ec3 ch\u1eefa b\u1ec7nh, l\u00e0m \u0111\u1eb9p, d\u01b0\u1ee1ng sinh v\u00e0 cho l\u1ea1i m\u1ed9t k\u1ebft qu\u1ea3 b\u1ea5t ng\u1edd m\u00e0 gi\u00e1 tr\u1ecb c\u1ee7a n\u00f3 ho\u00e0n to\u00e0n kh\u00f4ng thua k\u00e9m g\u00ec c\u00e1c v\u1ecb thu\u1ed1c t\u00e2y y \u00a0v\u00e0 \u0111\u1eb7c bi\u1ec7t h\u01a1n,khoa h\u1ecdc \u0111\u00e3 ch\u1ee9ng minh r\u1eb1ng: Ch\u1eefa b\u1ec7nh b\u1eb1ng th\u1ea3o d\u01b0\u1ee3c l\u00e0 m\u1ed9t ph\u01b0\u01a1ng ph\u00e1p \u01b0u vi\u1ec7t, v\u1eeba t\u1ed1t cho s\u1ee9c kh\u1ecfe l\u1ea1i kh\u00f4ng g\u00e2y ra t\u00e1c d\u1ee5ng ph\u1ee5.<\/p>\n<p>V\u1edbi mong mu\u1ed1n mang l\u1ea1i cho qu\u00fd kh\u00e1ch h\u00e0ng m\u1ed9t cu\u1ed9c s\u1ed1ng ch\u1ea5t l\u01b0\u1ee3ng h\u01a1n, con ng\u01b0\u1eddi ng\u00e0y c\u00e0ng kh\u1ecfe m\u1ea1nh v\u00e0 h\u1ea1nh ph\u00fac. Th\u1eadp to\u00e0n \u0111\u1ea1i b\u1ed5 r\u1ea5t h\u00e2n h\u1ea1nh mang \u0111\u1ebfn cho qu\u00fd kh\u00e1ch h\u00e0ng nh\u1eefng s\u1ea3n ph\u1ea9m t\u1eeb th\u1ea3o d\u01b0\u1ee3c H\u00e0n Qu\u1ed1c ch\u1ea5t l\u01b0\u1ee3ng nh\u1ea5t<\/p>\n","protected":false},"excerpt":{"rendered":"<p>\u201c\u0110\u1ec3 c\u00f3 m\u1ed9t s\u1ee9c kh\u1ecfe\u00a0 b\u1ec1n v\u1eefng ch\u00fang ta h\u00e3y tin t\u01b0\u1edfng\u00a0 v\u00e0 l\u1ef1a ch\u1ecdn \u00a0nh\u1eefng b\u00e0i thu\u1ed1c qu\u00fd \u00a0t\u1eeb\u00a0 th\u1ea3o d\u01b0\u1ee3c\u201d\u00a0 C\u00f3 m\u1ed9t gi\u1ea5c m\u01a1 ng\u00e0n \u0111\u1eddi c\u1ee7a lo\u00e0i ng\u01b0\u1eddi, c\u00f3 m\u1ed9t kh\u00e1t v\u1ecdng l\u1edbn h\u01a1n r\u1ea5t nhi\u1ec1u kh\u00e1t v\u1ecdng, m\u1ed9t ph\u01b0\u01a1ng thu\u1ed1c \u201cTr\u01b0\u1eddng sinh b\u1ea5t l\u00e3o\u201d\u00a0 b\u1ea5y l\u00e2u lo\u00e0i ng\u01b0\u1eddi h\u1eb1ng mong \u01b0\u1edbc. [&#8230;]\n","protected":false},"author":1,"featured_media":0,"parent":0,"menu_order":0,"comment_status":"closed","ping_status":"closed","template":"","meta":[],"_links":{"self":[{"href":"https:\/\/webmaibinh.com\/w\/thucpham22011\/wp-json\/wp\/v2\/pages\/133"}],"collection":[{"href":"https:\/\/webmaibinh.com\/w\/thucpham22011\/wp-json\/wp\/v2\/pages"}],"about":[{"href":"https:\/\/webmaibinh.com\/w\/thucpham22011\/wp-json\/wp\/v2\/types\/page"}],"author":[{"embeddable":true,"href":"https:\/\/webmaibinh.com\/w\/thucpham22011\/wp-json\/wp\/v2\/users\/1"}],"replies":[{"embeddable":true,"href":"https:\/\/webmaibinh.com\/w\/thucpham22011\/wp-json\/wp\/v2\/comments?post=133"}],"version-history":[{"count":4,"href":"https:\/\/webmaibinh.com\/w\/thucpham22011\/wp-json\/wp\/v2\/pages\/133\/revisions"}],"predecessor-version":[{"id":307,"href":"https:\/\/webmaibinh.com\/w\/thucpham22011\/wp-json\/wp\/v2\/pages\/133\/revisions\/307"}],"wp:attachment":[{"href":"https:\/\/webmaibinh.com\/w\/thucpham22011\/wp-json\/wp\/v2\/media?parent=133"}],"curies":[{"name":"wp","href":"https:\/\/api.w.org\/{rel}","templated":true}]}}