{"id":131,"date":"2018-01-17T02:02:37","date_gmt":"2018-01-17T02:02:37","guid":{"rendered":"http:\/\/thucpham2.khowebseotop.vn\/?page_id=131"},"modified":"2020-05-06T20:02:39","modified_gmt":"2020-05-06T13:02:39","slug":"lien-he","status":"publish","type":"page","link":"https:\/\/webmaibinh.com\/w\/thucpham22011\/lien-he\/","title":{"rendered":"Li\u00ean h\u1ec7"},"content":{"rendered":"\n<h3 class=\"title-home\" style=\"text-align: center;\">TH\u00d4NG TIN LI\u00caN H\u1ec6<\/h3>\n<div class=\"row\"  id=\"row-1283237189\">\n\n\n\t<div id=\"col-1032231411\" class=\"col small-12 large-12\"  >\n\t\t<div class=\"col-inner\"  >\n\t\t\t\n\t\t\t\n\n<div class=\"row\"  id=\"row-24711834\">\n\n\n\t<div id=\"col-1262973434\" class=\"col medium-6 small-12 large-6\"  >\n\t\t<div class=\"col-inner\"  >\n\t\t\t\n\t\t\t\n\n<p><i class=\"fa fa-home\" aria-hidden=\"true\"><\/i> 490A, \u0110i\u1ec7n Bi\u00ean Ph\u1ee7, P.21, Q. T\u00e2n B\u00ecnh, Tp. HCM<br>\n<i class=\"fa fa-phone\" aria-hidden=\"true\"><\/i> Hotline: 0999.999.999 \u2013 0999.999.999<br>\n<i class=\"fa fa-envelope-o\" aria-hidden=\"true\"><\/i> Email : email@gmail.com<br>\n<i class=\"fa fa-facebook\" aria-hidden=\"true\"><\/i> Facebook : fb.com\/facebook<\/p>\n\n\t\t<\/div>\n\t\t\t<\/div>\n\n\t\n\n\t<div id=\"col-1908606009\" class=\"col medium-6 small-12 large-6\"  >\n\t\t<div class=\"col-inner\"  >\n\t\t\t\n\t\t\t\n\n<p><iframe src=\"https:\/\/www.google.com\/maps\/embed?pb=!1m18!1m12!1m3!1d3918.8951647747363!2d106.63615131462117!3d10.819334261359117!2m3!1f0!2f0!3f0!3m2!1i1024!2i768!4f13.1!3m3!1m2!1s0x317529667c77fcdd%3A0x39f60dd29f004faf!2zMi84NSBQaOG6oW0gVsSDbiBC4bqhY2gsIFBoxrDhu51uZyAxNSwgVMOibiBCw6xuaCwgSOG7kyBDaMOtIE1pbmgsIFZp4buHdCBOYW0!5e0!3m2!1svi!2s!4v1568732176587!5m2!1svi!2s\" width=\"100%\" height=\"450\" frameborder=\"0\" style=\"border:0;\" allowfullscreen=\"\"><\/iframe><\/p>\n\n\t\t<\/div>\n\t\t\t<\/div>\n\n\t\n\n<\/div>\n<h3 class=\"title-home\" style=\"text-align: center;\">\u0110\u0102NG K\u00dd T\u01af V\u1ea4N<\/h3>\n<div role=\"form\" class=\"wpcf7\" id=\"wpcf7-f108-o1\" lang=\"vi\" dir=\"ltr\">\n<div class=\"screen-reader-response\"><p role=\"status\" aria-live=\"polite\" aria-atomic=\"true\"><\/p> <ul><\/ul><\/div>\n<form action=\"\/w\/thucpham22011\/wp-json\/wp\/v2\/pages\/131#wpcf7-f108-o1\" method=\"post\" class=\"wpcf7-form init\" novalidate=\"novalidate\" data-status=\"init\">\n<div style=\"display: none;\">\n<input type=\"hidden\" name=\"_wpcf7\" value=\"108\" \/>\n<input type=\"hidden\" name=\"_wpcf7_version\" value=\"5.3\" \/>\n<input type=\"hidden\" name=\"_wpcf7_locale\" value=\"vi\" \/>\n<input type=\"hidden\" name=\"_wpcf7_unit_tag\" value=\"wpcf7-f108-o1\" \/>\n<input type=\"hidden\" name=\"_wpcf7_container_post\" value=\"0\" \/>\n<input type=\"hidden\" name=\"_wpcf7_posted_data_hash\" value=\"\" \/>\n<\/div>\n<div class=\"row div-form-tong\">\n<div class=\"large-6 div-form\">\n <span class=\"wpcf7-form-control-wrap your-name\"><input type=\"text\" name=\"your-name\" value=\"\" size=\"40\" class=\"wpcf7-form-control wpcf7-text wpcf7-validates-as-required\" aria-required=\"true\" aria-invalid=\"false\" placeholder=\"H\u1ecd v\u00e0 t\u00ean\" \/><\/span><\/p>\n<\/div>\n<div class=\"large-6 div-form\">\n <span class=\"wpcf7-form-control-wrap your-phone\"><input type=\"tel\" name=\"your-phone\" value=\"\" size=\"40\" class=\"wpcf7-form-control wpcf7-text wpcf7-tel wpcf7-validates-as-required wpcf7-validates-as-tel\" aria-required=\"true\" aria-invalid=\"false\" placeholder=\"Nh\u1eadp s\u1ed1 \u0111i\u1ec7n tho\u1ea1i\" \/><\/span><\/p>\n<\/div>\n<div class=\"large-12\" style=\"text-align:center\"><input type=\"submit\" value=\"\u0110\u0103ng k\u00fd\" class=\"wpcf7-form-control wpcf7-submit\" \/><\/div>\n<\/div>\n<div class=\"wpcf7-response-output\" aria-hidden=\"true\"><\/div><\/form><\/div>\n\n\n\t\t<\/div>\n\t\t\t<\/div>\n\n\t\n\n<\/div>\n\n","protected":false},"excerpt":{"rendered":"<p>TH\u00d4NG TIN LI\u00caN H\u1ec6<\/p>\n","protected":false},"author":1,"featured_media":0,"parent":0,"menu_order":0,"comment_status":"closed","ping_status":"closed","template":"","meta":[],"_links":{"self":[{"href":"https:\/\/webmaibinh.com\/w\/thucpham22011\/wp-json\/wp\/v2\/pages\/131"}],"collection":[{"href":"https:\/\/webmaibinh.com\/w\/thucpham22011\/wp-json\/wp\/v2\/pages"}],"about":[{"href":"https:\/\/webmaibinh.com\/w\/thucpham22011\/wp-json\/wp\/v2\/types\/page"}],"author":[{"embeddable":true,"href":"https:\/\/webmaibinh.com\/w\/thucpham22011\/wp-json\/wp\/v2\/users\/1"}],"replies":[{"embeddable":true,"href":"https:\/\/webmaibinh.com\/w\/thucpham22011\/wp-json\/wp\/v2\/comments?post=131"}],"version-history":[{"count":5,"href":"https:\/\/webmaibinh.com\/w\/thucpham22011\/wp-json\/wp\/v2\/pages\/131\/revisions"}],"predecessor-version":[{"id":455,"href":"https:\/\/webmaibinh.com\/w\/thucpham22011\/wp-json\/wp\/v2\/pages\/131\/revisions\/455"}],"wp:attachment":[{"href":"https:\/\/webmaibinh.com\/w\/thucpham22011\/wp-json\/wp\/v2\/media?parent=131"}],"curies":[{"name":"wp","href":"https:\/\/api.w.org\/{rel}","templated":true}]}}