{"id":244,"date":"2017-06-24T03:22:08","date_gmt":"2017-06-24T03:22:08","guid":{"rendered":"http:\/\/thucpham.khowebseotop.vn\/?post_type=product&#038;p=244"},"modified":"2017-06-24T03:23:14","modified_gmt":"2017-06-24T03:23:14","slug":"dau-qua-oc-cho-500ml","status":"publish","type":"product","link":"https:\/\/webmaibinh.com\/w\/thucpham2011\/san-pham\/dau-qua-oc-cho-500ml\/","title":{"rendered":"D\u1ea6U QU\u1ea2 \u00d3C CH\u00d3 (500ML)"},"content":{"rendered":"<p>dau \u00f3c ch\u00f3<\/p>\n","protected":false},"excerpt":{"rendered":"<p>dau \u00f3c ch\u00f3<\/p>\n","protected":false},"featured_media":245,"comment_status":"open","ping_status":"closed","template":"","meta":[],"_links":{"self":[{"href":"https:\/\/webmaibinh.com\/w\/thucpham2011\/wp-json\/wp\/v2\/product\/244"}],"collection":[{"href":"https:\/\/webmaibinh.com\/w\/thucpham2011\/wp-json\/wp\/v2\/product"}],"about":[{"href":"https:\/\/webmaibinh.com\/w\/thucpham2011\/wp-json\/wp\/v2\/types\/product"}],"replies":[{"embeddable":true,"href":"https:\/\/webmaibinh.com\/w\/thucpham2011\/wp-json\/wp\/v2\/comments?post=244"}],"wp:featuredmedia":[{"embeddable":true,"href":"https:\/\/webmaibinh.com\/w\/thucpham2011\/wp-json\/wp\/v2\/media\/245"}],"wp:attachment":[{"href":"https:\/\/webmaibinh.com\/w\/thucpham2011\/wp-json\/wp\/v2\/media?parent=244"}],"curies":[{"name":"wp","href":"https:\/\/api.w.org\/{rel}","templated":true}]}}