{"id":229,"date":"2017-06-24T03:10:12","date_gmt":"2017-06-24T03:10:12","guid":{"rendered":"http:\/\/thucpham.khowebseotop.vn\/?post_type=product&#038;p=229"},"modified":"2017-06-24T03:17:35","modified_gmt":"2017-06-24T03:17:35","slug":"nhan-macadamia-680-gram","status":"publish","type":"product","link":"https:\/\/webmaibinh.com\/w\/thucpham2011\/san-pham\/nhan-macadamia-680-gram\/","title":{"rendered":"NH\u00c2N MACADAMIA (680 GRAM)"},"content":{"rendered":"<p>Macadamia c\u00f3 ngu\u1ed3n g\u1ed1c t\u1eeb c\u00e1c r\u1eebng r\u1eadm c\u1eadn nhi\u1ec7t \u0111\u1edbi t\u1ea1i Ch\u00e2u \u00dac. H\u00e0ng ng\u00e0n n\u0103m tr\u01b0\u1edbc nh\u1eefng ng\u01b0\u1eddi th\u1ed5 d\u00e2n n\u01a1i \u0111\u00e2y \u0111\u00e3 d\u00f9ng ch\u00fang nh\u01b0 m\u1ed9t ngu\u1ed3n th\u1ef1c ph\u1ea9m qu\u00fd v\u1edbi t\u00ean \u201ckindal kindal\u201d. Cho \u0111\u1ebfn m\u1ed9t ng\u00e0y Ferdinand von Mueller (Nh\u00e0 KH v\u00e0 th\u1ef1c v\u1eadt hoc ng\u01b0\u1eddi \u0110\u1ee9c) \u0111\u00e3 t\u00ecnh c\u1edd kh\u00e1m ph\u00e1 ra Macadamia v\u00e0 \u0111\u1eb7t t\u00ean cho ch\u00fang theo t\u00ean c\u1ee7a m\u1ed9t ng\u01b0\u1eddi b\u1ea1n \u0111\u00e3 qua \u0111\u1eddi c\u1ee7a m\u00ecnh l\u00e0 Dr. John McAdam.<\/p>\n<p>H\u1ea1t Macadamia \u0111\u01b0\u1ee3c coi l\u00e0 lo\u1ea1i h\u1ea1t ngon nh\u1ea5t, m\u1ea5t nhi\u1ec1u c\u00f4ng ch\u0103m s\u00f3c nh\u1ea5t v\u00ec qu\u00e1 tr\u00ecnh ch\u0103m s\u00f3c \u0111\u00f2i h\u1ecfi ng\u01b0\u1eddi l\u00e0m ph\u1ea3i c\u00f3 kinh nghi\u1ec7m d\u00e0y d\u1eb7n v\u00e0 c\u1ea9n th\u1eadn, c\u1ef1c k\u00ec t\u00e2m huy\u1ebft. V\u00f9ng sinh th\u00e1i ph\u00f9 h\u1ee3p \u0111\u1ec3 tr\u1ed3ng c\u00e2y n\u00e0y r\u1ea5t h\u1ea1n h\u1eb9p. Y\u00eau c\u1ea7u c\u1ee7a n\u00f3 v\u1ec1 m\u00f4i tr\u01b0\u1eddng sinh th\u00e1i nh\u01b0 nhi\u1ec7t \u0111\u1ed9 kh\u00f4ng kh\u00ed, l\u01b0\u1ee3ng m\u01b0a, gi\u00f3, th\u1ed5 nh\u01b0\u1ee1ng\u2026 r\u1ea5t kh\u1eaft khe, \u0111\u00f2i h\u1ecfi k\u1ef9 thu\u1eadt cao, \u0111\u1ea7u t\u01b0 l\u1edbn. Do \u0111\u00f3 gi\u00e1 th\u00e0nh c\u1ee7a h\u1ea1t Macadamia thu\u1ed9c h\u1ea1ng m\u1eafc nh\u1ea5t tr\u00ean th\u1ebf gi\u1edbi v\u00e0 h\u1ea1t Macadamia \u0111\u01b0\u1ee3c m\u1ec7nh danh l\u00e0 \u201cHo\u00e0ng h\u1eadu c\u1ee7a c\u00e1c lo\u1ea1i qu\u1ea3 kh\u00f4\u201d.<br \/>\n<span style=\"color: #ed1c24; font-size: 130%;\"><strong>Th\u00e0nh ph\u1ea7n dinh d\u01b0\u1ee1ng :<\/strong><\/span><\/p>\n<p><img loading=\"lazy\" class=\"size-full wp-image-241 aligncenter\" src=\"http:\/\/thucpham.khowebseotop.vn\/wp-content\/uploads\/2017\/06\/THANH-PHAN-MACCA.png\" alt=\"\" width=\"539\" height=\"290\" srcset=\"https:\/\/webmaibinh.com\/w\/thucpham2011\/wp-content\/uploads\/2017\/06\/THANH-PHAN-MACCA.png 539w, https:\/\/webmaibinh.com\/w\/thucpham2011\/wp-content\/uploads\/2017\/06\/THANH-PHAN-MACCA-510x274.png 510w\" sizes=\"(max-width: 539px) 100vw, 539px\" \/><\/p>\n<p><span style=\"color: #ed1c24; font-size: 130%;\"><strong>\u0110\u1ed1i t\u01b0\u1ee3ng khuy\u00ean d\u00f9ng<\/strong><\/span><\/p>\n<p>B\u00e0 b\u1ea7u v\u00e0 ng\u01b0\u1eddi chu\u1ea9n b\u1ecb mang b\u1ea7u<br \/>\nTr\u1ebb em giai \u0111o\u1ea1n ph\u00e1t tri\u1ec3n<br \/>\nNg\u01b0\u1eddi b\u1ecb tim m\u1ea1ch v\u00e0 c\u00f3 ti\u1ec1n s\u1eed tim m\u1ea1ch<br \/>\nB\u00eanh nh\u00e2n ti\u1ec3u \u0111\u01b0\u1eddng<br \/>\nNg\u01b0\u1eddi b\u00e9o ph\u00ec v\u00e0 th\u1eeba c\u00e2n<br \/>\nNg\u01b0\u1eddi hay b\u1ecb \u0111au \u0111\u1ea7u<br \/>\nPh\u1ee5 n\u1eef l\u00e0m \u0111\u1eb9p v\u00e0 giai \u0111o\u1ea1n m\u00e3n kinh<\/p>\n<p><span style=\"font-size: 130%;\"><strong><span style=\"color: #ff6600;\">C\u00f4ng d\u1ee5ng<\/span><\/strong><\/span><\/p>\n<p><strong><span style=\"color: #339966;\">1. Ph\u00f2ng ch\u1ed1ng c\u00e1c b\u1ec7nh li\u00ean quan \u0111\u1ebfn tim m\u1ea1ch<\/span><\/strong><\/p>\n<p>Nh\u00e2n c\u1ee7a h\u1ea1t m\u1eafc ca c\u00f3 h\u00e0m l\u01b0\u1ee3ng d\u1ea7u t\u1edbi 78%, cao h\u01a1n h\u1eb3n l\u1ea1c (44,8%), nh\u00e2n \u0111i\u1ec1u (47%)\u2026 Trong d\u1ea7u c\u1ee7a m\u1eafc ca c\u00f3 tr\u00ean 87% l\u00e0 axit b\u00e9o kh\u00f4ng no, trong \u0111\u00f3 c\u00f3 nhi\u1ec1u lo\u1ea1i m\u00e0 c\u01a1 th\u1ec3 con ng\u01b0\u1eddi kh\u00f4ng t\u1ef1 t\u1ed5ng h\u1ee3p \u0111\u01b0\u1ee3c v\u00e0 l\u00e0m gi\u1ea3m l\u01b0\u1ee3ng Cholesteron c\u00f3 trong m\u00e1u n\u00ean c\u00f3 th\u1ec3 ph\u00f2ng \u0111\u01b0\u1ee3c t\u00ecnh tr\u1ea1ng s\u01a1 v\u1eefa \u0111\u1ed9ng m\u1ea1ch.<br \/>\nDo trong h\u1ea1t m\u1eafc ca c\u00f3 ch\u1ee9a nhi\u1ec1u l\u01b0\u1ee3ng acid b\u00e9o kh\u00f4ng no n\u00ean c\u00f3 th\u1ec3 l\u00e0m gi\u1ea3m nguy c\u01a1 b\u1ecb c\u00e1c b\u1ec7nh m\u1ea1n t\u00ednh li\u00ean quan \u0111\u1ebfn tim m\u1ea1ch, t\u1eeb \u0111\u00f3 gi\u00fap cho c\u01a1 th\u1ec3 lu\u00f4n c\u00f3 m\u1ed9t m\u1ed9t tr\u00e1i tim kh\u1ecfe m\u1ea1nh.<br \/>\nH\u00e0m l\u01b0\u1ee3ng Protein trong nh\u00e2n c\u00f3 t\u1edbi 9,2%, g\u1ed3m 20 lo\u1ea1i Axit Amin trong \u0111\u00f3 c\u00f3 8 lo\u1ea1i Axit Amin thi\u1ebft y\u1ebfu cho c\u01a1 th\u1ec3.<\/p>\n<p><span style=\"color: #339966;\"><strong>2. T\u1ed1t cho ph\u1ee5 n\u1eef mang thai<\/strong><\/span><\/p>\n<p>Ngo\u00e0i ra trong nh\u00e2n m\u1eafc ca c\u00f3 ch\u1ee9a nhi\u1ec1u ch\u1ea5t kho\u00e1ng, nhi\u1ec1u lo\u1ea1i Vitamin, Omega-3\u2026r\u1ea5t c\u00f3 l\u1ee3i cho b\u00e0 b\u1ea7u v\u00e0 tr\u1ebb em, H\u1ea1t m\u1eafc ca gi\u00fap cung c\u1ea5p ngu\u1ed3n n\u0103ng l\u01b0\u1ee3ng d\u1ed3i d\u00e0o v\u1edbi h\u00e0m l\u01b0\u1ee3ng calo cao g\u1ea5p \u0111\u00f4i so v\u1edbi c\u00e1c lo\u1ea1i h\u1ea1t kh\u00e1c. Ng\u01b0\u1eddi m\u1eb9 mang thai \u0103n lo\u1ea1i qu\u1ea3 n\u00e0y s\u1ebd gi\u00fap cho kh\u1ea9u ph\u1ea7n \u0103n c\u1ee7a m\u00ecnh th\u00eam phong ph\u00fa v\u00e0 g\u00f3p ph\u1ea7n t\u00edch l\u0169y n\u0103ng l\u01b0\u1ee3ng cho thai nhi.<\/p>\n<p><strong><span style=\"color: #339966;\">3. H\u1ea1t m\u1ea7m \u1ea9m th\u1ef1c<\/span><\/strong><\/p>\n<p>V\u1ecf m\u1eafc-ca c\u00f3 nhi\u1ec1u tannin v\u00e0 protein, d\u00f9ng l\u00e0m thu\u1ed9c da v\u00e0 ch\u1ebf bi\u1ebfn th\u1ee9c \u0103n ch\u0103n nu\u00f4i<br \/>\nTh\u00e0nh ph\u1ea7n h\u1eefu \u00edch ch\u00ednh c\u1ee7a qu\u1ea3 m\u1eafc-ca l\u00e0 ph\u1ea7n nh\u00e2n \u2013 \u0111\u01b0\u1ee3c x\u1ebfp v\u00e0o h\u00e0ng th\u01b0\u1ee3ng ph\u1ea9m trong \u201ckho h\u1ea1t\u201d phong ph\u00fa c\u1ee7a x\u1ee9 s\u1edf b\u00e1nh ng\u1ecdt ph\u01b0\u01a1ng T\u00e2y.<br \/>\nM\u1eafc-ca c\u00f3 v\u1ecb b\u00e9o, ng\u1ecdt, gi\u00f2n tan, trung h\u00f2a gia v\u1ecb l\u00e0m cho m\u00f3n \u0103n th\u00eam \u0111\u1eadm \u0111\u00e0, th\u01b0\u1eddng \u0111\u01b0\u1ee3c d\u00f9ng \u0111\u1ec3 \u0103n s\u1ed1ng, lu\u1ed9c ho\u1eb7c x\u00e0o n\u1ea5u.<br \/>\nNh\u00e2n m\u1eafc-ca sau khi chi\u00ean\/ rang \u0103n r\u1ea5t ng\u1eady, b\u00f9i, c\u00f3 h\u01b0\u01a1ng v\u1ecb c\u1ee7a b\u01a1, l\u00e0 m\u1ed9t lo\u1ea1i th\u1ef1c ph\u1ea9m cao c\u1ea5p, ngon, b\u1ed5, gi\u00e0u ch\u1ea5t b\u00e9o, gi\u00e0u nhi\u1ec7t n\u0103ng, d\u00f9ng \u0111\u1ec3 ch\u1ebf bi\u1ebfn nh\u00e2n b\u00e1nh, chocolate,n\u01b0\u1edbc u\u1ed1ng, d\u1ea7u salat\u2026 g\u00f3p ph\u1ea7n t\u1ea1o n\u00ean h\u01b0\u01a1ng s\u1eafc m\u1edbi l\u1ea1 v\u00e0 l\u00e0m t\u0103ng gi\u00e1 tr\u1ecb cho m\u00f3n \u0103n.<br \/>\nM\u1eafc-ca c\u00f2n \u0111\u01b0\u1ee3c xem l\u00e0 m\u1ed9t trong nh\u1eefng lo\u1ea1i h\u1ea1t gi\u00fap c\u00e1c ch\u1ecb em c\u00f3 th\u1ec3 tho\u1ea3i m\u00e1i \u0103n v\u1eb7t trong qu\u00e1 tr\u00ecnh \u0103n ki\u00eang.<\/p>\n<p><strong><span style=\"color: #339966;\">4. T\u00e1c d\u1ee5ng l\u00e0m \u0111\u1eb9p da<\/span><\/strong><\/p>\n<p>B\u00ean c\u1ea1nh nh\u1eefng \u0111\u00f3ng g\u00f3p to l\u1edbn trong \u1ea9m th\u1ef1c, m\u1eafc-ca c\u00f2n l\u00e0 m\u1ed9t s\u1ea3n ph\u1ea9m l\u00e0m \u0111\u1eb9p cao c\u1ea5p. D\u1ea7u m\u1eafc-ca r\u1ea5t \u0111\u01b0\u1ee3c y\u00eau th\u00edch trong l\u0129nh v\u1ef1c ch\u0103m s\u00f3c da. \u0110\u01b0\u1ee3c \u0111\u00e1nh gi\u00e1 cao v\u00ec c\u00f3 ch\u1ee9a kho\u1ea3ng 22% c\u00e1c axit omega-7 palmitoleic, d\u1ea7u m\u1eafc-ca l\u00e0 gi\u1ea3i ph\u00e1p thay th\u1ebf d\u00e2u ch\u1ed3n \u2013 m\u1ed9t trong nh\u1eefng \u201cth\u1ea7n d\u01b0\u1ee3c\u201d cho l\u00e0n da ph\u1ee5 n\u1eef.<\/p>\n","protected":false},"excerpt":{"rendered":"<p>Macadamia c\u00f3 ngu\u1ed3n g\u1ed1c t\u1eeb c\u00e1c r\u1eebng r\u1eadm c\u1eadn nhi\u1ec7t \u0111\u1edbi t\u1ea1i Ch\u00e2u \u00dac. H\u00e0ng ng\u00e0n n\u0103m tr\u01b0\u1edbc nh\u1eefng ng\u01b0\u1eddi th\u1ed5 d\u00e2n n\u01a1i \u0111\u00e2y \u0111\u00e3 d\u00f9ng ch\u00fang nh\u01b0 m\u1ed9t ngu\u1ed3n th\u1ef1c ph\u1ea9m qu\u00fd v\u1edbi t\u00ean \u201ckindal kindal\u201d. Cho \u0111\u1ebfn m\u1ed9t ng\u00e0y Ferdinand von Mueller (Nh\u00e0 KH v\u00e0 th\u1ef1c v\u1eadt hoc ng\u01b0\u1eddi \u0110\u1ee9c) \u0111\u00e3 t\u00ecnh c\u1edd [&#8230;]\n","protected":false},"featured_media":230,"comment_status":"open","ping_status":"closed","template":"","meta":[],"_links":{"self":[{"href":"https:\/\/webmaibinh.com\/w\/thucpham2011\/wp-json\/wp\/v2\/product\/229"}],"collection":[{"href":"https:\/\/webmaibinh.com\/w\/thucpham2011\/wp-json\/wp\/v2\/product"}],"about":[{"href":"https:\/\/webmaibinh.com\/w\/thucpham2011\/wp-json\/wp\/v2\/types\/product"}],"replies":[{"embeddable":true,"href":"https:\/\/webmaibinh.com\/w\/thucpham2011\/wp-json\/wp\/v2\/comments?post=229"}],"wp:featuredmedia":[{"embeddable":true,"href":"https:\/\/webmaibinh.com\/w\/thucpham2011\/wp-json\/wp\/v2\/media\/230"}],"wp:attachment":[{"href":"https:\/\/webmaibinh.com\/w\/thucpham2011\/wp-json\/wp\/v2\/media?parent=229"}],"curies":[{"name":"wp","href":"https:\/\/api.w.org\/{rel}","templated":true}]}}