{"id":451,"date":"2020-02-18T21:34:58","date_gmt":"2020-02-18T14:34:58","guid":{"rendered":"http:\/\/thucphamchucnang2.muathemewordpress.net\/?post_type=product&#038;p=451"},"modified":"2020-02-18T21:34:58","modified_gmt":"2020-02-18T14:34:58","slug":"ban-chai-danh-rang-dien-oral-b-vitality-braun-tu-duc","status":"publish","type":"product","link":"https:\/\/webmaibinh.com\/w\/thucpham112011\/san-pham\/ban-chai-danh-rang-dien-oral-b-vitality-braun-tu-duc\/","title":{"rendered":"B\u00e0n ch\u1ea3i \u0111\u00e1nh r\u0103ng \u0111i\u1ec7n Oral-B Vitality Braun T\u1eeb \u0110\u1ee9c"},"content":{"rendered":"<p>B\u00e0n ch\u1ea3i \u0111\u00e1nh r\u0103ng \u0111i\u1ec7n Oral-B Vitality Braun<\/p>\n<p><em>B\u00e0n ch\u1ea3i \u0111\u00e1nh r\u0103ng \u0111i\u1ec7n<\/em>\u00a0Oral-B l\u00e0 m\u1ed9t trong nh\u1eefng s\u1ea3n ph\u1ea9m \u1ee9ng d\u1ee5ng c\u00f4ng ngh\u1ec7 ti\u00ean ti\u1ebfn ch\u0103m s\u00f3c s\u1ee9c kh\u1ecfe r\u0103ng mi\u1ec7ng cho gia \u0111\u00ecnh b\u1ea1n.\u00a0B\u00e0n ch\u1ea3i \u0111\u00e1nh r\u0103ng \u0111i\u1ec7n\u00a0Oral-B Vitality Braun\u00a0\u0111\u01b0\u1ee3c thi\u1ebft k\u1ebf c\u00f3 th\u1ec3 ti\u1ebfp x\u00fac nh\u1eb9 nh\u00e0ng v\u1edbi r\u0103ng &amp; l\u1ee3i, gi\u00fap cho vi\u1ec7c l\u00e0m s\u1ea1ch nh\u1eefng m\u1ea3ng b\u00e1m tr\u00ean r\u0103ng m\u1ed9t c\u00e1ch d\u1ec5 d\u00e0ng, gi\u00fap r\u0103ng tr\u1eafng 1 c\u00e1ch t\u1ef1 nhi\u00ean, t\u1ea1o c\u1ea3m gi\u00e1c d\u1ec5 ch\u1ecbu cho l\u1ee3i.<\/p>\n<h3>\u0110\u1ed1i t\u01b0\u1ee3ng s\u1eed d\u1ee5ng<\/h3>\n<p>S\u1ea3n ph\u1ea9m d\u00e0nh cho ng\u01b0\u1eddi l\u1edbn v\u00e0 tr\u1ebb em t\u1eeb 3 tu\u1ed5i tr\u1edf l\u00ean<\/p>\n<h3>T\u1ea1i sao n\u00ean s\u1eed d\u1ee5ng b\u00e0n ch\u1ea3i \u0111\u00e1nh r\u0103ng \u0111i\u1ec7n Oral B<\/h3>\n<p><img src=\"https:\/\/thucphamchucnang360.com\/images\/images\/ban-chai-danh-rang-dien.jpg\" alt=\"B\u00e0n ch\u1ea3i \u0111\u00e1nh r\u0103ng \u0111i\u1ec7n Oral-B Vitality Braun\" \/><\/p>\n<p><em>B\u00e0n ch\u1ea3i \u0111i\u1ec7n \u0111\u00e1nh r\u0103ng m\u00e1y Oral-B hi\u1ec7u BRAUN c\u1ee7a \u0110\u1ee9c<\/em><\/p>\n<p>B\u00e0n ch\u1ea3i \u0111i\u1ec7n \u0111\u00e1nh r\u0103ng m\u00e1y Oral-B hi\u1ec7u BRAUN c\u1ee7a \u0110\u1ee9c \u0111\u01b0\u1ee3c thi\u1ebft k\u1ebf ch\u1ebf \u0111\u1ed9 ch\u1ea3i th\u00edch h\u1ee3p v\u1edbi t\u1ed1c \u0111\u1ed9 quay 7.600 v\u00f2ng\/ ph\u00fat, \u0111\u00fang ti\u00eau chu\u1ea9n, nhi\u1ec1u ti\u1ec7n \u00edch n\u00ean s\u1ebd mang \u0111\u1ebfn nhi\u1ec1u thu\u1eadn l\u1ee3i h\u01a1n cho ng\u01b0\u1eddi s\u1eed d\u1ee5ng, \u01b0u vi\u1ec7t v\u1edbi t\u00ednh n\u0103ng l\u00e0m s\u1ea1ch r\u0103ng, ch\u1ed1ng m\u1ea3ng b\u00e1m v\u00e0 h\u1ea1n ch\u1ebf cao r\u0103ng. B\u00e0n ch\u1ea3i \u0111i\u1ec7n Oral-B hi\u1ec7u BRAUN \u0111\u01b0\u1ee3c 90% nha s\u0129 t\u1ea1i \u0110\u1ee9c khuy\u00ean d\u00f9ng.<\/p>\n<h3>\u01afu \u0111i\u1ec3m c\u1ee7a\u00a0B\u00e0n ch\u1ea3i \u0111\u00e1nh r\u0103ng \u0111i\u1ec7n Oral-B\u00a0Vitality Braun<\/h3>\n<p>&#8211; L\u00e0 lo\u1ea1i b\u00e0n ch\u1ea3i \u0111i\u1ec7n \u0111\u00e3 \u0111\u01b0\u1ee3c ki\u1ec3m nghi\u1ec7m l\u00e0m s\u1ea1ch r\u0103ng t\u1ed1t h\u01a1n b\u00e0n ch\u1ea3i th\u00f4ng th\u01b0\u1eddng<\/p>\n<p>&#8211; B\u00e0n ch\u1ea3i \u0111\u00e1nh r\u0103ng Oral-B gi\u00fap t\u1ea9y c\u00e1c m\u1ea3ng b\u00e1m tr\u00ean r\u0103ng s\u1ea1ch g\u1ea5p 2 l\u1ea7n b\u00e0n ch\u1ea3i th\u00f4ng th\u01b0\u1eddng<\/p>\n<p>&#8211; Gi\u00fap lo\u1ea1i b\u1ecf c\u00e1ch \u0111\u00e1nh r\u0103ng sai, c\u00f3 th\u1ec3 d\u1eabn \u0111\u1ebfn nh\u1eefng vi\u00eam nhi\u1ec5m v\u1ec1 n\u1ee9u r\u0103ng<\/p>\n<p>&#8211; Oral-B l\u00e0 nh\u00e3n hi\u1ec7u \u0111\u01b0\u1ee3c c\u00e1c nha s\u0129 khuy\u00ean d\u00f9ng<\/p>\n<p>&#8211; Ki\u1ec3u d\u00e1ng thi\u1ebft k\u1ebf t\u1ea1o th\u1ebf c\u1ea7m tr\u1eafc ch\u1eafn,b\u1ecdc l\u00f3t khi c\u1ea7m kh\u00f4ng b\u1ecb r\u01a1i<\/p>\n<p>&#8211; R\u1ea5t t\u1ed1t cho c\u1ea3 tr\u1ebb nh\u1ecf v\u00e0 ng\u01b0\u1eddi l\u1edbn ( khuy\u1ebfn kh\u00edch tr\u1ebb t\u1ef1 b\u1ea3o v\u1ec7 r\u0103ng mi\u1ec7ng )<\/p>\n<p>&#8211; H\u1eefu d\u1ee5ng khi tr\u1ebb b\u1ecb vi\u00eam l\u1ee3i hay \u0111ang ki\u1ec1ng r\u0103ng<\/p>\n<p>&#8211; \u0110\u00e1nh r\u0103ng v\u1edbi t\u1ed1c \u0111\u1ed9 ch\u1eadm h\u01a1n gi\u00fap l\u00e0m s\u1ea1ch r\u0103ng l\u1ee3i nh\u1ea1y c\u1ea3m<\/p>\n<p>&#8211; Gi\u00fap ch\u1ea3i r\u0103ng s\u1ea1ch trong m\u1ecdi ng\u00f5 ng\u00e1ch<\/p>\n<p>B\u00e0n ch\u1ea3i g\u1ed3m 2 ph\u1ea7n:<\/p>\n<p>&#8211; Ph\u1ea7n th\u00e2n ch\u1ee9a ngu\u1ed3n \u0111i\u1ec7n<\/p>\n<p>&#8211; Ph\u1ea7n \u0111\u1ea7u v\u1edbi l\u00f4ng b\u00e0n ch\u1ea3i d\u00f9ng \u0111\u1ec3 ch\u1ea3i r\u0103ng c\u00f3 th\u1ec3 thay m\u1edbi \u0111\u01b0\u1ee3c.C\u00f3 k\u00e8m \u0111\u1ebf s\u1ea1c s\u1eed d\u1ee5ng \u0111i\u1ec7n 210-220V<\/p>\n<h3>C\u00e1ch s\u1eed d\u1ee5ng b\u00e0n ch\u1ea3i \u0111\u00e1nh r\u0103ng \u0111i\u1ec7n Oral-B<\/h3>\n<p>&#8211; \u0110\u1ec3 ch\u1ea3i r\u0103ng, b\u1ea1n h\u00e3y g\u1eafn ph\u1ea7n \u0111\u1ea7u b\u00e0n ch\u1ea3i v\u00e0o ph\u1ea7n th\u00e2n.<\/p>\n<p>&#8211; Ch\u1ea3i r\u0103ng b\u1eb1ng b\u00e0n ch\u1ea3i t\u1ef1 \u0111\u1ed9ng c\u0169ng t\u01b0\u01a1ng t\u1ef1 nh\u01b0 b\u00e0n ch\u1ea3i th\u01b0\u1eddng, ch\u1ec9 kh\u00e1c \u1edf \u0111i\u1ec3m l\u00e0 \u0111\u1ea7u l\u00f4ng b\u00e0n ch\u1ea3i t\u1ef1 \u0111\u1ed9ng s\u1ebd t\u1ef1 xoay v\u00e0 rung \u0111\u1ec3 l\u00e0m s\u1ea1ch m\u1eb7t r\u0103ng, c\u00f3 th\u1ec3 \u0111\u01b0a v\u00e0o \u0111\u00e1nh t\u1eadn c\u00e1c r\u0103ng trong c\u00f9ng m\u00e0 ko c\u1ea3m th\u1ea5y v\u01b0\u1edbng v\u00edu. B\u1ea1n h\u00e3y gi\u1eef ch\u1eb7t th\u00e2n b\u00e0n ch\u1ea3i trong l\u00f2ng b\u00e0n tay, \u0111\u01b0a \u0111\u1ea7u b\u00e0n ch\u1ea3i v\u00e0o mi\u1ec7ng, ch\u1ea3i l\u1ea7n l\u01b0\u1ee3t t\u1eebng v\u00f9ng 2-3 r\u0103ng, di chuy\u1ec3n b\u00e0n ch\u1ea3i \u0111\u1ec3 ch\u1ea3i h\u1ebft m\u1eb7t ngo\u00e0i, m\u1eb7t trong v\u00e0 m\u1eb7t nhai c\u1ee7a t\u1ea5t c\u1ea3 c\u00e1c r\u0103ng. Kh\u00f4ng n\u00ean \u0111\u00e8 m\u1ea1nh v\u00e0 c\u1ea7n c\u1ea9n th\u1eadn tr\u00e1nh tr\u01b0\u1ee3t tay l\u00e0m t\u1ed5n th\u01b0\u01a1ng n\u01b0\u1edbu r\u0103ng.<\/p>\n<p>&#8211; Sau khi ch\u1ea3i r\u0103ng xong, b\u1ea1n n\u00ean th\u00e1o ph\u1ea7n \u0111\u1ea7u b\u00e0n ch\u1ea3i, r\u1eeda s\u1ea1ch d\u01b0\u1edbi v\u00f2i n\u01b0\u1edbc v\u00e0 \u0111\u1ec3 r\u00e1o.<\/p>\n<p>&#8211; C\u1ee9 kho\u1ea3ng 1 tu\u1ea7n s\u1ea1c \u0111i\u1ec7n 1 l\u1ea7n cho b\u00e0n ch\u1ea3i. M\u00e1y n\u00e0y kh\u00f4ng c\u00f3 \u0111\u00e8n b\u00e1o s\u1ea1c. Khi th\u1ea5y b\u00e0n ch\u1ea3i quay y\u1ebfu h\u01a1n th\u00ec l\u00e0 s\u1eafp h\u1ebft pin.<\/p>\n<p>&#8211; M\u00e1y s\u1ea1c kh\u00f4ng s\u1ee3 chai pin, s\u1ea1c \u0111\u1ea7y kho\u1ea3ng 20 ti\u1ebfng, ho\u1eb7c c\u00f3 th\u1ec3 c\u1eafm s\u1ea1c li\u00ean t\u1ee5c.<\/p>\n<p>&#8211; Kh\u00f4ng n\u00ean \u0111\u1ec3 \u0111\u1ebf s\u1ea1c \u1edf trong nh\u00e0 t\u1eafm v\u00ec kh\u00f4ng kh\u00ed \u1ea9m \u01b0\u1edbt trong nh\u00e0 t\u1eafm c\u00f3 th\u1ec3 l\u00e0m gi\u1ea3m tu\u1ed5i th\u1ecd c\u1ee7a \u0111\u1ebf s\u1ea1c.<\/p>\n","protected":false},"excerpt":{"rendered":"<p><em>B\u00e0n ch\u1ea3i \u0111\u00e1nh r\u0103ng \u0111i\u1ec7n<\/em>\u00a0Oral-B l\u00e0 m\u1ed9t trong nh\u1eefng s\u1ea3n ph\u1ea9m \u1ee9ng d\u1ee5ng c\u00f4ng ngh\u1ec7 ti\u00ean ti\u1ebfn ch\u0103m s\u00f3c s\u1ee9c kh\u1ecfe r\u0103ng mi\u1ec7ng cho gia \u0111\u00ecnh b\u1ea1n.\u00a0B\u00e0n ch\u1ea3i \u0111\u00e1nh r\u0103ng \u0111i\u1ec7n\u00a0Oral-B Vitality Braun\u00a0\u0111\u01b0\u1ee3c thi\u1ebft k\u1ebf c\u00f3 th\u1ec3 ti\u1ebfp x\u00fac nh\u1eb9 nh\u00e0ng v\u1edbi r\u0103ng &amp; l\u1ee3i, gi\u00fap cho vi\u1ec7c l\u00e0m s\u1ea1ch nh\u1eefng m\u1ea3ng b\u00e1m tr\u00ean r\u0103ng m\u1ed9t c\u00e1ch d\u1ec5 d\u00e0ng, gi\u00fap r\u0103ng tr\u1eafng 1 c\u00e1ch t\u1ef1 nhi\u00ean, t\u1ea1o c\u1ea3m gi\u00e1c d\u1ec5 ch\u1ecbu cho l\u1ee3i.<\/p>\n","protected":false},"featured_media":452,"comment_status":"open","ping_status":"closed","template":"","meta":[],"brands":[{"id":171,"name":"Braun","slug":"braun"}],"_links":{"self":[{"href":"https:\/\/webmaibinh.com\/w\/thucpham112011\/wp-json\/wp\/v2\/product\/451"}],"collection":[{"href":"https:\/\/webmaibinh.com\/w\/thucpham112011\/wp-json\/wp\/v2\/product"}],"about":[{"href":"https:\/\/webmaibinh.com\/w\/thucpham112011\/wp-json\/wp\/v2\/types\/product"}],"replies":[{"embeddable":true,"href":"https:\/\/webmaibinh.com\/w\/thucpham112011\/wp-json\/wp\/v2\/comments?post=451"}],"wp:featuredmedia":[{"embeddable":true,"href":"https:\/\/webmaibinh.com\/w\/thucpham112011\/wp-json\/wp\/v2\/media\/452"}],"wp:attachment":[{"href":"https:\/\/webmaibinh.com\/w\/thucpham112011\/wp-json\/wp\/v2\/media?parent=451"}],"curies":[{"name":"wp","href":"https:\/\/api.w.org\/{rel}","templated":true}]}}