{"id":449,"date":"2020-02-18T21:33:09","date_gmt":"2020-02-18T14:33:09","guid":{"rendered":"http:\/\/thucphamchucnang2.muathemewordpress.net\/?post_type=product&#038;p=449"},"modified":"2020-02-18T21:33:09","modified_gmt":"2020-02-18T14:33:09","slug":"bo-dau-goi-dau-xa-herbalife-aqua-cho-mai-toc-bong-khoe","status":"publish","type":"product","link":"https:\/\/webmaibinh.com\/w\/thucpham112011\/san-pham\/bo-dau-goi-dau-xa-herbalife-aqua-cho-mai-toc-bong-khoe\/","title":{"rendered":"B\u1ed9 d\u1ea7u g\u1ed9i, d\u1ea7u x\u1ea3 Herbalife Aqua cho m\u00e1i t\u00f3c b\u00f3ng kh\u1ecfe"},"content":{"rendered":"<p>B\u1ed9 s\u1ea3n ph\u1ea9m d\u1ea7u g\u1ed9i v\u00e0 d\u1ea7u x\u1ea3 Herbalife ch\u0103m s\u00f3c cho m\u00e1i t\u00f3c lu\u00f4n b\u00f3ng m\u01b0\u1ee3t, ch\u1eafc kh\u1ecfe v\u1edbi c\u00e1c d\u01b0\u1ee1ng ch\u1ea5t t\u1eeb th\u1ea3o m\u1ed9c thi\u00ean nhi\u00ean.<\/p>\n<hr \/>\n<p><img src=\"http:\/\/thucphamchucnang360.com\/images\/images\/hot1.gif\" alt=\"\" \/>\u00a0\u0110\u1ec3 quay l\u1ea1i xem c\u00e1c s\u1ea3n ph\u1ea9m kh\u00e1c\u00a0c\u00f9ng h\u00e3ng\u00a0<strong>Herbalife\u00a0<\/strong>m\u1eddi b\u1ea1n\u00a0<strong>CLICK<\/strong>\u00a0v\u00e0o\u00a0<strong>\u0110\u00c2Y<\/strong>\u00a0&gt;&gt;\u00a0<u><strong>Herbalife<\/strong><\/u><\/p>\n<p><img src=\"http:\/\/thucphamchucnang360.com\/images\/images\/hot1.gif\" alt=\"\" \/>\u00a0\u0110\u1ec3 quay l\u1ea1i trang ch\u1ee7\u00a0xem c\u00e1c s\u1ea3n ph\u1ea9m\u00a0<strong>th\u1ef1c ph\u1ea9m ch\u1ee9c n\u0103ng kh\u00e1c<\/strong>\u00a0m\u1eddi c\u00e1c b\u1ea1n\u00a0<strong>CLICK\u00a0<\/strong>v\u00e0o\u00a0<strong>\u0110\u00c2Y<\/strong>\u00a0&gt;&gt;\u00a0<u><strong>Th\u1ef1c ph\u1ea9m ch\u1ee9c n\u0103ng<\/strong><\/u><\/p>\n<hr \/>\n<p><img src=\"https:\/\/thucphamchucnang360.com\/images\/images\/bo-dau-goi-dau-xa-herbalife-aqua-1.jpg\" alt=\"\" \/><\/p>\n<p><strong><em>B\u1ed9 d\u1ea7u g\u1ed9i, d\u1ea7u x\u1ea3\u00a0Herbalife Aqua<\/em><\/strong><\/p>\n<p>M\u00f4i tr\u01b0\u1eddng kh\u00f3i b\u1ee5i, n\u1eafng n\u00f3ng k\u1ebft h\u1ee3p c\u0169ng h\u00f3a ch\u1ea5t u\u1ed1n, du\u1ed7i, nhu\u1ed9m,\u2026 khi\u1ebfn m\u00e1i t\u00f3c c\u1ee7a b\u1ea1n k\u00e9m s\u1ee9c s\u1ed1ng, kh\u00f4 x\u01a1, thi\u1ebfu \u0111i \u0111\u1ed9 b\u1ed3ng b\u1ec1nh, su\u00f4n m\u01b0\u1ee3t v\u00e0 thu h\u00fat v\u1ed1n c\u00f3.<\/p>\n<p>L\u00e0m c\u00e1ch n\u00e0o \u0111\u1ec3 ch\u0103m s\u00f3c, ph\u1ee5c h\u1ed3i v\u00e0 duy tr\u00ec s\u1ee9c s\u1ed1ng cho m\u00e1i t\u00f3c c\u1ee7a b\u1ea1n? B\u1ed9 s\u1ea3n ph\u1ea9m ho\u00e0n to\u00e0n m\u1edbi: Herbalife Aqua ch\u00ednh l\u00e0 gi\u1ea3i ph\u00e1p l\u00ed t\u01b0\u1edfng cho ch\u1ecb em ch\u00fang m\u00ecnh.<\/p>\n<p>B\u1ed9 d\u1ea7u g\u1ed9i, d\u1ea7u x\u1ea3 Herbalife Aqua cho m\u00e1i t\u00f3c b\u00f3ng kh\u1ecfe \u0111\u01b0\u1ee3c s\u1ea3n xu\u1ea5t theo c\u00f4ng ngh\u1ec7 ti\u00ean ti\u1ebfn, hi\u1ec7n \u0111\u1ea1i nh\u1ea5t v\u1edbi c\u00e1c th\u00e0nh ph\u1ea7n ho\u00e0n to\u00e0n t\u1eeb th\u1ea3o m\u1ed9c t\u1ef1 nhi\u00ean, kh\u00f4ng ch\u1ee9a h\u00f3a ch\u1ea5t g\u00e2y h\u1ea1i cho t\u00f3c.<\/p>\n<p>V\u1edbi Herbalife Aqua, m\u00e1i t\u00f3c \u0111\u01b0\u1ee3c ch\u0103m s\u00f3c, cung c\u1ea5p \u0111\u1ed9 \u1ea9m v\u00e0 d\u01b0\u1ee1ng ch\u1ea5t t\u1eeb s\u00e2u b\u00ean trong, \u0111\u1ea3m b\u1ea3o mang \u0111\u1ebfn s\u1ef1 b\u00f3ng m\u01b0\u1ee3t, ch\u1eafc kh\u1ecfe t\u1eeb ch\u00e2n \u0111\u1ebfn ng\u1ecdn cho t\u1eebng s\u1ee3i t\u00f3c.<\/p>\n<p><img src=\"https:\/\/thucphamchucnang360.com\/images\/images\/bo-dau-goi-dau-xa-herbalife-aqua-2.png\" alt=\"\" \/><\/p>\n<p>V\u1edbi s\u1ef1 k\u1ebft h\u1ee3p c\u00e1c d\u01b0\u1ee1ng ch\u1ea5t t\u1eeb hoa tr\u00e0 v\u00e0 rong bi\u1ec3n c\u00f9ng nhi\u1ec1u th\u1ea3o m\u1ed9c t\u1ed1t cho m\u00e1i t\u00f3c, B\u1ed9 d\u1ea7u g\u1ed9i, d\u1ea7u x\u1ea3 ch\u00ednh l\u00e0 c\u00e1ch ch\u0103m s\u00f3c t\u00f3c an to\u00e0n, hi\u1ec7u qu\u1ea3 h\u00e0ng ngay. T\u00f3c c\u1ee7a b\u1ea1n s\u1ebd \u0111\u01b0\u1ee3c nu\u00f4i d\u01b0\u1ee1ng t\u1eeb c\u00e1c th\u00e0nh ph\u1ea7n t\u1ef1 nhi\u00ean ch\u1ee9 kh\u00f4ng ph\u1ea3i c\u00e1c lo\u1ea1i h\u00f3a ch\u1ea5t v\u1ec1 l\u00e2u d\u00e0i khi\u1ebfn t\u00f3c k\u00e9m s\u1ee9c s\u1ed1ng.<\/p>\n<p>&#8211; \u0110\u1eb7c bi\u1ec7t, B\u1ed9 s\u1ea3n ph\u1ea9m Herbalife Aqua kh\u00f4ng ch\u1ee9a g\u1ed1c Sulphate v\u00e0 Parahen l\u00e0 c\u00e1c ch\u1ea5t b\u1ea3o qu\u1ea3n th\u01b0\u1eddng c\u00f3 trong c\u00e1c lo\u1ea1i h\u00f3a m\u1ef9 ph\u1ea9m th\u00f4ng th\u01b0\u1eddng. Herbalife Aqua r\u1ea5t an to\u00e0n, th\u00edch h\u1ee3p\u00a0 v\u1edbi t\u1ea5t c\u1ea3 m\u1ecdi lo\u1ea1i t\u00f3c v\u00e0 da \u0111\u1ea7u, k\u1ec3 c\u1ea3 nh\u1eefng ng\u01b0\u1eddi c\u00f3 l\u00e0n da nh\u1ea1y c\u1ea3m, d\u1ec5 b\u1ecb k\u00edch \u1ee9ng.<\/p>\n<p>B\u1ed9 d\u1ea7u g\u1ed9i, d\u1ea7u x\u1ea3 Herbalife Aqua cho m\u00e1i t\u00f3c b\u00f3ng kh\u1ecfe l\u00e0 t\u1ea5t c\u1ea3 nh\u1eefng g\u00ec b\u1ea1n c\u1ea7n h\u00e0ng ng\u00e0y \u0111\u1ec3 ch\u0103m s\u00f3c, b\u1ea3o v\u1ec7 v\u00e0 ph\u1ee5c h\u1ed3i m\u00e1i t\u00f3c.<\/p>\n","protected":false},"excerpt":{"rendered":"<p>V\u1edbi s\u1ef1 k\u1ebft h\u1ee3p c\u00e1c d\u01b0\u1ee1ng ch\u1ea5t t\u1eeb hoa tr\u00e0 v\u00e0 rong bi\u1ec3n c\u00f9ng nhi\u1ec1u th\u1ea3o m\u1ed9c t\u1ed1t cho m\u00e1i t\u00f3c, B\u1ed9 d\u1ea7u g\u1ed9i, d\u1ea7u x\u1ea3 ch\u00ednh l\u00e0 c\u00e1ch ch\u0103m s\u00f3c t\u00f3c an to\u00e0n, hi\u1ec7u qu\u1ea3 h\u00e0ng ngay. T\u00f3c c\u1ee7a b\u1ea1n s\u1ebd \u0111\u01b0\u1ee3c nu\u00f4i d\u01b0\u1ee1ng t\u1eeb c\u00e1c th\u00e0nh ph\u1ea7n t\u1ef1 nhi\u00ean ch\u1ee9 kh\u00f4ng ph\u1ea3i c\u00e1c lo\u1ea1i h\u00f3a ch\u1ea5t v\u1ec1 l\u00e2u d\u00e0i khi\u1ebfn t\u00f3c k\u00e9m s\u1ee9c s\u1ed1ng.<\/p>\n","protected":false},"featured_media":450,"comment_status":"open","ping_status":"closed","template":"","meta":[],"brands":[{"id":154,"name":"HERBALIFE","slug":"herbalife"}],"_links":{"self":[{"href":"https:\/\/webmaibinh.com\/w\/thucpham112011\/wp-json\/wp\/v2\/product\/449"}],"collection":[{"href":"https:\/\/webmaibinh.com\/w\/thucpham112011\/wp-json\/wp\/v2\/product"}],"about":[{"href":"https:\/\/webmaibinh.com\/w\/thucpham112011\/wp-json\/wp\/v2\/types\/product"}],"replies":[{"embeddable":true,"href":"https:\/\/webmaibinh.com\/w\/thucpham112011\/wp-json\/wp\/v2\/comments?post=449"}],"wp:featuredmedia":[{"embeddable":true,"href":"https:\/\/webmaibinh.com\/w\/thucpham112011\/wp-json\/wp\/v2\/media\/450"}],"wp:attachment":[{"href":"https:\/\/webmaibinh.com\/w\/thucpham112011\/wp-json\/wp\/v2\/media?parent=449"}],"curies":[{"name":"wp","href":"https:\/\/api.w.org\/{rel}","templated":true}]}}