{"id":444,"date":"2020-02-18T21:29:43","date_gmt":"2020-02-18T14:29:43","guid":{"rendered":"http:\/\/thucphamchucnang2.muathemewordpress.net\/?post_type=product&#038;p=444"},"modified":"2020-02-18T21:29:43","modified_gmt":"2020-02-18T14:29:43","slug":"bo-my-pham-nuskin-duong-da-nutricentials-daily-skin-health-set-danh-cho-da-kho","status":"publish","type":"product","link":"https:\/\/webmaibinh.com\/w\/thucpham112011\/san-pham\/bo-my-pham-nuskin-duong-da-nutricentials-daily-skin-health-set-danh-cho-da-kho\/","title":{"rendered":"B\u1ed9 m\u1ef9 ph\u1ea9m Nuskin d\u01b0\u1ee1ng da Nutricentials Daily Skin Health Set d\u00e0nh cho da kh\u00f4"},"content":{"rendered":"<h2>Gi\u1edbi thi\u1ec7u\u00a0B\u1ed9 m\u1ef9 ph\u1ea9m Nuskin ng\u0103n ng\u1eeba l\u00e3o h\u00f3a, d\u01b0\u1ee1ng da d\u00e0nh cho da kh\u00f4<\/h2>\n<p><img src=\"https:\/\/thucphamchucnang360.com\/images\/images\/bi-quyet-cham-soc-da-kho1(1).jpg\" alt=\"B\u00ed quy\u1ebft ch\u0103m s\u00f3c da kh\u00f4 v\u1edbi B\u1ed9 m\u1ef9 ph\u1ea9m Nuskin Nutricentials Daily Skin Health Set\" \/><\/p>\n<p><em>B\u00ed quy\u1ebft ch\u0103m s\u00f3c da kh\u00f4 v\u1edbi\u00a0B\u1ed9\u00a0m\u1ef9 ph\u1ea9m Nuskin\u00a0Nutricentials Daily Skin Health Set<\/em><\/p>\n<p><b>Da kh\u00f4<\/b>\u00a0kh\u00f4ng ch\u1ec9\u00a0khi\u1ebfn b\u1ea1n c\u1ea3m th\u1ea5y kh\u00f3 ch\u1ecbu v\u00ec c\u1ea3m gi\u00e1c kh\u00f4 r\u00e1p, da bong tr\u00f3c s\u1ea7n s\u00f9i, kh\u00f3 trang \u0111i\u1ec3m do kh\u00f4ng \u0103n ph\u1ea5n ho\u1eb7c b\u1ecb d\u1ed3n c\u1ee5c\u00a0khi\u1ebfn cho b\u1ea1n r\u1ea5t t\u1ef1 ti m\u1ed7i l\u1ea7n ra ngo\u00e0i. M\u00f9a \u0111\u00f4ng v\u1ea5n \u0111\u1ec1 v\u1ec1 da kh\u00f4 c\u00e0ng g\u1eb7p nhi\u1ec1u v\u00e0 l\u00e0m b\u1ea1n\u00a0kh\u00f4ng th\u1ec3 ki\u1ec3m so\u00e1t \u0111\u01b0\u1ee3c.\u00a0M\u00f9a h\u00e8 t\u00ecnh tr\u1ea1ng n\u00e0y c\u0169ng kh\u00f4ng ph\u1ea3i l\u00e0 hi\u1ebfm g\u1eb7p khi n\u1eafng n\u00f3ng\u00a0ch\u00fang ta th\u01b0\u1eddng xuy\u00ean ng\u1ed3i l\u00e0m vi\u1ec7c trong ph\u00f2ng \u0111i\u1ec1u h\u00f2a khi\u1ebfn da c\u1ee7a ch\u00fang ta th\u01b0\u1eddng m\u1ea5t n\u01b0\u1edbc v\u00e0 kh\u00f4 da.<\/p>\n<p>B\u00ed quy\u1ebft ch\u0103m s\u00f3c da kh\u00f4 t\u1ed1t nh\u1ea5t hi\u1ec7u qu\u1ea3 nh\u1ea5t hi\u1ec7n nay \u0111\u00f3 l\u00e0 s\u1eed d\u1ee5ng b\u1ed9 m\u1ef9 ph\u1ea9m Nuskin chuy\u00ean s\u00e2u d\u00e0nh ri\u00eang cho da kh\u00f4\u00a0<strong>Nutricentials Daily Skin Health Set.<\/strong><\/p>\n<p><strong>Nutricentials Daily Skin Health Set<\/strong>\u00a0(Normal to Dry)\u00a0ng\u0103n ng\u1eeba l\u00e3o h\u00f3a,\u00a0d\u00f2ng b\u1ea3o v\u1ec7 c\u01a1 th\u1ec3 \u0111\u1ea7u ti\u00ean v\u1edbi ch\u1ebf \u0111\u1ed9 ch\u0103m s\u00f3c da h\u00e0ng ng\u00e0y c\u1ee7a\u00a0<strong>NuSkin<\/strong>.\u00a0V\u1edbi c\u00e1c ch\u1ea5t dinh d\u01b0\u1ee1ng quan tr\u1ecdng t\u1eeb ch\u1ebf \u0111\u1ed9 \u0103n h\u00e0ng ng\u00e0y, t\u1ed1t nh\u1ea5t tr\u00ean th\u1ebf gi\u1edbi, s\u1ea3n ph\u1ea9m c\u00f3 t\u00ednh n\u0103ng gi\u1eef cho l\u00e0n da kh\u1ecfe m\u1ea1nh v\u00e0 r\u1ea1ng r\u1ee1\u00a0\u00a0t\u1eeb trong ra ngo\u00e0i, t\u1eeb ngo\u00e0i v\u00e0o trong.<\/p>\n<p><strong>Nutricentials Daily Skin Health Set<\/strong>\u00a0gi\u1eef \u0111\u1ed9 \u1ea9m cho da m\u1ed9t c\u00e1ch hi\u1ec7u qu\u1ea3 m\u00e0 kh\u00f4ng t\u1ea1o \u0111\u1ed9 \u1ea9m d\u01b0 th\u1eeba cho da. Kem d\u01b0\u1ee1ng da d\u00e0nh cho da kh\u00f4\u00a0<strong>Nutricentials Daily Skin Health Set\u00a0<\/strong>lo\u1ea1i b\u1ecf c\u00e1c v\u00f9ng da ch\u1ebft, l\u00e0m th\u00f4ng tho\u00e1ng l\u1ed7 ch\u00e2n l\u00f4ng, d\u01b0\u1ee1ng \u1ea9m\u00a0gi\u00fap cho da m\u1ec1m\u00a0m\u1ea1i h\u01a1n.<\/p>\n<h2>B\u1ed9\u00a0m\u1ef9 ph\u1ea9m Nuskin\u00a0Nutricentials Daily Skin Health Set\u00a0(Normal to Dry) d\u00e0nh cho da kh\u00f4 bao\u00a0g\u1ed3m:<\/h2>\n<p><img src=\"https:\/\/thucphamchucnang360.com\/images\/images\/mypham.jpg\" alt=\" Nuskin Nutricentials Daily Skin Health Set l\u00e0m s\u1ea1ch s\u00e2u lo\u1ea1i b\u1ecf b\u1ee5i b\u1ea9n cho da \" \/><\/p>\n<p><em>\u00a0Nuskin Nutricentials Daily Skin Health Set l\u00e0m s\u1ea1ch s\u00e2u\u00a0lo\u1ea1i b\u1ecf b\u1ee5i b\u1ea9n cho da\u00a0<\/em><\/p>\n<p>\u2013<strong>\u00a0S\u1eefa r\u1eeda m\u1eb7t Nuskin\u00a0Creamy Cleansing Lotion<\/strong>\u00a0d\u00e0nh cho da kh\u00f4 v\u00e0 nh\u1ea1y c\u1ea3m v\u1edbi th\u00e0nh ph\u1ea7n ch\u00ednh chi\u1ebft xu\u1ea5t t\u1eeb \u0111\u1eadu n\u00e0nh gi\u00fap lo\u1ea1i\u00a0b\u1ecf t\u1ebf b\u00e0o da ch\u1ebft l\u00e0m s\u1ea1ch s\u00e2u,\u00a0gi\u1eef \u0111\u1ed9 \u1ea9m cho da\u00a0m\u1ed7i khi b\u1ea1n r\u1eeda m\u1eb7t. S\u1eefa R\u1eeda M\u1eb7t D\u00e0nh Cho Da Kh\u00f4 Creamy Cleansing Lotion cho b\u1ea1n l\u00e0n da m\u1ecbn m\u00e0ng, m\u1ec1m m\u1ea1i v\u00e0 d\u1ea7y s\u1ee9c s\u1ed1ng.<\/p>\n<p>\u2013\u00a0<strong>Nuskin pH Balance Toner<\/strong>\u00a0n\u01b0\u1edbc hoa h\u1ed3ng d\u00e0nh cho da kh\u00f4 c\u00f3 ch\u1ee9a chi\u1ebft xu\u1ea5t t\u1eeb qu\u1ea3 d\u00e2u t\u00e2y \u0111\u1ec3\u00a0gi\u00fap l\u00e0n da c\u1ee7a b\u1ea1n tr\u00f4ng m\u1ecbn m\u00e0ng v\u00e0 r\u1ea1ng r\u1ee1. n\u01b0\u1edbc hoa h\u1ed3ng Nuskin pH\u00a0Balance Toner d\u00e0nh cho da kh\u00f4 gi\u00e0u c\u00e1c polyphenol, ch\u1ea5t ch\u1ed1ng oxy h\u00f3a m\u1ea1nh m\u1ebd gi\u00fap l\u00e0m d\u1ecbu da, gi\u1eef \u1ea9m cho da\u00a0\u00a0gi\u00fap duy tr\u00ec \u0111\u1ed9 pH l\u00fd t\u01b0\u1edfng tr\u1ea3 l\u1ea1i cho b\u1ea1n l\u00e0n da m\u1ecbn m\u00e0ng, m\u1ec1m m\u1ea1i nh\u01b0 da em b\u00e9.<\/p>\n<p>\u2013\u00a0Kem h\u1ed3i ph\u1ee5c da<strong>\u00a0Celltrex Ultra Recovery Fluid<\/strong>\u00a0c\u00f3 ch\u1ee9a h\u00e0m l\u01b0\u1ee3ng cao ch\u1ea5t hydroxytyrosol polyphenol, c\u00e1c th\u00e0nh ph\u1ea7n m\u1ea1nh nh\u1ea5t c\u1ee7a d\u1ea7u \u00f4liu virgin gi\u00fap\u00a0lo\u1ea1i b\u1ecf c\u00e1c g\u1ed1c t\u1ef1 g\u00e2y l\u00e3o h\u00f3a\u00a0da t\u1ef1 nhi\u00ean.<\/p>\n<p>\u2013\u00a0Kem D\u01b0\u1ee1ng \u1ea8m D\u00e0nh Cho Da Kh\u00f4 Moisture Restore Day Protective Lotion SPF 15\u00a0\u0111\u01b0\u1ee3c thi\u1ebft k\u1ebf d\u00e0nh ri\u00eang cho da kh\u00f4 nh\u1eb1m\u00a0d\u01b0\u1ee1ng \u1ea9m v\u00e0 b\u1ea3o v\u1ec7 da. M\u1ed9t lo\u1ea1i kem d\u01b0\u1ee1ng da hi\u1ec7u su\u1ea5t cao gi\u1eef \u1ea9m cho da, l\u00e0m cho l\u00e0n da t\u01b0\u01a1i t\u1eafn, kh\u1ecfe m\u1ea1nh h\u00e0ng ng\u00e0y.<\/p>\n<p>\u2013\u00a0<strong>Kem D\u01b0\u1ee1ng Da Ban \u0110\u00eamNuskin Night Supply Nourishing Cream\u00a0<\/strong>ch\u1ee9a ch\u1ea5t phosphatidylcholine \u0111\u01b0\u1ee3c c\u1ea5p b\u1eb1ng s\u00e1ng ch\u1ebf c\u00f3 ngu\u1ed3n g\u1ed1c t\u1eeb \u0111\u1eadu n\u00e0nh, gi\u00fap c\u1ee7ng c\u1ed1 m\u00e0ng t\u1ebf b\u00e0o v\u00e0 kh\u00f4i ph\u1ee5c l\u1ea1i t\u00ednh linh ho\u1ea1t v\u00e0\u00a0kh\u1ea3 n\u0103ng ph\u1ee5c h\u1ed3i cho da\u00a0trong khi b\u1ea1n ng\u1ee7.<\/p>\n","protected":false},"excerpt":{"rendered":"<p><b>Da kh\u00f4<\/b>\u00a0kh\u00f4ng ch\u1ec9\u00a0khi\u1ebfn b\u1ea1n c\u1ea3m th\u1ea5y kh\u00f3 ch\u1ecbu v\u00ec c\u1ea3m gi\u00e1c kh\u00f4 r\u00e1p, da bong tr\u00f3c s\u1ea7n s\u00f9i, kh\u00f3 trang \u0111i\u1ec3m do kh\u00f4ng \u0103n ph\u1ea5n ho\u1eb7c b\u1ecb d\u1ed3n c\u1ee5c\u00a0khi\u1ebfn cho b\u1ea1n r\u1ea5t t\u1ef1 ti m\u1ed7i l\u1ea7n ra ngo\u00e0i. M\u00f9a \u0111\u00f4ng v\u1ea5n \u0111\u1ec1 v\u1ec1 da kh\u00f4 c\u00e0ng g\u1eb7p nhi\u1ec1u v\u00e0 l\u00e0m b\u1ea1n\u00a0kh\u00f4ng th\u1ec3 ki\u1ec3m so\u00e1t \u0111\u01b0\u1ee3c.\u00a0M\u00f9a h\u00e8 t\u00ecnh tr\u1ea1ng n\u00e0y c\u0169ng kh\u00f4ng ph\u1ea3i l\u00e0 hi\u1ebfm g\u1eb7p khi n\u1eafng n\u00f3ng\u00a0ch\u00fang ta th\u01b0\u1eddng xuy\u00ean ng\u1ed3i l\u00e0m vi\u1ec7c trong ph\u00f2ng \u0111i\u1ec1u h\u00f2a khi\u1ebfn da c\u1ee7a ch\u00fang ta th\u01b0\u1eddng m\u1ea5t n\u01b0\u1edbc v\u00e0 kh\u00f4 da.<\/p>\n","protected":false},"featured_media":445,"comment_status":"open","ping_status":"closed","template":"","meta":[],"brands":[{"id":168,"name":"Nuskin","slug":"nuskin"}],"_links":{"self":[{"href":"https:\/\/webmaibinh.com\/w\/thucpham112011\/wp-json\/wp\/v2\/product\/444"}],"collection":[{"href":"https:\/\/webmaibinh.com\/w\/thucpham112011\/wp-json\/wp\/v2\/product"}],"about":[{"href":"https:\/\/webmaibinh.com\/w\/thucpham112011\/wp-json\/wp\/v2\/types\/product"}],"replies":[{"embeddable":true,"href":"https:\/\/webmaibinh.com\/w\/thucpham112011\/wp-json\/wp\/v2\/comments?post=444"}],"wp:featuredmedia":[{"embeddable":true,"href":"https:\/\/webmaibinh.com\/w\/thucpham112011\/wp-json\/wp\/v2\/media\/445"}],"wp:attachment":[{"href":"https:\/\/webmaibinh.com\/w\/thucpham112011\/wp-json\/wp\/v2\/media?parent=444"}],"curies":[{"name":"wp","href":"https:\/\/api.w.org\/{rel}","templated":true}]}}