{"id":442,"date":"2020-02-18T21:28:03","date_gmt":"2020-02-18T14:28:03","guid":{"rendered":"http:\/\/thucphamchucnang2.muathemewordpress.net\/?post_type=product&#038;p=442"},"modified":"2020-02-18T21:28:03","modified_gmt":"2020-02-18T14:28:03","slug":"dermatic-effects-kem-duong-the-chong-lao-hoa","status":"publish","type":"product","link":"https:\/\/webmaibinh.com\/w\/thucpham112011\/san-pham\/dermatic-effects-kem-duong-the-chong-lao-hoa\/","title":{"rendered":"Dermatic Effects &#8211; Kem d\u01b0\u1ee1ng th\u1ec3 ch\u1ed1ng l\u00e3o h\u00f3a"},"content":{"rendered":"<h2>Dermatic Effects &#8211;\u00a0 Kem d\u01b0\u1ee1ng th\u1ec3 ch\u1ed1ng l\u00e3o h\u00f3a<\/h2>\n<p><strong>Dermatic Effects nuskin\u00a0<\/strong>V\u1edbi c\u00f4ng th\u1ee9c \u0111\u1eb7c bi\u1ec7t gi\u00e0u d\u01b0\u1ee1ng ch\u1ea5t chi\u1ebft xu\u1ea5t t\u1eeb c\u00e2y d\u00e2m b\u1ee5t v\u00e0 c\u00e2y h\u1ecd c\u1ea7m qu\u1ef3 gi\u00fap ch\u1ed1ng l\u1ea1i c\u00e1c m\u00f4 m\u1ee1 \u0111\u1ed9c, ng\u0103n ng\u1eeba s\u1ef1 t\u00edch t\u1ee5 m\u1ee1 v\u00e0 l\u00e0m gi\u1ea3m m\u1ee1. Cho b\u1ea1n nh\u1eefng k\u1ebft qu\u1ea3 c\u00f3 th\u1ec3 tr\u00f4ng th\u1ea5y r\u00f5.\u00a0<strong>Dermatic Effects Body Contourig Lotion<\/strong>\u00a0h\u1ed7 tr\u1ee3 trong vi\u1ec7c ng\u0103n ng\u1eeba s\u1ef1 xu\u1ea5t hi\u1ec7n c\u00e1c m\u00f4 m\u1ee1 v\u00e0 ng\u0103n ng\u1eeba l\u00e3o h\u00f3a da. M\u1ed9t cu\u1ed9c nghi\u00ean c\u1ee9u y khoa trong 8 tu\u1ea7n \u0111\u00e3 cho th\u1ea5y s\u1eed d\u1ee5ng s\u1ea3n ph\u1ea9m n\u00e0y gi\u00fap gi\u1ea3m 55% s\u1ef1 xu\u1ea5t hi\u1ec7n m\u00f4 m\u1ee1 \u0111\u1ed9c, b\u1ed5 sung 84% \u0111\u1ed9 \u1ea9m, c\u1ea3i thi\u1ec7n 37% \u0111\u1ed9 s\u0103n ch\u1eafc v\u00e0 69% \u0111\u1ed9 nh\u1eb5n m\u1ecbn c\u1ee7a da.<\/p>\n<p><img loading=\"lazy\" src=\"http:\/\/i1259.photobucket.com\/albums\/ii550\/cuocsong360\/website\/dermaticeffects.jpg\" alt=\"\" width=\"600\" height=\"300\" \/><\/p>\n<h2>Dermatic Effects &#8211; Kem d\u01b0\u1ee1ng th\u1ec3 ch\u1ed1ng l\u00e3o h\u00f3a<\/h2>\n<h3>L\u1ee3i \u00edch t\u1eeb s\u1ea3n ph\u1ea9m Dermatic Effects:<\/h3>\n<p>&#8211;\u00a0\u00a0\u00a0\u00a0\u00a0\u00a0\u00a0\u00a0\u00a0 Gi\u1ea3m s\u1ef1 xu\u1ea5t hi\u1ec7n m\u00f4 m\u1ee1 \u0111\u1ed9c<\/p>\n<p>&#8211;\u00a0\u00a0\u00a0\u00a0\u00a0\u00a0\u00a0\u00a0\u00a0 C\u1ea3i thi\u1ec7n \u0111\u1ed9 s\u0103n ch\u1eafc da<\/p>\n<p>&#8211;\u00a0\u00a0\u00a0\u00a0\u00a0\u00a0\u00a0\u00a0\u00a0 T\u0103ng \u0111\u1ed9 nh\u1eb5n m\u1ecbn cho da<\/p>\n<h2>C\u00e1ch d\u00f9ng Dermatic Effects:<\/h2>\n<p>Xoa s\u1ea3n ph\u1ea9m l\u00ean v\u00f9ng da c\u00f3 v\u1ea5n \u0111\u1ec1 nh\u01b0 tay , ch\u00e2n, \u0111\u00f9i ho\u1eb7c m\u00f4ng s\u00e1ng v\u00e0 t\u1ed1i trong 8 tu\u1ea7n. Sau 8 tu\u1ea7n s\u1eed d\u1ee5ng m\u1ed7i ng\u00e0y 1 l\u1ea7n \u0111\u1ec3 duy tr\u00ec v\u1ebb \u0111\u1eb9p c\u1ee7a da. H\u00e3y s\u1eed d\u1ee5ng\u00a0<strong>Dermatic Effects Body<\/strong>\u00a0tr\u01b0\u1edbc v\u00e0 ngay khi c\u00f3 nh\u1eefng d\u1ea5u hi\u1ec7n \u0111\u1ea7u ti\u00ean c\u1ee7a s\u1ef1 xu\u1ea5t hi\u1ec7n m\u00f4 m\u1ee1. Hi\u1ec7u qu\u1ea3 s\u1ebd t\u0103ng cao khi b\u1ea1n s\u1eed d\u1ee5ng th\u00eam s\u1ea3n ph\u1ea9m l\u00e0m \u1ed1m\u00a0<strong>Galvanic Spa II Body Shaping Gel 2 l\u1ea7n 1<\/strong>\u00a0tu\u1ea7n s\u00e1ng v\u00e0 t\u1ed1i<\/p>\n<p><strong>K\u1ebft qu\u1ea3 \u0111i\u1ec1u tr\u1ecb:<\/strong><\/p>\n<p>&#8211;\u00a0\u00a0\u00a0\u00a0\u00a0\u00a0\u00a0\u00a0\u00a0 Gi\u1ea3m 55% m\u00f4 m\u1ee1 \u0111\u00f4c<\/p>\n<p>&#8211;\u00a0\u00a0\u00a0\u00a0\u00a0\u00a0\u00a0\u00a0\u00a0 T\u0103ng 84% \u0111\u1ed9 \u1ea9m<\/p>\n<p>&#8211;\u00a0\u00a0\u00a0\u00a0\u00a0\u00a0\u00a0\u00a0\u00a0 C\u1ea3i thi\u1ec7n 37% \u0111\u1ed9 s\u0103n ch\u1eafc da<\/p>\n<p>&#8211;\u00a0\u00a0\u00a0\u00a0\u00a0\u00a0\u00a0\u00a0\u00a0 C\u1ea3i thi\u1ec7n 69% \u0111\u1ed9 nh\u1eb5n m\u1ecbn<\/p>\n<h2>Th\u00f4ng tin b\u1ed5 sung Dermatic Effects nuskin:<\/h2>\n<p>M\u00f4 m\u1ee1 \u0111\u1ed9c \u0111\u01b0\u1ee3c h\u00ecnh th\u00e0nh trong qu\u00e1 tr\u00ecnh g\u1ed3m 5 b\u01b0\u1edbc:<\/p>\n<ol>\n<li>S\u1ef1 chuy\u1ec3n h\u00f3a b\u1ecb x\u00f3a tr\u1ed9n<\/li>\n<li>T\u1ebf b\u00e0o m\u1ee1 tr\u1edf n\u00ean nhi\u1ec1u h\u01a1n<\/li>\n<li>T\u1ebf b\u00e0o m\u1ee1 g\u00e2y \u00e1p l\u1ef1c cho s\u1ef1 mao d\u1eabn v\u00e0 l\u00e0m gi\u00e1n \u0111o\u1ea1n s\u1ef1 l\u01b0u th\u00f4ng nh\u1ecf g\u00e2y ra s\u1ef1 ph\u00e1 v\u1ee1 c\u1ee7a c\u00e1c s\u1ee3i li\u00ean k\u1ebft d\u01b0\u1edbi da<\/li>\n<li>S\u1ef1 t\u00edch t\u1ee5 n\u01b0\u1edbc t\u0103ng<\/li>\n<li>\u0110\u1ed9c t\u1ed1 t\u0103ng<\/li>\n<\/ol>\n<h2>S\u1ea3n ph\u1ea9m b\u1ed5 tr\u1ee3 Dermatic Effects:<\/h2>\n<p>&#8211;\u00a0\u00a0\u00a0\u00a0\u00a0\u00a0\u00a0\u00a0\u00a0<strong>\u00a0Galvanic spa II body shaping gel,<\/strong>\u00a0<strong>Nuskin Galvanic Spa II v\u00e0 ageLOC Edition Galvanic Spa II<\/strong>\u00a0c\u00f9ng nh\u1eefng thi\u1ebft b\u1ecb h\u1ed7 tr\u1ee3 v\u00e0 ng\u01b0\u1eddi ch\u1ec9 d\u1eabn s\u1ebd gi\u00fap lo\u1ea1i b\u1ecf m\u1ee1 v\u00e0 \u0111\u1ed9c t\u1ed1 c\u00f3 \u0111\u01b0\u1ee3c v\u00f3c d\u00e1ng s\u1ea3n ch\u1eafc t\u01b0\u01a1i tr\u1ebb.<\/p>\n<p>&#8211;\u00a0\u00a0\u00a0\u00a0\u00a0\u00a0\u00a0\u00a0\u00a0<strong>\u00a0Tru Face Essence Ultra\u00a0<\/strong>\u2013 t\u00e1i t\u1ea1o s\u1ee9c s\u1ed1ng v\u00e0 s\u0103n ch\u1eafc c\u1ee7a l\u00e0n da. \u0110\u1eb7c \u0111i\u1ec3m n\u1ed5i b\u1eadt c\u1ee7a Ethocyn \u2013 th\u00e0nh ph\u1ea7n ch\u1ed1ng l\u00e3o h\u00f3a \u0111\u00e3 \u0111\u01b0\u1ee3c ch\u1ee9ng minh v\u1ec1 y khoa c\u1ea3i thi\u1ec7n \u0111\u1ed9 \u0111\u00e0n h\u1ed3i v\u00e0 l\u00e0m s\u0103n ch\u1eafc da.<\/p>\n<p><img src=\"https:\/\/thucphamchucnang360.com\/images\/images\/Before%20and%20After%20Front%20Full.png\" alt=\"hi\u1ec7u qu\u1ea3 s\u1eed d\u1ee5ng demartic effect\" \/><\/p>\n<p><strong>Hi\u1ec7u qu\u1ea3 tr\u01b0\u1edbc v\u00e0 sau khi s\u1eed d\u1ee5ng Dermatic Effects<\/strong><\/p>\n<p><strong><img src=\"https:\/\/thucphamchucnang360.com\/images\/images\/ageloc%20demaritc.jpg\" alt=\"K\u1ebft qu\u1ea3 s\u1eed d\u1ee5ng Dermatic Effects tr\u00ean 1 \u0111\u00f9i\" \/><\/strong><\/p>\n<p><strong>K\u1ebft qu\u1ea3 s\u1eed d\u1ee5ng Dermatic Effects tr\u00ean 1 \u0111\u00f9i b\u00ean ph\u1ea3i<\/strong><\/p>\n<p><strong><img src=\"https:\/\/thucphamchucnang360.com\/images\/images\/ket-qua-su-dung-demartics-effect.jpg\" alt=\"K\u1ebft qu\u1ea3 s\u1eed d\u1ee5ng demartic effects tr\u00ean th\u1eaft l\u01b0ng\" \/><\/strong><\/p>\n<p><strong>K\u1ebft qu\u1ea3 s\u1eed d\u1ee5ng demartic effects sau l\u01b0ng<\/strong><\/p>\n<p><em>L\u01b0u \u00fd: S\u1ea3n ph\u1ea9m n\u00e0y l\u00e0 th\u1ef1c ph\u1ea9m ch\u1ee9c n\u0103ng kh\u00f4ng ph\u1ea3i l\u00e0 thu\u1ed1c, v\u00e0 kh\u00f4ng c\u00f3 t\u00e1c d\u1ee5ng thay th\u1ebf thu\u1ed1c ch\u1eefa b\u1ec7nh.\u00a0Vi\u1ec7c s\u1eed d\u1ee5ng thu\u1ed1c v\u00e0 ch\u1eefa b\u1ec7nh ph\u1ea3i tuy\u1ec7t \u0111\u1ed1i tu\u00e2n th\u1ee7 theo s\u1ef1 ch\u1ec9 d\u1eabn c\u1ee7a b\u00e1c s\u0129 ho\u1eb7c ng\u01b0\u1eddi c\u00f3 chuy\u00ean m\u00f4n. Th\u00f4ng tin, h\u00ecnh \u1ea3nh, gi\u00e1 c\u1ea3 t\u1ea1i website ch\u1ec9 mang t\u00ednh ch\u1ea5t tham kh\u1ea3o minh h\u1ecda.\u00a0K\u1ebft qu\u1ea3 c\u00f3 th\u1ec3 kh\u00e1c nhau tu\u1ef3 theo c\u01a1 \u0111\u1ecba v\u00e0 th\u1ec3 tr\u1ea1ng c\u1ee7a t\u1eebng ng\u01b0\u1eddi.<\/em><\/p>\n","protected":false},"excerpt":{"rendered":"<p>Xoa s\u1ea3n ph\u1ea9m l\u00ean v\u00f9ng da c\u00f3 v\u1ea5n \u0111\u1ec1 nh\u01b0 tay , ch\u00e2n, \u0111\u00f9i ho\u1eb7c m\u00f4ng s\u00e1ng v\u00e0 t\u1ed1i trong 8 tu\u1ea7n. Sau 8 tu\u1ea7n s\u1eed d\u1ee5ng m\u1ed7i ng\u00e0y 1 l\u1ea7n \u0111\u1ec3 duy tr\u00ec v\u1ebb \u0111\u1eb9p c\u1ee7a da. H\u00e3y s\u1eed d\u1ee5ng\u00a0<strong>Dermatic Effects Body<\/strong>\u00a0tr\u01b0\u1edbc v\u00e0 ngay khi c\u00f3 nh\u1eefng d\u1ea5u hi\u1ec7n \u0111\u1ea7u ti\u00ean c\u1ee7a s\u1ef1 xu\u1ea5t hi\u1ec7n m\u00f4 m\u1ee1. Hi\u1ec7u qu\u1ea3 s\u1ebd t\u0103ng cao khi b\u1ea1n s\u1eed d\u1ee5ng th\u00eam s\u1ea3n ph\u1ea9m l\u00e0m \u1ed1m\u00a0<strong>Galvanic Spa II Body Shaping Gel 2 l\u1ea7n 1<\/strong>\u00a0tu\u1ea7n s\u00e1ng v\u00e0 t\u1ed1i<\/p>\n","protected":false},"featured_media":443,"comment_status":"open","ping_status":"closed","template":"","meta":[],"brands":[{"id":168,"name":"Nuskin","slug":"nuskin"}],"_links":{"self":[{"href":"https:\/\/webmaibinh.com\/w\/thucpham112011\/wp-json\/wp\/v2\/product\/442"}],"collection":[{"href":"https:\/\/webmaibinh.com\/w\/thucpham112011\/wp-json\/wp\/v2\/product"}],"about":[{"href":"https:\/\/webmaibinh.com\/w\/thucpham112011\/wp-json\/wp\/v2\/types\/product"}],"replies":[{"embeddable":true,"href":"https:\/\/webmaibinh.com\/w\/thucpham112011\/wp-json\/wp\/v2\/comments?post=442"}],"wp:featuredmedia":[{"embeddable":true,"href":"https:\/\/webmaibinh.com\/w\/thucpham112011\/wp-json\/wp\/v2\/media\/443"}],"wp:attachment":[{"href":"https:\/\/webmaibinh.com\/w\/thucpham112011\/wp-json\/wp\/v2\/media?parent=442"}],"curies":[{"name":"wp","href":"https:\/\/api.w.org\/{rel}","templated":true}]}}