{"id":439,"date":"2020-02-18T21:26:17","date_gmt":"2020-02-18T14:26:17","guid":{"rendered":"http:\/\/thucphamchucnang2.muathemewordpress.net\/?post_type=product&#038;p=439"},"modified":"2020-02-18T21:26:18","modified_gmt":"2020-02-18T14:26:18","slug":"my-pham-nuskin-nuskin-ageloc-transformation","status":"publish","type":"product","link":"https:\/\/webmaibinh.com\/w\/thucpham112011\/san-pham\/my-pham-nuskin-nuskin-ageloc-transformation\/","title":{"rendered":"M\u1ef9 ph\u1ea9m Nuskin &#8211; Nuskin ageLOC Transformation"},"content":{"rendered":"<h2>Gi\u1edbi thi\u1ec7u\u00a0M\u1ef9 ph\u1ea9m Nuskin &#8211; Nuskin ageLOC Transformation<\/h2>\n<p><strong>Nuskin ageLOC Transformation b\u1ed9 m\u1ef9 ph\u1ea9m ch\u1ed1ng l\u00e3o h\u00f3a cao c\u1ea5p\u00a0h\u00e0ng \u0111\u1ea7u th\u1ebf gi\u1edbi<\/strong>\u00a0\u0111\u01b0\u1ee3c b\u00ecnh ch\u1ecdn l\u00e0\u00a0<strong>s\u1ea3n ph\u1ea9m t\u1ed1t nh\u1ea5t<\/strong>\u00a0n\u0103m 2010 \u0111\u00e3 \u0111\u01b0\u1ee3c ki\u1ec3m ch\u1ee9ng c\u00f3 th\u1ec3\u00a0<strong>\u0111\u1ea9y l\u00f9i l\u00e3o h\u00f3a da xa h\u01a1n t\u1edbi 20 n\u0103m<\/strong>\u00a0cho b\u1ea1n l\u00e0n da t\u01b0\u01a1i s\u00e1ng m\u1ecbn m\u00e0ng, gi\u1eef m\u00e3i tu\u1ed5i thanh xu\u00e2n.<\/p>\n<p><strong>Nuskin ageLOC Transformation<\/strong>\u00a0b\u1ed9 s\u1ea3n ph\u1ea9m d\u01b0\u1ee1ng da v\u1edbi c\u00f4ng ngh\u1ec7 \u0111\u1ed9c quy\u1ec1n AgeLOG t\u1eadp trung v\u00e0o ngu\u1ed3n g\u1ed1c c\u01a1 b\u1ea3n c\u1ee7a<strong>\u00a0l\u00e3o h\u00f3a\u00a0<\/strong>g\u1ed3m 4 s\u1ea3n ph\u1ea9m t\u1ed1t nh\u1ea5t mang \u0111\u1ebfn cho b\u1ea1n 8 c\u00e1ch nh\u00ecn v\u00e0 c\u1ea3m nh\u1eadn l\u00e0n da kh\u1ecfe m\u1ea1nh, tr\u1ebb trung. M\u1ed9t s\u1ea3n ph\u1ea9m tr\u00ean c\u1ea3 tuy\u1ec7t v\u1eddi mang \u0111\u1ebfn cho b\u1ea1n nh\u1eefng k\u1ebft qu\u1ea3 v\u01b0\u1ee3t l\u00ean tr\u00ean s\u1ef1 mong \u0111\u1ee3i m\u00e0 b\u1ea1n nh\u1ea5t \u0111\u1ecbnh kh\u00f4ng\u00a0 n\u00ean b\u1ecf qua. Ngay t\u1eeb b\u00e2y gi\u1edd h\u00e3y \u0111\u00f3n nh\u1eadn s\u1ef1 tr\u1ebb trung v\u1ec1 m\u1ed9t l\u00e0n da t\u01b0\u01a1i tr\u1ebb.<\/p>\n<p><img src=\"https:\/\/thucphamchucnang360.com\/images\/images\/agelog-transformation-nuskin.jpg\" alt=\"Nuskin ageloc transformation B\u1ed9 m\u1ef9 ph\u1ea9m ch\u1ed1ng l\u00e3o h\u00f3a h\u00e0ng \u0111\u1ea7u th\u1ebf gi\u1edbi\" \/><\/p>\n<p><em>Nuskin AgeLOC Transformation b\u1ed9 m\u1ef9 ph\u1ea9m ch\u1ed1ng l\u00e3o h\u00f3a h\u00e0ng \u0111\u1ea7u th\u1ebf gi\u1edbi<\/em><\/p>\n<h2>\u0110\u1ed1i t\u01b0\u1ee3ng s\u1eed d\u1ee5ng\u00a0Nuskin ageLOC Transformation<\/h2>\n<p>+ Ng\u01b0\u1eddi c\u00f3 \u0111\u1ed9 tu\u1ed5i t\u1eeb 30 tr\u1edf l\u00ean, lu\u00f4n c\u00f3 nh\u1eefng m\u1ed1i b\u1eadn t\u00e2m v\u1ec1 ph\u01b0\u01a1ng ph\u00e1p ng\u0103n ng\u1eeba v\u00e0 h\u1ea1n ch\u1ebf c\u00e1c d\u1ea5u hi\u1ec7u c\u1ee7a tu\u1ed5i t\u00e1c tr\u00ean da<\/p>\n<p>+ Ng\u01b0\u1eddi c\u00f3 \u0111\u1ed9 tu\u1ed5i d\u01b0\u1edbi bao m\u01b0\u01a1i nh\u01b0ng l\u1ea1i quan t\u1ea5m \u0111\u1ebfn vi\u1ec7c ng\u0103n ng\u1eeba c\u00e1c bi\u1ec3u hi\u1ec7n l\u00e3o h\u00f3a ngay t\u1eeb giai \u0111o\u1ea1n \u0111\u1ea7u<\/p>\n<h2>C\u00f4ng d\u1ee5ng\u00a0Nuskin ageLOC Transformation:<\/h2>\n<p>AgeLOC Transformation lu\u00f4n h\u01b0\u1edbng \u0111\u1ebfn c\u00e1c gi\u1ea3i ph\u00e1p b\u1ea3o v\u1ec7 da v\u1edbi m\u1ee5c \u0111\u00edch l\u00e0m cho da tr\u1ebb v\u00e0 gi\u1ea3m c\u00e1c d\u1ea5u hi\u1ec7u l\u00e3o h\u00f3a<\/p>\n<p>AgeLOC Transformation t\u1ea1o ra nh\u1eefng c\u00f4ng d\u1ee5ng tuy\u1ec7t v\u1edbi v\u00e0 \u0111\u00e3 \u0111\u01b0\u1ee3c th\u1eed nghi\u1ec7m l\u00e2m s\u00e0ng m\u1ed9t c\u00e1ch th\u00e0nh c\u00f4ng th\u00f4ng qua t\u00e1m b\u01b0\u1edbc quan tr\u1ecdng trong v\u00f2ng b\u1ea3y ng\u00e0y:<\/p>\n<p>+ Ph\u00e1t tri\u1ec3n s\u1ef1 t\u01b0\u01a1i tr\u1ebb \u1edf c\u1ea5u tr\u00fac da \u2013 th\u00f4ng qua c\u00f4ng ngh\u1ec7 x\u1eed l\u00fd th\u00e0nh ph\u1ea7n ch\u1ea5t c\u00f3 b\u1ea3n quy\u1ec1n \u2013 khuy\u1ebfn kh\u00edch s\u1ef1 ph\u00e1t tri\u1ec3n Collagen v\u00e0 l\u00e0m gi\u1ea3m t\u1ed1i thi\u1ec3u MMP ( MMPs l\u00e0 ch\u1ea5t g\u00e2y t\u1ed5n h\u1ea1i \u0111\u1ebfn c\u1ea5u tr\u00fac c\u1ee7a da )<\/p>\n<p>+ B\u1ec1 m\u1eb7t l\u00e1ng m\u1ecbn \u2013 c\u00f4ng th\u1ee9c ch\u1ee9a c\u00e1c th\u00e0nh ph\u1ea7n \u0111\u01b0\u1ee3c ch\u1ee9ng minh l\u00e0 t\u1ea1o ra t\u1ebf b\u00e0o da m\u1edbi l\u00e0m t\u0103ng s\u1ef1 m\u1ec1m m\u1ecbn c\u1ee7a l\u00e0n da. Th\u1eadm ch\u00ed k\u1ec3 c\u1ea3 c\u00e1c l\u00e0n da kh\u00f4, s\u1ea3n ph\u1ea9m c\u0169ng c\u00f3 th\u1ec3 l\u00e0m da m\u1ecbn m\u00e0ng v\u00e0 t\u01b0\u01a1i kh\u1ecfe h\u01a1n v\u1edbi ph\u01b0\u01a1ng ph\u00e1p h\u1ea1n ch\u1ebf c\u00e1c s\u1ef1 xu\u1ea5t hi\u1ec7n c\u1ee7a v\u1ebft n\u00e1m ho\u1eb7c th\u00e2m tr\u00ean da<\/p>\n<p>+ Ng\u0103n ng\u1eeba c\u00e1c n\u1ebfp nh\u0103n ho\u1eb7c nh\u1eefng bi\u1ec3u hi\u1ec7n v\u1ec1 \u0111\u01b0\u1eddng nh\u0103n tr\u00ean da \u0111\u1ebfn m\u1ee9c th\u1ea5p nh\u1ea5t<\/p>\n<p>+ T\u0103ng c\u01b0\u1eddng \u0111\u1ed9 s\u00e1ng tr\u00ean da v\u1edbi c\u00f4ng l\u00e0m s\u00e1ng da<\/p>\n<p>+ Se kh\u00edt l\u1ed7 ch\u00e2n l\u00f4ng \u2013 th\u00f4ng qua ph\u01b0\u01a1ng ph\u00e1p l\u00e0m tr\u1ebb h\u00f3a c\u00e1c t\u1ebf b\u00e0o<\/p>\n<p>+ Gi\u1ea3m s\u1ef1 ph\u00e1t tri\u1ec3n qu\u00e1 m\u1ee9c c\u1ee7a s\u1eafc t\u1ed1t da \u2013 c\u00f4ng ngh\u1ec7 l\u00e0 s\u00e1ng da s\u1ebd ng\u0103n c\u1ea3n s\u1ef1 h\u00ecnh th\u00e0nh c\u1ee7a s\u1eafc t\u1ed1t melanin \u0111\u1ec3 h\u1ea1n ch\u1ebf c\u00e1c \u0111\u00f3m t\u00e0n nhang<\/p>\n<p>+ Th\u00fac \u0111\u1ea9y qu\u00e1 tr\u00ecnh trao \u0111\u1ed5i ch\u1ea5t \u0111\u1eb7c bi\u1ec7t l\u00e0 n\u01b0\u1edbc \u2013 ph\u00e1t tri\u1ec3n axit hyaluronic, d\u01b0\u1ee1ng \u1ea9m cho da m\u1ed9t c\u00e1ch t\u1ef1 nhi\u00ean nh\u1ea5t.<\/p>\n<h2>AgeLOC\u00a0<sup>TM<\/sup>\u00a0Transformation thu\u1ed9c v\u1ec1 t\u1eadp \u0111o\u00e0n AgeLOC<sup>TM\u00a0<\/sup>Futrue Serum, ch\u1ee9ng minh \u0111\u01b0\u1ee3c nh\u1eefng chuy\u1ec3n bi\u1ebfn b\u1ea5t ng\u1edd:<\/h2>\n<p>+ 100% c\u00e1c s\u1ea3n ph\u1ea9m c\u1ee7a ch\u00fang t\u00f4i \u0111\u1ea3m b\u1ea3o cho c\u00e1c c\u00f4ng d\u1ee5ng tr\u00ean, v\u00e0 m\u1ed9t \u0111\u1ebfn hai d\u1ea5u hi\u1ec7n c\u1ea3i thi\u1ec7n ch\u1ec9 v\u1edbi b\u1ea3y ng\u00e0y, t\u1ea5t c\u1ea3 \u0111\u01b0\u1ee3c th\u00f4ng qua th\u1eed nghi\u1ec7m l\u00e2m s\u00e0ng th\u00e0nh c\u00f4ng.<\/p>\n<p>+ 100% c\u00e1c s\u1ea3n ph\u1ea9m c\u1ee7a ch\u00fang t\u00f4i mang l\u1ea1i hi\u1ec7u qu\u1ea3 caco cho s\u1ef1 thay \u0111\u1ed5i to\u00e0n di\u1ec7n tr\u00ean da, b\u1ec1 m\u1eb7t da m\u1ec1m, m\u1ecbn m\u00e0ng, gi\u1ea3m c\u00e1c n\u1ebfp nh\u0103n, gi\u00fap s\u00e1ng da c\u0169ng nh\u01b0 \u0111\u01b0\u1ee3c ch\u1ee9ng th\u1ef1c k\u1ebft qu\u1ea3 l\u1ea7n s\u00e0ng ( sau 12 tu\u1ea7n s\u1eed d\u1ee5ng )<\/p>\n<hr \/>\n<p><strong>Chi ti\u1ebft C\u00e1c s\u1ea3n ph\u1ea9m trong b\u1ed9 m\u1ef9 ph\u1ea9m ch\u1ed1ng l\u00e3o h\u00f3a AgeLOC\u00a0Transformation<\/strong><\/p>\n<p><strong>1. s\u1eefa r\u1eeda m\u1eb7t Nuskin AgeLOC<\/strong>\u00a0<strong>Gentle Cleanse &amp; Tone &#8211; L\u00e0m s\u1ea1ch v\u00e0 s\u0103n ch\u1eafc da<\/strong>\u00a0\u2013 l\u00e0m sach v\u00e0 s\u00e1ng da, thay th\u1ebf c\u00e1c t\u1ebf b\u00e0o da \u0111\u00e3 ch\u1ebft, gi\u00fap da c\u00f3 kh\u1ea3 n\u0103ng h\u00fat n\u01b0\u1edbc, nh\u1edd v\u00e0o nh\u1eefng th\u00e0nh ph\u1ea7n ch\u1ed1ng l\u00e3o h\u00f3a cao c\u1ea5p mang l\u1ea1i cho da c\u1ea3m gi\u00e1c m\u1ec1m, t\u01b0\u01a1i tr\u1ebb h\u01a1n<\/p>\n<p><img src=\"https:\/\/thucphamchucnang360.com\/images\/images\/nuskin-ageloc-cleanse-and-tone.jpg\" alt=\"\" \/><\/p>\n<h2>Th\u00e0nh ph\u1ea7n\u00a0Nuskin ageLOC Transformation:<\/h2>\n<p>AgeLOC \u2122 c\u00f4ng th\u1ee9c \u0111\u1ed9c quy\u1ec1n c\u1ee7a Nu Skin c\u00f4ng ngh\u1ec7 m\u1ee5c ti\u00eau arSuperMarkers, ngu\u1ed3n cu\u1ed1i c\u00f9ng c\u1ee7a s\u1ef1 l\u00e3o h\u00f3a.<br \/>\nV\u00e0 Betaine-gi\u1eef l\u1ea1i n\u01b0\u1edbc, t\u0103ng hydrat h\u00f3a l\u00e0n da.<br \/>\nMild surfactants v\u00e0 glycerin, l\u00e0m s\u1ea1ch da trong khi v\u1eabn duy tr\u00ec h\u00e0ng r\u00e0o lipid t\u1ef1 nhi\u00ean c\u1ee7a da v\u00e0 th\u00eam \u0111\u1ed9 \u1ea9m cho da.<\/p>\n<p><em><strong>Th\u00e0nh ph\u1ea7n kh\u00e1c:<\/strong><\/em><br \/>\nN\u01b0\u1edbc (Aqua), Glycerin, Cocamidopropyl Hydroxysultaine,<br \/>\nBetaine, Sodium Methyl Cocoyl Taurate, lauryl<br \/>\nC\u1ee7a Methyl Gluceth-10 Hydroxypropyldimonium Chloride,<br \/>\nDisodium Laureth Sulfosuccinate, 20 Polysorbate, Narcissus<br \/>\nTazetta Bulb Extract, Salicin, tr\u00e1i c\u00e2y Schizandra chinensis<br \/>\nTr\u00edch xu\u1ea5t, Sodium Chloride, axit citric, h\u01b0\u01a1ng th\u01a1m (Parfum),<br \/>\nCaprylyl Glycol, 1,2-Hexanediol, Tropolone.<\/p>\n<h2>H\u01b0\u1edbng d\u1eabn s\u1eed d\u1ee5ng:<\/h2>\n<p>S\u1ea3n ph\u1ea9m n\u00e0y l\u00e0 b\u01b0\u1edbc \u0111\u1ea7u ti\u00ean trong chuy\u1ec3n \u0111\u1ed5i ageLOC v\u00e0 ch\u0103m s\u00f3c y\u1ebfu t\u1ed1 ph\u00e1c \u0111\u1ed3 ageLOC da. N\u00f3 c\u0169ng c\u00f3 th\u1ec3 \u0111\u01b0\u1ee3c s\u1eed d\u1ee5ng b\u1edfi ch\u00ednh n\u00f3 nh\u01b0 l\u00e0 m\u1ed9t ch\u1ea5t t\u1ea9y r\u1eeda m\u1eb7t v\u1edbi c\u00e1c s\u1ea3n ph\u1ea9m ch\u0103m s\u00f3c da kh\u00e1c.<\/p>\n<p>S\u1eed d\u1ee5ng c\u1ea3 hai bu\u1ed5i s\u00e1ng v\u00e0 \u0111\u00eam. L\u00e0m \u1ea9m m\u1eb7t v\u00e0 c\u1ed5 b\u1eb1ng n\u01b0\u1edbc \u1ea5m. X\u1ecbt ba l\u1ea7n l\u00ean tr\u00ean \u0111\u1ea7u ng\u00f3n tay v\u00e0 massage nh\u1eb9 nh\u00e0ng khu\u00f4n m\u1eb7t v\u00e0 c\u1ed5, tr\u00e1nh ti\u1ebfp x\u00fac v\u1edbi m\u1eaft. R\u1eeda s\u1ea1ch v\u1edbi n\u01b0\u1edbc \u1ea5m v\u00e0 v\u1ed7 nh\u1eb9 cho kh\u00f4. ageLOC \u2122 Gentle Cleanse &amp; Tone k\u00edch th\u01b0\u1edbc c\u1ee7a g\u00f3i v\u00e0 h\u01b0\u1edbng d\u1eabn \u0111\u01b0\u1ee3c t\u1ed1i \u01b0u h\u00f3a cho s\u1eed d\u1ee5ng 30 ng\u00e0y.<\/p>\n<p>Th\u1ef1c hi\u1ec7n theo v\u1edbi m\u1ed9t s\u1ea3n ph\u1ea9m \u0111i\u1ec1u tr\u1ecb nh\u01b0 huy\u1ebft thanh trong t\u01b0\u01a1ng lai ageLOC,\u00a0 ho\u1eb7c kem d\u01b0\u1ee1ng \u1ea9m th\u00edch h\u1ee3p nh\u01b0 ng\u00e0y Radiant ageLOC hay \u0111\u00eam Bi\u1ebfn \u0111\u1ed5i ageLOC.<\/p>\n<p><strong>2.\u00a0<\/strong><strong>Kem d\u01b0\u1ee1ng da ch\u1ed1ng n\u1eafng AgeLOC radiant day SPF 22\u00a0<\/strong>\u00a0\u2013 ch\u1ec9 v\u1edbi m\u1ed9t tu\u00fdp nh\u1ecf g\u1ecdn cung c\u1ea5p m\u1ed9t th\u00e0nh ph\u1ea7n ho\u00e0n to\u00e0n \u0111\u1eb7c bi\u1ec7t t\u00e1ch bi\u1ec7t hai ch\u1ee9c n\u0103ng:<\/p>\n<p>M\u1ed9t l\u00e0 th\u1ea9m th\u1ea5u n\u01b0\u1edbc cho da, hai l\u00e0 t\u0103ng c\u01b0\u1eddng kh\u1ea3 n\u0103ng ch\u1ed1ng l\u1ea1i d\u1ea5u hi\u1ec7u x\u1ea5u cho da d\u1ea7n theo tu\u1ed5i b\u1eb1ng c\u00e1ch chuy\u1ec3n \u0111\u1ed9ng c\u00e1c nh\u00e2n t\u1ed1 l\u00e0m s\u00e1ng da hi\u1ec7u qu\u1ea3 cho da ho\u00e0n thi\u1ec7n. Ph\u01b0\u01a1ng ph\u00e1p cho da m\u1ecbn m\u00e0ng c\u0169ng s\u1ebd b\u1ea3o v\u1ec7 kh\u1ecfi nh\u1eefng\u00a0 t\u00e1c h\u1ea1i c\u1ee7a \u00e1nh n\u1eafng v\u1edbi \u0111\u1ed9 ch\u1ed1ng n\u1eafng SPF 22, th\u00fac \u0111\u1ea9y t\u1ea1o m\u1edbi c\u00e1c t\u1ebf b\u00e0o da v\u1edbi m\u1ee5c \u0111\u00edch gi\u1ea3m b\u1edbt c\u00e1c n\u1ebfp nh\u0103n v\u00e0 l\u00e0m da t\u01b0\u01a1i tr\u1ebb l\u1ea1i.<\/p>\n<p><img src=\"https:\/\/thucphamchucnang360.com\/images\/images\/KEM-DUONG-DA-CHONG-NANG-AgeLOC-%20radiant-day-SPF%2022.jpg\" alt=\"Kem d\u01b0\u1ee1ng da ch\u1ed1ng n\u1eafng AgeLOC radiant day SPF 22\" \/><\/p>\n<p><em>Kem d\u01b0\u1ee1ng da ch\u1ed1ng n\u1eafng AgeLOC radiant day SPF 22<\/em><\/p>\n<p><strong>Th\u00e0nh ph\u1ea7n:<\/strong><\/p>\n<p>AgeLOC \u2122 c\u00f4ng th\u1ee9c \u0111\u1ed9c quy\u1ec1n c\u1ee7a Nu Skin \u00ae c\u00f4ng ngh\u1ec7 m\u1ee5c ti\u00eau arSuperMarkers, cu\u1ed9i ngu\u1ed3n c\u1ee7a s\u1ef1 l\u00e3o h\u00f3a.<br \/>\nChi\u1ebft xu\u1ea5t t\u1eeb \u200b\u200bh\u1ea1t \u0111\u1eadu, chi\u1ebft xu\u1ea5t t\u1eeb \u200b\u200btre, n\u1ee9a, v\u00e0 glucosamine-m\u1ed9t h\u1ed7n h\u1ee3p ch\u1ed1ng l\u00e3o h\u00f3a th\u00e0nh ph\u1ea7n m\u1ea1nh m\u1ebd \u0111\u00e3 \u0111\u01b0\u1ee3c hi\u1ec3n th\u1ecb \u0111\u1ec3 gi\u1ea3m s\u1ef1 xu\u1ea5t hi\u1ec7n c\u1ee7a \u0111\u01b0\u1eddng nh\u0103n v\u00e0 n\u1ebfp nh\u0103n v\u00e0 t\u0103ng t\u1ebf b\u00e0o doanh thu k\u1ebft qu\u1ea3 l\u00e0 da h\u00ecnh \u1ea3nh tr\u1ebb trung.<\/p>\n<p>Hexapeptide-2 l\u00e0m gi\u1ea3m k\u00edch ho\u1ea1t s\u1ea3n xu\u1ea5t melanin.<br \/>\nJojoba v\u00e0 b\u01a1 h\u1ea1t m\u1ee1 \u0111\u00e3 \u0111\u01b0\u1ee3c ch\u1ee9ng minh \u0111\u1ec3 t\u0103ng c\u01b0\u1eddng h\u00e0ng r\u00e0o t\u1ef1 nhi\u00ean c\u1ee7a da cho l\u00e0n da m\u1ea1nh m\u1ebd h\u01a1n, \u0111\u00e0n h\u1ed3i h\u01a1n<\/p>\n<p><strong>H\u01b0\u1edbng d\u1eabn s\u1eed d\u1ee5ng:<\/strong><\/p>\n<p>\u0110\u1ec3 ho\u00e0n th\u00e0nh ch\u1ebf \u0111\u1ed9 bu\u1ed5i s\u00e1ng c\u1ee7a b\u1ea1n, \u0111\u1eb7t m\u1ed9t l\u01b0\u1ee3ng nh\u1ecf tr\u00ean \u0111\u1ea7u ng\u00f3n tay v\u00e0 \u00e1p d\u1ee5ng trong m\u1ed9t chuy\u1ec3n \u0111\u1ed9ng h\u01b0\u1edbng l\u00ean tr\u00ean v\u00e0 ra ph\u00eda ngo\u00e0i, m\u1eb7t v\u00e0 c\u1ed5, \u0111\u1ea3m b\u1ea3o ngay c\u1ea3 b\u1ea3o hi\u1ec3m \u0111\u1ec3 b\u1ea3o v\u1ec7 UV. Tr\u00e1nh v\u00f9ng m\u1eaft. ageLOC \u2122 Radiant Day SPF 22 \u0111\u01b0\u1ee3c t\u1ed1i \u01b0u h\u00f3a cho s\u1eed d\u1ee5ng 30 ng\u00e0y.<\/p>\n<p><strong>AgeLOC\u00a0<sup>TM<\/sup>\u00a0Transforming Night &#8211; Kh\u00f4i ph\u1ee5c da v\u1ec1 \u0111\u00eam<\/strong>\u00a0\u2013 th\u00e0nh ph\u1ea7n ultran \u2013 mild s\u1ebd t\u00e1i hinh th\u00e0nh k\u1ebft c\u1ea5u b\u1ec1 m\u1eb7t da. \u0110\u1ed3ng th\u1eddi h\u1ed7 tr\u1ee3 ti\u1ebfn tr\u00ecnh kh\u00f4i phuc da v\u00e0o ban \u0111\u00eam \u0111\u1ec3 khi b\u1ea1n t\u00ecnh gi\u1ea5c, b\u1ea1n s\u1ebd th\u1ea5y m\u00ecnh \u0111ang s\u1edf h\u1eefu m\u1ed9t l\u00e0n da s\u0103n ch\u1eafc, c\u00f3 s\u1ef1 co gi\u00e3n v\u00e0 \u0111\u1ed9 \u1ea9m th\u00edch h\u1ee3p. Qu\u00e1 t\u00ecnh n\u00e0y l\u00e0m h\u1ea1n ch\u1ebf v\u00e0 ng\u0103n kh\u00f4ng cho c\u00e1c khuy\u1ebft \u0111i\u1ec3m tr\u00ean da xu\u1ea5t hi\u1ec7n.<\/p>\n<p><img loading=\"lazy\" src=\"http:\/\/i1259.photobucket.com\/albums\/ii550\/cuocsong360\/ageloctranformingnight.jpg\" alt=\"\" width=\"600\" height=\"300\" \/><\/p>\n<p><strong>Th\u00e0nh ph\u1ea7n:<\/strong><\/p>\n<p>AgeLOC \u2122 \u0111\u1ed9c quy\u1ec1n c\u1ee7a Nu Skin \u00ae c\u00f4ng ngh\u1ec7 m\u1ee5c ti\u00eau arSuperMarkers, ngu\u1ed3n g\u1ed1c c\u01a1 b\u1ea3n c\u1ee7a s\u1ef1 l\u00e3o h\u00f3a.<br \/>\nChi\u1ebft xu\u1ea5t t\u1eeb \u200b\u200bh\u1ea1t \u0111\u1eadu, chi\u1ebft xu\u1ea5t t\u1eeb \u200b\u200btre, n\u1ee9a, v\u00e0 glucosamine-m\u1ed9t h\u1ed7n h\u1ee3p ch\u1ed1ng l\u00e3o h\u00f3a th\u00e0nh ph\u1ea7n m\u1ea1nh m\u1ebd \u0111\u00e3 \u0111\u01b0\u1ee3c hi\u1ec3n th\u1ecb \u0111\u1ec3 gi\u1ea3m s\u1ef1 xu\u1ea5t hi\u1ec7n c\u1ee7a \u0111\u01b0\u1eddng nh\u0103n v\u00e0 n\u1ebfp nh\u0103n v\u00e0 t\u0103ng t\u1ebf b\u00e0o doanh thu k\u1ebft qu\u1ea3 l\u00e0 da tr\u1edf n\u00ean tr\u1ebb trung.<br \/>\nHyaluronic acid v\u00e0 ceramide 3-gi\u1eef l\u1ea1i v\u00e0 b\u1ea3o v\u1ec7 \u0111\u1ed9 \u1ea9m trong da cho hydrat h\u00f3a v\u00e0 r\u1ea1ng r\u1ee1.<br \/>\n<strong>Th\u00e0nh ph\u1ea7n kh\u00e1c:<\/strong><br \/>\nN\u01b0\u1edbc (Aqua), Glycerin, Pentylene Glycol, Methicone Caprylyl, Cyclopentasiloxane, Butyrospermum Parkii (Shea Butter), Caprylic \/ Capric Triglyceride, hydro h\u00f3a, Lecithin, Amoni Acryloyldimethyltaurate \/ VP Copolymer, Sorbitol, Dimethicone \/ Vinyl Dimethicone Crosspolymer, Hydroxyethylcellulose, Glucosamine HCl, Salicin , PisumSativum (Pea) Extract, Squalane, Narcissus Tazetta Bulb Extract, Bambusa vulgaris Extract \/ C\u00e0nh l\u00e1, Ceramide 3, Schizandra chinensis Chi\u1ebft xu\u1ea5t t\u1eeb \u200b\u200btr\u00e1i c\u00e2y, Sodium Hyaluronate, Xanthan Gum, Tetrasodium EDTA, h\u01b0\u01a1ng th\u01a1m (Parfum), Chlorphenesin, phenoxyethanol.<\/p>\n<p><strong>H\u01b0\u1edbng d\u1eabn s\u1eed d\u1ee5ng:<\/strong><\/p>\n<p>N\u00f3 c\u0169ng c\u00f3 th\u1ec3 \u0111\u01b0\u1ee3c s\u1eed d\u1ee5ng b\u1edfi ch\u00ednh n\u00f3 nh\u01b0 l\u00e0 m\u1ed9t ch\u1ea5t d\u01b0\u1ee1ng \u1ea9m ban \u0111\u00eam v\u1edbi c\u00e1c s\u1ea3n ph\u1ea9m ch\u0103m s\u00f3c da kh\u00e1c tr\u00ean khu\u00f4n m\u1eb7t.<\/p>\n<p>\u0110\u1ec3 ho\u00e0n th\u00e0nh ch\u1ebf \u0111\u1ed9 bu\u1ed5i t\u1ed1i c\u1ee7a b\u1ea1n, m\u00fac m\u1ed9t l\u01b0\u1ee3ng nh\u1ecf v\u00e0o ng\u00f3n tay v\u00e0 \u00e1p d\u1ee5ng trong m\u1ed9t chuy\u1ec3n \u0111\u1ed9ng h\u01b0\u1edbng l\u00ean tr\u00ean v\u00e0 ra ph\u00eda ngo\u00e0i, m\u1eb7t v\u00e0 c\u1ed5. Tr\u00e1nh v\u00f9ng m\u1eaft. ageLOC \u2122 Chuy\u1ec3n \u0111\u1ed5i k\u00edch th\u01b0\u1edbc g\u00f3i Night v\u00e0 h\u01b0\u1edbng d\u1eabn \u0111\u01b0\u1ee3c t\u1ed1i \u01b0u h\u00f3a cho 30 ng\u00e0y s\u1eed d\u1ee5ng<\/p>\n<p><strong>AgeLOC<sup>TM<\/sup>\u00a0Future Serum-\u00a0<sup>\u00a0<\/sup>D\u01b0\u1ee1ng \u1ea9m th\u1ebf h\u1ec7 m\u1edbi \u2013<\/strong>\u00a0s\u1ea3n ph\u1ea9m t\u1eadp trung t\u1ed1i \u0111a c\u00e1c \u01b0u th\u1ebf c\u1ee7a AgeLOC<sup>TM<\/sup>\u00a0. D\u00f2ng d\u01b0\u1ee1ng \u1ea9m cao c\u1ea5p \u0111\u00e3 \u0111\u01b0\u1ee3c ch\u1ee9ng minh m\u1ed9t c\u00e1ch hi\u1ec7u qu\u1ea3, kh\u00f4i ph\u1ee5c l\u1ea1i l\u00e0n da ch\u1ec9 trong t\u00e1m b\u01b0\u1edbc : ph\u00e1t tri\u1ec3n c\u1ea5u tr\u00fac da ban \u0111\u1ea7u, b\u1ec1 m\u1eb7t da m\u1ecbn m\u00e0ng, gi\u1ea3m c\u00e1c bi\u1ec3u hi\u1ec7n nh\u0103n da, c\u00e1c t\u00e0n nhang, v\u1ebft th\u00e2m, v\u00e0 t\u0103ng kh\u1ea3 n\u0103ng h\u00fat n\u01b0\u1edbc cho da, gi\u00fap s\u00e1ng da.<\/p>\n<p><img loading=\"lazy\" src=\"http:\/\/i1259.photobucket.com\/albums\/ii550\/cuocsong360\/agelocfutureserum.jpg\" alt=\"\" width=\"600\" height=\"300\" \/><\/p>\n<h2>TH\u00c0NH PH\u1ea6N CH\u1ee6 Y\u1ebeU\u00a0Nuskin ageLOC Transformation<\/h2>\n<ul>\n<li>ageLOCTM \u2013 c\u00f4ng ngh\u1ec7 \u0111\u1ed9c quy\u1ec1n c\u1ee7a Nu Skin@ nh\u1eafm \u0111\u1ebfn arSuperMarkers, ngu\u1ed3n g\u1ed1c c\u01a1 b\u1ea3n c\u1ee7a s\u1ef1 l\u00e3o ho\u00e1.<\/li>\n<li>Chi\u1ebft xu\u1ea5t t\u1eeb \u0111\u1eadu H\u00e0 Lan, c\u00e2y tre, v\u00e0 glucosamine \u2013 h\u1ed7n h\u1ee3p c\u00e1c th\u00e0nh ph\u1ea7n ch\u1ed1ng l\u00e3o ho\u00e1 m\u1ea1nh \u0111\u00e3 cho th\u1ea5y t\u00e1c d\u1ee5ng l\u00e0m gi\u1ea3m s\u1ef1 xu\u1ea5t hi\u1ec7n c\u1ee7a nh\u1eefng v\u1ebft ch\u00e2n chim v\u00e0 n\u1ebfp nh\u0103n, t\u0103ng c\u01b0\u1eddng t\u1ed1c \u0111\u1ed9 thay th\u1ebf t\u1ebf b\u00e0o, gi\u00fap mang l\u1ea1i m\u1ed9t l\u00e0n da tr\u1ebb trung c\u00f3 th\u1ec3 c\u1ea3m nh\u1eadn \u0111\u01b0\u1ee3c.<\/li>\n<li><strong>Axit Hyaluronic<\/strong>\u00a0\u2013 th\u00e0nh ph\u1ea7n gi\u1eef \u1ea9m t\u1ef1 nhi\u00ean d\u01b0\u1edbi da; \u0111\u01b0\u1ee3c ch\u1ecdn l\u1ef1a nh\u1edd kh\u1ea3 n\u0103ng k\u1ebft h\u1ee3p v\u00e0 gi\u1eef \u1ea9m cho da.<\/li>\n<li><strong>Equol\u00a0<\/strong>\u2013 gi\u00fap da ho\u1ea1t \u0111\u1ed9ng nh\u01b0 l\u00e0n da tr\u1ebb trung. Nghi \u00ean c\u1ee9u trong \u1ed1ng nghi\u1ec7m cho th\u1ea5y r\u1eb1ng th\u00e0nh ph\u1ea7n n\u00e0y t\u1ea1o ra l\u00e0n da tr\u1ebb trung h\u01a1n cho c\u1ea5u tr\u00fac da \u0111\u00e3 \u0111\u01b0\u1ee3c c\u1ea3i thi\u1ec7n v\u00e0 gi\u1ea3m s\u1ef1 s\u1ea3n sinh c\u00e1c enzim ph\u00e1 hu\u1ef7 nh\u01b0 MMP3, m\u1ed9t lo\u1ea1i enzime ph\u00e1t hu\u1ef7 c\u1ea5u tr\u00fac da. Th\u00e0nh ph\u1ea7n n\u00e0y c\u0169ng gi\u00fap c\u1ea3i thi\u1ec7n s\u1ef1 ph\u1ee5c h\u1ed3i c\u1ee7a t \u1ebf b\u00e0o, gi\u00fap l\u00e0n da ph\u1ee5c h\u1ed3i s\u1ef1 tr\u1ebb trung, t\u01b0\u01a1i s\u00e1ng<\/li>\n<\/ul>\n<h2>H\u01b0\u1edbng d\u1eabn s\u1eed d\u1ee5ng\u00a0Nuskin ageLOC Transformation:<\/h2>\n<p>S\u1ea3n ph\u1ea9m n\u00e0y l\u00e0 b\u01b0\u1edbc th\u1ee9 hai trong ch\u1ebf \u0111\u1ed9 ch\u0103m s\u00f3c da ageLOC Tranformation. N\u00f3 c\u0169ng c\u00f3 th\u1ec3 \u0111\u01b0\u1ee3c s\u1eed d\u1ee5ng nh\u01b0 m\u1ed9t \u0111i\u1ec1u tr\u1ecb ch\u1ed1ng l\u00e3o h\u00f3a v\u1edbi c\u00e1c s\u1ea3n ph\u1ea9m ch\u0103m s\u00f3c da kh\u00e1c.<\/p>\n<p>Tr\u01b0\u1edbc khi gi\u1eef \u1ea9m v\u00e0o bu\u1ed5i s\u00e1ng v\u00e0 ban \u0111\u00eam, \u0111\u1eb7t hai m\u00e1y b\u01a1m n\u00e0y huy\u1ebft thanh sang tr\u1ecdng tr\u00ean \u0111\u1ea7u ng\u00f3n tay v\u00e0 \u00e1p d\u1ee5ng trong m\u1ed9t chuy\u1ec3n \u0111\u1ed9ng h\u01b0\u1edbng l\u00ean tr\u00ean v\u00e0 ra ph\u00eda ngo\u00e0i, m\u1eb7t v\u00e0 c\u1ed5. Tr\u00e1nh ti\u1ebfp x\u00fac m\u1eaft.<\/p>\n<p>Ti\u1ebfp theo s\u1eed d\u1ee5ng m\u1ed9t lo\u1ea1i kem d\u01b0\u1ee1ng \u1ea9m th\u00edch h\u1ee3p nh\u01b0 ng\u00e0y Radiant ageLOC hay AgeLOC Tranformation Night<\/p>\n<p><img src=\"https:\/\/thucphamchucnang360.com\/images\/images\/nuskin_ageloc_transformation_premium1(2)_copy.jpg\" alt=\"\" \/><\/p>\n<p><em>S\u1eed d\u1ee5ng tr\u1ecdn b\u1ed9 ageLOCTM Transformation \u0111\u01b0\u1ee3c \u0111\u00e1nh gi\u00e1 mang l\u1ea1i k\u1ebft qu\u1ea3 kh\u1ea3 quan sau 30 ng\u00e0y s\u1eed d\u1ee5ng.<\/em><\/p>\n<h2>K\u1ebft qu\u1ea3 s\u1eed d\u1ee5ng: AgeLOC Tranformation<\/h2>\n<p><img loading=\"lazy\" src=\"http:\/\/i1259.photobucket.com\/albums\/ii550\/cuocsong360\/trehoalanda.jpg\" alt=\"\" width=\"546\" height=\"325\" \/><\/p>\n<p>S\u1eec D\u1ee4NG AGELOC TRANSFORMATION PREMIUM, CH\u1ed0NG L\u00c3O H\u00d3A<\/p>\n<p>Bu\u1ed5i s\u00e1ng:<\/p>\n<p>&#8211; B\u01b0\u1edbc 1: D\u00f9ng s\u1eefa r\u1eeda m\u1eb7t t\u1ea9y r\u1eeda d\u1ecbu nh\u1eb9\u00a0<strong>ageLOC Gentle Cleanse &amp; Tone<\/strong><\/p>\n<p>&#8211; B\u01b0\u1edbc 2: D\u00f9ng s\u1eefa\u00a0<strong>ageLOC Future Serum<\/strong><\/p>\n<p>&#8211; B\u01b0\u1edbc 3: D\u00f9ng s\u1eefa d\u01b0\u1ee1ng da ban ng\u00e0y\u00a0<strong>ageLOC Radiant Day SPF 22<\/strong><\/p>\n<p>Bu\u1ed5i t\u1ed1i:<\/p>\n<p>&#8211; B\u01b0\u1edbc 1: D\u00f9ng s\u1eefa r\u1eeda m\u1eb7t t\u1ea9y r\u1eeda d\u1ecbu nh\u1eb9 ageLOC Gentle Cleanse &amp; Tone<\/p>\n<p>&#8211; B\u01b0\u1edbc 2: D\u00f9ng s\u1eefa ageLOC Future Serum<\/p>\n<p>&#8211; B\u01b0\u1edbc 3: D\u00f9ng s\u1eefa d\u01b0\u1ee1ng da ban \u0111\u00eam ageLOC Transforming Night<\/p>\n<p>S\u1eed d\u1ee5ng tr\u1ecdn b\u1ed9 ageLOCTM Transformation \u0111\u01b0\u1ee3c \u0111\u00e1nh gi\u00e1 mang l\u1ea1i k\u1ebft qu\u1ea3 kh\u1ea3 quan sau 30 ng\u00e0y s\u1eed d\u1ee5ng.<\/p>\n<p>&#8211; Nh\u1eefng s\u1ea3n ph\u1ea9m tr\u1ecb li\u1ec7u b\u1ed5 sung c\u00f3 th\u1ec3 \u0111\u01b0\u1ee3c b\u1ed5 sung v\u00e0o b\u1ed9 s\u1ea3n ph\u1ea9m n\u00e0y. \u0110\u1ec3 ti\u1ebfp c\u1eadn to\u00e0n di\u1ec7n h\u01a1n, h\u00e3y th\u1eed s\u1eed d\u1ee5ng th\u00eam Tru Face Essence Ultra b\u00ean c\u1ea1nh vi\u1ec7c s\u1eed d\u1ee5ng ageLOC Future Serum.<\/p>\n<p>NH\u1eeeNG S\u1ea2N PH\u1ea8M B\u1ed4 SUNG<\/p>\n<p>&#8211;\u00a0Tru Face Essence Ultra\u00a0&#8211; ph\u1ee5c h\u1ed3i s\u1ef1 s\u0103n ch\u1eafc c\u1ee7a da. Features Ethocyn\u00ae, m\u1ed9t th\u00e0nh ph\u1ea7n ch\u1ed1ng l\u00e3o ho\u00e1 \u0111\u00e3 \u0111\u01b0\u1ee3c ch\u1ee9ng minh l\u00e2m s\u00e0ng gi\u00fap c\u1ea3i thi\u1ec7n s\u1ef1 \u0111\u00e0n h\u1ed3i c\u1ee7a da, m\u1ed9t th\u00e0nh ph\u1ea7n ch\u1ee7 y\u1ebfu gi\u00fap l\u00e0m s\u0103n ch\u1eafc da.<\/p>\n<p>&#8211;\u00a0M\u00e1y xo\u00e1 n\u1ebfp nh\u0103n Galvanic Spa v\u00e0 c\u00e1c s\u1ea3n ph\u1ea9m\u00a0&#8211; M\u00e1y Galvanic SpaTM c\u00f3 th\u1ec3 l\u1eadp tr\u00ecnh c\u00f3 d\u00f2ng \u0111i\u1ec7n t\u1ef1 \u0111i\u1ec1u ch\u1ec9nh v\u00e0 \u0111\u1ea7u xoa b\u00f3p thay \u0111\u1ed5i \u0111\u01b0\u1ee3c ho\u1ea1t \u0111\u1ed9ng h\u1ed7 tr\u1ee3 cho c\u00e1c s\u1ea3n ph\u1ea9m \u0111\u1eb7c ch\u1ebf \u0111\u1ec3 gi\u00fap cho c\u00e1c th\u00e0nh ph\u1ea7n ch\u1ee7 y\u1ebfu chuy\u1ec3n ho\u00e1 t\u1ed1i \u01b0u: Galvanic SpaTM Facial Gels c\u00f3 ageLOCTM gi\u00fap ph\u1ee5c h\u1ed3i s\u1ef1 ho\u1ea1t \u0111\u1ed9ng t\u1ef1 nhi\u00ean c\u1ee7a da b\u1eb1ng c\u00e1ch lo\u1ea1i b\u1ecf nh\u1eefng t\u1ea1p ch\u1ea5t \u0111\u1ed3ng th\u1eddi gi\u00fap da th\u1ea9m th\u1ea5u nh\u1eefng th\u00e0nh ph\u1ea7n ageLOCTM; Tru FaceTM Line Corrector gi\u00fap l\u00e0m nh\u1eb5n nh\u1eefng v\u1ebft ch\u00e2n chim v\u00e0 n\u1ebfp nh\u0103n; Galvanic Spa\u00ae Body Shaping Gel gi\u00fap gi\u1ea3m s\u1ef1 xu\u1ea5t hi\u1ec7n c\u1ee7a cellulite; v\u00e0 Nutriol\u00ae Hair Fitness Treatment gi\u00fap t\u00e1i t\u1ea1o v\u00e0 mang l\u1ea1i m\u1ed9t m\u00e1i t\u00f3c kho\u1ebb, d\u00e0y m\u01b0\u1ee3t.<\/p>\n<p>&#8211;\u00a0Tru FaceTM Idealeyes\u00a0&#8211; gi\u1ea3m s\u1ef1 xu\u1ea5t hi\u1ec7n c\u1ee7a b\u1ecdng m\u1eaft \u0111\u1ed3ng th\u1eddi t\u0103ng s\u1ef1 s\u00e1ng b\u00f3ng v\u00e0 m\u1ec1m m\u01b0\u1ee3t cho da. V\u1edbi c\u00f4ng th\u1ee9c \u0111\u1eb7c ch\u1ebf cho v\u00f9ng m\u1eaft, c\u00f4ng th\u1ee9c tr\u1ecb li\u1ec7u ch\u1ed1ng l\u00e3o ho\u00e1 n\u00e0y \u0111\u1ea3m b\u1ea3o \u0111\u00f4i m\u1eaft b\u1ea1n lu\u00f4n tr\u1ebb trung, t\u01b0\u01a1i t\u1ec9nh v\u00e0 \u0111\u1ea7y s\u1ee9c s\u1ed1ng.<\/p>\n<p><em>L\u01b0u \u00fd: S\u1ea3n ph\u1ea9m n\u00e0y l\u00e0 th\u1ef1c ph\u1ea9m ch\u1ee9c n\u0103ng kh\u00f4ng ph\u1ea3i l\u00e0 thu\u1ed1c, v\u00e0 kh\u00f4ng c\u00f3 t\u00e1c d\u1ee5ng thay th\u1ebf thu\u1ed1c ch\u1eefa b\u1ec7nh.\u00a0Vi\u1ec7c s\u1eed d\u1ee5ng thu\u1ed1c v\u00e0 ch\u1eefa b\u1ec7nh ph\u1ea3i tuy\u1ec7t \u0111\u1ed1i tu\u00e2n th\u1ee7 theo s\u1ef1 ch\u1ec9 d\u1eabn c\u1ee7a b\u00e1c s\u0129 ho\u1eb7c ng\u01b0\u1eddi c\u00f3 chuy\u00ean m\u00f4n. Th\u00f4ng tin, h\u00ecnh \u1ea3nh, gi\u00e1 c\u1ea3 t\u1ea1i website ch\u1ec9 mang t\u00ednh ch\u1ea5t tham kh\u1ea3o minh h\u1ecda.\u00a0K\u1ebft qu\u1ea3 c\u00f3 th\u1ec3 kh\u00e1c nhau tu\u1ef3 theo c\u01a1 \u0111\u1ecba v\u00e0 th\u1ec3 tr\u1ea1ng c\u1ee7a t\u1eebng ng\u01b0\u1eddi.<\/em><\/p>\n","protected":false},"excerpt":{"rendered":"<p><strong>Nuskin ageLOC Transformation b\u1ed9 m\u1ef9 ph\u1ea9m ch\u1ed1ng l\u00e3o h\u00f3a cao c\u1ea5p\u00a0h\u00e0ng \u0111\u1ea7u th\u1ebf gi\u1edbi<\/strong>\u00a0\u0111\u01b0\u1ee3c b\u00ecnh ch\u1ecdn l\u00e0\u00a0<strong>s\u1ea3n ph\u1ea9m t\u1ed1t nh\u1ea5t<\/strong>\u00a0n\u0103m 2010 \u0111\u00e3 \u0111\u01b0\u1ee3c ki\u1ec3m ch\u1ee9ng c\u00f3 th\u1ec3\u00a0<strong>\u0111\u1ea9y l\u00f9i l\u00e3o h\u00f3a da xa h\u01a1n t\u1edbi 20 n\u0103m<\/strong>\u00a0cho b\u1ea1n l\u00e0n da t\u01b0\u01a1i s\u00e1ng m\u1ecbn m\u00e0ng, gi\u1eef m\u00e3i tu\u1ed5i thanh xu\u00e2n.<\/p>\n","protected":false},"featured_media":440,"comment_status":"open","ping_status":"closed","template":"","meta":[],"brands":[{"id":168,"name":"Nuskin","slug":"nuskin"}],"_links":{"self":[{"href":"https:\/\/webmaibinh.com\/w\/thucpham112011\/wp-json\/wp\/v2\/product\/439"}],"collection":[{"href":"https:\/\/webmaibinh.com\/w\/thucpham112011\/wp-json\/wp\/v2\/product"}],"about":[{"href":"https:\/\/webmaibinh.com\/w\/thucpham112011\/wp-json\/wp\/v2\/types\/product"}],"replies":[{"embeddable":true,"href":"https:\/\/webmaibinh.com\/w\/thucpham112011\/wp-json\/wp\/v2\/comments?post=439"}],"wp:featuredmedia":[{"embeddable":true,"href":"https:\/\/webmaibinh.com\/w\/thucpham112011\/wp-json\/wp\/v2\/media\/440"}],"wp:attachment":[{"href":"https:\/\/webmaibinh.com\/w\/thucpham112011\/wp-json\/wp\/v2\/media?parent=439"}],"curies":[{"name":"wp","href":"https:\/\/api.w.org\/{rel}","templated":true}]}}