{"id":431,"date":"2020-02-18T21:18:52","date_gmt":"2020-02-18T14:18:52","guid":{"rendered":"http:\/\/thucphamchucnang2.muathemewordpress.net\/?post_type=product&#038;p=431"},"modified":"2020-02-18T21:18:53","modified_gmt":"2020-02-18T14:18:53","slug":"nuskin-liquid-body-lufra-tay-te-bao-chet-va-lam-trang-toan-than","status":"publish","type":"product","link":"https:\/\/webmaibinh.com\/w\/thucpham112011\/san-pham\/nuskin-liquid-body-lufra-tay-te-bao-chet-va-lam-trang-toan-than\/","title":{"rendered":"Nuskin liquid body lufra &#8211; t\u1ea9y t\u1ebf b\u00e0o ch\u1ebft v\u00e0 l\u00e0m tr\u1eafng to\u00e0n th\u00e2n"},"content":{"rendered":"<h2>Nuskin liquid body lufra &#8211; t\u1ea9y t\u1ebf b\u00e0o ch\u1ebft v\u00e0 l\u00e0m tr\u1eafng to\u00e0n th\u00e2n<\/h2>\n<h3>C\u00d4NG D\u1ee4NG\u00a0Nuskin Liquid Body Lufra<\/h3>\n<p>Cung c\u1ea5p t\u1ea9y da ch\u1ebft c\u1ea7n thi\u1ebft b\u1eb1ng c\u00e1ch lo\u1ea1i b\u1ecf \u0111i\u00a0c\u00e1c t\u1ea1p ch\u1ea5t b\u1ec1 m\u1eb7t v\u00e0 da ch\u1ebft m\u1ed9t c\u00e1ch nh\u1eb9 nh\u00e0ng.<\/p>\n<p>L\u00e0m m\u1edbi c\u01a1 th\u1ec3 th\u00f4ng qua h\u00e0nh \u0111\u1ed9ng t\u1ea9y t\u1ebf b\u00e0o ch\u1ebft, \u0111\u1ed3ng th\u1eddi ti\u1ebfp th\u00eam n\u0103ng l\u01b0\u1ee3ng cho t\u1ebf b\u00e0o m\u1edbi<\/p>\n<p>L\u00e0m m\u1ec1m c\u00e1c khu v\u1ef1c kh\u00f4, th\u00f4 tr\u00ean khu\u1ef7u tay, \u0111\u1ea7u g\u1ed1i, v\u00e0 to\u00e0n b\u1ed9 c\u01a1 th\u1ec3.<br \/>\nC\u1ea3i thi\u1ec7n m\u00e0u da v\u00e0 c\u1ea5u tr\u00fac da, \u00a0lo\u1ea1i b\u1ecf c\u00e1c b\u1ea3n v\u00e1 l\u1ed7i kh\u00f4 v\u00e0 c\u00e1c khu v\u1ef1c th\u00f4.<\/p>\n<div>L\u00e0m s\u1ea1ch ho\u00e0n to\u00e0n m\u00e0 kh\u00f4ng \u0111\u1ec3 l\u1ea1i m\u1ed9t d\u01b0 l\u01b0\u1ee3ng n\u00e0o c\u00f3 th\u1ec3 l\u00e0m kh\u00f4 v\u00e0 g\u00e2y k\u00edch \u1ee9ng da.<\/div>\n<div>100% \u00a0kh\u00f4ng ch\u1ea5t t\u1ea1o m\u00f9i.<\/div>\n<p>D\u1ecb \u1ee9ng an to\u00e0n, \u0111\u00e3 \u0111\u01b0\u1ee3c th\u1eed nghi\u1ec7m da li\u1ec5u.<\/p>\n<p>GI\u1edaI THI\u1ec6U\u00a0Nuskin Liquid Body Lufra<\/p>\n<p>Liquid Body Lufra l\u00e0 s\u1ea3n ph\u1ea9m gi\u00fap t\u00e1i t\u1ea1o da, v\u00e0 cho l\u00e0n da s\u00e1ng. C\u00f3 ch\u1ee9a th\u00e0nh ph\u1ea7n Walnut (m\u1ed9t lo\u1ea1i th\u1ef1c v\u1eadt qu\u00fd v\u00e0 hi\u1ebfm c\u00f3 v\u1ecf \u00f3c b\u00ean ngo\u00e0i) b\u1ecb nghi\u1ec1n, d\u00f9ng \u0111\u1ec3 thoa l\u00ean c\u00e1c v\u00f9ng th\u00f4 tr\u00ean khu\u1ef7u tay, l\u01b0ng c\u1ee7a c\u00e1nh tay, \u0111\u1ea7u g\u1ed1i, g\u00f3t ch\u00e2n, v\u00e0 tr\u00ean t\u1ea5t c\u1ea3 c\u00e1c v\u00f9ng kh\u00e1c n\u1ebfu c\u1ea7n. Ho\u1ea1t \u0111\u1ed9ng t\u1ea9y t\u1ebf b\u00e0o ch\u1ebft c\u1ee7a Liquid Body Lufra s\u1ebd ti\u1ebfp th\u00eam n\u0103ng l\u01b0\u1ee3ng v\u00e0 l\u00e0m t\u00e1i t\u1ea1o l\u1ea1i v\u00f9ng da \u1edf c\u00e1nh tay, ch\u00e2n v\u00e0 c\u01a1 th\u1ec3. S\u1eed d\u1ee5ng Liquid Body Lufra, mang l\u1ea1i cho b\u1ea1n l\u00e0n da m\u01b0\u1ee3t m\u00e0, m\u1ec1m m\u1ea1i v\u00e0 \u0111\u1ea7y s\u1ee9c s\u1ed1ng sau m\u1ed7i l\u1ea7n b\u1ea1n b\u01b0\u1edbc ra kh\u1ecfi v\u00f2i sen t\u1eafm. Ngo\u00e0i ra, c\u00f4ng th\u1ee9c t\u1ea9y t\u1ebf b\u00e0o ch\u1ebft \u0111\u1eb7c bi\u1ec7t l\u00fd t\u01b0\u1edfng n\u00e0y \u00a0gi\u00fap b\u1ea1n c\u00f3 m\u1ed9t \u0111\u00f4i ch\u00e2n m\u1ec1m m\u1ea1i v\u00e0 m\u1ecbn m\u00e0ng.<\/p>\n<p><strong>TH\u00c0NH PH\u1ea6N CH\u00cdNH<\/strong>\u00a0<strong>Nuskin Liquid Body Lufra<\/strong><\/p>\n<div>\n<div>Walnut husks &#8211; \u0111\u01b0\u1ee3c nghi\u1ec1n m\u1ecbn \u0111\u1ec3 t\u1ea9y t\u1ebf b\u00e0o ch\u1ebft v\u00e0 lo\u1ea1i b\u1ecf v\u00f9ng kh\u00f4, c\u00e1c b\u1ea3n v\u00e1 l\u1ed7i th\u00f4 c\u1ee7a da.<\/div>\n<div>Aloe vera gi\u00fap l\u00e0m d\u1ecbu v\u00e0 nu\u00f4i d\u01b0\u1ee1ng da.<\/div>\n<div>Ch\u1ea5t gi\u1eef \u1ea9m v\u00e0 \u0111\u1ed3ng th\u1eddi thu h\u00fat \u1ea9m, ng\u0103n ng\u1eeba kh\u00f4 trong qu\u00e1 tr\u00ecnh t\u1ea9y da ch\u1ebft.<\/p>\n<p><strong>S\u1ea2N PH\u1ea8M B\u1ed4 SUNG<\/strong><\/div>\n<div><strong>Body Smoother<\/strong>&#8211; M\u1ed9t lo\u1ea1i lotion \u0111\u01b0\u1ee3c d\u00f9ng sau khi t\u1eafm gi\u00fap kh\u00f3a \u0111\u1ed9 \u1ea9m v\u00e0 t\u1ea1o ra \u0111\u1ed9 s\u00e1ng \u0111\u1ec1u m\u00e0u<\/div>\n<div>\n<div><strong>Perennial \u00ae Intense Body Moisturizer<\/strong>\u00a0&#8211; M\u1ed9t lo\u1ea1i kem d\u01b0\u1ee1ng \u1ea9m c\u01a1 th\u1ec3 \u0111i\u1ec1u tr\u1ecb th\u00fac \u0111\u1ea9y ch\u1ee9c n\u0103ng c\u1ee7a t\u1ebf b\u00e0o \u0111\u01b0\u1ee3c kh\u1ecfe m\u1ea1nh, gi\u00fap c\u1ee7ng c\u1ed1 c\u00e1c c\u01a1 ch\u1ebf ph\u00f2ng v\u1ec7 t\u1ef1 nhi\u00ean c\u1ee7a da v\u00e0 b\u1ea3o v\u1ec7 ch\u1ed1ng l\u1ea1i k\u1ebb x\u00e2m l\u01b0\u1ee3c b\u00ean ngo\u00e0i.<\/div>\n<div><strong>S\u1eefa t\u1eafm Body Bar\u00a0<\/strong>&#8211; M\u1ed9t c\u00f4ng th\u1ee9c phong ph\u00fa, \u00a0kh\u00f4ng ch\u1ea5t t\u1ea1o m\u00f9i , cung c\u1ea5p cho da v\u1edbi \u0111\u1ed9 \u1ea9m \u0111i\u1ec1u , \u0111\u1ed3ng th\u1eddi lo\u1ea1i b\u1ecf b\u1ee5i b\u1ea9n, d\u1ea7u, v\u00e0 c\u00e1c t\u1ea1p ch\u1ea5t c\u00f3 hi\u1ec7u qu\u1ea3.<\/div>\n<div><em>L\u01b0u \u00fd: S\u1ea3n ph\u1ea9m n\u00e0y l\u00e0 th\u1ef1c ph\u1ea9m ch\u1ee9c n\u0103ng kh\u00f4ng ph\u1ea3i l\u00e0 thu\u1ed1c, v\u00e0 kh\u00f4ng c\u00f3 t\u00e1c d\u1ee5ng thay th\u1ebf thu\u1ed1c ch\u1eefa b\u1ec7nh.\u00a0Vi\u1ec7c s\u1eed d\u1ee5ng thu\u1ed1c v\u00e0 ch\u1eefa b\u1ec7nh ph\u1ea3i tuy\u1ec7t \u0111\u1ed1i tu\u00e2n th\u1ee7 theo s\u1ef1 ch\u1ec9 d\u1eabn c\u1ee7a b\u00e1c s\u0129 ho\u1eb7c ng\u01b0\u1eddi c\u00f3 chuy\u00ean m\u00f4n. Th\u00f4ng tin, h\u00ecnh \u1ea3nh, gi\u00e1 c\u1ea3 t\u1ea1i website ch\u1ec9 mang t\u00ednh ch\u1ea5t tham kh\u1ea3o minh h\u1ecda.\u00a0K\u1ebft qu\u1ea3 c\u00f3 th\u1ec3 kh\u00e1c nhau tu\u1ef3 theo c\u01a1 \u0111\u1ecba v\u00e0 th\u1ec3 tr\u1ea1ng c\u1ee7a t\u1eebng ng\u01b0\u1eddi.<\/em><\/div>\n<\/div>\n<\/div>\n","protected":false},"excerpt":{"rendered":"<p>Liquid Body Lufra l\u00e0 s\u1ea3n ph\u1ea9m gi\u00fap t\u00e1i t\u1ea1o da, v\u00e0 cho l\u00e0n da s\u00e1ng. C\u00f3 ch\u1ee9a th\u00e0nh ph\u1ea7n Walnut (m\u1ed9t lo\u1ea1i th\u1ef1c v\u1eadt qu\u00fd v\u00e0 hi\u1ebfm c\u00f3 v\u1ecf \u00f3c b\u00ean ngo\u00e0i) b\u1ecb nghi\u1ec1n, d\u00f9ng \u0111\u1ec3 thoa l\u00ean c\u00e1c v\u00f9ng th\u00f4 tr\u00ean khu\u1ef7u tay, l\u01b0ng c\u1ee7a c\u00e1nh tay, \u0111\u1ea7u g\u1ed1i, g\u00f3t ch\u00e2n, v\u00e0 tr\u00ean t\u1ea5t c\u1ea3 c\u00e1c v\u00f9ng kh\u00e1c n\u1ebfu c\u1ea7n<\/p>\n","protected":false},"featured_media":432,"comment_status":"open","ping_status":"closed","template":"","meta":[],"brands":[{"id":168,"name":"Nuskin","slug":"nuskin"}],"_links":{"self":[{"href":"https:\/\/webmaibinh.com\/w\/thucpham112011\/wp-json\/wp\/v2\/product\/431"}],"collection":[{"href":"https:\/\/webmaibinh.com\/w\/thucpham112011\/wp-json\/wp\/v2\/product"}],"about":[{"href":"https:\/\/webmaibinh.com\/w\/thucpham112011\/wp-json\/wp\/v2\/types\/product"}],"replies":[{"embeddable":true,"href":"https:\/\/webmaibinh.com\/w\/thucpham112011\/wp-json\/wp\/v2\/comments?post=431"}],"wp:featuredmedia":[{"embeddable":true,"href":"https:\/\/webmaibinh.com\/w\/thucpham112011\/wp-json\/wp\/v2\/media\/432"}],"wp:attachment":[{"href":"https:\/\/webmaibinh.com\/w\/thucpham112011\/wp-json\/wp\/v2\/media?parent=431"}],"curies":[{"name":"wp","href":"https:\/\/api.w.org\/{rel}","templated":true}]}}