{"id":339,"date":"2020-02-18T16:42:51","date_gmt":"2020-02-18T09:42:51","guid":{"rendered":"http:\/\/thucphamchucnang2.muathemewordpress.net\/?post_type=product&#038;p=339"},"modified":"2020-02-18T16:42:52","modified_gmt":"2020-02-18T09:42:52","slug":"nuoc-ep-maqui-chong-lao-hoa-tre-dep-lan-da","status":"publish","type":"product","link":"https:\/\/webmaibinh.com\/w\/thucpham112011\/san-pham\/nuoc-ep-maqui-chong-lao-hoa-tre-dep-lan-da\/","title":{"rendered":"N\u01b0\u1edbc \u00e9p Maqui &#8211; ch\u1ed1ng l\u00e3o h\u00f3a, tr\u1ebb \u0111\u1eb9p l\u00e0n da."},"content":{"rendered":"<h2>Th\u00e0nh ph\u1ea7n c\u1ea5u t\u1ea1o\u00a0N\u01b0\u1edbc \u00e9p\u00a0Maqui\u00a0:<\/h2>\n<p>N\u01b0\u1edbc tinh khi\u1ebft, Crystalline, l\u00f4 h\u1ed9i, b\u1ed9t chi\u1ebft xu\u1ea5t qu\u1ea3 maqui(maqui berry powder), ionic sea minerals, resveratrol, Chi\u1ebft xu\u1ea5t qu\u1ea3 Vi\u1ec7t qu\u1ea5t(wild blueberry vaccinium angusti flium extract), b\u1ed9t qu\u1ea3 d\u00e2u t\u00e2y(strawberry fragaria chiloensis powder), b\u1ed9t qu\u1ea3 nam vi\u1ec7t qu\u1ea5t(cranberry vaccinium macrocarpon powder), chi\u1ebft xu\u1ea5t qu\u1ea3 Nham l\u00ea(bilberry vaccinium myrtillus extract), chi\u1ebft xu\u1ea5t qu\u1ea3 c\u01a1m ch\u00e1y(emderberry sambucus nigra extract), b\u1ed9t h\u1ea1t M\u00e2m x\u00f4i(raspberry rubus idaeus powder), Fibersol 2(maltodextrin), xanthan gum(E415), acid citric(E330), kali sorbate(E202), natri benzoate(E211).<\/p>\n<h3>C\u00f4ng d\u1ee5ng\u00a0N\u01b0\u1edbc \u00e9p Maqui\u00a0:<\/h3>\n<p>Gi\u00fap t\u0103ng c\u01b0\u1eddng s\u1ee9c kh\u1ecfe. B\u1ed5 sung c\u00e1c ch\u1ea5t ch\u1ed1ng oxy h\u00f3a, h\u1ea1n ch\u1ebf s\u1ef1 l\u00e3o h\u00f3a.<\/p>\n<h3>\u0110\u1ed1i t\u01b0\u1ee3ng s\u1eed d\u1ee5ng\u00a0N\u01b0\u1edbc \u00e9p Maqui\u00a0bhip global:<\/h3>\n<p>&#8211; D\u00f9ng cho ng\u01b0\u1eddi m\u1ec7t \u00a0m\u1ecfi, ng\u01b0\u1eddi cao tu\u1ed5i, ng\u01b0\u1eddi b\u1ecb b\u1ec7nh tim m\u1ea1ch, b\u1ecb l\u00e3o h\u00f3a s\u1edbm.<\/p>\n<p>&#8211; Kh\u00f4ng d\u00f9ng cho ph\u1ee5 n\u1eef c\u00f3 thai ho\u1eb7c cho con b\u00fa.<\/p>\n<p><strong>\u0110\u01a1n v\u1ecb nh\u1eadp kh\u1ea9u:<\/strong><\/p>\n<p>C\u00f4ng ty TNHH bHIP.<\/p>\n<p><strong>\u0110\u1ecba ch\u1ec9:<\/strong>\u00a0S\u1ed1 156 X\u00e3 \u0110\u00e0n 2, P.Nam \u0110\u1ed3ng, Q.\u0110\u1ed1ng \u0110a, H\u00e0 N\u1ed9i.<\/p>\n<p><strong><em>Ch\u00fa \u00fd: S\u1ea3n ph\u1ea9m n\u00e0y kh\u00f4ng ph\u1ea3i l\u00e0 thu\u1ed1c, kh\u00f4ng c\u00f3 t\u00e1c d\u1ee5ng ch\u1eefa b\u1ec7nh<\/em><\/strong><\/p>\n<p><strong><em>Th\u1ef1c ph\u1ea9m ch\u1ee9c n\u0103ng\u00a0360<\/em><\/strong><\/p>\n","protected":false},"excerpt":{"rendered":"<p>N\u01b0\u1edbc tinh khi\u1ebft, Crystalline, l\u00f4 h\u1ed9i, b\u1ed9t chi\u1ebft xu\u1ea5t qu\u1ea3 maqui(maqui berry powder), ionic sea minerals, resveratrol, Chi\u1ebft xu\u1ea5t qu\u1ea3 Vi\u1ec7t qu\u1ea5t(wild blueberry vaccinium angusti flium extract), b\u1ed9t qu\u1ea3 d\u00e2u t\u00e2y(strawberry fragaria chiloensis powder), b\u1ed9t qu\u1ea3 nam vi\u1ec7t qu\u1ea5t(cranberry vaccinium macrocarpon powder)<\/p>\n","protected":false},"featured_media":340,"comment_status":"open","ping_status":"closed","template":"","meta":[],"brands":[{"id":160,"name":"bHIP Global","slug":"bhip-global"}],"_links":{"self":[{"href":"https:\/\/webmaibinh.com\/w\/thucpham112011\/wp-json\/wp\/v2\/product\/339"}],"collection":[{"href":"https:\/\/webmaibinh.com\/w\/thucpham112011\/wp-json\/wp\/v2\/product"}],"about":[{"href":"https:\/\/webmaibinh.com\/w\/thucpham112011\/wp-json\/wp\/v2\/types\/product"}],"replies":[{"embeddable":true,"href":"https:\/\/webmaibinh.com\/w\/thucpham112011\/wp-json\/wp\/v2\/comments?post=339"}],"wp:featuredmedia":[{"embeddable":true,"href":"https:\/\/webmaibinh.com\/w\/thucpham112011\/wp-json\/wp\/v2\/media\/340"}],"wp:attachment":[{"href":"https:\/\/webmaibinh.com\/w\/thucpham112011\/wp-json\/wp\/v2\/media?parent=339"}],"curies":[{"name":"wp","href":"https:\/\/api.w.org\/{rel}","templated":true}]}}