{"id":333,"date":"2020-02-18T16:38:08","date_gmt":"2020-02-18T09:38:08","guid":{"rendered":"http:\/\/thucphamchucnang2.muathemewordpress.net\/?post_type=product&#038;p=333"},"modified":"2020-02-18T16:38:09","modified_gmt":"2020-02-18T09:38:09","slug":"bios-life-slim-giam-mo-thua-tu-unicity","status":"publish","type":"product","link":"https:\/\/webmaibinh.com\/w\/thucpham112011\/san-pham\/bios-life-slim-giam-mo-thua-tu-unicity\/","title":{"rendered":"Bios Life SLim &#8211; Gi\u1ea3m m\u1ee1 th\u1eeba t\u1eeb Unicity"},"content":{"rendered":"<p>l\u00e0 s\u1ea3n ph\u1ea9m gi\u1ea3m c\u00e2n h\u00e0ng \u0111\u1ea7u th\u1ebf gi\u1edbi c\u1ee7a\u00a0unicity, \u0111\u01b0\u1ee3c li\u1ec7t v\u00e0o s\u00e1ch y d\u01b0\u1ee3c th\u1ebf d\u01b0\u1ee3c l\u00e0 m\u1ed9t trong nh\u1eefng s\u1ea3n ph\u1ea9m th\u1ef1c ph\u1ea9m ch\u1ee9c n\u0103ng h\u1ed7 tr\u1ee3\u00a0gi\u1ea3m c\u00e2n t\u1ed1t nh\u1ea5t.<\/p>\n<p><strong><img class=\"aligncenter\" src=\"https:\/\/thucphamchucnang360.com\/images\/images\/bios_life_slim.jpg\" alt=\"bios life slim mang \u0111\u1ebfn cho b\u1ea1n m\u1ed9t tr\u1ea3i nghi\u1ec7m hi\u1ec7u qu\u1ea3 v\u00e0 c\u1ef1c k\u1ef3 an to\u00e0n\" \/><\/strong><\/p>\n<h3>Bios life slim mang \u0111\u1ebfn cho b\u1ea1n m\u1ed9t tr\u1ea3i nghi\u1ec7m hi\u1ec7u qu\u1ea3 v\u00e0 c\u1ef1c k\u1ef3 an to\u00e0n<\/h3>\n<hr \/>\n<p><strong>S\u1ea3n ph\u1ea9m\u00a0Unicity\u00a0gi\u00e1 r\u1ebb<\/strong><\/p>\n<p><img class=\"aligncenter\" src=\"https:\/\/thucphamchucnang360.com\/images\/images\/ket-qua-su-dung-bios-life-slim.jpg\" alt=\"K\u1ebft qu\u1ea3 s\u1eed d\u1ee5ng s\u1ea3n ph\u1ea9m bios life slim c\u1ee7a ch\u1ecb tuy\u1ebft \" \/><\/p>\n<h3>K\u1ebft qu\u1ea3 s\u1eed d\u1ee5ng s\u1ea3n ph\u1ea9m bios life slim c\u1ee7a ch\u1ecb tuy\u1ebft<\/h3>\n<p><strong>Kh\u1ed1i l\u01b0\u1ee3ng t\u1ecbnh:<\/strong>\u00a0435g (60 g\u00f3i\/h\u1ed9p).<\/p>\n<p><strong>C\u00f4ng d\u1ee5ng:<\/strong>\u00a0B\u1ed5 sung ch\u1ea5t x\u01a1, vitamin v\u00e0 c\u00e1c axit amin cho c\u01a1 th\u1ec3, gi\u00fap c\u01a1 th\u1ec3 kh\u1ecfe m\u1ea1nh, gi\u1ea3m Cholesterol trong m\u00e1u, t\u1ed1t cho ng\u01b0\u1eddi b\u1ecb b\u1ec7nh cao huy\u1ebft \u00e1p.<\/p>\n<p><strong>Th\u00e0nh ph\u1ea7n c\u1ea5u t\u1ea1o:<\/strong>\u00a0Guar Gum, Phytosterols, h\u1ed7n h\u1ee3p Polysaccharides t\u1eeb th\u1ef1c v\u1eadt, h\u01b0\u01a1ng t\u1ef1 nhi\u00ean v\u00e0 nh\u00e2n t\u1ea1o, Gum Arabic, Locust Bean Gum, \u0111\u01b0\u1eddng Maltodextrin, Citrus Pectin, s\u1ee3i y\u1ebfn m\u1ea1ch, b\u1ed9t cam, Citric Acid, Calcium Carbonate, Vitamin C (Ascorbic Acid), Chromium, Vitamin A (Beta Carotene), Sucralose, Beta Glucan, Vitamin E (D-Alpha Tocopheryl Acetate), Niacin (Niacinamide), Zinc (Zinc Gluconate), hoa c\u00fac (Flower Bud), Vitamin B6 (Pyridoxine HCL), Policosanol (Sugar Cane Extract), Vitamin B12 (Cyanocobalamin), Folic Acid, Vitamin B1 (Thiamin HCL), Biotin, Vitamin B2 (Ribo avin).<\/p>\n<p><strong>H\u01b0\u1edbng d\u1eabn s\u1eed d\u1ee5ng:<\/strong>\u00a0U\u1ed1ng 2 g\u00f3i\/ng\u00e0y, 10-15 ph\u00fat tr\u01b0\u1edbc b\u1eefa \u0103n l\u1edbn nh\u1ea5t c\u1ee7a b\u1ea1n. Tr\u1ed9n \u0111\u1ec1u m\u1ed7i g\u00f3i v\u1edbi 240-300 ml n\u01b0\u1edbc, n\u01b0\u1edbc tr\u00e1i c\u00e2y, s\u1eefa ho\u1eb7c n\u01b0\u1edbc gi\u1ea3i kh\u00e1t. U\u1ed1ng ngay l\u1eadp t\u1ee9c. C\u00f3 th\u1ec3 u\u1ed1ng b\u1ea5t c\u1ee9 l\u00fac n\u00e0o, c\u00f3 ho\u1eb7c kh\u00f4ng c\u00f3 th\u1ee9c \u0103n.<\/p>\n<p><strong>\u0110\u1ed1i t\u01b0\u1ee3ng s\u1eed d\u1ee5ng:<\/strong>\u00a0Th\u00edch h\u1ee3p cho nh\u1eefng ng\u01b0\u1eddi \u0103n chay, c\u00f3 ti\u1ec1n s\u1eed v\u1ec1 tim m\u1ea1ch, cao huy\u1ebft \u00e1p, ng\u01b0\u1eddi b\u1ecb ti\u1ec3u \u0111\u01b0\u1eddng.<\/p>\n<p><strong>B\u1ea3o qu\u1ea3n:<\/strong>\u00a0N\u01a1i kh\u00f4 r\u00e1o, tho\u00e1ng, m\u00e1t v\u00e0 tr\u00e1nh \u00e1nh n\u1eafng.<\/p>\n<p><strong>Xu\u1ea5t x\u1ee9:<\/strong>\u00a0C\u00f4ng ty Pro-Form Laboratories, M\u1ef9.<\/p>\n<p><strong>\u0110\u1ecba ch\u1ec9:<\/strong>\u00a05325 Industrial Way, Benicia, CA 94510, USA.<\/p>\n<p><strong>L\u01b0u \u00fd:<\/strong>\u00a0<strong>S\u1ea3n ph\u1ea9m n\u00e0y kh\u00f4ng ph\u1ea3i l\u00e0 thu\u1ed1c v\u00e0 kh\u00f4ng c\u00f3 t\u00e1c d\u1ee5ng thay th\u1ebf thu\u1ed1c ch\u1eefa b\u1ec7nh.<\/strong><\/p>\n<hr \/>\n<p><strong>M\u1ed9t s\u1ed1 h\u00ecnh \u1ea3nh s\u1ea3n ph\u1ea9m t\u1ea1i th\u1ef1c ph\u1ea9m ch\u1ee9c n\u0103ng 360<\/strong><\/p>\n<p><strong><img class=\"aligncenter\" src=\"https:\/\/thucphamchucnang360.com\/images\/images\/bios-life-slim-chinh-dien.jpg\" alt=\"M\u1eb7t tr\u01b0\u1edbc s\u1ea3n ph\u1ea9m th\u1ef1c ph\u1ea9m ch\u1ee9c n\u0103ng Bios life slim c\u1ee7a unicity\" \/><\/strong><\/p>\n<p>M\u1eb7t tr\u01b0\u1edbc s\u1ea3n ph\u1ea9m th\u1ef1c ph\u1ea9m ch\u1ee9c n\u0103ng Bios life slim c\u1ee7a unicity<\/p>\n<p><strong><img class=\"aligncenter\" src=\"https:\/\/thucphamchucnang360.com\/images\/images\/bios-life-slim(2).jpg\" alt=\"H\u00e0m l\u01b0\u1ee3ng dinh d\u01b0\u1ee1ng c\u1ee7a s\u1ea3n ph\u1ea9m th\u1ef1c ph\u1ea9m ch\u1ee9c n\u0103ng bios life slim\" \/><\/strong><\/p>\n<p>H\u00e0m l\u01b0\u1ee3ng dinh d\u01b0\u1ee1ng c\u1ee7a s\u1ea3n ph\u1ea9m th\u1ef1c ph\u1ea9m ch\u1ee9c n\u0103ng bios life slim<\/p>\n<p><em><strong><img class=\"aligncenter\" src=\"https:\/\/thucphamchucnang360.com\/images\/images\/bios-life-slim-mat-tren.jpg\" alt=\"M\u1eb7t tr\u00ean s\u1ea3n ph\u1ea9m th\u1ef1c ph\u1ea9m ch\u1ee9c n\u0103ng bios life slim\" \/><\/strong><\/em><\/p>\n<p>M\u1eb7t tr\u00ean s\u1ea3n ph\u1ea9m th\u1ef1c ph\u1ea9m ch\u1ee9c n\u0103ng bios life slim<\/p>\n<p><em><strong><img class=\"aligncenter\" src=\"https:\/\/thucphamchucnang360.com\/images\/images\/nhan-phu-bios-life-slim.jpg\" alt=\"Nh\u00e3n ph\u1ee5 s\u1ea3n ph\u1ea9m th\u1ef1c ph\u1ea9m ch\u1ee9c n\u0103ng bios life slim\" \/><\/strong><\/em><\/p>\n<p>Nh\u00e3n ph\u1ee5 s\u1ea3n ph\u1ea9m th\u1ef1c ph\u1ea9m ch\u1ee9c n\u0103ng bios life slim<\/p>\n<p><em><strong><img class=\"aligncenter\" src=\"https:\/\/thucphamchucnang360.com\/images\/images\/mat-day-san-pham-bios-life-slim.jpg\" alt=\"H\u1ea1n s\u1eed d\u1ee5ng s\u1ea3n ph\u1ea9m Bios life slim d\u01b0\u1edbi \u0111\u00e1p h\u1ed9p\" \/><\/strong><\/em><\/p>\n<p>H\u1ea1n s\u1eed d\u1ee5ng s\u1ea3n ph\u1ea9m Bios life slim d\u01b0\u1edbi \u0111\u00e1p h\u1ed9p<\/p>\n<p><em>L\u01b0u \u00fd: S\u1ea3n ph\u1ea9m n\u00e0y l\u00e0 th\u1ef1c ph\u1ea9m ch\u1ee9c n\u0103ng kh\u00f4ng ph\u1ea3i l\u00e0 thu\u1ed1c, v\u00e0 kh\u00f4ng c\u00f3 t\u00e1c d\u1ee5ng thay th\u1ebf thu\u1ed1c ch\u1eefa b\u1ec7nh.\u00a0Vi\u1ec7c s\u1eed d\u1ee5ng thu\u1ed1c v\u00e0 ch\u1eefa b\u1ec7nh ph\u1ea3i tuy\u1ec7t \u0111\u1ed1i tu\u00e2n th\u1ee7 theo s\u1ef1 ch\u1ec9 d\u1eabn c\u1ee7a b\u00e1c s\u0129 ho\u1eb7c ng\u01b0\u1eddi c\u00f3 chuy\u00ean m\u00f4n. Th\u00f4ng tin, h\u00ecnh \u1ea3nh, gi\u00e1 c\u1ea3 t\u1ea1i website ch\u1ec9 mang t\u00ednh ch\u1ea5t tham kh\u1ea3o minh h\u1ecda.\u00a0K\u1ebft qu\u1ea3 c\u00f3 th\u1ec3 kh\u00e1c nhau tu\u1ef3 theo c\u01a1 \u0111\u1ecba v\u00e0 th\u1ec3 tr\u1ea1ng c\u1ee7a t\u1eebng ng\u01b0\u1eddi.<\/em><\/p>\n","protected":false},"excerpt":{"rendered":"<p>l\u00e0 s\u1ea3n ph\u1ea9m gi\u1ea3m c\u00e2n h\u00e0ng \u0111\u1ea7u th\u1ebf gi\u1edbi c\u1ee7a\u00a0unicity, \u0111\u01b0\u1ee3c li\u1ec7t v\u00e0o s\u00e1ch y d\u01b0\u1ee3c th\u1ebf d\u01b0\u1ee3c l\u00e0 m\u1ed9t trong nh\u1eefng s\u1ea3n ph\u1ea9m th\u1ef1c ph\u1ea9m ch\u1ee9c n\u0103ng h\u1ed7 tr\u1ee3\u00a0gi\u1ea3m c\u00e2n t\u1ed1t nh\u1ea5t.<\/p>\n","protected":false},"featured_media":334,"comment_status":"open","ping_status":"closed","template":"","meta":[],"brands":[{"id":148,"name":"UNICITY","slug":"unicity"}],"_links":{"self":[{"href":"https:\/\/webmaibinh.com\/w\/thucpham112011\/wp-json\/wp\/v2\/product\/333"}],"collection":[{"href":"https:\/\/webmaibinh.com\/w\/thucpham112011\/wp-json\/wp\/v2\/product"}],"about":[{"href":"https:\/\/webmaibinh.com\/w\/thucpham112011\/wp-json\/wp\/v2\/types\/product"}],"replies":[{"embeddable":true,"href":"https:\/\/webmaibinh.com\/w\/thucpham112011\/wp-json\/wp\/v2\/comments?post=333"}],"wp:featuredmedia":[{"embeddable":true,"href":"https:\/\/webmaibinh.com\/w\/thucpham112011\/wp-json\/wp\/v2\/media\/334"}],"wp:attachment":[{"href":"https:\/\/webmaibinh.com\/w\/thucpham112011\/wp-json\/wp\/v2\/media?parent=333"}],"curies":[{"name":"wp","href":"https:\/\/api.w.org\/{rel}","templated":true}]}}