{"id":331,"date":"2020-02-18T16:35:17","date_gmt":"2020-02-18T09:35:17","guid":{"rendered":"http:\/\/thucphamchucnang2.muathemewordpress.net\/?post_type=product&#038;p=331"},"modified":"2020-02-18T16:35:17","modified_gmt":"2020-02-18T09:35:17","slug":"vien-nhau-thai-cuu-30000mg-placentra-essen-of-baby-sheep","status":"publish","type":"product","link":"https:\/\/webmaibinh.com\/w\/thucpham112011\/san-pham\/vien-nhau-thai-cuu-30000mg-placentra-essen-of-baby-sheep\/","title":{"rendered":"Vi\u00ean nhau thai c\u1eebu 30000mg placentra essen of baby sheep"},"content":{"rendered":"<p>T\u1ef1 h\u00e0o l\u00e0 \u0111\u1ea5t n\u01b0\u1edbc c\u00f3 di\u1ec7n t\u00edch \u0111\u1ed3ng c\u1ecf r\u1ed9ng l\u1edbn v\u1edbi n\u1ec1n n\u00f4ng nghi\u1ec7p ti\u00ean ti\u1ebfn, n\u01b0\u1edbc \u00dac s\u1edf h\u1eefu nh\u1eefng \u0111\u00e0n c\u1eebu kh\u1ecfe m\u1ea1nh nh\u1ea5t th\u1ebf gi\u1edbi. T\u1eadn d\u1ee5ng th\u1ebf m\u1ea1nh \u0111\u00f3 ng\u00e0y nay \u00fac \u0111\u00e3 s\u1ea3n xu\u1ea5t ra vi\u00ean u\u1ed1ng nhau thai c\u1eebu \u00fac 30000mg th\u00e0nh ph\u1ea7n 100% thi\u00ean nhi\u00ean s\u1ea3n ph\u1ea9m nhau thai c\u1eebu placenta 30000mg h\u00e0m l\u01b0\u1ee3ng cao n\u00e0y l\u00e0 t\u1ea5t c\u1ea3 nh\u1eefng g\u00ec b\u1ea1n c\u1ea7n cho s\u1ee9c kh\u1ecfe v\u00e0 l\u00e0n da c\u1ee7a m\u00ecnh.<\/p>\n<p>Tinh ch\u1ea5t nhau thai c\u1eebu \u00fac 30000 r\u1ea5t c\u00f3 hi\u1ec7u qu\u1ea3 trong vi\u1ec7c c\u1ea3i thi\u1ec7n l\u00e0n da s\u1ea1m m\u00e0u v\u00e0 l\u00e3o h\u00f3a, tr\u1ea3 l\u1ea1i s\u1ee9c s\u1ed1ng cho l\u00e0n da b\u1ea1n. B\u1eb1ng c\u00f4ng ngh\u1ec7 l\u00e0m l\u1ea1nh kh\u00f4 ti\u00ean ti\u1ebfn nh\u1ea5t, t\u1ea5t c\u1ea3 nh\u1eefng d\u01b0\u1ee1ng ch\u1ea5t tinh t\u00fay nh\u1ea5t c\u1ee7a nhau thai c\u1eebu t\u1ef1 nhi\u00ean \u0111\u01b0\u1ee3c gi\u1eef l\u1ea1i tr\u1ecdn v\u1eb9n v\u00e0 \u0111\u01b0a v\u00e0o trong vi\u00ean nhau thai c\u1eebu vip 30000mg. S\u1ea3n ph\u1ea9m m\u1edbi n\u00e0y c\u00f2n k\u00edch th\u00edch qu\u00e1 tr\u00ecnh t\u1ed5ng h\u1ee3p collagen m\u1ed9t c\u00e1ch hi\u1ec7u qu\u1ea3, gi\u00fap ph\u1ee5c h\u1ed3i \u0111\u1ed9 s\u0103n ch\u1eafc c\u1ee7a da.<br \/>\nvien uong nhau thai cuu placentra essence baby sheep no.1 super vip 30000mg<\/p>\n<p><img src=\"https:\/\/thucphamchucnang360.com\/images\/images\/nhau-thai-cuu.jpg\" alt=\"vi\u00ean nhau thai c\u1eebu placentra\" \/><\/p>\n<p>C\u00f4ng d\u1ee5ng ch\u00ednh thu\u1ed1c vi\u00ean nhau thai c\u1eebu 30000mg h\u1ed9p 120 vi\u00ean:<br \/>\n&#8211; \u00a0V\u1edbi nh\u1eefng th\u00e0nh ph\u1ea7n t\u1eeb t\u1ef1 nhi\u00ean nh\u1ea5t l\u00e0 tinh ch\u1ea5t nhau thai c\u1eebu t\u01b0\u01a1i vi\u00ean thu\u1ed1c nhau thai c\u1eebu 30000mg \u0111\u01b0\u1ee3c xem l\u00e0 s\u1ea3n ph\u1ea9m ch\u0103m s\u00f3c v\u00e0 l\u00e0m \u0111\u1eb9p da \u0111\u1ea7y hi\u1ec7u qu\u1ea3 d\u00e0nh cho ph\u00e1i n\u1eef<br \/>\n&#8211; \u00a0C\u00f4ng ngh\u1ec7 \u0111\u1ed9t ph\u00e1 trong vi\u1ec7c \u0111\u00f4ng l\u1ea1nh kh\u00f4 tinh ch\u1ea5t nhau thai \u0111\u1ec3 gi\u1eef l\u1ea1i ho\u00e0n to\u00e0n c\u00e1c d\u01b0\u1ee1ng ch\u1ea5t qu\u00fd gi\u00e1 trong vi\u00ean u\u1ed1ng nhau thai c\u1eebu vip 30000mg<br \/>\n&#8211; \u00a0Vi\u00ean u\u1ed1ng nhau thai c\u1eebu \u00fac 3000 s\u1ebd l\u00e0m cho l\u00e0n da b\u1ea1n m\u01b0\u1ee3t m\u00e0, s\u0103n ch\u1eafc v\u00e0 ng\u0103n ng\u1eeba n\u1ebfp nh\u0103n \u0111\u1ed3ng th\u1eddi gi\u1ea3m qu\u00e1 tr\u00ecnh l\u00e3o h\u00f3a da hi\u1ec7u qu\u1ea3<br \/>\n&#8211; \u00a0Tinh ch\u1ea5t nhau thai c\u1eebu \u00fac 30000mg hi\u1ec7u qu\u1ea3 trong \u0111i\u1ec1u tr\u1ecb t\u00e0n nhang, th\u00e2m n\u00e1m, \u0111\u1ed3i m\u1ed3i x\u00f3a tan nh\u1eefng v\u1ebft n\u00e1m kh\u00f3 ch\u1ecbu v\u00e0 \u0111\u00e1ng gh\u00e9t tr\u1ea3 l\u1ea1i cho b\u1ea1n l\u00e0n da nh\u01b0 mong mu\u1ed1n<br \/>\nvien uong nhau thai cuu placentra essence baby sheep no.1 super vip 30000mg<\/p>\n<p>&#8211; Vi\u00ean nhau thai c\u1eebu sheep placenta 30000mg h\u1ed9p 120 vi\u00ean gi\u00fap c\u1ea3i thi\u1ec7n s\u1eafc t\u1ed1 l\u00e0n da, t\u0103ng t\u00ednh \u0111\u00e0n h\u1ed3i v\u00e0 ch\u1ed1ng ch\u1ea3y x\u1ec7 cho ph\u1ee5 m\u1edbi sanh hay v\u1eeba xong qu\u00e1 tr\u00ecnh cho con b\u00fa<br \/>\n&#8211; H\u1ed7 tr\u1ee3 nhanh ch\u00f3ng trong vi\u1ec7c l\u00e0m l\u00e0nh v\u1ebft th\u01b0\u01a1ng v\u00e0 li\u1ec1n s\u1eb9o<br \/>\n&#8211; T\u0103ng c\u01b0\u1eddng s\u1ee9c kh\u1ecfe. Ch\u1ed1ng oxy h\u00f3a c\u1ef1c m\u1ea1nh.Gi\u1ea3i \u0111\u1ed9c m\u1ed9t c\u00e1ch t\u1ef1 nhi\u00ean<br \/>\n&#8211; Ngo\u00e0i ra, nhau thai c\u1eebu placenta 30000mg t\u0103ng t\u00ednh co gi\u00e3n, \u0111\u00e0n h\u1ed3i cho l\u00e0n da, gi\u1ea3m s\u1ec7 ng\u1ef1c sau khi sinh.<br \/>\n&#8211; \u0110i\u1ec1u h\u00f2a s\u1ef1 ti\u1ebft ch\u1ea5t nh\u1eddn v\u00e0 l\u00e0m gi\u1ea3m s\u1ef1 n\u1edf l\u1ed7 ch\u00e2n l\u00f4ng<br \/>\n&#8211; H\u1ed7 tr\u1ee3 \u0111i\u1ec1u h\u00f2a chu k\u00ec kinh nguy\u1ec7t, gi\u1ea3m c\u00e1c ch\u1ee9ng th\u1ed1ng kinh, l\u00e0m gi\u1ea3m c\u00e1c tri\u1ec7u ch\u1ee9ng kh\u00f3 ch\u1ecbu \u1edf th\u1eddi k\u1ef3 ti\u1ec1n m\u00e3n kinh \u1edf ph\u1ee5 n\u1eef cao tu\u1ed5i<br \/>\nL\u01b0u \u00fd : N\u1ebfu nh\u01b0 da b\u1ea1n \u0111ang \u1edf m\u1ee9c \u0111\u1ed9 b\u1ecb l\u00e3o h\u00f3a hay n\u00e1m da n\u1eb7ng th\u00ec b\u1ea1n c\u00f3 th\u1ec3 r\u00fat ng\u1eafn th\u1eddi gian \u0111i\u1ec1u tr\u1ecb b\u1eb1ng c\u00e1ch s\u1eed d\u1ee5ng song song s\u1ea3n ph\u1ea9m nhau thai c\u1eebu \u00a0placenta 30000mg v\u1edbi nh\u1eefng d\u00f2ng s\u1ea3n ph\u1ea9m nhau thai c\u1eebu kh\u00e1c b\u1edfi v\u00ec \u0111i\u1ec3m chung c\u1ee7a t\u1ea5t c\u1ea3 c\u00e1c s\u1ea3n ph\u1ea9m nhau thai c\u1eebu \u0111\u1ec1u \u0111\u01b0\u1ee3c tinh ch\u1ebf t\u1eeb nh\u1eefng th\u00e0nh ph\u1ea7n t\u1ef1 nhi\u00ean, v\u00e0 quan trong \u0111\u1ec1u gi\u00fap cho vi\u1ec7c l\u00e0m \u0111\u1eb9p c\u0169ng nh\u01b0 ch\u0103m s\u00f3c s\u1ee9c kh\u1ecfe nh\u1ea5t l\u00e0 v\u1edbi ph\u1ee5 n\u1eef.<\/p>\n<p>C\u00e1ch d\u00f9ng nhau thai c\u1eebu 30000mg :<br \/>\nD\u00f9ng \u0111i\u1ec1u \u0111\u1eb7n m\u1ed7i ng\u00e0y m\u1ed9t vi\u00ean, b\u1ea1n s\u1ebd th\u1ea5y k\u1ebft qu\u1ea3 ch\u1ec9 sau 3 th\u00e1ng. \u00a0Tuy nhi\u00ean, nhi\u1ec1u kh\u00e1ch h\u00e0ng c\u1ee7a ch\u00fang t\u00f4i cho bi\u1ebft r\u1eb1ng, h\u1ecd c\u1ea3m nh\u00e2n \u0111\u01b0\u1ee3c s\u1ef1 kh\u00e1c bi\u1ec7t ch\u1ec9 sau hai tu\u1ea7n s\u1eed d\u1ee5ng. \u0110i\u1ec1u n\u00e0y c\u00f2n ph\u1ee5 thu\u1ed9c v\u00e0o m\u1ee9c \u0111\u1ed9 da c\u1ee7a b\u1ea1n.<br \/>\nNh\u01b0ng d\u00f9 da b\u1ea1n \u0111ang t\u1ed3i t\u1ec7 v\u00e0 l\u00e3o h\u00f3a \u1edf m\u1ee9c \u0111\u1ed9 n\u00e0o th\u00ec ch\u1ec9 c\u1ea7n b\u1ea1n ch\u1ecbu kh\u00f3 s\u1eed d\u1ee5ng vi\u00ean u\u1ed1ng nhau thai c\u1eebu sheep placenta 30000mg v\u00e0 ch\u0103m s\u00f3c da m\u1ed9t c\u00e1ch h\u1ee3p l\u00fd th\u00ec b\u1ea1n s\u1ebd th\u1ea5y \u0111\u01b0\u1ee3c s\u1ef1 thay \u0111\u1ed5i r\u00f5 r\u1ec7t sau th\u1eddi gian s\u1eed d\u1ee5ng s\u1ea3n ph\u1ea9m<\/p>\n<p><em>L\u01b0u \u00fd: S\u1ea3n ph\u1ea9m n\u00e0y l\u00e0 th\u1ef1c ph\u1ea9m ch\u1ee9c n\u0103ng kh\u00f4ng ph\u1ea3i l\u00e0 thu\u1ed1c, v\u00e0 kh\u00f4ng c\u00f3 t\u00e1c d\u1ee5ng thay th\u1ebf thu\u1ed1c ch\u1eefa b\u1ec7nh.\u00a0Vi\u1ec7c s\u1eed d\u1ee5ng thu\u1ed1c v\u00e0 ch\u1eefa b\u1ec7nh ph\u1ea3i tuy\u1ec7t \u0111\u1ed1i tu\u00e2n th\u1ee7 theo s\u1ef1 ch\u1ec9 d\u1eabn c\u1ee7a b\u00e1c s\u0129 ho\u1eb7c ng\u01b0\u1eddi c\u00f3 chuy\u00ean m\u00f4n. Th\u00f4ng tin, h\u00ecnh \u1ea3nh, gi\u00e1 c\u1ea3 t\u1ea1i website ch\u1ec9 mang t\u00ednh ch\u1ea5t tham kh\u1ea3o minh h\u1ecda.\u00a0K\u1ebft qu\u1ea3 c\u00f3 th\u1ec3 kh\u00e1c nhau tu\u1ef3 theo c\u01a1 \u0111\u1ecba v\u00e0 th\u1ec3 tr\u1ea1ng c\u1ee7a t\u1eebng ng\u01b0\u1eddi.<\/em><\/p>\n","protected":false},"excerpt":{"rendered":"<p>T\u1ef1 h\u00e0o l\u00e0 \u0111\u1ea5t n\u01b0\u1edbc c\u00f3 di\u1ec7n t\u00edch \u0111\u1ed3ng c\u1ecf r\u1ed9ng l\u1edbn v\u1edbi n\u1ec1n n\u00f4ng nghi\u1ec7p ti\u00ean ti\u1ebfn, n\u01b0\u1edbc \u00dac s\u1edf h\u1eefu nh\u1eefng \u0111\u00e0n c\u1eebu kh\u1ecfe m\u1ea1nh nh\u1ea5t th\u1ebf gi\u1edbi. T\u1eadn d\u1ee5ng th\u1ebf m\u1ea1nh \u0111\u00f3 ng\u00e0y nay \u00fac \u0111\u00e3 s\u1ea3n xu\u1ea5t ra vi\u00ean u\u1ed1ng nhau thai c\u1eebu \u00fac 30000mg th\u00e0nh ph\u1ea7n 100% thi\u00ean nhi\u00ean s\u1ea3n ph\u1ea9m nhau thai c\u1eebu placenta 30000mg h\u00e0m l\u01b0\u1ee3ng cao n\u00e0y l\u00e0 t\u1ea5t c\u1ea3 nh\u1eefng g\u00ec b\u1ea1n c\u1ea7n cho s\u1ee9c kh\u1ecfe v\u00e0 l\u00e0n da c\u1ee7a m\u00ecnh.<\/p>\n","protected":false},"featured_media":332,"comment_status":"open","ping_status":"closed","template":"","meta":[],"brands":[],"_links":{"self":[{"href":"https:\/\/webmaibinh.com\/w\/thucpham112011\/wp-json\/wp\/v2\/product\/331"}],"collection":[{"href":"https:\/\/webmaibinh.com\/w\/thucpham112011\/wp-json\/wp\/v2\/product"}],"about":[{"href":"https:\/\/webmaibinh.com\/w\/thucpham112011\/wp-json\/wp\/v2\/types\/product"}],"replies":[{"embeddable":true,"href":"https:\/\/webmaibinh.com\/w\/thucpham112011\/wp-json\/wp\/v2\/comments?post=331"}],"wp:featuredmedia":[{"embeddable":true,"href":"https:\/\/webmaibinh.com\/w\/thucpham112011\/wp-json\/wp\/v2\/media\/332"}],"wp:attachment":[{"href":"https:\/\/webmaibinh.com\/w\/thucpham112011\/wp-json\/wp\/v2\/media?parent=331"}],"curies":[{"name":"wp","href":"https:\/\/api.w.org\/{rel}","templated":true}]}}