{"id":329,"date":"2020-02-18T16:33:11","date_gmt":"2020-02-18T09:33:11","guid":{"rendered":"http:\/\/thucphamchucnang2.muathemewordpress.net\/?post_type=product&#038;p=329"},"modified":"2020-02-18T16:33:11","modified_gmt":"2020-02-18T09:33:11","slug":"sua-ong-chua-tuoi-highland-bee-100-gram","status":"publish","type":"product","link":"https:\/\/webmaibinh.com\/w\/thucpham112011\/san-pham\/sua-ong-chua-tuoi-highland-bee-100-gram\/","title":{"rendered":"S\u1eefa ong ch\u00faa t\u01b0\u01a1i Highland Bee 100 gram"},"content":{"rendered":"<p>HIGHLAND BEE s\u1eefa ong ch\u00faa nguy\u00ean ch\u1ea5t 100% t\u1eeb thi\u00ean nhi\u00ean.\u00a0Quy c\u00e1ch \u0111\u00f3ng g\u00f3i: 100gr \/H\u0169 th\u1ee7y tinh, b\u1ea3o qu\u1ea3n trong ng\u0103n \u0111\u00e1 ng\u0103n \u0111\u00e1 t\u1ee7 l\u1ea1nh nh\u01b0 sau:<\/p>\n<p><strong>Th\u00e0nh ph\u1ea7n:<\/strong>\u00a0100% s\u1eefa ong ch\u00faa t\u01b0\u01a1i nguy\u00ean ch\u1ea5t<\/p>\n<p><strong>C\u00e1ch d\u00f9ng:<\/strong><\/p>\n<p>&#8211; Ng\u01b0\u1eddi l\u1edbn: u\u1ed1ng 02 mu\u1ed7ng caf\u00e9 \u0111en\/ 1 ng\u00e0y.<br \/>\n&#8211; Tr\u1ebb em 2 tu\u1ed5i tr\u1edf l\u00ean u\u1ed1ng b\u1eb1ng \u00bd ng\u01b0\u1eddi l\u1edbn. Nam gi\u1edbi c\u00f3 th\u1ec3 ng\u00e2m r\u01b0\u1ee3u u\u1ed1ng. Ph\u1ee5 n\u1eef c\u00f3 th\u1ec3 d\u00f9ng \u0111\u1ec3 c\u00f3 l\u00e0n da t\u01b0\u01a1i tr\u1ebb m\u1ecbn m\u00e0ng (xoa l\u1edbp m\u1ecfng l\u00ean m\u1eb7t, kho\u1ea3ng 1h sau th\u00ec r\u1eeda s\u1ea1ch b\u1eb1ng n\u01b0\u1edbc).<\/p>\n<p><strong>B\u1ea3o qu\u1ea3n:<\/strong>\u00a0\u1edf nhi\u1ec7t \u0111\u1ed9 &lt; 0 \u0110\u1ed9<\/p>\n<p align=\"center\"><img src=\"https:\/\/thucphamchucnang360.com\/images\/images\/Sua_ong_chua_100gr(1).jpg\" alt=\"S\u1eefa ong ch\u00faa t\u01b0\u01a1i Highland bee \" \/><\/p>\n<h3 align=\"center\"><strong>S\u1eefa ong ch\u00faa t\u01b0\u01a1i Highland bee\u00a0<\/strong><\/h3>\n<p align=\"center\"><img src=\"https:\/\/thucphamchucnang360.com\/images\/images\/suaongchua1.jpg\" alt=\"L\u1ecd s\u1eefa ong ch\u00faa t\u01b0\u01a1i Highland Bee ch\u00ednh h\u00e3ng\" \/><\/p>\n<h3 align=\"center\"><strong>L\u1ecd s\u1eefa ong ch\u00faa t\u01b0\u01a1i Highland Bee ch\u00ednh h\u00e3ng<\/strong><\/h3>\n<p align=\"center\"><img src=\"https:\/\/thucphamchucnang360.com\/images\/images\/suaongchua4.jpg\" alt=\"Th\u00e0nh ph\u1ea7n s\u1ea3n ph\u1ea9m v\u00e0 c\u00e1ch s\u1eed d\u1ee5ng s\u1ea3n ph\u1ea9m s\u1eefa ong ch\u00faa highland bee\" \/><\/p>\n<h3 align=\"center\"><strong>Th\u00e0nh ph\u1ea7n s\u1ea3n ph\u1ea9m v\u00e0 c\u00e1ch s\u1eed d\u1ee5ng s\u1ea3n ph\u1ea9m s\u1eefa ong ch\u00faa highland bee<\/strong><\/h3>\n<p align=\"center\"><img src=\"https:\/\/thucphamchucnang360.com\/images\/images\/suaongchua5.jpg\" alt=\"S\u1eefa ong ch\u00faa t\u01b0\u01a1i highland bee \u0111\u01b0\u1ee3c b\u1ea3o qu\u1ea3n trong m\u00f4i tr\u01b0\u1eddng &lt; 0 \u0111\u1ed9 c\" \/><\/p>\n<h3 align=\"center\"><strong>S\u1eefa ong ch\u00faa t\u01b0\u01a1i highland bee \u0111\u01b0\u1ee3c b\u1ea3o qu\u1ea3n trong m\u00f4i tr\u01b0\u1eddng &lt; 0 \u0111\u1ed9 c<\/strong><\/h3>\n<p><strong>C\u00e1ch s\u1eed d\u1ee5ng s\u1eefa ong ch\u00faa t\u01b0\u01a1i \u0111\u1ec3 t\u0103ng c\u01b0\u1eddng sinh l\u1ef1c nam gi\u1edbi<\/strong><br \/>\nL\u1ea5y 100g s\u1eefa ong ch\u00faa trong h\u1ed7n h\u1ee3p m\u1eadt ong v\u00e0 1 l\u00edt r\u01b0\u1ee3u 30-35 \u0111\u1ed9 h\u00f2a v\u00e0o nhau, l\u1eafc \u0111\u1ec1u tr\u01b0\u1edbc khi u\u1ed1ng. S\u1eed d\u1ee5ng 2-3 l\u1ea7n\/ng\u00e0y, u\u00f4ng 3-4 tu\u1ea7n v\u00e0o tr\u01b0\u1edbc khi \u0103n ho\u1eb7c tr\u01b0\u1edbc khi ng\u1ee7.<\/p>\n<p>( b\u00e0i vi\u1ebft c\u1ee7a GS.TS. Ph\u1ea1m Xu\u00e2n Sinh tr\u00ean b\u00e1o suckhoedoisong.vn )<\/p>\n<p><strong>C\u00e1ch s\u1eed d\u1ee5ng s\u1eefa ong ch\u00faa t\u01b0\u01a1i \u0111\u1ec3 d\u01b0\u1ee1ng da:<\/strong><\/p>\n<p><strong>C\u00e1ch 1:\u00a0<\/strong><br \/>\nThoa l\u00ean m\u1eb7t 1 l\u1edbp m\u1ecfng v\u00e0 m\u00e1t xa da m\u1eb7t r\u1ed3i \u0111\u1ec3 kh\u00f4 kho\u1ea3ng 30 ph\u00fat, sau \u0111\u00f3 r\u1eeda s\u1ea1ch m\u1eb7t b\u1eb1ng n\u01b0\u1edbc. S\u1eed d\u1ee5ng \u0111\u1ec1u \u0111\u1eb7n b\u1ea1n s\u1ebd th\u1ea5y gi\u1ea3m m\u1ee5n v\u00e0 d\u00f9ng l\u00e2u d\u00e0i c\u00f3 th\u1ec3 tr\u1ecb t\u00e0n nhang.<\/p>\n<p><strong>C\u00e1ch 2:<\/strong><br \/>\nD\u00f9ng kho\u1ea3ng 5-10g s\u1eefa ong ch\u00faa trong ng\u00e0y v\u00e0 s\u1eed d\u1ee5ng li\u00ean t\u1ee5c kho\u1ea3ng 1,5 th\u00e1ng mang l\u1ea1i cho b\u1ea1n l\u00e0n da m\u1ecbn m\u00e0ng.<\/p>\n<p>Trong s\u1eefa ong ch\u00faa c\u00f3 ch\u1ee9a axit panthotenic c\u00f3 c\u00f4ng d\u1ee5ng t\u00e1i t\u1ea1o th\u1ebf b\u00e0o da n\u00ean s\u1ea3n ph\u1ea9m \u0111\u01b0\u1ee3c coi l\u00e0 m\u1ef9 ph\u1ea9m d\u01b0\u1ee1ng da t\u1ed1t v\u00e0 an to\u00e0n nh\u1ea5t.<\/p>\n<p>C\u00e1ch l\u00e0m:<br \/>\n&#8211; D\u00f9ng n\u01b0\u1edbc \u1ea5m r\u1eeda s\u1ea1ch m\u1eb7t.<\/p>\n<p>&#8211; Xoa m\u1eadt ong l\u00ean m\u1eb7t \u0111\u1ec3 kho\u1ea3ng 5p th\u00ec r\u1eeda s\u1ea1ch m\u1eb7t b\u1eb1ng n\u01b0\u1edbc \u1ea5m.<\/p>\n<p>&#8211; Sau \u0111\u00f3 thoa l\u00ean m\u1eb7t h\u1ed7n h\u1ee3p n\u01b0\u1edbc + s\u1eefa ong ch\u00faa theo t\u1ef7 l\u1ec7 2-1. \u0110\u1ec3 kho\u1ea3ng 10p khi n\u00e0o kh\u00f4 th\u00ec d\u00f9ng n\u01b0\u1edbc l\u1ea1nh thoa \u0111\u1ec1u l\u00ean m\u1eb7t l\u00e0m \u1ea9m, l\u1ea5y c\u00e1c \u0111\u1ea7u ng\u00f3n tay g\u00f5 nh\u1eb9 \u0111\u1ec1u l\u00ean da (qu\u00e1 tr\u00ecnh n\u00e0y l\u1eb7p l\u1ea1i v\u00e0i l\u1ea7n gi\u00fap cho s\u1eefa ong ch\u00faa th\u1ea5m v\u00e0o da). Sau \u0111\u00f3 r\u1eeda m\u1eb7t b\u1eb1ng n\u01b0\u1edbc l\u1ea1nh. B\u1ea1n c\u00f3 th\u1ec3 th\u1ea5y h\u01a1i r\u00e1t.<\/p>\n<p>L\u00e0m th\u01b0\u1eddng xuy\u00ean v\u00e0o bu\u1ed5i t\u1ed1i. D\u00f9ng s\u1eefa ong ch\u00faa + m\u1eadt ong + ph\u1ea5n hoa \u0111\u00fang c\u00e1ch h\u1eb1ng ng\u00e0y s\u1ebd gi\u00fap b\u1ea1n c\u00f3 l\u00e0n da m\u1ecbn m\u00e0ng v\u00e0 t\u01b0\u01a1i tr\u1ebb.<\/p>\n<p><strong>C\u00e1ch 3:\u00a0<\/strong><br \/>\nNguy\u00ean li\u1ec7u: 50mg s\u1eefa ong ch\u00faa., 1 l\u00f2ng \u0111\u1ecf tr\u1ee9ng g\u00e0., 1 mu\u1ed7ng m\u1eadt ong r\u1eebng.<\/p>\n<p>C\u00e1c b\u1ea1n h\u00f2a tan c\u00e1c nguy\u00ean li\u1ec7u tr\u00ean v\u00e0 xoa \u0111\u1ec1u l\u00ean da v\u00e0o bu\u1ed5i t\u1ed1i, l\u00e0m kho\u1ea3ng 1 tu\u1ea7n l\u00e0 1 li\u1ec7u tr\u00ecnh.<\/p>\n<p>L\u00e0m kho\u1ea3ng 3 tu\u1ea7n da m\u1eb7t s\u1ebd tr\u1edf n\u00ean m\u1ecbn m\u00e0ng, sau \u0111\u00f3 b\u1ea1n d\u1eebng l\u00e0m kho\u1ea3ng 1 tu\u1ea7n r\u1ed3i l\u1ea1i ti\u1ebfp t\u1ee5c cho \u0111\u1ebfn khi da b\u1ea1n \u0111\u1ecf h\u1ed3ng l\u00ean th\u00ec d\u1eebng l\u1ea1i. Xoa l\u00ean m\u1eb7t v\u00e0o bu\u1ed5i t\u1ed1i s\u1ebd ng\u1ee7 t\u1ed1t h\u01a1n, \u0111\u1ec3 qua \u0111\u00eam, s\u00e1ng h\u00f4m sau r\u1eeda s\u1ea1ch b\u1eb1ng n\u01b0\u1edbc \u1ea5m.<\/p>\n<p><strong>L\u01b0u \u00fd:\u00a0<\/strong><br \/>\n+ N\u1ebfu da n\u00f3ng tr\u01b0\u1edbc khi s\u1eed d\u1ee5ng c\u1ea7n d\u00f9ng c\u00e0 ch\u01b0a x\u1eaft l\u00e1t xoa \u0111\u1ec1u l\u00ean m\u1eb7t kho\u1ea3ng 10p sau \u0111\u00f3 r\u1eeda s\u1ea1ch tr\u01b0\u1edbc khi s\u1eed d\u1ee5ng c\u00e1ch tr\u00ean nh\u00e9 nh\u00e9.<\/p>\n<p>+ N\u1ebfu da nh\u1eddn n\u00ean x\u1eaft l\u00e1t chanh m\u1ecfng xoa \u0111\u1ec1u l\u00ean m\u1eb7t, sau \u0111\u00f3 r\u1eeda s\u1ea1ch, ch\u1edd 10p r\u1ed3i h\u00e3y s\u1eed d\u1ee5ng b\u00e0i tr\u00ean nh\u00e9.<\/p>\n<p>+ S\u1eefa ong ch\u00faa c\u00f3 v\u1ecb h\u01a1i chua, \u00edt ng\u1ecdt, m\u00f9i r\u1ea5t ng\u00e1i. Khi ng\u1eadm c\u1ed5 h\u1ecdng b\u1ecb k\u00edch th\u00edch m\u1ea1nh n\u00ean c\u00f3 c\u1ea3m gi\u00e1c cay kh\u00e9. Khi quen m\u1edbi c\u00f3 c\u1ea3m gi\u00e1c th\u01a1m.<br \/>\n+ S\u1eefa ong ch\u00faa t\u01b0\u01a1i ph\u1ea3i d\u00f9ng l\u1ecd th\u1ee7y tinh ho\u1eb7c nh\u1ef1a \u0111\u1eady k\u00edn v\u00e0 \u0111\u1ec3 trong ng\u0103n \u0111\u00e1 t\u1ee7 l\u1ea1nh c\u00f3 h\u1ea1n d\u00f9ng l\u00ean t\u1edbi 2 n\u0103m, n\u1ebfu b\u1ea1n \u0111\u1ec3 trong ng\u0103n m\u00e1t n\u00ean d\u00f9ng h\u1ebft trong v\u00f2ng 6 th\u00e1ng.<br \/>\n+ Kh\u00f4ng s\u1eed d\u1ee5ng S\u1eefa ong ch\u00faa \u0111\u00e3 bi\u1ebfn ch\u1ea5t, m\u00f9i kh\u00e9t, h\u1eafc kh\u00f3 ch\u1ecbu.<br \/>\n+ Kh\u00f4ng ch\u1ee9a \u0111\u1ef1ng trong \u0111\u1ed3 v\u1eadt b\u1eb1ng kim lo\u1ea1i.<br \/>\n+ Kh\u00f4ng n\u00ean mua h\u1ed7n h\u1ee3p m\u1eadt ong s\u1eefa ch\u00faa m\u00e0 ng\u01b0\u1eddi ta \u0111\u00e3 tr\u1ed9n s\u1eb5n<br \/>\n+ N\u1ebfu mu\u1ed1n u\u1ed1ng h\u1ed7n h\u1ee3p m\u1eadt ong s\u1eefa ch\u00faa th\u00ec n\u00ean mua m\u1eadt ong nguy\u00ean ch\u1ea5t ri\u00eang, s\u1eefa ong ch\u00faa nguy\u00ean ch\u1ea5t ri\u00eang. U\u1ed1ng t\u1edbi \u0111\u00e2u th\u00ec pha t\u1edbi \u0111\u00f3.<\/p>\n<p><img class=\"aligncenter\" src=\"https:\/\/thucphamchucnang360.com\/images\/images\/chung-nhan-sua-ong-chua-tuoi.png\" alt=\"\" \/><\/p>\n<p><img class=\"aligncenter\" src=\"https:\/\/thucphamchucnang360.com\/images\/images\/chung-nhan-san-pham-ong-mat.png\" alt=\"\" \/><\/p>\n","protected":false},"excerpt":{"rendered":"<p>L\u00e0m kho\u1ea3ng 3 tu\u1ea7n da m\u1eb7t s\u1ebd tr\u1edf n\u00ean m\u1ecbn m\u00e0ng, sau \u0111\u00f3 b\u1ea1n d\u1eebng l\u00e0m kho\u1ea3ng 1 tu\u1ea7n r\u1ed3i l\u1ea1i ti\u1ebfp t\u1ee5c cho \u0111\u1ebfn khi da b\u1ea1n \u0111\u1ecf h\u1ed3ng l\u00ean th\u00ec d\u1eebng l\u1ea1i. Xoa l\u00ean m\u1eb7t v\u00e0o bu\u1ed5i t\u1ed1i s\u1ebd ng\u1ee7 t\u1ed1t h\u01a1n, \u0111\u1ec3 qua \u0111\u00eam, s\u00e1ng h\u00f4m sau r\u1eeda s\u1ea1ch b\u1eb1ng n\u01b0\u1edbc \u1ea5m.<\/p>\n","protected":false},"featured_media":330,"comment_status":"open","ping_status":"closed","template":"","meta":[],"brands":[{"id":169,"name":"Highland Bee","slug":"highland-bee"}],"_links":{"self":[{"href":"https:\/\/webmaibinh.com\/w\/thucpham112011\/wp-json\/wp\/v2\/product\/329"}],"collection":[{"href":"https:\/\/webmaibinh.com\/w\/thucpham112011\/wp-json\/wp\/v2\/product"}],"about":[{"href":"https:\/\/webmaibinh.com\/w\/thucpham112011\/wp-json\/wp\/v2\/types\/product"}],"replies":[{"embeddable":true,"href":"https:\/\/webmaibinh.com\/w\/thucpham112011\/wp-json\/wp\/v2\/comments?post=329"}],"wp:featuredmedia":[{"embeddable":true,"href":"https:\/\/webmaibinh.com\/w\/thucpham112011\/wp-json\/wp\/v2\/media\/330"}],"wp:attachment":[{"href":"https:\/\/webmaibinh.com\/w\/thucpham112011\/wp-json\/wp\/v2\/media?parent=329"}],"curies":[{"name":"wp","href":"https:\/\/api.w.org\/{rel}","templated":true}]}}