{"id":326,"date":"2020-02-18T16:30:09","date_gmt":"2020-02-18T09:30:09","guid":{"rendered":"http:\/\/thucphamchucnang2.muathemewordpress.net\/?post_type=product&#038;p=326"},"modified":"2020-02-18T16:30:09","modified_gmt":"2020-02-18T09:30:09","slug":"vien-dong-trung-ha-thao-thien-su","status":"publish","type":"product","link":"https:\/\/webmaibinh.com\/w\/thucpham112011\/san-pham\/vien-dong-trung-ha-thao-thien-su\/","title":{"rendered":"Vi\u00ean \u0111\u00f4ng tr\u00f9ng h\u1ea1 th\u1ea3o Thi\u00ean S\u01b0"},"content":{"rendered":"<h2>Vi\u00ean \u0111\u00f4ng tr\u00f9ng h\u1ea1 th\u1ea3o Thi\u00ean S\u01b0<\/h2>\n<div class=\"news-intro\"><strong>C\u00f4ng ty Thi\u00ean S\u01b0<\/strong>\u00a0t\u1eeb th\u00e1ng 1 n\u0103m 2014 c\u00f3 thay \u0111\u1ed5i m\u1ed9t lo\u1ea1t m\u1eabu \u0111\u00f3ng g\u00f3i th\u1ef1c ph\u1ea9m ch\u1ee9c n\u0103ng\u00a0<strong>Thi\u00ean S\u01b0<\/strong>, v\u1edbi ch\u1ea5t l\u01b0\u1ee3ng, c\u00f4ng th\u1ee9c,\u00a0h\u00e0m l\u01b0\u1ee3ng th\u1ef1c ph\u1ea9m\u00a0t\u01b0\u01a1ng \u0111\u01b0\u01a1ng nh\u01b0 m\u1eabu bao b\u00ec c\u0169. Hi\u1ec7n t\u1ea1i v\u1eabn c\u00f2n t\u1ed3n t\u1ea1i song song m\u1eabu s\u1ea3n ph\u1ea9m bao b\u00ec c\u0169 v\u00e0 bao b\u00ec \u0111\u00f3ng g\u00f3i m\u1edbi. H\u1ea1n s\u1eed d\u1ee5ng m\u1eabu m\u1edbi d\u00e0i h\u01a1n h\u1ea1n s\u1eed d\u1ee5ng m\u1eabu c\u0169 l\u00e0 6 th\u00e1ng.<\/div>\n<p class=\"news-intro\">M\u1eabu m\u1edbi Vi\u00ean \u0110\u00f4ng Tr\u00f9ng H\u1ea1 Th\u1ea3o\u00a0Thi\u00ean S\u01b0\u00a0hi\u1ec7n nay\u00a0\u0111ang b\u00e1n t\u1ea1i Thucphamchucnang360.com<\/p>\n<p><img src=\"https:\/\/thucphamchucnang360.com\/images\/images\/Vien-dong-trung-ha-thao-thien-su1.jpg\" alt=\"\" \/><\/p>\n<p><strong>C\u00f4ng d\u1ee5ng:<\/strong>\u00a0Gi\u00fap \u0111i\u1ec1u ti\u1ebft mi\u1ec5n h\u1ec7 mi\u1ec5n d\u1ecbch, gi\u00fap ch\u1ed1ng m\u1ec7t m\u1ecfi, gi\u00fap t\u0103ng c\u01b0\u1eddng s\u1ee9c \u0111\u1ec1 kh\u00e1ng cho c\u01a1 th\u1ec3.<\/p>\n<p>\u0110\u1ed1i t\u01b0\u1ee3ng th\u00edch h\u1ee3p: Ng\u01b0\u1eddi c\u00f3 h\u1ec7 mi\u1ec5n d\u1ecbch y\u1ebfu, d\u1ec5 m\u1ec7t m\u1ecfi, c\u1ea7n t\u0103ng s\u1ee9c \u0111\u1ec1 kh\u00e1ng<\/p>\n<p>B\u1ea3o qu\u1ea3n: N\u01a1i r\u00e2m m\u00e1t, kh\u00f4, tho\u00e1ng.<\/p>\n<p>H\u1ea1n s\u1eed d\u1ee5ng: 24 th\u00e1ng k\u1ec3 t\u1eeb ng\u00e0y s\u1ea3n xu\u1ea5t<\/p>\n<h3>Ch\u00fa \u00fd\u00a0Vi\u00ean \u0111\u00f4ng tr\u00f9ng h\u1ea1 th\u1ea3o thi\u00ean s\u01b0\u00a0:<\/h3>\n<p>&#8211; S\u1ea3n ph\u1ea9m n\u00e0y kh\u00f4ng ph\u1ea3i l\u00e0 thu\u1ed1c, kh\u00f4ng c\u00f3 t\u00e1c d\u1ee5ng thay th\u1ebf thu\u1ed1c ch\u1eefa b\u1ec7nh.<\/p>\n<p>&#8211; Kh\u00f4ng d\u00f9ng cho thi\u1ebfu ni\u00ean v\u00e0 nhi \u0111\u1ed3ng.<\/p>\n<h3>C\u00e1ch S\u1eed D\u1ee5ng\u00a0Vi\u00ean \u0111\u00f4ng tr\u00f9ng h\u1ea1 th\u1ea3o thi\u00ean s\u01b0<\/h3>\n<p>M\u1ed7i ng\u00e0y u\u1ed1ng 1 \u2013 2 l\u1ea7n, m\u1ed7i l\u1ea7n 1 \u2013 2 vi\u00ean.<\/p>\n<p><strong>Th\u00e0nh Ph\u1ea7n<\/strong><\/p>\n<ul>\n<li>B\u1ed9t s\u1ee3i khu\u1ea9n l\u00ean men \u0110\u00f4ng Tr\u00f9ng H\u1ea1 Th\u1ea3o<\/li>\n<li>Ch\u1ec9 ti\u00eau ch\u1ea5t l\u01b0\u1ee3ng ch\u1ee7 y\u1ebfu: M\u1ed7i 100g s\u1ea3n ph\u1ea9m ch\u1ee9a:Adenosine \u22650.15g; Manitol \u22656g \u3002Th\u00e0nh ph\u1ea7n m\u1ed7i vi\u00ean ch\u1ee9a: B\u1ed9t s\u1ee3i khu\u1ea9n l\u00ean men \u0110\u00f4ng Tr\u00f9ng H\u1ea1 Th\u1ea3o: 500 mg<\/li>\n<\/ul>\n<p><em><strong>Ch\u00fa \u00fd:\u00a0<\/strong>S\u1ea3n ph\u1ea9m n\u00e0y kh\u00f4ng ph\u1ea3i l\u00e0 thu\u1ed1c v\u00e0 kh\u00f4ng c\u00f3 t\u00e1c d\u1ee5ng thay th\u1ebf thu\u1ed1c ch\u1eefa b\u1ec7nh.<\/em><\/p>\n<p><em><img src=\"http:\/\/thucphamchucnang360.com\/images\/images\/Thien-su-viet-nam.jpg\" alt=\"\" \/><\/em><\/p>\n<p><em>Th\u1ef1c ph\u1ea9m ch\u1ee9c n\u0103ng Thi\u00ean S\u01b0<\/em><\/p>\n<p><em><img src=\"https:\/\/thucphamchucnang360.com\/images\/images\/%C4%91%E1%BB%93ng%20tr%C3%B9ng%20m%E1%BB%9Bi%201.jpg\" alt=\"\" \/><\/em><\/p>\n<p><i>\u0110\u00f4ng tr\u00f9ng h\u1ea1 th\u1ea3o Thi\u00ean S\u01b0 m\u1eabu m\u1edbi<\/i><\/p>\n<p><em>L\u01b0u \u00fd: S\u1ea3n ph\u1ea9m n\u00e0y l\u00e0 th\u1ef1c ph\u1ea9m ch\u1ee9c n\u0103ng kh\u00f4ng ph\u1ea3i l\u00e0 thu\u1ed1c, v\u00e0 kh\u00f4ng c\u00f3 t\u00e1c d\u1ee5ng thay th\u1ebf thu\u1ed1c ch\u1eefa b\u1ec7nh.\u00a0Vi\u1ec7c s\u1eed d\u1ee5ng thu\u1ed1c v\u00e0 ch\u1eefa b\u1ec7nh ph\u1ea3i tuy\u1ec7t \u0111\u1ed1i tu\u00e2n th\u1ee7 theo s\u1ef1 ch\u1ec9 d\u1eabn c\u1ee7a b\u00e1c s\u0129 ho\u1eb7c ng\u01b0\u1eddi c\u00f3 chuy\u00ean m\u00f4n. Th\u00f4ng tin, h\u00ecnh \u1ea3nh, gi\u00e1 c\u1ea3 t\u1ea1i website ch\u1ec9 mang t\u00ednh ch\u1ea5t tham kh\u1ea3o minh h\u1ecda.\u00a0K\u1ebft qu\u1ea3 c\u00f3 th\u1ec3 kh\u00e1c nhau tu\u1ef3 theo c\u01a1 \u0111\u1ecba v\u00e0 th\u1ec3 tr\u1ea1ng c\u1ee7a t\u1eebng ng\u01b0\u1eddi.<\/em><\/p>\n","protected":false},"excerpt":{"rendered":"<p>Vi\u00ean \u0111\u00f4ng tr\u00f9ng h\u1ea1 th\u1ea3o Thi\u00ean S\u01b0 C\u00f4ng ty Thi\u00ean S\u01b0\u00a0t\u1eeb th\u00e1ng 1 n\u0103m 2014 c\u00f3 thay \u0111\u1ed5i m\u1ed9t lo\u1ea1t m\u1eabu \u0111\u00f3ng g\u00f3i th\u1ef1c ph\u1ea9m ch\u1ee9c n\u0103ng\u00a0Thi\u00ean S\u01b0, v\u1edbi ch\u1ea5t l\u01b0\u1ee3ng, c\u00f4ng th\u1ee9c,\u00a0h\u00e0m l\u01b0\u1ee3ng th\u1ef1c ph\u1ea9m\u00a0t\u01b0\u01a1ng \u0111\u01b0\u01a1ng nh\u01b0 m\u1eabu bao b\u00ec c\u0169. Hi\u1ec7n t\u1ea1i v\u1eabn c\u00f2n t\u1ed3n t\u1ea1i song song m\u1eabu s\u1ea3n ph\u1ea9m bao b\u00ec &#8230;<\/p>\n","protected":false},"featured_media":327,"comment_status":"open","ping_status":"closed","template":"","meta":[],"brands":[{"id":146,"name":"Thi\u00ean S\u01b0","slug":"thien-su"}],"_links":{"self":[{"href":"https:\/\/webmaibinh.com\/w\/thucpham112011\/wp-json\/wp\/v2\/product\/326"}],"collection":[{"href":"https:\/\/webmaibinh.com\/w\/thucpham112011\/wp-json\/wp\/v2\/product"}],"about":[{"href":"https:\/\/webmaibinh.com\/w\/thucpham112011\/wp-json\/wp\/v2\/types\/product"}],"replies":[{"embeddable":true,"href":"https:\/\/webmaibinh.com\/w\/thucpham112011\/wp-json\/wp\/v2\/comments?post=326"}],"wp:featuredmedia":[{"embeddable":true,"href":"https:\/\/webmaibinh.com\/w\/thucpham112011\/wp-json\/wp\/v2\/media\/327"}],"wp:attachment":[{"href":"https:\/\/webmaibinh.com\/w\/thucpham112011\/wp-json\/wp\/v2\/media?parent=326"}],"curies":[{"name":"wp","href":"https:\/\/api.w.org\/{rel}","templated":true}]}}