{"id":323,"date":"2020-02-18T16:28:02","date_gmt":"2020-02-18T09:28:02","guid":{"rendered":"http:\/\/thucphamchucnang2.muathemewordpress.net\/?post_type=product&#038;p=323"},"modified":"2020-02-18T16:28:02","modified_gmt":"2020-02-18T09:28:02","slug":"thuc-pham-chuc-nang-herbalife-sua-herbalife-f1","status":"publish","type":"product","link":"https:\/\/webmaibinh.com\/w\/thucpham112011\/san-pham\/thuc-pham-chuc-nang-herbalife-sua-herbalife-f1\/","title":{"rendered":"Th\u1ef1c ph\u1ea9m ch\u1ee9c n\u0103ng herbalife &#8211; s\u1eefa herbalife F1"},"content":{"rendered":"<p><strong>S\u1eefa Herbalife F1- s\u1eefa gi\u1ea3m c\u00e2n herbalife s\u1ef1 l\u1ef1a ch\u1ecdn ho\u00e0n h\u1ea3o nh\u1ea5t c\u1ee7a b\u1ea1n<\/strong><\/p>\n<div>\n<div>\n<p><strong><img src=\"https:\/\/thucphamchucnang360.com\/images\/images\/herbalife-f1(1).jpg\" alt=\"S\u1eefa gi\u1ea3m c\u00e2n Herbalife F1 \" \/><\/strong><\/p>\n<p><em>Thay v\u00ec b\u1ecf nhi\u1ec1u\u00a0th\u1eddi gian v\u00e0 c\u00f4ng s\u1ee9c t\u1eadp luy\u1ec7n, nh\u00e0m ch\u00e1n v\u1edbi ch\u1ebf \u0111\u1ed9 \u0103n ki\u00eang h\u00e0 kh\u1eafc \u0111\u01a1n \u0111i\u1ec7u, ph\u1ea3i m\u1ea1o hi\u1ec3m u\u1ed1ng thu\u1ed1c gi\u1ea3m c\u00e2n kh\u00f4ng r\u00f5 ngu\u1ed3n g\u1ed1c thi\u1ebfu an to\u00e0n, ho\u1eb7c\u00a0ph\u1eabu thu\u1eadt th\u1ea9m m\u1ef9 \u0111au \u0111\u1edbn v\u00e0 t\u1ed1n k\u00e9m. THUCPHAMCHUCNANG360.COM xin gi\u1edbi thi\u1ec7u cho b\u1ea1n ph\u01b0\u01a1ng\u00a0ph\u00e1p gi\u1ea3m c\u00e2n an to\u00e0n hi\u1ec7u qu\u1ea3, \u0111\u01a1n gi\u1ea3n\u00a0nh\u1ea5t ngay t\u1ea1i nh\u00e0 \u0111\u00f3 l\u00e0 h\u00e3y d\u00f9ng\u00a0<strong>s\u1eefa gi\u1ea3m c\u00e2n Herbalife F1.<\/strong><\/em><\/p>\n<p><strong><img src=\"https:\/\/thucphamchucnang360.com\/images\/images\/sua-herbalife-f1.jpg\" alt=\"S\u1eefa gi\u1ea3m c\u00e2n Herbalife Healthy Meal F1\" \/><\/strong><\/p>\n<p><em>S\u1eefa gi\u1ea3m c\u00e2n Herbalife ch\u00ednh l\u00e0 gi\u1ea3i ph\u00e1p t\u1ed1i \u01b0u nh\u1ea5t d\u00e0nh cho b\u1ea1n<\/em><\/p>\n<p>S\u1ea3n ph\u1ea9m then ch\u1ed1t c\u1ee7a d\u00f2ng s\u1ea3n ph\u1ea9m\u00a0<strong>th\u1ef1c ph\u1ea9m ch\u1ee9c n\u0103ng Herbalife<\/strong>\u00a0l\u00e0\u00a0<strong>S\u1eefa Herbalife\u00a0(\u00a0Herbalife F1\u00a0)<\/strong>\u00a0dinh d\u01b0\u1ee1ng c\u00f4ng th\u1ee9c 1 s\u1ea3n ph\u1ea9m quan tr\u1ecdng trong b\u1ed9 3\u00a0<strong>Herbalife gi\u1ea3m c\u00e2n<\/strong><\/p>\n<hr \/>\n<div>\n<p><strong>S\u1eefa herbalife F1<\/strong>\u00a0\u0111\u01b0\u1ee3c d\u00f9ng nh\u01b0 m\u1ed9t b\u1eefa \u0103n l\u00e0nh m\u1ea1nh thay th\u1ebf b\u1eefa \u0103n ch\u00ednh l\u00fd t\u01b0\u1edfng v\u1edbi 21 lo\u1ea1i vitamin v\u00e0 kho\u00e1ng ch\u1ea5t thi\u1ebft y\u1ebfu b\u1ed5 sung ngu\u1ed3n n\u0103ng l\u01b0\u1ee3ng d\u1ed3i d\u00e0o gi\u00fap ki\u1ec3m so\u00e1t t\u1ed1t nh\u1ea5t c\u00e2n n\u1eb7ng, h\u1ed7 tr\u1ee3 hi\u1ec7u qu\u1ea3 cho vi\u1ec7c t\u0103ng c\u00e2n, gi\u1ea3m c\u00e2n an to\u00e0n.<\/p>\n<p><strong>S\u1eefa herbalife F1\u00a0<\/strong>c\u00f3 5 h\u01b0\u01a1ng v\u1ecb th\u01a1m ngon b\u1ed5 d\u01b0\u1ee1ng \u0111\u00e1p \u1ee9ng nhu c\u1ea7u th\u1ecb hi\u1ebfu c\u1ee7a ng\u01b0\u1eddi d\u00f9ng: S\u1eefa Herbalife h\u01b0\u01a1ng vani, h\u01b0\u01a1ng socola, h\u01b0\u01a1ng d\u00e2u, h\u01b0\u01a1ng b\u1ea1c h\u00e0, h\u01b0\u01a1ng quy kem.<\/p>\n<p><img src=\"https:\/\/thucphamchucnang360.com\/images\/images\/herbalife-f1.jpg\" alt=\"s\u1eefa gi\u1ea3m c\u00e2n herbalife\" \/><\/p>\n<p align=\"center\"><em>S\u1eefa gi\u1ea3m c\u00e2n\u00a0Herbalife F1 g\u1ed3m 5 h\u01b0\u01a1ng v\u1ecb th\u01a1m ngon b\u1ed5 d\u01b0\u1ee1ng<\/em><\/p>\n<hr \/>\n<h3><strong>Gi\u1ea3i th\u00edch v\u00ec sao gi\u00e1 Herbalife<\/strong><strong><em>\u00a0l\u1ea1i r\u1ebb h\u01a1n so v\u1edbi gi\u00e1 b\u00e1n l\u1ebb\u00a0t\u1ea1i c\u00f4ng ty v\u00e0 so v\u1edbi c\u00e1c nh\u00e0 ph\u00e2n ph\u1ed1i kh\u00e1c tr\u00ean th\u1ecb tr\u01b0\u1eddng?<\/em><\/strong><\/h3>\n<p><strong>C\u00f4ng ty\u00a0Herbalife\u00a0Vi\u1ec7t Nam<\/strong>\u00a0c\u00f3\u00a0ch\u1ebf \u0111\u1ed9\u00a0tr\u1ea3 th\u01b0\u1edfng v\u00e0 m\u1ee9c chi\u1ebft kh\u1ea5u kh\u00e1c nhau cho c\u00e1c\u00a0nh\u00e0 ph\u00e2n ph\u1ed1i\u00a0t\u00f9y theo doanh s\u1ed1\u00a0\u0111\u1ea1t \u0111\u01b0\u1ee3c, doanh s\u1ed1 c\u00e0ng cao th\u00ec m\u1ee9c chi\u1ebft kh\u1ea5u c\u00e0ng l\u1edbn. Do m\u1ee9c chi\u1ebft kh\u1ea5u c\u1ee7a nh\u00e0 ph\u00e2n ph\u1ed1i\u00a0kh\u00e1c nhau m\u00e0 gi\u00e1 b\u00e1n c\u1ee7a c\u00e1c nh\u00e0 ph\u00e2n ph\u1ed1i tr\u00ean th\u1ecb tr\u01b0\u1eddng c\u0169ng kh\u00e1c nhau. \u0110\u00e2y l\u00e0 l\u00fd do gi\u1ea3i th\u00edch t\u1ea1i sao khi kh\u00e1ch h\u00e0ng mua h\u00e0ng Herbalife t\u1eeb nh\u00e0 ph\u00e2n ph\u1ed1i l\u1ea1i c\u00f3 m\u1ee9c gi\u00e1 kh\u00e1c nhau v\u00e0 t\u1ea1i sao khi mua t\u1eeb nh\u00e0 ph\u00e2n ph\u1ed1i l\u1ea1i r\u1ebb h\u01a1n khi mua l\u1ebb\u00a0tr\u1ef1c ti\u1ebfp t\u1ea1i c\u00f4ng ty.<\/p>\n<p>t\u1ef1 h\u00e0o l\u00e0 nh\u00e0 ph\u00e2n ph\u1ed1i l\u00e2u n\u0103m, c\u00f3 m\u1ed9t h\u1ec7 th\u1ed1ng r\u1ea5t l\u1edbn nh\u00e0 ph\u00e2n ph\u1ed1i vi\u00ean, t\u01b0 v\u1ea5n vi\u00ean c\u00f3 chi\u1ebfn l\u01b0\u1ee3c ch\u1ea1y doanh s\u1ed1 t\u1ed1t lu\u00f4n v\u01b0\u1ee3t m\u1ee9c doanh s\u1ed1 y\u00eau c\u1ea7u \u0111\u01b0\u1ee3c h\u01b0\u1edfng ch\u1ebf \u0111\u1ed9 chi\u1ebft kh\u1ea5u cao. Do \u0111\u00f3 m\u00e0 gi\u00e1 b\u00e1n c\u1ee7a ch\u00fang t\u00f4i b\u00e1n cho kh\u00e1ch h\u00e0ng l\u1ea1i <strong>TH\u1ea4P H\u01a0N\u00a0<\/strong>v\u00e0<strong>\u00a0LU\u00d4N R\u1eba NH\u1ea4T TH\u1eca TR\u01af\u1edcNG\u00a0<\/strong>l\u00e0 nh\u01b0 v\u1eady<strong>.<\/strong><\/p>\n<p><strong>THUCPHAMCHUCNANG360.COM<\/strong>\u00a0l\u00e0 \u0111\u1ecba ch\u1ec9 uy t\u00edn, c\u00f3\u00a0kinh nghi\u1ec7m b\u00e1n h\u00e0ng l\u00e2u n\u0103m, nh\u1eadn ch\u1ea1y doanh s\u1ed1 c\u0169ng nh\u01b0 cam k\u1ebft ch\u1ea5t l\u01b0\u1ee3ng \u0111\u1ea3m b\u1ea3o h\u00e0ng ch\u00ednh h\u00e3ng cho kh\u00e1ch h\u00e0ng, cam k\u1ebft h\u00e0ng lu\u00f4n c\u00f3 h\u1ea1n s\u1eed d\u1ee5ng m\u1edbi nh\u1ea5t, bao gi\u00e1 v\u00e0 h\u1ed7 tr\u1ee3 t\u1ed1t nh\u1ea5t cho kh\u00e1ch s\u1ec9 v\u00e0 l\u1ebb, kh\u00e1ch h\u00e0ng quen v\u00e0 l\u1ea5y v\u1edbi s\u1ed1 l\u01b0\u1ee3ng l\u1edbn v\u1edbi gi\u00e1 t\u1ed1t nh\u1ea5t nh\u1eb1m m\u1ee5c \u0111\u00edch\u00a0mang \u0111\u1ebfn cho kh\u00e1ch h\u00e0ng c\u01a1 h\u1ed9i g\u1ea7n h\u01a1n \u0111\u1ec3 s\u1eed d\u1ee5ng c\u00e1c\u00a0<em><strong>s\u1ea3n ph\u1ea9m Herbalife ch\u00ednh h\u00e3ng gi\u00e1 r\u1ebb<\/strong><\/em>\u00a0c\u00f9ng n\u00e2ng cao ch\u1ea5t l\u01b0\u1ee3ng cu\u1ed9c s\u1ed1ng.<\/p>\n<h3><strong>C\u00e1ch\u00a0nh\u1eadn bi\u1ebft\u00a0s\u1eefa Herbalife F1 th\u1eadt gi\u1ea3 tr\u00ean th\u1ecb tr\u01b0\u1eddng nh\u01b0 th\u1ebf n\u00e0o?<\/strong><\/h3>\n<p>Hi\u1ec7n nay tr\u00ean th\u1ecb tr\u01b0\u1eddng\u00a0<strong>s\u1ea3n ph\u1ea9m\u00a0Herbalife ch\u01b0a c\u00f3\u00a0<\/strong><strong>h\u00e0ng gi\u1ea3 h\u00e0ng nh\u00e1i<\/strong>, b\u1eb1ng ch\u1ee9ng l\u00e0 ch\u01b0a c\u00f3 b\u1ea5t k\u1ef3 th\u00f4ng tin, b\u00e0i\u00a0b\u00e1o, ph\u01b0\u01a1ng ti\u1ec7n truy\u1ec1n th\u00f4ng n\u00e0o\u00a0l\u00ean ti\u1ebfng ph\u1ea3n \u00e1nh th\u1ef1c ph\u1ea9m ch\u1ee9c n\u0103ng Herbalife \u0111\u01b0\u1ee3c l\u00e0m gi\u1ea3 l\u00e0m nh\u00e1i.<\/p>\n<p>\u0110i\u1ec3m l\u01b0u \u00fd khuy\u1ebfn c\u00e1o cho kh\u00e1ch h\u00e0ng th\u01b0\u1eddng g\u1eb7p \u0111\u00f3 l\u00e0 hi\u1ec7n t\u01b0\u1ee3ng c\u00e1c b\u00ean b\u00e1n c\u1ea1nh tranh nhau \u0111\u1eb7t \u0111i\u1ec1u n\u00f3i x\u1ea5u nhau nh\u1eb1m h\u1ea1 uy t\u00edn c\u1ee7a ng\u01b0\u1eddi b\u00e1n h\u00e0ng g\u00e2y hoang mang cho ng\u01b0\u1eddi mua h\u00e0ng, khi\u1ebfn qu\u00fd kh\u00e1ch h\u00e0ng kh\u00f4ng bi\u1ebft n\u00ean mua\u00a0<em>s\u1ea3n ph\u1ea9m Herbalife \u1edf \u0111\u00e2u \u0111\u1ea3m b\u1ea3o<\/em>\u00a0v\u00e0 t\u1ed1t nh\u1ea5t.<\/p>\n<p>\u0110\u1ec3 y\u00ean t\u00e2m ch\u00fang t\u00f4i khuy\u00ean qu\u00fd kh\u00e1ch h\u00e0ng khi mua h\u00e0ng n\u00ean l\u1ef1a ch\u1ecdn nh\u1eefng n\u01a1i c\u00f3 \u0111\u1ecba ch\u1ec9 b\u00e1n h\u00e0ng uy t\u00edn tin c\u1eady c\u00f3 cam k\u1ebft b\u1ea3o \u0111\u1ea3m, ki\u1ec3m tra k\u0129 h\u1ea1n s\u1eed d\u1ee5ng, bao b\u00ec tem nh\u00e3n \u0111\u1ea7y \u0111\u1ee7 \u0111\u1ec3 y\u00ean t\u00e2m khi mua h\u00e0ng v\u00e0 tin t\u01b0\u1edfng khi d\u00f9ng.<\/p>\n<p>D\u01b0\u1edbi \u0111\u00e2y l\u00e0 m\u1ed9t s\u1ed1 \u0111\u1eb7c \u0111i\u1ec3m nh\u1eadn dang h\u00e0ng ch\u00ednh h\u00e3ng cho qu\u00fd kh\u00e1ch h\u00e0ng tham kh\u1ea3o<\/p>\n<\/div>\n<\/div>\n<p><img src=\"https:\/\/thucphamchucnang360.com\/images\/images\/phan-biet-sua-herbalife-chinh-hang1.jpg\" alt=\"\" \/><\/p>\n<p><em>H\u00e0ng ch\u00ednh h\u00e3ng s\u1eefa herbalife F1 c\u00f3\u00a0logo\u00a0<strong>Herbalife \u00ae\u00a0<\/strong>in hoa ch\u1eef tr\u1eafng n\u1ec1n xanh r\u00f5 n\u00e9t tr\u00ean l\u1ecd s\u1ea3n ph\u1ea9m. Cu\u1ed1i ch\u1eef Herbalife tr\u00ean logo c\u00f3 ch\u1eef R nh\u1ecf trong v\u00f2ng tr\u00f2n.<\/em><\/p>\n<p><em><img src=\"https:\/\/thucphamchucnang360.com\/images\/images\/sua-giam-can-herrbalife.jpg\" alt=\"S\u1eefa gi\u1ea3m c\u00e2n herbalife ch\u00ednh h\u00e3ng\" \/><\/em><\/p>\n<p><em>S\u1eefa gi\u1ea3m c\u00e2n Herbalife\u00a0ch\u00ednh h\u00e3ng c\u00f3 in th\u00f4ng s\u1ed1 h\u00e0m l\u01b0\u1ee3ng, th\u00e0nh ph\u1ea7n tr\u00ean nh\u00e3n ph\u1ee5\u00a0r\u00f5 n\u00e9t, kh\u00f4ng b\u1ecb nh\u00f2e.<\/em><\/p>\n<p><em><img src=\"https:\/\/thucphamchucnang360.com\/images\/images\/phan-biet-sua-herbalife-chinh-hang2.jpg\" alt=\"\" \/><\/em><\/p>\n<p><em>S\u1eefa herbalife ch\u00ednh h\u00e3ng th\u01b0\u1eddng c\u00f3 m\u00e3 v\u1ea1ch th\u1ee9 2 d\u00e1n ch\u00ecm b\u00ean trong ph\u1ea3i tr\u00f9ng kh\u1edbp v\u1edbi m\u00e3 v\u1ea1ch \u1edf b\u00ean ngo\u00e0i.<\/em><\/p>\n<p><em><img src=\"https:\/\/thucphamchucnang360.com\/images\/images\/phan-biet-sua-herbalife-chinh-hang3.jpg\" alt=\"\" \/><\/em><\/p>\n<p><i>D\u01b0\u1edbi n\u1eafp l\u1ecd c\u1ee7a s\u1ea3n ph\u1ea9m herbalife ch\u00ednh h\u00e3ng c\u00f3 h\u00ecnh logo 3 l\u00e1 c\u1ee7a Herbalife \u0111\u01b0\u1ee3c \u0111\u00fac ch\u00ecm, l\u00e1 \u1edf gi\u1eefa c\u00f3 3 k\u00ed hi\u1ec7u: s\u1ed1 26, bi\u1ec3u t\u01b0\u1ee3ng gi\u1ed1ng h\u00ecnh v\u01b0\u01a1ng mi\u1ec7n hoa h\u1eadu v\u00e0 k\u00ed hi\u1ec7u PP<\/i><\/p>\n<p><img src=\"https:\/\/thucphamchucnang360.com\/images\/images\/sua-GIAM-CAN-herbalife-f1.jpg\" alt=\"\" \/><\/p>\n<p><em>Khi m\u1edf s\u1ea3n ph\u1ea9m Herbalife F1 ch\u00ednh h\u00e3ng\u00a0ra mi\u1ec7ng l\u1ecd s\u1ebd c\u00f3 2 l\u1edbp: 1 l\u1edbp gi\u1ea5y tr\u1eafng b\u1ea3o v\u1ec7 l\u1edbp gi\u1ea5y b\u1ea1c, 1 l\u1edbp gi\u1ea5y b\u1ea1c \u00e9p v\u00f2a mi\u1ec7ng l\u1ecd. V\u00e0 tr\u01b0\u1edbc khi x\u00e9 ph\u1ea7n gi\u1ea5y vi\u1ec1n ph\u1ea3i\u00a0c\u00f3 3 tai ch\u00eca ra ngo\u00e0i.<\/em><\/p>\n<p>&nbsp;<\/p>\n<p><img src=\"https:\/\/thucphamchucnang360.com\/images\/images\/phan-biet-sua-herbalife-chinh-hang5.jpg\" alt=\"\" \/><\/p>\n<p><em>Khi b\u00f3c l\u1edbp gi\u1ea5y b\u1ea1c c\u1ee7a s\u1eefa Herbalife s\u1ebd c\u00f3 m\u00f9i th\u01a1m \u0111\u1eb7c tr\u01b0ng v\u00e0 m\u00e0u s\u1eafc y h\u00ecnh c\u1ee7a t\u1eebng lo\u1ea1i<\/em><\/p>\n<p><em>V\u1ecb d\u00e2u c\u00f3 m\u00e0u h\u1ed3ng nh\u1ea1t th\u01a1m m\u00f9i d\u00e2u t\u00e2y.\u00a0<\/em><\/p>\n<p><em>V\u1ecb soccola c\u00f3 m\u00e0u n\u00e2u ng\u00e0 h\u01b0\u01a1ng socola \u0111\u1eb7c tr\u01b0ng.\u00a0<\/em><\/p>\n<p><em>V\u1ecb b\u00e1nh quy kem c\u00f3 ch\u1ee9a c\u00e1c h\u1ea1t b\u00e1nh quy m\u00e0u n\u00e2u, lo\u1ea1i\u00a0n\u00e0y nh\u00ecn h\u01a1i\u00a0l\u1ee3n c\u1ee3n h\u01a1n m\u1ed9t ch\u00fat v\u00ec c\u00f3 ch\u1ee9a c\u00e1c h\u1ea1t b\u00e1nh quy, pha u\u1ed1ng ngay th\u1ea5y ng\u1eady v\u00e0 gi\u00f2n.\u00a0<\/em><\/p>\n<p><em>Herbalife b\u1ea1c h\u00e0 &#8211; socola c\u00f3 v\u1ecb m\u00e1t th\u01a1m m\u00f9i b\u1ea1c h\u00e0.\u00a0<\/em><\/p>\n<p><em>Herbalife f1 vani c\u00f3 m\u00f9i th\u01a1m d\u1ecbu d\u00e0ng m\u00e0u tr\u1eafng ng\u00e0 u\u1ed1ng v\u1ecb b\u00e9o ng\u1eady th\u01a1m h\u01b0\u01a1ng s\u1eefa.<\/em><\/p>\n<p><em><img src=\"https:\/\/thucphamchucnang360.com\/images\/images\/sua-giam-can-herrbalife-f1.jpg\" alt=\"\" \/><\/em><\/p>\n<p><em>Qu\u00fd kh\u00e1ch h\u00e0ng n\u00ean l\u01b0u \u00fd\u00a0\u0111\u1ec3 \u00fd ng\u00e0y s\u1ea3n xu\u1ea5t,\u00a0h\u1ea1n s\u1eed d\u1ee5ng ph\u00eda \u0111\u00e1y l\u1ecd \u0111\u01b0\u1ee3c in d\u1eadp\u00a0r\u00f5 r\u00e0ng kh\u00f4ng\u00a0t\u1ea5y x\u00f3a, m\u1edd nh\u1ea1t. B\u00ean vi\u1ec1n ngo\u00e0i c\u1ee7a \u0111\u00edt l\u1ecd c\u00f3 \u0111\u00fac ch\u1eef n\u1ed5i d\u00f2ng ch\u1eef Herbalife International<\/em><\/p>\n<p>&nbsp;<\/p>\n<hr \/>\n<h2>Th\u00f4ng tin chi ti\u1ebft v\u1ec1 s\u1ea3n ph\u1ea9m s\u1eefa dinh d\u01b0\u1ee1ng Herbalife f1<\/h2>\n<p><strong>Kh\u1ed1i l\u01b0\u1ee3ng t\u1ecbnh: 550g\/ h\u1ed9p<\/strong><\/p>\n<p><strong>Gi\u1ea5y ch\u1ee9ng nh\u1eadn: GI\u1ea4Y CH\u1ee8NG NH\u1eacN TI\u00caU CHU\u1ea8N S\u1ea2N PH\u1ea8M S\u1ed0 7190\/2009\/YT-CNTC DO C\u1ee4C AN TO\u00c0N V\u1ec6 SINH TH\u1ef0C PH\u1ea8M \u2013 B\u1ed8 Y T\u1ebe VI\u1ec6T NAM C\u1ea4P NG\u00c0Y 27\/08\/2009.<\/strong><\/p>\n<h2>Th\u00e0nh ph\u1ea7n s\u1eefa Herbalife F1<\/h2>\n<p>Th\u00e0nh ph\u1ea7n ch\u00ednh c\u1ee7a s\u1eefa F1 l\u00e0 \u0111\u1eadu n\u00e0nh tinh ch\u1ebf, v\u1edbi 5 h\u01b0\u01a1ng v\u1ecb vani, d\u00e2u, socola, b\u1ea1c h\u00e0, quy kem th\u01a1m ngon b\u1ed5 d\u01b0\u1ee1ng<strong>, th\u1ef1c ph\u1ea9m ch\u1ee9c n\u0103ng herbalife F1<\/strong>\u00a0mang \u0111\u1ebfn ngu\u1ed3n dinh d\u01b0\u1ee1ng \u0111\u1ea7y \u0111\u1ee7 nh\u1ea5t cho c\u01a1 th\u1ec3.<\/p>\n<p><strong>Herbalife F1<\/strong>\u00a0c\u00f2n ch\u1ee9a r\u1ea5t nhi\u1ec1u vitamin v\u00e0 kho\u00e1ng ch\u1ea5t kh\u00e1c nh\u01b0: Inulin, \u0111\u01b0\u1eddng Fructose, Clorit, polydextroza, Calcium carseinat, n\u01b0\u1edbc ch\u1eaft s\u1eefa chua,Triglycerit chu\u1ed7i trung b\u00ecnh, dicanxiphossphate, d\u1ea7u th\u1ef1c v\u1eadt,Oxit manhe, Sucralose, Proteaza \u0111\u00e3 t\u00e1ch khu\u1ea9n (Aminogen) Pectin cam, g\u1eebng c\u1ee7, Acid ascorbic, Dialpha tocopheryl acetate, cam th\u1ea3o, b\u1ed3 c\u00f4ng anh, t\u00e1o gai, cola, Biotin, gluconate, Vitamin A&#8230;cung c\u1ea5p nhi\u1ec1u nh\u1ea5t cho c\u01a1 th\u1ec3 ch\u1ea5t dinh d\u01b0\u1ee1ng thi\u1ebft y\u1ebfu thay th\u1ebf b\u1eefa \u0103n l\u00e0nh m\u1ea1nh.<\/p>\n<p><img src=\"https:\/\/thucphamchucnang360.com\/images\/images\/Thanh-phan-sua-herbalife.jpg\" alt=\" s\u1eefa gi\u1ea3m c\u00e2n herbalife f1\" \/><\/p>\n<h2>C\u00f4ng d\u1ee5ng c\u1ee7a s\u1eefa Herbalife ch\u1ee7 y\u1ebfu l\u00e0<\/h2>\n<p>&#8211;\u00a0<strong>S\u1eefa herbalife F1<\/strong>\u00a0l\u00e0 B\u1eefa \u0103n l\u00e0nh m\u1ea1nh l\u00fd t\u01b0\u1edfng nh\u1ea5t c\u00f3 \u0111\u1ebfn 21 lo\u1ea1i vitamin, kho\u00e1ng ch\u1ea5t v\u00e0 ch\u1ea5t dinh d\u01b0\u1ee1ng c\u1ea7n thi\u1ebft cho c\u01a1 th\u1ec3 m\u00e0 th\u1ee9c \u0103n h\u00e0ng ng\u00e0y kh\u00f4ng th\u1ec3 cung c\u1ea5p \u0111\u1ea7y \u0111\u1ee7 cho b\u1ea1n.<\/p>\n<p>&#8211;<strong>\u00a0Herbalife F1\u00a0<\/strong>kh\u00f4ng ch\u1ee9a cholesterol, kh\u00f4ng ch\u1ee9a ch\u1ea5t b\u00e9o, ngh\u00e8o calo nh\u01b0ng l\u1ea1i gi\u00e0u dinh d\u01b0\u1ee1ng n\u00ean \u0111\u01b0\u1ee3c d\u00f9ng thay th\u1ebf c\u00e1c lo\u1ea1i th\u1ee9c \u0103n kh\u00e1c nhau gi\u00fap ki\u1ec3m so\u00e1t c\u00e2n n\u1eb7ng hi\u1ec7u qu\u1ea3 \u0111\u1eb7c bi\u1ec7t l\u00e0 h\u1ed7 tr\u1ee3 gi\u1ea3m c\u00e2n, t\u0103ng c\u00e2n hi\u1ec7u qu\u1ea3.<\/p>\n<p>&#8211;\u00a0<strong>Th\u1ef1c ph\u1ea9m ch\u1ee9c n\u0103ng\u00a0Herbalife F1<\/strong>\u00a0chi\u1ebft xu\u1ea5t ho\u00e0n to\u00e0n t\u1eeb \u0111\u1eadu n\u00e0nh r\u1ea5t t\u1ed1t cho nh\u1eefng ng\u01b0\u1eddi b\u1ecb b\u1ec7nh tim m\u1ea1ch, m\u00e1u nhi\u1ec5m m\u1ee1, ng\u01b0\u1eddi r\u1ed3i lo\u1ea1n ti\u00eau h\u00f3a, g\u00fat\u2026 v\u00e0 nh\u1eefng ng\u01b0\u1eddi \u0111ang trong th\u1eddi gian ki\u00eang khem b\u1ec7nh m\u00e0 kh\u00f4ng lo b\u1ecb thi\u1ebfu ch\u1ea5t.<\/p>\n<p>&#8211; Th\u00e0nh ph\u1ea7n \u0111\u1ed9c \u0111\u00e1o \u0111\u01b0\u1ee3c ch\u1ebf bi\u1ebfn \u0111\u00f4ng kh\u00f4 \u1edf nhi\u1ec7t \u0111\u1ed9 -150o C n\u00ean gi\u1eef \u0111\u01b0\u1ee3c t\u1ef7 l\u1ec7 \u0111\u1ea1m cao, nhi\u1ec1u vi ch\u1ea5t dinh d\u01b0\u1ee1ng v\u00e0 c\u00e1c ax\u00edt amin cho b\u1ea1n ngu\u1ed3n n\u0103ng l\u01b0\u1ee3ng d\u1ed3i d\u00e0o.<\/p>\n<p><img src=\"https:\/\/thucphamchucnang360.com\/images\/images\/ket-qua-dung-herbalife-f1.jpg\" alt=\"k\u1ebft qu\u1ea3 s\u1eed d\u1ee5ng s\u1eefa gi\u1ea3m c\u00e2n Herbalife F1\" \/><\/p>\n<p><em><span style=\"font-family: arial, helvetica, sans-serif;\">Kh\u00e1ch h\u00e0ng r\u1ea5t h\u00e0i l\u00f2ng v\u1ec1\u00a0k\u1ebft qu\u1ea3 s\u1eed d\u1ee5ng s\u1eefa gi\u1ea3m c\u00e2n Herbalife F1\u00a0<\/span><\/em><\/p>\n<p><strong>\u0110\u1ed1i t\u01b0\u1ee3ng s\u1eed d\u1ee5ng th\u1ef1c ph\u1ea9m ch\u1ee9c n\u0103ng s\u1eefa Herbalife F1<\/strong><\/p>\n<p>H\u1ed7n h\u1ee3p dinh d\u01b0\u1ee1ng herbalife\u00a0F1 ph\u00f9 h\u1ee3p v\u1edbi r\u1ea5t nhi\u1ec1u \u0111\u1ed1i t\u01b0\u1ee3ng nh\u01b0: Ng\u01b0\u1eddi mu\u1ed1n t\u0103ng c\u00e2n, ng\u01b0\u1eddi mu\u1ed1n gi\u1ea3m c\u00e2n, ng\u01b0\u1eddi gi\u00e0 \u0103n u\u1ed1ng k\u00e9m c\u1ea7n t\u0103ng c\u01b0\u1eddng s\u1ee9c kh\u1ecfe v\u00e0 th\u1ec3 l\u1ef1c, ng\u01b0\u1eddi c\u00f3 thai , ph\u1ee5 n\u1eef \u0111ang cho con b\u00fa, tr\u1ebb em, ng\u01b0\u1eddi m\u1eafc c\u00e1c b\u1ec7nh : Tim m\u1ea1ch, ung th\u01b0, g\u00fat\u2026<\/p>\n<hr \/>\n<h2>H\u01b0\u1edbng d\u1eabn s\u1eed d\u1ee5ng\u00a0s\u1eefa\u00a0gi\u1ea3m c\u00e2n Herbalife F1 hi\u1ec7u qu\u1ea3 t\u1ed1t\u00a0nh\u1ea5t<\/h2>\n<p>Th\u01b0\u1edfng th\u1ee9c s\u1eed d\u1ee5ng\u00a0<strong>Herbalife F1\u00a0<\/strong>m\u1ed7i ng\u00e0y nh\u01b0 m\u1ed9t l\u1ef1a ch\u1ecdn b\u1eefa \u0103n l\u00e0nh m\u1ea1nh. C\u00f3 th\u1ec3 s\u1eed d\u1ee5ng Herbalife F1 v\u1edbi c\u00e1c s\u1ea3n ph\u1ea9m kh\u00e1c cho hi\u1ec7u qu\u1ea3 kh\u00e1c nhau t\u00f9y theo m\u1ee5c \u0111\u00edch.<\/p>\n<p><em>H\u01b0\u1edbng d\u1eabn c\u00e1ch pha<\/em>:\u00a0Ng\u00e0y u\u1ed1ng 2-3 l\u1ea7n m\u1ed7i l\u1ea7n pha 2-3 th\u00eca s\u1eefa Herbalife v\u1edbi 240 ml n\u01b0\u1edbc, c\u00f3 th\u1ec3 pha v\u1edbi n\u01b0\u1edbc l\u1ecdc, s\u1eefa t\u01b0\u01a1i t\u00e1ch b\u00e9o\u00a0kh\u00f4ng \u0111\u01b0\u1eddng, n\u01b0\u1edbc \u00e9p hoa qu\u1ea3, n\u01b0\u1edbc tr\u00e1i c\u00e2y, c\u00f3 th\u1ec3 cho v\u00e0o b\u00ecnh l\u1eafc, cho v\u00e0o c\u1ed1c khu\u1ea5y \u0111\u1ec1u ho\u1eb7c cho v\u00e0o m\u00e1y xay xay nh\u01b0 xay sinh t\u1ed1 c\u00f9ng v\u1edbi hoa qu\u1ea3\u2026 L\u01b0u \u00fd l\u00e0 kh\u00f4ng pha F1 v\u1edbi n\u01b0\u1edbc c\u00f3 nhi\u1ec7t \u0111\u1ed9 tr\u00ean 40 \u0111\u1ed9 C .C\u00f3 th\u1ec3 d\u00f9ng \u0111\u1ec3 thay th\u1ebf b\u1eefa \u0103n \u0111\u1ec3 gi\u1ea3m c\u00e2n ho\u1eb7c u\u1ed1ng th\u00eam v\u00e0o b\u1eefa \u0103n b\u1ed5 sung \u0111\u1ec3 t\u0103ng c\u00e2n.<\/p>\n<p><img src=\"https:\/\/thucphamchucnang360.com\/images\/images\/huong-dan-su-dung-sua-f1-f2-f3.jpg\" alt=\"\" \/><\/p>\n<p><em>S\u1eed d\u1ee5ng s\u1eefa Herbalife F1 v\u1edbi c\u00e1c s\u1ea3n\u00a0ph\u1ea9m\u00a0kh\u00e1c \u0111\u1ec3 c\u00f3 hi\u1ec7u qu\u1ea3 t\u0103ng gi\u1ea3m c\u00e2n\u00a0kh\u00e1c nhau<\/em><\/p>\n<h2>N\u00ean mua s\u1eefa dinh d\u01b0\u1ee1ng herbalife F1 ch\u00ednh h\u00e3ng \u1edf \u0111\u00e2u t\u1ed1t nh\u1ea5t<\/h2>\n<p><strong>S\u1eefa gi\u1ea3m\u00a0c\u00e2n Herbalife F1<\/strong>\u00a0l\u00e0 s\u1ea3n ph\u1ea9m \u0111\u01b0\u1ee3c nhi\u1ec1u ng\u01b0\u1eddi \u01b0a chu\u1ed9ng v\u00e0 c\u00f3 r\u1ea5t\u00a0nhi\u1ec1u n\u01a1i b\u00e1n v\u1edbi gi\u00e1 r\u1ea5t kh\u00e1c nhau khi\u1ebfn qu\u00fd\u00a0kh\u00e1ch h\u00e0ng b\u0103n kho\u0103n kh\u00f4ng bi\u1ebft n\u00ean mua \u1edf \u0111\u00e2u \u0111\u1ea3m b\u1ea3o v\u00e0 gi\u00e1 t\u1ed1t nh\u1ea5t.<\/p>\n<p>Website\u00a0<strong>THUCPHAMCHUCNANG360.COM<\/strong>\u00a0l\u00e0 \u0111\u1ecba ch\u1ec9 uy t\u00edn nh\u1ea5t m\u00e0 b\u1ea1n c\u00f3 th\u1ec3 tin t\u01b0\u1edfng khi mua h\u00e0ng online, ch\u00fang t\u00f4i kh\u00f4ng\u00a0ch\u1ec9 l\u00e0 nh\u00e0 ph\u00e2n ph\u1ed1i b\u00e1n h\u00e0ng\u00a0<strong>Th\u1ef1c ph\u1ea9m ch\u1ee9c n\u0103ng\u00a0Herbalife ch\u00ednh h\u00e3ng<\/strong>\u00a0m\u00e0 c\u00f2n l\u00e0 \u0111\u1ecba ch\u1ec9 b\u00e1n v\u1edbi gi\u00e1 t\u1ed1t nh\u1ea5t tr\u00ean th\u1ecb tr\u01b0\u1eddng. Cam k\u1ebft v\u1edbi kh\u00e1ch h\u00e0ng nhi\u1ec1u ch\u01b0\u01a1ng tr\u00ecnh khuy\u1ebfn m\u00e3i h\u1ea5p d\u1eabn v\u00e0 m\u1ee9c chi\u1ebft kh\u1ea5u cao l\u00ean \u0111\u1ebfn 50%, kh\u00e1ch h\u00e0ng s\u1ebd lu\u00f4n h\u00e0i l\u00f2ng v\u00e0 y\u00ean t\u00e2m v\u1ec1 quy\u1ec1n l\u1ee3i c\u1ee7a kh\u00e1ch h\u00e0ng khi mua h\u00e0ng t\u1ea1i \u0111\u00e2y.<\/p>\n<p><span style=\"font-family: arial, helvetica, sans-serif;\">Q\u00fay kh\u00e1ch h\u00e0ng mu\u1ed1n \u0111\u1eb7t mua s\u1eefa Herbalief F1 c\u00f3 th\u1ec3 l\u00e0m th\u00eam m\u1ed9t trong hai c\u00e1ch sau:<\/span><\/p>\n<p><span style=\"font-family: arial, helvetica, sans-serif;\">Kh\u00e1ch h\u00e0ng g\u1ecdi \u0111i\u1ec7n tr\u1ef1c ti\u1ebfp \u0111\u1ebfn s\u1ed1 Hotline\u00a0<strong>0914 516 800 ho\u1eb7c 0976 360 281<\/strong>\u00a0\u0111\u1ec3 \u0111\u01b0\u1ee3c gi\u1ea3i \u0111\u00e1p th\u1eafc m\u1eafc,\u00a0t\u01b0 v\u1ea5n mi\u1ebfn ph\u00ed v\u00e0 h\u01b0\u1edbng d\u1eabn c\u00e1ch th\u1ee9c mua h\u00e0ng<\/span><\/p>\n<p><span style=\"font-family: arial, helvetica, sans-serif;\">\u0110\u1eb7t h\u00e0ng online tr\u1ef1c ti\u1ebfp tr\u00ean Website v\u00e0o ph\u00eda mua h\u00e0ng b\u00ean d\u01b0\u1edbi b\u1eb1ng c\u00e1ch \u0111i\u1ec1n \u0111\u1ea7y \u0111\u1ee7 th\u00f4ng tin s\u1ed1 \u0111i\u1ec7n tho\u1ea1i v\u00e0 s\u1ea3n ph\u1ea9m ch\u00fang t\u00f4i s\u1ebd g\u1ecdi\u00a0\u0111i\u1ec7n l\u1ea1i ngay \u0111\u1ec3 x\u00e1c nh\u1eadn v\u00e0 l\u00ean \u0111\u01a1n cho b\u1ea1n.<\/span><\/p>\n<hr \/>\n<h2>C\u00e2u h\u1ecfi th\u1eafc m\u1eafc\u00a0c\u1ee7a kh\u00e1ch h\u00e0ng v\u1ec1 s\u1eefa dinh d\u01b0\u1ee1ng Herbalife F1<\/h2>\n<h3><em>1. S\u1eefa herbalife F1 c\u00f3 d\u00f9ng \u0111\u01b0\u1ee3c cho ph\u1ee5 n\u1eef \u0111ang mang thai ho\u1eb7c cho con b\u00fa kh\u00f4ng?<\/em><\/h3>\n<p>Ph\u1ee5 n\u1eef mang thai v\u00e0 \u0111ang cho con b\u00fa ho\u00e0n to\u00e0n c\u00f3 th\u1ec3 s\u1eed d\u1ee5ng s\u1eefa Herbalife F1 b\u00ecnh th\u01b0\u1eddng. Tuy nhi\u00ean, trong nhi\u1ec1u tr\u01b0\u1eddng h\u1ee3p m\u1eabn c\u1ea3m nh\u01b0 ngh\u00e9n n\u1eb7ng, hay \u0111ang u\u1ed1ng thu\u1ed1c \u0111i\u1ec1u tr\u1ecb theo \u0111\u01a1n c\u1ee7a b\u00e1c s\u0129 th\u00ec tr\u01b0\u1edbc khi s\u1eed d\u1ee5ng n\u00ean h\u1ecfi \u00fd ki\u1ebfn c\u1ee7a b\u00e1c s\u0129 tr\u01b0\u1edbc khi d\u00f9ng s\u1ea3n ph\u1ea9m s\u1eefa Herbalife F1.<\/p>\n<h3><em>2. B\u1ec7nh nh\u00e2n ti\u1ec3u \u0111\u01b0\u1eddng c\u00f3 s\u1eed d\u1ee5ng \u0111\u01b0\u1ee3c s\u1eefa herbalife F1 kh\u00f4ng?<\/em><\/h3>\n<p><span style=\"font-family: arial, helvetica, sans-serif;\">Ri\u00eang \u0111\u1ed1i v\u1edbi b\u1ec7nh nh\u00e2n b\u1ecb ti\u1ec3u \u0111\u01b0\u1eddng n\u00ean h\u1ecfi \u00fd ki\u1ebfn b\u00e1c s\u0129 \u0111i\u1ec1u tr\u1ecb kh\u00f4ng n\u00ean t\u1ef1 \u00fd s\u1eed d\u1ee5ng s\u1ea3n ph\u1ea9m v\u00ec s\u1ea3n ph\u1ea9m c\u00f3 ch\u1ee9a m\u1ed9t ch\u00fat \u0111\u01b0\u1eddng trong th\u00e0nh ph\u1ea7n.\u00a0<\/span><\/p>\n<h3><em>3. S\u1eed d\u1ee5ng Herbalife F1 \u0111\u1ec3 gi\u1ea3m c\u00e2n nh\u01b0ng m\u00e0 sau khi s\u1eed d\u1ee5ng nhanh b\u1ecb \u0111\u00f3i th\u00ec ph\u1ea3i l\u00e0m nh\u01b0 n\u00e0o?<\/em><\/h3>\n<p>N\u1ebfu s\u1eed d\u1ee5ng s\u1eefa herbalife F1 \u0111\u1ec3 gi\u1ea3m c\u00e2n m\u00e0 sau khi s\u1eed d\u1ee5ng b\u1ea1n c\u1ea3m th\u1ea5y nhanh b\u1ecb \u0111\u00f3i th\u00ec ph\u1ea3i t\u0103ng th\u00eam l\u01b0\u1ee3ng protein herbalife \u0111\u01b0a v\u00e0o pha c\u00f9ng v\u1edbi s\u1eefa herbalife F1 \u0111\u1ec3 t\u0103ng cam gi\u00e1c no, \u0111\u1ed3ng th\u1eddi k\u1ebft h\u1ee3p s\u1eed d\u1ee5ng k\u00e8m th\u00eam vi\u00ean u\u1ed1ng\u00a0<strong>multivitamin Herbalife<\/strong>\u00a0<strong>v\u00e0 tr\u00e0 th\u1ea3o m\u1ed9c c\u00f4 \u0111\u1eb7c herbalife\u00a0<\/strong>\u0111\u1ec3 gi\u1ea3m c\u00e2n t\u1ed1t nh\u1ea5t.<\/p>\n<h3><em>4. M\u00e3 v\u1ea1ch c\u1ee7a herbalife kh\u00f4ng d\u00f9ng smart phone \u0111\u1ec3 qu\u00e9t m\u00e3 v\u1ea1ch \u0111\u01b0\u1ee3c. Li\u1ec7u c\u00f3 ph\u1ea3i l\u00e0 h\u00e0ng gi\u1ea3 kh\u00f4ng?<\/em><\/h3>\n<p>Hi\u1ec7n t\u1ea1i m\u00e3 v\u1ea1ch c\u1ee7a s\u1ea3n ph\u1ea9m\u00a0<strong>s\u1eefa Herbalife F1<\/strong>\u00a0n\u00f3i ri\u00eang v\u00e0 c\u00e1c s\u1ea3n ph\u1ea9m\u00a0<strong>th\u1ef1c ph\u1ea9m ch\u1ee9c n\u0103ng Herbalife<\/strong>\u00a0n\u00f3i chung kh\u00f4ng c\u1eadp nh\u1eadt tr\u00ean h\u1ec7 th\u1ed1ng th\u1ed1ng k\u00ea c\u1ee7a c\u00e1c \u1ee9ng d\u1ee5ng qu\u00e9t m\u00e3 v\u1ea1ch tr\u00ean \u0111i\u1ec7n tho\u1ea1i di \u0111\u1ed9ng th\u00f4ng minh. V\u00ec v\u1eady s\u1ebd kh\u00f4ng s\u1eed d\u1ee5ng \u0111i\u1ec7n tho\u1ea1i th\u00f4ng minh smart phone \u0111\u1ec3 qu\u00e9t ki\u1ec3m tra m\u00e3 v\u1ea1ch \u0111\u01b0\u1ee3c.<\/p>\n<p>L\u00fd do l\u00e0 s\u1ea3n ph\u1ea9m th\u1ef1c ph\u1ea9m ch\u1ee9c n\u0103ng Herbalife l\u00e0 s\u1ea3n ph\u1ea9m \u0111a qu\u1ed1c gia, ph\u00e2n ph\u1ed1i tr\u00ean nhi\u1ec1u qu\u1ed1c gia v\u00e0 Vi\u1ec7t Nam l\u00e0 m\u1ed9t trong s\u1ed1 \u0111\u00f3. Hi\u1ec7n t\u1ea1i, m\u00e3 v\u1ea1ch \u0111\u01b0\u1ee3c in tr\u00ean h\u1ed9p s\u1eefa Herbalife \u0111\u01b0\u1ee3c c\u00f4ng ty in tr\u00ean th\u00e2n h\u1ed9p ch\u1ec9 l\u00e0 m\u00e3 v\u1ea1ch ki\u1ec3m tra s\u1ed1 l\u00f4, m\u00e3 s\u1ed1 c\u1ee7a nh\u00e0 ph\u00e2n ph\u1ed1i v\u00e0 ch\u1ec9 \u0111\u01b0\u1ee3c ki\u1ec3m so\u00e1t n\u1ed9i b\u1ed9.<\/p>\n<\/div>\n","protected":false},"excerpt":{"rendered":"<p>T\u00e1c d\u1ee5ng c\u00f3 th\u1ec3 kh\u00e1c nhau tu\u1ef3 c\u01a1 \u0111\u1ecba c\u1ee7a ng\u01b0\u1eddi d\u00f9ng. S\u1ea3n ph\u1ea9m kh\u00f4ng ph\u1ea3i l\u00e0 thu\u1ed1c v\u00e0 kh\u00f4ng c\u00f3 t\u00e1c d\u1ee5ng thay th\u1ebf thu\u1ed1c ch\u1eefa b\u1ec7nh. H\u00ecnh \u1ea3nh v\u00e0 m\u00f4 t\u1ea3 ch\u1ec9 mang t\u00ednh minh h\u1ecda. C\u1ea7n tham kh\u1ea3o \u00fd ki\u1ebfn b\u00e1c s\u0129 tr\u01b0\u1edbc khi s\u1eed d\u1ee5ng.<\/p>\n","protected":false},"featured_media":324,"comment_status":"open","ping_status":"closed","template":"","meta":[],"brands":[{"id":154,"name":"HERBALIFE","slug":"herbalife"}],"_links":{"self":[{"href":"https:\/\/webmaibinh.com\/w\/thucpham112011\/wp-json\/wp\/v2\/product\/323"}],"collection":[{"href":"https:\/\/webmaibinh.com\/w\/thucpham112011\/wp-json\/wp\/v2\/product"}],"about":[{"href":"https:\/\/webmaibinh.com\/w\/thucpham112011\/wp-json\/wp\/v2\/types\/product"}],"replies":[{"embeddable":true,"href":"https:\/\/webmaibinh.com\/w\/thucpham112011\/wp-json\/wp\/v2\/comments?post=323"}],"wp:featuredmedia":[{"embeddable":true,"href":"https:\/\/webmaibinh.com\/w\/thucpham112011\/wp-json\/wp\/v2\/media\/324"}],"wp:attachment":[{"href":"https:\/\/webmaibinh.com\/w\/thucpham112011\/wp-json\/wp\/v2\/media?parent=323"}],"curies":[{"name":"wp","href":"https:\/\/api.w.org\/{rel}","templated":true}]}}