{"id":207,"date":"2020-02-18T15:30:21","date_gmt":"2020-02-18T08:30:21","guid":{"rendered":"http:\/\/thucphamchucnang2.muathemewordpress.net\/?page_id=207"},"modified":"2020-02-19T00:20:28","modified_gmt":"2020-02-18T17:20:28","slug":"huong-dan-mua-hang","status":"publish","type":"page","link":"https:\/\/webmaibinh.com\/w\/thucpham112011\/huong-dan-mua-hang\/","title":{"rendered":"H\u01b0\u1edbng d\u1eabn mua h\u00e0ng"},"content":{"rendered":"<header class=\"entry-header\">\n<p class=\"entry-title mb uppercase\"><span style=\"color: #555555; font-size: 14.4px;\">C\u1ea3m \u01a1n b\u1ea1n \u0111\u00e3 t\u00ecm hi\u1ec3u ch\u00ednh s\u00e1ch thanh to\u00e1n \u0111ang \u0111\u01b0\u1ee3c \u00e1p d\u1ee5ng t\u1ea1i Hangtotnhapkhau.com. Khi mua h\u00e0ng online t\u1ea1i website th\u01b0\u01a1ng m\u1ea1i \u0111i\u1ec7n t\u1eed Hangtotnhapkhau.com s\u1ebd c\u00f3 c\u00e1c h\u00ecnh th\u1ee9c thanh to\u00e1n nh\u01b0 sau:<\/span><\/p>\n<\/header>\n<h3>I. Thanh to\u00e1n ti\u1ec1n m\u1eb7t<\/h3>\n<p>Thanh to\u00e1n ti\u1ec1n m\u1eb7t tr\u1ef1c ti\u1ebfp t\u1ea1i v\u0103n ph\u00f2ng giao d\u1ecbch c\u1ee7a VuiMall ho\u1eb7c t\u1ea1i c\u00e1c c\u01a1 s\u1edf \u0111\u1ed1i t\u00e1c li\u00ean k\u1ebft c\u1ee7a ch\u00fang t\u00f4i.<\/p>\n<h3>II. Thanh to\u00e1n chuy\u1ec3n kho\u1ea3n<\/h3>\n<p>Ng\u00e0y sau khi \u0111\u1eb7t h\u00e0ng b\u1ea1n c\u00f3 th\u1ec3 chuy\u1ec3n kho\u1ea3n \u0111\u1ebfn s\u1ed1 t\u00e0i kho\u1ea3n c\u1ee7a Hangtotnhapkhau.com. Ch\u00fang t\u00f4i khi nh\u1eadn \u0111\u01b0\u1ee3c ti\u1ec1n s\u1ebd chuy\u1ec3n h\u00e0ng. B\u1ea1n ho\u1eb7c ng\u01b0\u1eddi nh\u1eadn h\u00e0ng s\u1ebd kh\u00f4ng ph\u1ea3i tr\u1ea3 b\u1ea5t c\u1ee9 m\u1ed9t kho\u1ea3n ph\u00ed n\u00e0o.<\/p>\n<blockquote><p>L\u01b0u \u00fd: Trong n\u1ed9i dung chuy\u1ec3n kho\u1ea3n c\u1ea7n ghi r\u00f5 s\u1ed1 \u0111i\u1ec7n tho\u1ea1i ho\u1eb7c m\u00e3 \u0111\u01a1n h\u00e0ng<\/p><\/blockquote>\n<h3>III. Thanh to\u00e1n COD<\/h3>\n<p>Hangtotnhapkhau.com h\u1ed7 tr\u1ee3 thanh to\u00e1n giao h\u00e0ng t\u1eadn nh\u00e0 v\u00e0 thu ti\u1ec1n m\u1eb7t t\u1ea1i nh\u00e0 c\u1ee7a b\u1ea1n. V\u1edbi h\u00ecnh th\u1ee9c thanh to\u00e1n n\u00e0y, b\u1ea1n ho\u00e0n to\u00e0n y\u00ean t\u00e2m khi \u0111\u01b0\u1ee3c quy\u1ec1n ki\u1ec3m tra s\u1ea3n ph\u1ea9m tr\u01b0\u1edbc khi thanh to\u00e1n. \u0110\u1ea3m b\u1ea3o \u0111\u00fang m\u1eabu m\u00e3, m\u00e0u s\u1eafc, s\u1ed1 l\u01b0\u1ee3ng m\u00e0 m\u00ecnh \u0111\u00e3 \u0111\u1eb7t.<\/p>\n<p>Tuy nhi\u00ean, khi thanh to\u00e1n theo h\u00ecnh th\u1ee9c n\u00e0y b\u1ea1n c\u1ea7n ch\u1eafc ch\u1eafn nh\u1eefng v\u1ea5n \u0111\u1ec1 sau:<\/p>\n<ul>\n<li>Ch\u1eafc ch\u1eafn v\u1ec1 vi\u1ec7c s\u1ebd mua s\u1ea3n ph\u1ea9m n\u1ebfu \u0111\u00fang theo m\u00f4 t\u1ea3 tr\u00ean website<\/li>\n<li>Ch\u1eafc ch\u1eafn \u0111i\u1ec7n tho\u1ea1i c\u1ee7a m\u00ecnh c\u00f3 th\u1ec3 li\u00ean l\u1ea1c \u0111\u01b0\u1ee3c khi b\u1ed9 ph\u1eadn giao h\u00e0ng li\u00ean l\u1ea1c<\/li>\n<\/ul>\n<p>Khi \u0111\u01a1n h\u00e0ng ph\u00e1t sinh, nh\u00e2n vi\u00ean c\u1ee7a Hangtotnhapkhau.com s\u1ebd li\u00ean h\u1ec7 v\u1edbi b\u1ea1n \u0111\u1ec3 x\u00e1c nh\u1eadn \u0111\u01a1n h\u00e0ng v\u00e0 x\u00e1c nh\u1eadn h\u00ecnh th\u1ee9c thanh to\u00e1n COD.<\/p>\n<p>Tr\u01b0\u1edbc khi giao h\u00e0ng, nh\u00e2n vi\u00ean giao h\u00e0ng s\u1ebd li\u00ean h\u1ec7 v\u1edbi b\u1ea1n \u0111\u1ec3 x\u00e1c nh\u1eadn ch\u00ednh x\u00e1c th\u1eddi gian v\u00e0 \u0111\u1ecba \u0111i\u1ec3m b\u1ea1n s\u1ebd nh\u1eadn h\u00e0ng. Tr\u01b0\u1eddng h\u1ee3p, nh\u00e2n vi\u00ean giao h\u00e0ng kh\u00f4ng li\u00ean l\u1ea1c \u0111\u01b0\u1ee3c v\u1edbi b\u1ea1n, s\u1ea3n ph\u1ea9m s\u1ebd \u0111\u01b0\u1ee3c l\u01b0u tr\u1eef t\u1ea1i b\u01b0u \u0111i\u1ec7n g\u1ea7n n\u01a1i \u0111\u1ecba ch\u1ec9 giao h\u00e0ng nh\u1ea5t v\u00e0 b\u1ea1n c\u00f3 th\u1ec3 ra \u0111\u00f3 \u0111\u1ec3 l\u1ea5y h\u00e0ng.<\/p>\n<p>\u0110\u1ec3 \u0111\u1ea3m b\u1ea3o h\u1ec7 th\u1ed1ng c\u1ee7a ch\u00fang t\u00f4i v\u1eadn h\u00e0nh \u1ed5n \u0111\u1ecbnh, ch\u00fang t\u00f4i \u0111\u01b0a v\u00e0o danh s\u00e1ch nh\u1eefng s\u1ed1 \u0111i\u1ec7n tho\u1ea1i \u0111\u00e3 \u0111\u1eb7t h\u00e0ng nh\u01b0ng kh\u00f4ng nh\u1eadn m\u00e0 kh\u00f4ng c\u00f3 l\u00fd do ch\u00ednh \u0111\u00e1ng v\u00e0o tr\u1ea1ng th\u00e1i kh\u00f3a t\u1ea1m th\u1eddi. N\u1ebfu b\u1ea1n r\u01a1i ph\u1ea3i tr\u01b0\u1eddng h\u1ee3p n\u00e0y, vui l\u00f2ng li\u00ean h\u1ec7 v\u1edbi b\u1ed9 ph\u1eadn ch\u0103m s\u00f3c kh\u00e1ch h\u00e0ng c\u1ee7a ch\u00fang t\u00f4i \u0111\u1ec3 c\u00f3 th\u1ec3 m\u1edf kh\u00f3a s\u1ed1 \u0111i\u1ec7n tho\u1ea1i \u0111\u1ec3 c\u00f3 th\u1ec3 giao d\u1ecbch tr\u00ean Hangtotnhapkhau.com.<\/p>\n<p>N\u1ebfu vi ph\u1ea1m l\u1ea7n 2, ch\u00fang t\u00f4i th\u00e0nh th\u1eadt r\u1ea5t ti\u1ebfc v\u00e0 xin l\u1ed7i v\u00ec s\u1ed1 \u0111i\u1ec7n tho\u1ea1i \u0111\u1eb7t h\u00e0ng \u0111\u00f3 s\u1ebd \u0111\u01b0\u1ee3c \u0111\u01b0a v\u00e0o danh s\u00e1ch kh\u00f3a v\u0129nh vi\u1ec5n.<\/p>\n","protected":false},"excerpt":{"rendered":"<p>C\u1ea3m \u01a1n b\u1ea1n \u0111\u00e3 t\u00ecm hi\u1ec3u ch\u00ednh s\u00e1ch thanh to\u00e1n \u0111ang \u0111\u01b0\u1ee3c \u00e1p d\u1ee5ng t\u1ea1i Hangtotnhapkhau.com. Khi mua h\u00e0ng online t\u1ea1i website th\u01b0\u01a1ng m\u1ea1i \u0111i\u1ec7n t\u1eed Hangtotnhapkhau.com s\u1ebd c\u00f3 c\u00e1c h\u00ecnh th\u1ee9c thanh to\u00e1n nh\u01b0 sau: I. Thanh to\u00e1n ti\u1ec1n m\u1eb7t Thanh to\u00e1n ti\u1ec1n m\u1eb7t tr\u1ef1c ti\u1ebfp t\u1ea1i v\u0103n ph\u00f2ng giao d\u1ecbch c\u1ee7a VuiMall ho\u1eb7c &#8230;<\/p>\n","protected":false},"author":1,"featured_media":0,"parent":0,"menu_order":0,"comment_status":"closed","ping_status":"closed","template":"","meta":[],"_links":{"self":[{"href":"https:\/\/webmaibinh.com\/w\/thucpham112011\/wp-json\/wp\/v2\/pages\/207"}],"collection":[{"href":"https:\/\/webmaibinh.com\/w\/thucpham112011\/wp-json\/wp\/v2\/pages"}],"about":[{"href":"https:\/\/webmaibinh.com\/w\/thucpham112011\/wp-json\/wp\/v2\/types\/page"}],"author":[{"embeddable":true,"href":"https:\/\/webmaibinh.com\/w\/thucpham112011\/wp-json\/wp\/v2\/users\/1"}],"replies":[{"embeddable":true,"href":"https:\/\/webmaibinh.com\/w\/thucpham112011\/wp-json\/wp\/v2\/comments?post=207"}],"version-history":[{"count":0,"href":"https:\/\/webmaibinh.com\/w\/thucpham112011\/wp-json\/wp\/v2\/pages\/207\/revisions"}],"wp:attachment":[{"href":"https:\/\/webmaibinh.com\/w\/thucpham112011\/wp-json\/wp\/v2\/media?parent=207"}],"curies":[{"name":"wp","href":"https:\/\/api.w.org\/{rel}","templated":true}]}}