{"id":177,"date":"2020-01-23T20:13:20","date_gmt":"2020-01-23T13:13:20","guid":{"rendered":"http:\/\/demo31.muathemewordpress.net\/?post_type=product&#038;p=177"},"modified":"2020-01-23T20:14:09","modified_gmt":"2020-01-23T13:14:09","slug":"dam-om-body-xe-truoc-co-dan-tong","status":"publish","type":"product","link":"https:\/\/webmaibinh.com\/w\/thoitrang52011\/san-pham\/dam-om-body-xe-truoc-co-dan-tong","title":{"rendered":"\u0110\u1ea7m \u00f4m body x\u1ebb tr\u01b0\u1edbc c\u1ed5 \u0111an t\u00f4ng"},"content":{"rendered":"<section id=\"section_307222833\" class=\"section mh-no-padding-bottom\">\n<div class=\"section-content relative\">\n<div id=\"row-1921976502\" class=\"row\">\n<div class=\"col small-12 large-12\">\n<div class=\"col-inner\">\n<div class=\"woocommerce-tabs wc-tabs-wrapper container tabbed-content\">\n<div class=\"tab-panels\">\n<div id=\"tab-description\" class=\"woocommerce-Tabs-panel woocommerce-Tabs-panel--description panel entry-content active\" role=\"tabpanel\" aria-labelledby=\"tab-title-description\">\n<p>\u2013 Ch\u1ea5t li\u1ec7u: Boy<br \/>\n\u2013 M\u00e0u s\u1eafc: \u0110\u1ecf<br \/>\n\u0110\u1ea7m \u00f4m body x\u1ebb tr\u01b0\u1edbc c\u1ed5 \u0111an t\u00f4ng KK94-12 t\u00f4n vinh tr\u1ecdn v\u1eb9n v\u1ebb \u0111\u1eb9p thanh tao d\u00e0nh cho c\u00e1c qu\u00fd c\u00f4. Thi\u1ebft k\u1ebf n\u1ed5i b\u1eadt v\u00e0 thu h\u00fat ngay t\u1eeb \u00e1nh nh\u00ecn \u0111\u1ea7u ti\u00ean v\u1edbi c\u00e1c chi ti\u1ebft: c\u1ed5 \u0111an-t\u00f4ng thanh l\u1ecbch, tay \u00e1o ng\u1eafn tr\u1ebb trung v\u00e0 s\u00e0nh \u0111i\u1ec7u, chi ti\u1ebft \u0111ai eo n\u1eef t\u00ednh c\u00f9ng ph\u1ea7n t\u00e0 v\u00e1y x\u1ebb \u0111\u00f9i d\u00e1ng \u00f4m g\u1ecdn sang tr\u1ecdng,\u2026 t\u1ea5t c\u1ea3 \u0111\u1ec1u mang \u0111\u1ebfn m\u1ed9t s\u1ea3n ph\u1ea9m h\u1ed9i t\u1ee5 \u0111\u1ea7y \u0111\u1ee7 v\u1ebb \u0111\u1eb9p quy\u1ebfn r\u0169 c\u1ee7a ng\u01b0\u1eddi ph\u1ee5 n\u1eef hi\u1ec7n \u0111\u1ea1i. Gam m\u00e0u \u0111\u1ecf n\u1ed5i b\u1eadt m\u00e0 v\u1eabn d\u1ecbu d\u00e0ng ph\u00f9 h\u1ee3p v\u1edbi m\u1ecdi l\u00e0n da. Thi\u1ebft k\u1ebf ho\u00e0n m\u1ef9 \u0111\u1ebfn t\u1eebng chi ti\u1ebft nh\u1ecf c\u00f3 th\u1ec3 di\u1ec7n trong nhi\u1ec1u ho\u00e0n c\u1ea3nh: d\u1ea1o ph\u1ed1, \u0111\u1ebfn c\u00f4ng s\u1edf, d\u1ef1 ti\u1ec7c,\u2026 \u0111\u1ea7y l\u00f4i cu\u1ed1n.<\/p>\n<\/div>\n<\/div>\n<\/div>\n<\/div>\n<\/div>\n<\/div>\n<\/div>\n<\/section>\n<section id=\"section_533748353\" class=\"section mh-no-padding-bottom\"><\/section>\n","protected":false},"excerpt":{"rendered":"<p>\u2013 Ch\u1ea5t li\u1ec7u: Boy<br \/>\n\u2013 M\u00e0u s\u1eafc: \u0110\u1ecf<br \/>\n\u0110\u1ea7m \u00f4m body x\u1ebb tr\u01b0\u1edbc c\u1ed5 \u0111an t\u00f4ng KK94-12 t\u00f4n vinh tr\u1ecdn v\u1eb9n v\u1ebb \u0111\u1eb9p thanh tao d\u00e0nh cho c\u00e1c qu\u00fd c\u00f4. Thi\u1ebft k\u1ebf n\u1ed5i b\u1eadt v\u00e0 thu h\u00fat ngay t\u1eeb \u00e1nh nh\u00ecn \u0111\u1ea7u ti\u00ean v\u1edbi c\u00e1c chi ti\u1ebft: c\u1ed5 \u0111an-t\u00f4ng thanh l\u1ecbch, tay \u00e1o ng\u1eafn tr\u1ebb trung v\u00e0 s\u00e0nh \u0111i\u1ec7u, chi ti\u1ebft \u0111ai eo n\u1eef t\u00ednh c\u00f9ng ph\u1ea7n t\u00e0 v\u00e1y x\u1ebb \u0111\u00f9i d\u00e1ng \u00f4m g\u1ecdn sang tr\u1ecdng,\u2026 t\u1ea5t c\u1ea3 \u0111\u1ec1u mang \u0111\u1ebfn m\u1ed9t s\u1ea3n ph\u1ea9m h\u1ed9i t\u1ee5 \u0111\u1ea7y \u0111\u1ee7 v\u1ebb \u0111\u1eb9p quy\u1ebfn r\u0169 c\u1ee7a ng\u01b0\u1eddi ph\u1ee5 n\u1eef hi\u1ec7n \u0111\u1ea1i. Gam m\u00e0u \u0111\u1ecf n\u1ed5i b\u1eadt m\u00e0 v\u1eabn d\u1ecbu d\u00e0ng ph\u00f9 h\u1ee3p v\u1edbi m\u1ecdi l\u00e0n da. Thi\u1ebft k\u1ebf ho\u00e0n m\u1ef9 \u0111\u1ebfn t\u1eebng chi ti\u1ebft nh\u1ecf c\u00f3 th\u1ec3 di\u1ec7n trong nhi\u1ec1u ho\u00e0n c\u1ea3nh: d\u1ea1o ph\u1ed1, \u0111\u1ebfn c\u00f4ng s\u1edf, d\u1ef1 ti\u1ec7c,\u2026 \u0111\u1ea7y l\u00f4i cu\u1ed1n.<\/p>\n","protected":false},"featured_media":182,"comment_status":"open","ping_status":"closed","template":"","meta":[],"_links":{"self":[{"href":"https:\/\/webmaibinh.com\/w\/thoitrang52011\/wp-json\/wp\/v2\/product\/177"}],"collection":[{"href":"https:\/\/webmaibinh.com\/w\/thoitrang52011\/wp-json\/wp\/v2\/product"}],"about":[{"href":"https:\/\/webmaibinh.com\/w\/thoitrang52011\/wp-json\/wp\/v2\/types\/product"}],"replies":[{"embeddable":true,"href":"https:\/\/webmaibinh.com\/w\/thoitrang52011\/wp-json\/wp\/v2\/comments?post=177"}],"wp:featuredmedia":[{"embeddable":true,"href":"https:\/\/webmaibinh.com\/w\/thoitrang52011\/wp-json\/wp\/v2\/media\/182"}],"wp:attachment":[{"href":"https:\/\/webmaibinh.com\/w\/thoitrang52011\/wp-json\/wp\/v2\/media?parent=177"}],"curies":[{"name":"wp","href":"https:\/\/api.w.org\/{rel}","templated":true}]}}