{"id":163,"date":"2020-01-23T20:07:45","date_gmt":"2020-01-23T13:07:45","guid":{"rendered":"http:\/\/demo31.muathemewordpress.net\/?post_type=product&#038;p=163"},"modified":"2020-01-23T20:08:42","modified_gmt":"2020-01-23T13:08:42","slug":"dam-peplum-dang-xoe-hoa-tiet-hoa","status":"publish","type":"product","link":"https:\/\/webmaibinh.com\/w\/thoitrang52011\/san-pham\/dam-peplum-dang-xoe-hoa-tiet-hoa","title":{"rendered":"\u0110\u1ea7m peplum d\u00e1ng x\u00f2e h\u1ecda ti\u1ebft hoa"},"content":{"rendered":"<section id=\"section_307222833\" class=\"section mh-no-padding-bottom\">\n<div class=\"section-content relative\">\n<div id=\"row-1921976502\" class=\"row\">\n<div class=\"col small-12 large-12\">\n<div class=\"col-inner\">\n<div class=\"woocommerce-tabs wc-tabs-wrapper container tabbed-content\">\n<div class=\"tab-panels\">\n<div id=\"tab-description\" class=\"woocommerce-Tabs-panel woocommerce-Tabs-panel--description panel entry-content active\" role=\"tabpanel\" aria-labelledby=\"tab-title-description\">\n<p>\u2013 Ch\u1ea5t li\u1ec7u: C\u00f3c th\u00e1i<br \/>\n\u2013 M\u00e0u s\u1eafc: N\u1ec1n h\u1ed3ng cam ph\u1ed1i h\u1ecda ti\u1ebft hoa nhi\u1ec1u m\u00e0u<br \/>\nKK93-21 thu h\u00fat nh\u1edd h\u1ecda ti\u1ebft hoa n\u1ec1n n\u00e3, cu\u1ed1n h\u00fat r\u1ea5t ri\u00eang bi\u1ec7t. Thi\u1ebft k\u1ebf peplum hi\u1ec7n \u0111\u1ea1i gi\u00fap che \u0111i khuy\u1ebft \u0111i\u1ec3m v\u00f2ng 2 k\u00e9m thon g\u1ecdn. Ph\u1ea7n ch\u00e2n v\u00e1y h\u01a1i ph\u1ed3ng nh\u1eb9, ph\u1ea7n tay l\u1eedng v\u1eeba tr\u1ebb trung, duy\u00ean d\u00e1ng m\u00e0 v\u1eabn v\u00f4 c\u00f9ng \u0111\u1ee9ng \u0111\u1eafn, ph\u00f9 h\u1ee3p v\u1edbi nh\u1eefng c\u00f4 n\u00e0ng c\u00f4ng s\u1edf tr\u1ebb trung nh\u01b0ng v\u1eabn mu\u1ed1n thanh l\u1ecbch ch\u1ec9n chu ch\u1ed1n v\u0103n ph\u00f2ng.<\/p>\n<\/div>\n<\/div>\n<\/div>\n<\/div>\n<\/div>\n<\/div>\n<\/div>\n<\/section>\n<section id=\"section_533748353\" class=\"section mh-no-padding-bottom\"><\/section>\n","protected":false},"excerpt":{"rendered":"<p>\u2013 Ch\u1ea5t li\u1ec7u: C\u00f3c th\u00e1i<br \/>\n\u2013 M\u00e0u s\u1eafc: N\u1ec1n h\u1ed3ng cam ph\u1ed1i h\u1ecda ti\u1ebft hoa nhi\u1ec1u m\u00e0u<br \/>\nKK93-21 thu h\u00fat nh\u1edd h\u1ecda ti\u1ebft hoa n\u1ec1n n\u00e3, cu\u1ed1n h\u00fat r\u1ea5t ri\u00eang bi\u1ec7t. Thi\u1ebft k\u1ebf peplum hi\u1ec7n \u0111\u1ea1i gi\u00fap che \u0111i khuy\u1ebft \u0111i\u1ec3m v\u00f2ng 2 k\u00e9m thon g\u1ecdn. Ph\u1ea7n ch\u00e2n v\u00e1y h\u01a1i ph\u1ed3ng nh\u1eb9, ph\u1ea7n tay l\u1eedng v\u1eeba tr\u1ebb trung, duy\u00ean d\u00e1ng m\u00e0 v\u1eabn v\u00f4 c\u00f9ng \u0111\u1ee9ng \u0111\u1eafn, ph\u00f9 h\u1ee3p v\u1edbi nh\u1eefng c\u00f4 n\u00e0ng c\u00f4ng s\u1edf tr\u1ebb trung nh\u01b0ng v\u1eabn mu\u1ed1n thanh l\u1ecbch ch\u1ec9n chu ch\u1ed1n v\u0103n ph\u00f2ng.<\/p>\n","protected":false},"featured_media":168,"comment_status":"open","ping_status":"closed","template":"","meta":[],"_links":{"self":[{"href":"https:\/\/webmaibinh.com\/w\/thoitrang52011\/wp-json\/wp\/v2\/product\/163"}],"collection":[{"href":"https:\/\/webmaibinh.com\/w\/thoitrang52011\/wp-json\/wp\/v2\/product"}],"about":[{"href":"https:\/\/webmaibinh.com\/w\/thoitrang52011\/wp-json\/wp\/v2\/types\/product"}],"replies":[{"embeddable":true,"href":"https:\/\/webmaibinh.com\/w\/thoitrang52011\/wp-json\/wp\/v2\/comments?post=163"}],"wp:featuredmedia":[{"embeddable":true,"href":"https:\/\/webmaibinh.com\/w\/thoitrang52011\/wp-json\/wp\/v2\/media\/168"}],"wp:attachment":[{"href":"https:\/\/webmaibinh.com\/w\/thoitrang52011\/wp-json\/wp\/v2\/media?parent=163"}],"curies":[{"name":"wp","href":"https:\/\/api.w.org\/{rel}","templated":true}]}}