{"id":145,"date":"2020-01-23T20:04:21","date_gmt":"2020-01-23T13:04:21","guid":{"rendered":"http:\/\/demo31.muathemewordpress.net\/?post_type=product&#038;p=145"},"modified":"2020-01-23T20:05:12","modified_gmt":"2020-01-23T13:05:12","slug":"dam-so-mi-hoa-tiet-tay-dai","status":"publish","type":"product","link":"https:\/\/webmaibinh.com\/w\/thoitrang52011\/san-pham\/dam-so-mi-hoa-tiet-tay-dai","title":{"rendered":"\u0110\u1ea7m s\u01a1 mi h\u1ecda ti\u1ebft tay d\u00e0i"},"content":{"rendered":"<section id=\"section_307222833\" class=\"section mh-no-padding-bottom\">\n<div class=\"section-content relative\">\n<div id=\"row-1921976502\" class=\"row\">\n<div class=\"col small-12 large-12\">\n<div class=\"col-inner\">\n<div class=\"woocommerce-tabs wc-tabs-wrapper container tabbed-content\">\n<div class=\"tab-panels\">\n<div id=\"tab-description\" class=\"woocommerce-Tabs-panel woocommerce-Tabs-panel--description panel entry-content active\" role=\"tabpanel\" aria-labelledby=\"tab-title-description\">\n<p>\u2013 Ch\u1ea5t li\u1ec7u: L\u1ee5a satin<br \/>\n\u2013 M\u00e0u s\u1eafc: N\u1ec1n \u0111en ph\u1ed1i h\u1ecda ti\u1ebft nhi\u1ec1u m\u00e0u<br \/>\nTuy s\u1eed d\u1ee5ng h\u1ecda ti\u1ebft v\u1edbi nh\u1eefng gam m\u00e0u \u0111\u1ed1i l\u1eadp c\u1ef1c k\u1ef3 n\u1ed5i b\u1eadt, nh\u01b0ng m\u1eabu \u0111\u1ea7m KK93-20 l\u1ea1i kh\u00f4ng h\u1ec1 r\u1ed1i m\u1eaft hay kh\u00f3 \u1ee9ng d\u1ee5ng, nh\u1edd thi\u1ebft k\u1ebf s\u01a1 mi c\u00e0i n\u00fat thanh l\u1ecbch, ph\u1ea7n tay, c\u1ed5 \u00e1o ph\u1ed1i m\u00e0u c\u1ef1c k\u1ef3 h\u1ee3p l\u00fd \u0111\u1eb7c bi\u1ec7t l\u00e0 ph\u1ea7n nh\u1ea5n x\u1ebfp ly tinh t\u1ebf ph\u00eda sau. L\u01b0u \u00fd, h\u00e3y s\u1eed d\u1ee5ng chi\u1ebfc th\u1eaft l\u01b0ng da m\u1ea3nh \u0111\u1ea7y c\u00e1 t\u00ednh \u0111i k\u00e8m \u0111\u1ec3 n\u00e0ng kh\u00f4ng c\u00f3 c\u1ea3m gi\u00e1c lu\u1ed9m thu\u1ed9m hay nh\u01b0 b\u01a1i trong chi\u1ebfc \u0111\u1ea7m n\u00e0y m\u00e0 c\u00f2n t\u1ea1o \u0111\u01b0\u1ee3c v\u00f2ng eo thon g\u1ecdn n\u1eefa \u0111\u1ea5y. N\u1ebfu nh\u01b0 n\u00e0ng ph\u1ed1i h\u1ee3p item n\u00e0y v\u1edbi nh\u1eefng t\u00fai x\u00e1ch v\u00e0 gi\u00e0y cao g\u00f3t \u0111en quy\u1ebfn r\u0169, ch\u1eafc ch\u1eafn n\u00e0ng s\u1ebd tr\u1edf th\u00e0nh qu\u00fd c\u00f4 s\u00e0nh \u0111i\u1ec7u v\u00e0 thanh l\u1ecbch trong b\u1ea5t c\u1ee9 s\u1ef1 ki\u1ec7n n\u00e0o.<\/p>\n<\/div>\n<\/div>\n<\/div>\n<\/div>\n<\/div>\n<\/div>\n<\/div>\n<\/section>\n<section id=\"section_533748353\" class=\"section mh-no-padding-bottom\"><\/section>\n","protected":false},"excerpt":{"rendered":"<p>\u2013 Ch\u1ea5t li\u1ec7u: L\u1ee5a satin<br \/>\n\u2013 M\u00e0u s\u1eafc: N\u1ec1n \u0111en ph\u1ed1i h\u1ecda ti\u1ebft nhi\u1ec1u m\u00e0u<br \/>\nTuy s\u1eed d\u1ee5ng h\u1ecda ti\u1ebft v\u1edbi nh\u1eefng gam m\u00e0u \u0111\u1ed1i l\u1eadp c\u1ef1c k\u1ef3 n\u1ed5i b\u1eadt, nh\u01b0ng m\u1eabu \u0111\u1ea7m KK93-20 l\u1ea1i kh\u00f4ng h\u1ec1 r\u1ed1i m\u1eaft hay kh\u00f3 \u1ee9ng d\u1ee5ng, nh\u1edd thi\u1ebft k\u1ebf s\u01a1 mi c\u00e0i n\u00fat thanh l\u1ecbch, ph\u1ea7n tay, c\u1ed5 \u00e1o ph\u1ed1i m\u00e0u c\u1ef1c k\u1ef3 h\u1ee3p l\u00fd \u0111\u1eb7c bi\u1ec7t l\u00e0 ph\u1ea7n nh\u1ea5n x\u1ebfp ly tinh t\u1ebf ph\u00eda sau. L\u01b0u \u00fd, h\u00e3y s\u1eed d\u1ee5ng chi\u1ebfc th\u1eaft l\u01b0ng da m\u1ea3nh \u0111\u1ea7y c\u00e1 t\u00ednh \u0111i k\u00e8m \u0111\u1ec3 n\u00e0ng kh\u00f4ng c\u00f3 c\u1ea3m gi\u00e1c lu\u1ed9m thu\u1ed9m hay nh\u01b0 b\u01a1i trong chi\u1ebfc \u0111\u1ea7m n\u00e0y m\u00e0 c\u00f2n t\u1ea1o \u0111\u01b0\u1ee3c v\u00f2ng eo thon g\u1ecdn n\u1eefa \u0111\u1ea5y. N\u1ebfu nh\u01b0 n\u00e0ng ph\u1ed1i h\u1ee3p item n\u00e0y v\u1edbi nh\u1eefng t\u00fai x\u00e1ch v\u00e0 gi\u00e0y cao g\u00f3t \u0111en quy\u1ebfn r\u0169, ch\u1eafc ch\u1eafn n\u00e0ng s\u1ebd tr\u1edf th\u00e0nh qu\u00fd c\u00f4 s\u00e0nh \u0111i\u1ec7u v\u00e0 thanh l\u1ecbch trong b\u1ea5t c\u1ee9 s\u1ef1 ki\u1ec7n n\u00e0o.<\/p>\n","protected":false},"featured_media":150,"comment_status":"open","ping_status":"closed","template":"","meta":[],"_links":{"self":[{"href":"https:\/\/webmaibinh.com\/w\/thoitrang52011\/wp-json\/wp\/v2\/product\/145"}],"collection":[{"href":"https:\/\/webmaibinh.com\/w\/thoitrang52011\/wp-json\/wp\/v2\/product"}],"about":[{"href":"https:\/\/webmaibinh.com\/w\/thoitrang52011\/wp-json\/wp\/v2\/types\/product"}],"replies":[{"embeddable":true,"href":"https:\/\/webmaibinh.com\/w\/thoitrang52011\/wp-json\/wp\/v2\/comments?post=145"}],"wp:featuredmedia":[{"embeddable":true,"href":"https:\/\/webmaibinh.com\/w\/thoitrang52011\/wp-json\/wp\/v2\/media\/150"}],"wp:attachment":[{"href":"https:\/\/webmaibinh.com\/w\/thoitrang52011\/wp-json\/wp\/v2\/media?parent=145"}],"curies":[{"name":"wp","href":"https:\/\/api.w.org\/{rel}","templated":true}]}}