{"id":136,"date":"2020-01-23T20:04:07","date_gmt":"2020-01-23T13:04:07","guid":{"rendered":"http:\/\/demo31.muathemewordpress.net\/?post_type=product&#038;p=136"},"modified":"2020-01-23T20:04:09","modified_gmt":"2020-01-23T13:04:09","slug":"dam-xoe-dai-tay-phoi-no","status":"publish","type":"product","link":"https:\/\/webmaibinh.com\/w\/thoitrang52011\/san-pham\/dam-xoe-dai-tay-phoi-no","title":{"rendered":"\u0110\u1ea7m x\u00f2e d\u00e0i tay ph\u1ed1i n\u01a1"},"content":{"rendered":"<section id=\"section_307222833\" class=\"section mh-no-padding-bottom\">\n<div class=\"section-content relative\">\n<div id=\"row-1921976502\" class=\"row\">\n<div class=\"col small-12 large-12\">\n<div class=\"col-inner\">\n<div class=\"woocommerce-tabs wc-tabs-wrapper container tabbed-content\">\n<div class=\"tab-panels\">\n<div id=\"tab-description\" class=\"woocommerce-Tabs-panel woocommerce-Tabs-panel--description panel entry-content active\" role=\"tabpanel\" aria-labelledby=\"tab-title-description\">\n<p>Nh\u1eefng m\u1eabu \u0111\u1ea7m k\u1ebb s\u1ecdc, tay d\u00e0i, ph\u1ed1i n\u01a1 \u0111i\u1ec7u \u0111\u00e0 nh\u01b0 KK92-39 v\u1eabn lu\u00f4n \u0111\u01b0\u1ee3c qu\u00fd c\u00f4 c\u00f4ng s\u1edf \u01b0a th\u00edch trong m\u00f9a \u0111\u00f4ng v\u00ec v\u1eeba thanh l\u1ecbch, v\u1eeba n\u1eef t\u00ednh, l\u1ea1i h\u1ee3p th\u1eddi ti\u1ebft. \u0110i\u1ec3m m\u1ea1nh c\u1ee7a m\u1eabu \u0111\u1ea7m l\u00e0 thi\u1ebft k\u1ebf x\u00f2e b\u1ed3ng b\u1ec1nh tr\u00ean n\u1ec1n ch\u1ea5t li\u1ec7u voan l\u1ee5a v\u00f4 c\u00f9ng nh\u1eb9 nh\u00e0ng, t\u00f9ng v\u00e1y b\u1ea5t \u0111\u1ed1i x\u1ee9ng khi\u1ebfn m\u1ed7i b\u01b0\u1edbc di chuy\u1ec3n c\u1ee7a n\u00e0ng th\u00eam ph\u1ea7n m\u1ec1m m\u1ea1i, duy\u00ean d\u00e1ng. \u0110\u00e2y l\u00e0 m\u1ed9t thi\u1ebft k\u1ebf m\u00e0 n\u00e0ng c\u00f3 th\u1ec3 di\u1ec7n \u1edf b\u1ea5t c\u1ee9 \u0111\u00e2u, k\u1ec3 c\u1ea3 khi \u0111i l\u00e0m, \u0111i ch\u01a1i, d\u1ea1o ph\u1ed1.<\/p>\n<\/div>\n<div id=\"tab-reviews\" class=\"woocommerce-Tabs-panel woocommerce-Tabs-panel--reviews panel entry-content \" role=\"tabpanel\" aria-labelledby=\"tab-title-reviews\">\n<div id=\"reviews\" class=\"woocommerce-Reviews row\">\n<div id=\"review_form_wrapper\" class=\"large-12 col\">\n<div id=\"review_form\" class=\"col-inner\">\n<div class=\"review-form-inner has-border\">\n<div id=\"respond\" class=\"comment-respond\">\n<h3 id=\"reply-title\" class=\"comment-reply-title\"><\/h3>\n<\/div>\n<\/div>\n<\/div>\n<\/div>\n<\/div>\n<\/div>\n<\/div>\n<\/div>\n<\/div>\n<\/div>\n<\/div>\n<\/div>\n<\/section>\n<section id=\"section_533748353\" class=\"section mh-no-padding-bottom\"><\/section>\n","protected":false},"excerpt":{"rendered":"<p>\u2013 Ch\u1ea5t li\u1ec7u: Voan l\u1ee5a<br \/>\n\u2013 M\u00e0u s\u1eafc: S\u1ecdc tr\u1eafng xanh<br \/>\nNh\u1eefng m\u1eabu \u0111\u1ea7m k\u1ebb s\u1ecdc, tay d\u00e0i, ph\u1ed1i n\u01a1 \u0111i\u1ec7u \u0111\u00e0 nh\u01b0 KK92-39 v\u1eabn lu\u00f4n \u0111\u01b0\u1ee3c qu\u00fd c\u00f4 c\u00f4ng s\u1edf \u01b0a th\u00edch trong m\u00f9a \u0111\u00f4ng v\u00ec v\u1eeba thanh l\u1ecbch, v\u1eeba n\u1eef t\u00ednh, l\u1ea1i h\u1ee3p th\u1eddi ti\u1ebft. \u0110i\u1ec3m m\u1ea1nh c\u1ee7a m\u1eabu \u0111\u1ea7m l\u00e0 thi\u1ebft k\u1ebf x\u00f2e b\u1ed3ng b\u1ec1nh tr\u00ean n\u1ec1n ch\u1ea5t li\u1ec7u voan l\u1ee5a v\u00f4 c\u00f9ng nh\u1eb9 nh\u00e0ng, t\u00f9ng v\u00e1y b\u1ea5t \u0111\u1ed1i x\u1ee9ng khi\u1ebfn m\u1ed7i b\u01b0\u1edbc di chuy\u1ec3n c\u1ee7a n\u00e0ng th\u00eam ph\u1ea7n m\u1ec1m m\u1ea1i, duy\u00ean d\u00e1ng. \u0110\u00e2y l\u00e0 m\u1ed9t thi\u1ebft k\u1ebf m\u00e0 n\u00e0ng c\u00f3 th\u1ec3 di\u1ec7n \u1edf b\u1ea5t c\u1ee9 \u0111\u00e2u, k\u1ec3 c\u1ea3 khi \u0111i l\u00e0m, \u0111i ch\u01a1i, d\u1ea1o ph\u1ed1.<\/p>\n","protected":false},"featured_media":137,"comment_status":"open","ping_status":"closed","template":"","meta":[],"_links":{"self":[{"href":"https:\/\/webmaibinh.com\/w\/thoitrang52011\/wp-json\/wp\/v2\/product\/136"}],"collection":[{"href":"https:\/\/webmaibinh.com\/w\/thoitrang52011\/wp-json\/wp\/v2\/product"}],"about":[{"href":"https:\/\/webmaibinh.com\/w\/thoitrang52011\/wp-json\/wp\/v2\/types\/product"}],"replies":[{"embeddable":true,"href":"https:\/\/webmaibinh.com\/w\/thoitrang52011\/wp-json\/wp\/v2\/comments?post=136"}],"wp:featuredmedia":[{"embeddable":true,"href":"https:\/\/webmaibinh.com\/w\/thoitrang52011\/wp-json\/wp\/v2\/media\/137"}],"wp:attachment":[{"href":"https:\/\/webmaibinh.com\/w\/thoitrang52011\/wp-json\/wp\/v2\/media?parent=136"}],"curies":[{"name":"wp","href":"https:\/\/api.w.org\/{rel}","templated":true}]}}