{"id":128,"date":"2020-01-23T19:57:11","date_gmt":"2020-01-23T12:57:11","guid":{"rendered":"http:\/\/demo31.muathemewordpress.net\/?post_type=product&#038;p=128"},"modified":"2020-01-23T20:00:04","modified_gmt":"2020-01-23T13:00:04","slug":"dam-chu-a-co-tron-tung-cach-dieu","status":"publish","type":"product","link":"https:\/\/webmaibinh.com\/w\/thoitrang52011\/san-pham\/dam-chu-a-co-tron-tung-cach-dieu","title":{"rendered":"\u0110\u1ea7m ch\u1eef A c\u1ed5 tr\u00f2n t\u00f9ng c\u00e1ch \u0111i\u1ec7u"},"content":{"rendered":"<p>\u0110\u1ea7m ch\u1eef A c\u1ed5 tr\u00f2n t\u00f9ng c\u00e1ch \u0111i\u1ec7u KK93-15 \u0111\u01b0\u1ee3c thi\u1ebft k\u1ebf tr\u00ean gam m\u00e0u xanh mang h\u01a1i h\u01b0\u1edbng\u00a0<strong>th\u1eddi trang<\/strong>\u00a0hi\u1ec7n \u0111\u1ea1i pha c\u1ed5 \u0111i\u1ec3n, v\u1eeba sang tr\u1ecdng l\u1ea1i v\u00f4 c\u00f9ng t\u1ef1 nhi\u00ean. D\u00e1ng c\u1ed5 tr\u00f2n \u0111\u01a1n gi\u1ea3n c\u00f9ng \u0111i\u1ec3m nh\u1ea5n l\u00e0 ph\u1ea7n t\u00f9ng v\u00e1y thi\u1ebft k\u1ebf x\u1ebfp ly v\u00e0 tay \u00e1o l\u1ee1 che \u0111\u01b0\u1ee3c khuy\u1ebft \u0111i\u1ec3m b\u1eafp tay to, t\u1ea1o s\u1ef1 duy\u00ean d\u00e1ng, thanh l\u1ecbch. KK93-15 c\u00f2n \u0111\u01b0\u1ee3c may tr\u00ean ch\u1ea5t li\u1ec7u b\u1ed1 cao c\u1ea5p, sang tr\u1ecdng, th\u1ea5m h\u00fat m\u1ed3 h\u00f4i t\u1ed1t, t\u1ea1o s\u1ef1 t\u1ef1 tin v\u00e0 tho\u1ea3i m\u00e1i khi qu\u00fd c\u00f4 \u0111\u1ebfn c\u00f4ng s\u1edf ho\u1eb7c tham gia nh\u1eefng s\u1ef1 ki\u1ec7n, bu\u1ed5i ti\u1ec7c t\u1ed1i c\u1ea7n s\u1ef1 sang tr\u1ecdng<\/p>\n","protected":false},"excerpt":{"rendered":"<p>\u2013 Ch\u1ea5t li\u1ec7u: B\u1ed1<br \/>\n\u2013 M\u00e0u s\u1eafc: Xanh<br \/>\n\u0110\u1ea7m ch\u1eef A c\u1ed5 tr\u00f2n t\u00f9ng c\u00e1ch \u0111i\u1ec7u KK93-15 \u0111\u01b0\u1ee3c thi\u1ebft k\u1ebf tr\u00ean gam m\u00e0u xanh mang h\u01a1i h\u01b0\u1edbng hi\u1ec7n \u0111\u1ea1i pha c\u1ed5 \u0111i\u1ec3n, v\u1eeba sang tr\u1ecdng l\u1ea1i v\u00f4 c\u00f9ng t\u1ef1 nhi\u00ean. D\u00e1ng c\u1ed5 tr\u00f2n \u0111\u01a1n gi\u1ea3n c\u00f9ng \u0111i\u1ec3m nh\u1ea5n l\u00e0 ph\u1ea7n t\u00f9ng v\u00e1y thi\u1ebft k\u1ebf x\u1ebfp ly v\u00e0 tay \u00e1o l\u1ee1 che \u0111\u01b0\u1ee3c khuy\u1ebft \u0111i\u1ec3m b\u1eafp tay to, t\u1ea1o s\u1ef1 duy\u00ean d\u00e1ng, thanh l\u1ecbch. KK93-15 c\u00f2n \u0111\u01b0\u1ee3c may tr\u00ean ch\u1ea5t li\u1ec7u b\u1ed1 cao c\u1ea5p, sang tr\u1ecdng, th\u1ea5m h\u00fat m\u1ed3 h\u00f4i t\u1ed1t, t\u1ea1o s\u1ef1 t\u1ef1 tin v\u00e0 tho\u1ea3i m\u00e1i khi qu\u00fd c\u00f4 \u0111\u1ebfn c\u00f4ng s\u1edf ho\u1eb7c tham gia nh\u1eefng s\u1ef1 ki\u1ec7n, bu\u1ed5i ti\u1ec7c t\u1ed1i c\u1ea7n s\u1ef1 sang tr\u1ecdng.<\/p>\n","protected":false},"featured_media":129,"comment_status":"open","ping_status":"closed","template":"","meta":[],"_links":{"self":[{"href":"https:\/\/webmaibinh.com\/w\/thoitrang52011\/wp-json\/wp\/v2\/product\/128"}],"collection":[{"href":"https:\/\/webmaibinh.com\/w\/thoitrang52011\/wp-json\/wp\/v2\/product"}],"about":[{"href":"https:\/\/webmaibinh.com\/w\/thoitrang52011\/wp-json\/wp\/v2\/types\/product"}],"replies":[{"embeddable":true,"href":"https:\/\/webmaibinh.com\/w\/thoitrang52011\/wp-json\/wp\/v2\/comments?post=128"}],"wp:featuredmedia":[{"embeddable":true,"href":"https:\/\/webmaibinh.com\/w\/thoitrang52011\/wp-json\/wp\/v2\/media\/129"}],"wp:attachment":[{"href":"https:\/\/webmaibinh.com\/w\/thoitrang52011\/wp-json\/wp\/v2\/media?parent=128"}],"curies":[{"name":"wp","href":"https:\/\/api.w.org\/{rel}","templated":true}]}}