{"id":323,"date":"2018-05-11T11:26:39","date_gmt":"2018-05-11T04:26:39","guid":{"rendered":"http:\/\/thoitrang1.khowebseotop.vn\/?post_type=product&#038;p=323"},"modified":"2018-05-18T21:41:14","modified_gmt":"2018-05-18T14:41:14","slug":"dam-vang-hoa-tiet-no","status":"publish","type":"product","link":"https:\/\/webmaibinh.com\/w\/thoitrang32011\/san-pham\/dam-vang-hoa-tiet-no\/","title":{"rendered":"\u0110\u1ea7m v\u00e0ng h\u1ecda ti\u1ebft n\u01a1"},"content":{"rendered":"<p>Shop \u00c1o s\u01a1 mi n\u1eef c\u1ee7a th\u1eddi trang v\u1edbi nh\u1eefng m\u1eabu s\u01a1 mi c\u00f4ng s\u1edf \u0111\u1eb9p nh\u1ea5t \u0111\u01b0\u1ee3c thi\u1ebft k\u1ebf theo phong c\u00e1ch c\u00f4ng s\u1edf H\u00e0n Qu\u1ed1c \u0111\u1ea7y thanh l\u1ecbch, tr\u1ebb trung v\u00e0 c\u00e1 t\u00ednh.<\/p>\n<p><img src=\"https:\/\/res.cloudinary.com\/delisa-vn\/image\/upload\/v1525499231\/V%C3%81Y-%C4%90%E1%BA%A6M\/IMG_0141.jpg\" \/><\/p>\n<p>Shop \u00c1o s\u01a1 mi n\u1eef c\u1ee7a th\u1eddi trang v\u1edbi nh\u1eefng m\u1eabu s\u01a1 mi c\u00f4ng s\u1edf \u0111\u1eb9p nh\u1ea5t \u0111\u01b0\u1ee3c thi\u1ebft k\u1ebf theo phong c\u00e1ch c\u00f4ng s\u1edf H\u00e0n Qu\u1ed1c \u0111\u1ea7y thanh l\u1ecbch, tr\u1ebb trung v\u00e0 c\u00e1 t\u00ednh.<\/p>\n","protected":false},"excerpt":{"rendered":"<p>Shop \u00c1o s\u01a1 mi n\u1eef c\u1ee7a th\u1eddi trang v\u1edbi nh\u1eefng m\u1eabu s\u01a1 mi c\u00f4ng s\u1edf \u0111\u1eb9p nh\u1ea5t \u0111\u01b0\u1ee3c thi\u1ebft k\u1ebf theo phong c\u00e1ch c\u00f4ng s\u1edf H\u00e0n Qu\u1ed1c \u0111\u1ea7y thanh l\u1ecbch, tr\u1ebb trung v\u00e0 c\u00e1 t\u00ednh.<\/p>\n<p>Shop \u00c1o s\u01a1 mi n\u1eef c\u1ee7a th\u1eddi trang v\u1edbi nh\u1eefng m\u1eabu s\u01a1 mi c\u00f4ng s\u1edf \u0111\u1eb9p nh\u1ea5t \u0111\u01b0\u1ee3c thi\u1ebft k\u1ebf theo phong c\u00e1ch c\u00f4ng s\u1edf H\u00e0n Qu\u1ed1c \u0111\u1ea7y thanh l\u1ecbch, tr\u1ebb trung v\u00e0 c\u00e1 t\u00ednh.<\/p>\n","protected":false},"featured_media":708,"template":"","meta":[],"_links":{"self":[{"href":"https:\/\/webmaibinh.com\/w\/thoitrang32011\/wp-json\/wp\/v2\/product\/323"}],"collection":[{"href":"https:\/\/webmaibinh.com\/w\/thoitrang32011\/wp-json\/wp\/v2\/product"}],"about":[{"href":"https:\/\/webmaibinh.com\/w\/thoitrang32011\/wp-json\/wp\/v2\/types\/product"}],"wp:featuredmedia":[{"embeddable":true,"href":"https:\/\/webmaibinh.com\/w\/thoitrang32011\/wp-json\/wp\/v2\/media\/708"}],"wp:attachment":[{"href":"https:\/\/webmaibinh.com\/w\/thoitrang32011\/wp-json\/wp\/v2\/media?parent=323"}],"curies":[{"name":"wp","href":"https:\/\/api.w.org\/{rel}","templated":true}]}}