{"id":1230,"date":"2017-09-20T08:47:57","date_gmt":"2017-09-20T08:47:57","guid":{"rendered":"http:\/\/quanao.khowebseotop.vn\/?post_type=product&#038;p=1230"},"modified":"2017-09-20T08:48:16","modified_gmt":"2017-09-20T08:48:16","slug":"goi-om-hinh-ca-ngua-handmade-cho-be-75-cm","status":"publish","type":"product","link":"https:\/\/webmaibinh.com\/w\/thoitrang22011\/san-pham\/goi-om-hinh-ca-ngua-handmade-cho-be-75-cm\/","title":{"rendered":"G\u1ed1i \u00f4m h\u00ecnh c\u00e1 ng\u1ef1a handmade cho b\u00e9 75 cm"},"content":{"rendered":"<h2><u>G\u1ed1i \u00f4m h\u00ecnh c\u00e1 ng\u1ef1a cho b\u00e9 nhi\u1ec1u h\u1ecda ti\u1ebft<\/u>\u00a0mang l\u1ea1i cho b\u00e9 gi\u1ea5c ng\u1ee7 ngon v\u00e0 s\u00e2u h\u01a1n! Ngo\u00e0i ra s\u1ea3n ph\u1ea9m c\u00f2n l\u00e0 v\u1eadt d\u1ee5ng trang tr\u00ed cho ph\u00f2ng ng\u1ee7 c\u1ee7a b\u00e9 th\u00eam sinh \u0111\u1ed9ng , \u0111\u1ea7y m\u00e0u s\u1eafc.<\/h2>\n<div class=\"img_desc_top\"><img src=\"http:\/\/quanao.khowebseotop.vn\/wp-content\/uploads\/2017\/09\/goi-om-hinh-ca-ngua-handmade-cho-be-75-cm-1230.jpg\" alt=\"\" \/><\/div>\n<div class=\"img_desc_top\"><img src=\"http:\/\/quanao.khowebseotop.vn\/wp-content\/uploads\/2017\/09\/goi-om-hinh-ca-ngua-handmade-cho-be-75-cm-1230-1.jpg\" alt=\"\" \/><\/div>\n<div class=\"img_desc_top\"><img src=\"http:\/\/quanao.khowebseotop.vn\/wp-content\/uploads\/2017\/09\/goi-om-hinh-ca-ngua-handmade-cho-be-75-cm-1230-2.jpg\" alt=\"\" \/><\/div>\n","protected":false},"excerpt":{"rendered":"<p>G\u1ed1i \u00f4m h\u00ecnh c\u00e1 ng\u1ef1a cho b\u00e9 nhi\u1ec1u h\u1ecda ti\u1ebft\u00a0mang l\u1ea1i cho b\u00e9 gi\u1ea5c ng\u1ee7 ngon v\u00e0 s\u00e2u h\u01a1n! Ngo\u00e0i ra s\u1ea3n ph\u1ea9m c\u00f2n l\u00e0 v\u1eadt d\u1ee5ng trang tr\u00ed cho ph\u00f2ng ng\u1ee7 c\u1ee7a b\u00e9 th\u00eam sinh \u0111\u1ed9ng , \u0111\u1ea7y m\u00e0u s\u1eafc.<\/p>\n","protected":false},"featured_media":1233,"comment_status":"open","ping_status":"closed","template":"","meta":[],"_links":{"self":[{"href":"https:\/\/webmaibinh.com\/w\/thoitrang22011\/wp-json\/wp\/v2\/product\/1230"}],"collection":[{"href":"https:\/\/webmaibinh.com\/w\/thoitrang22011\/wp-json\/wp\/v2\/product"}],"about":[{"href":"https:\/\/webmaibinh.com\/w\/thoitrang22011\/wp-json\/wp\/v2\/types\/product"}],"replies":[{"embeddable":true,"href":"https:\/\/webmaibinh.com\/w\/thoitrang22011\/wp-json\/wp\/v2\/comments?post=1230"}],"wp:featuredmedia":[{"embeddable":true,"href":"https:\/\/webmaibinh.com\/w\/thoitrang22011\/wp-json\/wp\/v2\/media\/1233"}],"wp:attachment":[{"href":"https:\/\/webmaibinh.com\/w\/thoitrang22011\/wp-json\/wp\/v2\/media?parent=1230"}],"curies":[{"name":"wp","href":"https:\/\/api.w.org\/{rel}","templated":true}]}}