{"id":1226,"date":"2017-09-20T08:47:03","date_gmt":"2017-09-20T08:47:03","guid":{"rendered":"http:\/\/quanao.khowebseotop.vn\/?post_type=product&#038;p=1226"},"modified":"2017-09-20T08:52:14","modified_gmt":"2017-09-20T08:52:14","slug":"hop-phu-kien-xinh-xan-cho-be-yeu","status":"publish","type":"product","link":"https:\/\/webmaibinh.com\/w\/thoitrang22011\/san-pham\/hop-phu-kien-xinh-xan-cho-be-yeu\/","title":{"rendered":"H\u1ed9p ph\u1ee5 ki\u1ec7n xinh x\u1eafn cho b\u00e9 y\u00eau"},"content":{"rendered":"<h2><span class=\"st\"><u>H\u1ed9p ph\u1ee5 ki\u1ec7n xinh x\u1eafn cho b\u00e9 y\u00eau\u00a0<\/u>g\u1ed3m 9 m\u00f3n\u00a0\u0111a d\u1ea1ng v\u1edbi c\u1ed9t t\u00f3c, k\u1eb9p t\u00f3c c\u1ef1c xinh, m\u00e0u s\u1eafc t\u01b0\u01a1i s\u00e1ng t\u00f4n l\u00ean n\u00e9t h\u1ed3n nhi\u00ean, xinh x\u1eafn c\u1ee7a b\u00e9.<\/span>\u00a0Gi\u00e1 b\u00e1n 85.000\u0111 t\u1ea1i Babi.vn!<\/h2>\n<div class=\"img_desc_top\"><img src=\"http:\/\/quanao.khowebseotop.vn\/wp-content\/uploads\/2017\/09\/hop-phu-kien-xinh-xan-cho-be-yeu-1226.jpg\" alt=\"\" \/><\/div>\n<div class=\"img_desc_top\"><img src=\"http:\/\/quanao.khowebseotop.vn\/wp-content\/uploads\/2017\/09\/hop-phu-kien-xinh-xan-cho-be-yeu-1226-1.jpg\" alt=\"\" \/><\/div>\n<div class=\"img_desc_top\"><img src=\"http:\/\/quanao.khowebseotop.vn\/wp-content\/uploads\/2017\/09\/hop-phu-kien-xinh-xan-cho-be-yeu-1226-2.jpg\" alt=\"\" \/><\/div>\n","protected":false},"excerpt":{"rendered":"<p>H\u1ed9p ph\u1ee5 ki\u1ec7n xinh x\u1eafn cho b\u00e9 y\u00eau\u00a0g\u1ed3m 9 m\u00f3n\u00a0\u0111a d\u1ea1ng v\u1edbi c\u1ed9t t\u00f3c, k\u1eb9p t\u00f3c c\u1ef1c xinh, m\u00e0u s\u1eafc t\u01b0\u01a1i s\u00e1ng t\u00f4n l\u00ean n\u00e9t h\u1ed3n nhi\u00ean, xinh x\u1eafn c\u1ee7a b\u00e9.\u00a0Gi\u00e1 b\u00e1n 85.000\u0111 t\u1ea1i Babi.vn!<\/p>\n","protected":false},"featured_media":1228,"comment_status":"open","ping_status":"closed","template":"","meta":[],"_links":{"self":[{"href":"https:\/\/webmaibinh.com\/w\/thoitrang22011\/wp-json\/wp\/v2\/product\/1226"}],"collection":[{"href":"https:\/\/webmaibinh.com\/w\/thoitrang22011\/wp-json\/wp\/v2\/product"}],"about":[{"href":"https:\/\/webmaibinh.com\/w\/thoitrang22011\/wp-json\/wp\/v2\/types\/product"}],"replies":[{"embeddable":true,"href":"https:\/\/webmaibinh.com\/w\/thoitrang22011\/wp-json\/wp\/v2\/comments?post=1226"}],"wp:featuredmedia":[{"embeddable":true,"href":"https:\/\/webmaibinh.com\/w\/thoitrang22011\/wp-json\/wp\/v2\/media\/1228"}],"wp:attachment":[{"href":"https:\/\/webmaibinh.com\/w\/thoitrang22011\/wp-json\/wp\/v2\/media?parent=1226"}],"curies":[{"name":"wp","href":"https:\/\/api.w.org\/{rel}","templated":true}]}}