{"id":1220,"date":"2017-09-20T08:46:07","date_gmt":"2017-09-20T08:46:07","guid":{"rendered":"http:\/\/quanao.khowebseotop.vn\/?post_type=product&#038;p=1220"},"modified":"2017-09-20T08:49:51","modified_gmt":"2017-09-20T08:49:51","slug":"bo-phu-kien-hoa-trang-cong-chua-bang-gia-cho-be","status":"publish","type":"product","link":"https:\/\/webmaibinh.com\/w\/thoitrang22011\/san-pham\/bo-phu-kien-hoa-trang-cong-chua-bang-gia-cho-be\/","title":{"rendered":"B\u1ed9 ph\u1ee5 ki\u1ec7n h\u00f3a trang c\u00f4ng ch\u00faa b\u0103ng gi\u00e1 cho b\u00e9"},"content":{"rendered":"<h2>H\u00e3y \u0111\u1ec3\u00a0<u>B\u1ed9 ph\u1ee5 ki\u1ec7n ho\u00e1 trang th\u00e0nh c\u00f4ng ch\u00faa b\u0103ng gi\u00e1<\/u>\u00a0gi\u00fap c\u00e1c m\u1eb9 \u0111em \u0111\u1ebfn s\u1ef1 h\u1ea1nh ph\u00fac cho c\u00e1c b\u00e9 y\u00eau. C\u00f3 b\u00e9 g\u00e1i n\u00e0o l\u1ea1i kh\u00f4ng mu\u1ed1n b\u1ea3n th\u00e2n \u0111\u01b0\u1ee3c tr\u1edf th\u00e0nh m\u1ed9t n\u00e0ng c\u00f4ng ch\u00faa xinh \u0111\u1eb9p! S\u1ea3n ph\u1ea9m v\u1edbi thi\u1ebft k\u1ebf \u0111\u1eb9p m\u1eaft v\u00e0 \u0111\u1ea7y tinh x\u1ea3o ch\u1eafc ch\u1eafn s\u1ebd l\u00e0m c\u00e1c m\u1eb9 v\u00e0 b\u00e9 y\u00eau h\u00e0i l\u00f2ng.<\/h2>\n<div class=\"img_desc_top\"><img src=\"http:\/\/quanao.khowebseotop.vn\/wp-content\/uploads\/2017\/09\/bo-phu-kien-hoa-trang-cong-chua-bang-gia-cho-be-1220.jpg\" alt=\"\" \/><\/div>\n<div class=\"img_desc_top\"><img src=\"http:\/\/quanao.khowebseotop.vn\/wp-content\/uploads\/2017\/09\/bo-phu-kien-hoa-trang-cong-chua-bang-gia-cho-be-1220-1.jpg\" alt=\"\" \/><\/div>\n<div class=\"img_desc_top\"><img src=\"http:\/\/quanao.khowebseotop.vn\/wp-content\/uploads\/2017\/09\/bo-phu-kien-hoa-trang-cong-chua-bang-gia-cho-be-1220-2.jpg\" alt=\"\" \/><\/div>\n<div class=\"img_desc_top\"><img src=\"http:\/\/quanao.khowebseotop.vn\/wp-content\/uploads\/2017\/09\/bo-phu-kien-hoa-trang-cong-chua-bang-gia-cho-be-1220-3.jpg\" alt=\"\" \/><\/div>\n<div class=\"img_desc_top\"><img src=\"http:\/\/quanao.khowebseotop.vn\/wp-content\/uploads\/2017\/09\/bo-phu-kien-hoa-trang-cong-chua-bang-gia-cho-be-1220-4.jpg\" alt=\"\" \/><\/div>\n","protected":false},"excerpt":{"rendered":"<p>H\u00e3y \u0111\u1ec3\u00a0B\u1ed9 ph\u1ee5 ki\u1ec7n ho\u00e1 trang th\u00e0nh c\u00f4ng ch\u00faa b\u0103ng gi\u00e1\u00a0gi\u00fap c\u00e1c m\u1eb9 \u0111em \u0111\u1ebfn s\u1ef1 h\u1ea1nh ph\u00fac cho c\u00e1c b\u00e9 y\u00eau. C\u00f3 b\u00e9 g\u00e1i n\u00e0o l\u1ea1i kh\u00f4ng mu\u1ed1n b\u1ea3n th\u00e2n \u0111\u01b0\u1ee3c tr\u1edf th\u00e0nh m\u1ed9t n\u00e0ng c\u00f4ng ch\u00faa xinh \u0111\u1eb9p! S\u1ea3n ph\u1ea9m v\u1edbi thi\u1ebft k\u1ebf \u0111\u1eb9p m\u1eaft v\u00e0 \u0111\u1ea7y tinh x\u1ea3o ch\u1eafc ch\u1eafn s\u1ebd l\u00e0m [&#8230;]\n","protected":false},"featured_media":1222,"comment_status":"open","ping_status":"closed","template":"","meta":[],"_links":{"self":[{"href":"https:\/\/webmaibinh.com\/w\/thoitrang22011\/wp-json\/wp\/v2\/product\/1220"}],"collection":[{"href":"https:\/\/webmaibinh.com\/w\/thoitrang22011\/wp-json\/wp\/v2\/product"}],"about":[{"href":"https:\/\/webmaibinh.com\/w\/thoitrang22011\/wp-json\/wp\/v2\/types\/product"}],"replies":[{"embeddable":true,"href":"https:\/\/webmaibinh.com\/w\/thoitrang22011\/wp-json\/wp\/v2\/comments?post=1220"}],"wp:featuredmedia":[{"embeddable":true,"href":"https:\/\/webmaibinh.com\/w\/thoitrang22011\/wp-json\/wp\/v2\/media\/1222"}],"wp:attachment":[{"href":"https:\/\/webmaibinh.com\/w\/thoitrang22011\/wp-json\/wp\/v2\/media?parent=1220"}],"curies":[{"name":"wp","href":"https:\/\/api.w.org\/{rel}","templated":true}]}}