{"id":1134,"date":"2017-06-15T10:05:15","date_gmt":"2017-06-15T10:05:15","guid":{"rendered":"http:\/\/quanao.khowebseotop.vn\/?post_type=product&#038;p=1134"},"modified":"2017-06-15T10:05:15","modified_gmt":"2017-06-15T10:05:15","slug":"quan-gia-vay-jeans-tua-rua-cho-be-gai-sanh-dieu","status":"publish","type":"product","link":"https:\/\/webmaibinh.com\/w\/thoitrang22011\/san-pham\/quan-gia-vay-jeans-tua-rua-cho-be-gai-sanh-dieu\/","title":{"rendered":"Qu\u1ea7n gi\u1ea3 v\u00e1y Jeans tua rua cho b\u00e9 g\u00e1i s\u00e0nh \u0111i\u1ec7u"},"content":{"rendered":"<p>TH\u00d4NG TIN S\u1ea2N PH\u1ea8M<br \/>\nT\u00ean s\u1ea3n ph\u1ea9m\tQu\u1ea7n gi\u1ea3 v\u00e1y Jeans tua rua cho b\u00e9 g\u00e1i s\u00e0nh \u0111i\u1ec7u<br \/>\nM\u00e3 s\u1ea3n ph\u1ea9m\t311165<br \/>\nM\u00e0u s\u1eafc<br \/>\n1 &#8211; Xanh \u0111\u1eadm<br \/>\n2 &#8211; Xanh nh\u1ea1t<br \/>\nH\u1ecda ti\u1ebft\tqu\u1ea7n gi\u1ea3 v\u00e1y tua rua, v\u1ea1t x\u00e9o, 2 t\u00fai tr\u01b0\u1edbc, l\u01b0ng thun \u0111\u00ednh n\u00fat gi\u1ea3,<br \/>\nCh\u1ea5t li\u1ec7u\tJeans thun m\u1ec1m co gi\u1ea3n t\u1ed1t<br \/>\nSize qu\u1ea7n \u00e1o\t2, 4, 6, 8, 10, 12, 14, 16<br \/>\nSize Babi\t01, 02, 03, 04 (8, 10), 05 (12, 14), 06<br \/>\nTu\u1ed5i\tt\u1eeb 1 tu\u1ed5i- 6 tu\u1ed5i<br \/>\nC\u00e2n n\u1eb7ng\tt\u1eeb 11kg &#8211; 23kg<br \/>\nXu\u1ea5t x\u1ee9\tVi\u1ec7t Nam<\/p>\n","protected":false},"excerpt":{"rendered":"<p>Qu\u1ea7n jeans gi\u1ea3 v\u00e1y cho b\u00e9 g\u00e1i &#8211; Ki\u1ec3u d\u00e1ng m\u1edbi \u0111\u1eb9p nh\u1ea5t 2017 &#8211; Ch\u1ea5t v\u1ea3i jeans cao c\u1ea5p, form \u0111\u00e1ng c\u1ef1c chu\u1ea9n!<\/p>\n","protected":false},"featured_media":1135,"comment_status":"open","ping_status":"closed","template":"","meta":[],"_links":{"self":[{"href":"https:\/\/webmaibinh.com\/w\/thoitrang22011\/wp-json\/wp\/v2\/product\/1134"}],"collection":[{"href":"https:\/\/webmaibinh.com\/w\/thoitrang22011\/wp-json\/wp\/v2\/product"}],"about":[{"href":"https:\/\/webmaibinh.com\/w\/thoitrang22011\/wp-json\/wp\/v2\/types\/product"}],"replies":[{"embeddable":true,"href":"https:\/\/webmaibinh.com\/w\/thoitrang22011\/wp-json\/wp\/v2\/comments?post=1134"}],"wp:featuredmedia":[{"embeddable":true,"href":"https:\/\/webmaibinh.com\/w\/thoitrang22011\/wp-json\/wp\/v2\/media\/1135"}],"wp:attachment":[{"href":"https:\/\/webmaibinh.com\/w\/thoitrang22011\/wp-json\/wp\/v2\/media?parent=1134"}],"curies":[{"name":"wp","href":"https:\/\/api.w.org\/{rel}","templated":true}]}}