{"id":1127,"date":"2017-06-15T10:01:05","date_gmt":"2017-06-15T10:01:05","guid":{"rendered":"http:\/\/quanao.khowebseotop.vn\/?post_type=product&#038;p=1127"},"modified":"2017-06-15T10:01:05","modified_gmt":"2017-06-15T10:01:05","slug":"dam-hoa-buom-vai-xo-de-thuong-cho-be-gai","status":"publish","type":"product","link":"https:\/\/webmaibinh.com\/w\/thoitrang22011\/san-pham\/dam-hoa-buom-vai-xo-de-thuong-cho-be-gai\/","title":{"rendered":"\u0110\u1ea7m hoa b\u01b0\u1edbm v\u1ea3i x\u00f4 d\u1ec5 th\u01b0\u01a1ng cho b\u00e9 g\u00e1i"},"content":{"rendered":"<p>TH\u00d4NG TIN S\u1ea2N PH\u1ea8M<br \/>\nT\u00ean s\u1ea3n ph\u1ea9m\t\u0110\u1ea7m hoa b\u01b0\u1edbm v\u1ea3i x\u00f4 d\u1ec5 th\u01b0\u01a1ng cho b\u00e9 g\u00e1i<br \/>\nM\u00e3 s\u1ea3n ph\u1ea9m\t311163<br \/>\nM\u00e0u s\u1eafc<br \/>\n1 &#8211; M\u00e0u \u0111\u1ecf<br \/>\n2 &#8211; M\u00e0u cam<br \/>\n3 &#8211; M\u00e0u h\u1ed3ng<br \/>\n4 &#8211; M\u00e0u xanh l\u00e1<br \/>\n5 &#8211; M\u00e0u xanh d\u01b0\u01a1ng<br \/>\nH\u1ecda ti\u1ebft\thoa ti\u1ebft hoa b\u01b0\u1edbm<br \/>\nCh\u1ea5t li\u1ec7u\tv\u1ea3i x\u00f4 cotton m\u1ec1m m\u00e1t<br \/>\nSize qu\u1ea7n \u00e1o\t1, 2, 3, 4, 5, 6, 7, 8<br \/>\nSize Babi\t9-12M, 01, 02, 03, 04, 05 (6,7), 06<br \/>\nTu\u1ed5i\tt\u1eeb 9 th\u00e1ng &#8211; 6 tu\u1ed5i<br \/>\nC\u00e2n n\u1eb7ng\tt\u1eeb 9kg &#8211; 23kg<br \/>\nXu\u1ea5t x\u1ee9\tVi\u1ec7t Nam<\/p>\n","protected":false},"excerpt":{"rendered":"<p>\u0110\u1ea7m hoa cho b\u00e9 g\u00e1i t\u1eeb 9 th\u00e1ng \u0111\u1ebfn 6 tu\u1ed5i in h\u00ecnh b\u01b0\u1edbm sinh \u0111\u1ed9ng, c\u1ef1c xinh &#8211; Ch\u1ea5t v\u1ea3i x\u00f4 cotton nh\u1eb9 nh\u00e0ng, tho\u00e1ng m\u00e1t, m\u00e0u s\u1eafc t\u01b0\u01a1i xinh!<\/p>\n","protected":false},"featured_media":1128,"comment_status":"open","ping_status":"closed","template":"","meta":[],"_links":{"self":[{"href":"https:\/\/webmaibinh.com\/w\/thoitrang22011\/wp-json\/wp\/v2\/product\/1127"}],"collection":[{"href":"https:\/\/webmaibinh.com\/w\/thoitrang22011\/wp-json\/wp\/v2\/product"}],"about":[{"href":"https:\/\/webmaibinh.com\/w\/thoitrang22011\/wp-json\/wp\/v2\/types\/product"}],"replies":[{"embeddable":true,"href":"https:\/\/webmaibinh.com\/w\/thoitrang22011\/wp-json\/wp\/v2\/comments?post=1127"}],"wp:featuredmedia":[{"embeddable":true,"href":"https:\/\/webmaibinh.com\/w\/thoitrang22011\/wp-json\/wp\/v2\/media\/1128"}],"wp:attachment":[{"href":"https:\/\/webmaibinh.com\/w\/thoitrang22011\/wp-json\/wp\/v2\/media?parent=1127"}],"curies":[{"name":"wp","href":"https:\/\/api.w.org\/{rel}","templated":true}]}}